{"id":713,"date":"2021-11-03T10:44:08","date_gmt":"2021-11-03T08:44:08","guid":{"rendered":"https:\/\/vivasem.ro\/?post_type=product&#038;p=713"},"modified":"2026-01-06T09:42:08","modified_gmt":"2026-01-06T07:42:08","slug":"enigma-red","status":"publish","type":"product","link":"https:\/\/vivasem.ro\/?product=enigma-red","title":{"rendered":"\u201e\u201eENIGMA RED"},"content":{"rendered":"<h6><span style=\"color: #ff0000;\"><strong>ENIGMA RED,<\/strong><\/span><\/h6>\n<h6><span style=\"color: #0000ff;\"><strong>SOI EXCEP\u021aIONAL, DIN UCRAINA, EXTREM DE PRODUCTIV, FORMEAZ\u0102 ABUNDENT, NUMERO\u0218I CIORCHINI BOGA\u021aI DE TOMATE.<\/strong><\/span><\/h6>\n<h6><strong>FRUCTELE SUNT FRUMOASE, NETEDE, RO\u0218U-APRINS, USOR OVALE, DULCI, SUCULENTE.<\/strong><\/h6>\n<h6><strong>\u00a0<span style=\"color: #0000ff;\">GUSTUL ESTE DE EXCEP\u021aIE,<\/span> CLASIC, INTENS AROMAT, ASEM\u0102N\u0102TOR CU CHERRY, \u00ceN GREUTATE DE 70-120 grame. <\/strong><\/h6>\n<h6>PLANTELE, SUNT VIGUROASE \u0218I PERMIT DIRIJAREA PE 2-3 BRA\u021aE, ASTFEL OB\u021aIN\u00ceNDU-SE C\u00c2TE 1 kilogram DE RO\u0218II, DE LA O PLANT\u0102, LA O RECOLTARE.<\/h6>\n<h6><span style=\"color: #0000ff;\">SOI EXTRATIMPURIU,<\/span> NEDETERMINAT, <span style=\"color: #0000ff;\">DE SEZON LUNG,<\/span> <span style=\"color: #0000ff;\">FOARTE REZISTENT LA FRIG,<\/span><\/h6>\n<h6><span style=\"color: #0000ff;\">PRODUCE MULT PAN\u0102 LA \u00ceNGHE\u021a, \u00ceN GR\u0102DIN\u0102 \u0218I SOLAR.<\/span><\/h6>\n","protected":false},"excerpt":{"rendered":"<h6><span style=\"color: #0000ff;\">40 SEMIN\u021aE<\/span><\/h6>\n<h6><span style=\"color: #ff00ff;\">EXTREM DE PRODUCTIV !<\/span><\/h6>\n<h6><span style=\"color: #ff00ff;\">FOARTE REZISTENT !<\/span><\/h6>\n<h6><span style=\"color: #ff00ff;\">GUST\u00a0 EXCEP\u021aIONAL!<\/span><\/h6>\n<h6><span style=\"color: #ff00ff;\">EXTRATIMPURIU !<\/span><\/h6>\n","protected":false},"featured_media":3848,"comment_status":"open","ping_status":"closed","template":"","meta":{"site-sidebar-layout":"default","site-content-layout":"default","ast-site-content-layout":"default","site-content-style":"default","site-sidebar-style":"default","ast-global-header-display":"","ast-banner-title-visibility":"","ast-main-header-display":"","ast-hfb-above-header-display":"","ast-hfb-below-header-display":"","ast-hfb-mobile-header-display":"","site-post-title":"","ast-breadcrumbs-content":"","ast-featured-img":"","footer-sml-layout":"","ast-disable-related-posts":"","theme-transparent-header-meta":"default","adv-header-id-meta":"","stick-header-meta":"","header-above-stick-meta":"","header-main-stick-meta":"","header-below-stick-meta":"","astra-migrate-meta-layouts":"set","ast-page-background-enabled":"default","ast-page-background-meta":{"desktop":{"background-color":"var(--ast-global-color-4)","background-image":"","background-repeat":"repeat","background-position":"center center","background-size":"auto","background-attachment":"scroll","background-type":"","background-media":"","overlay-type":"","overlay-color":"","overlay-opacity":"","overlay-gradient":""},"tablet":{"background-color":"","background-image":"","background-repeat":"repeat","background-position":"center center","background-size":"auto","background-attachment":"scroll","background-type":"","background-media":"","overlay-type":"","overlay-color":"","overlay-opacity":"","overlay-gradient":""},"mobile":{"background-color":"","background-image":"","background-repeat":"repeat","background-position":"center center","background-size":"auto","background-attachment":"scroll","background-type":"","background-media":"","overlay-type":"","overlay-color":"","overlay-opacity":"","overlay-gradient":""}},"ast-content-background-meta":{"desktop":{"background-color":"var(--ast-global-color-5)","background-image":"","background-repeat":"repeat","background-position":"center center","background-size":"auto","background-attachment":"scroll","background-type":"","background-media":"","overlay-type":"","overlay-color":"","overlay-opacity":"","overlay-gradient":""},"tablet":{"background-color":"var(--ast-global-color-5)","background-image":"","background-repeat":"repeat","background-position":"center center","background-size":"auto","background-attachment":"scroll","background-type":"","background-media":"","overlay-type":"","overlay-color":"","overlay-opacity":"","overlay-gradient":""},"mobile":{"background-color":"var(--ast-global-color-5)","background-image":"","background-repeat":"repeat","background-position":"center center","background-size":"auto","background-attachment":"scroll","background-type":"","background-media":"","overlay-type":"","overlay-color":"","overlay-opacity":"","overlay-gradient":""}}},"product_brand":[],"product_cat":[143,142,15],"product_tag":[],"class_list":{"0":"post-713","1":"product","2":"type-product","3":"status-publish","4":"has-post-thumbnail","6":"product_cat-soiuri-timpurii-cherry","7":"product_cat-soiuri-rosii-roz","8":"product_cat-tomate-soi","9":"desktop-align-left","10":"tablet-align-left","11":"mobile-align-left","13":"first","14":"outofstock","15":"taxable","16":"shipping-taxable","17":"purchasable","18":"product-type-simple"},"_links":{"self":[{"href":"https:\/\/vivasem.ro\/index.php?rest_route=\/wp\/v2\/product\/713","targetHints":{"allow":["GET"]}}],"collection":[{"href":"https:\/\/vivasem.ro\/index.php?rest_route=\/wp\/v2\/product"}],"about":[{"href":"https:\/\/vivasem.ro\/index.php?rest_route=\/wp\/v2\/types\/product"}],"replies":[{"embeddable":true,"href":"https:\/\/vivasem.ro\/index.php?rest_route=%2Fwp%2Fv2%2Fcomments&post=713"}],"wp:featuredmedia":[{"embeddable":true,"href":"https:\/\/vivasem.ro\/index.php?rest_route=\/wp\/v2\/media\/3848"}],"wp:attachment":[{"href":"https:\/\/vivasem.ro\/index.php?rest_route=%2Fwp%2Fv2%2Fmedia&parent=713"}],"wp:term":[{"taxonomy":"product_brand","embeddable":true,"href":"https:\/\/vivasem.ro\/index.php?rest_route=%2Fwp%2Fv2%2Fproduct_brand&post=713"},{"taxonomy":"product_cat","embeddable":true,"href":"https:\/\/vivasem.ro\/index.php?rest_route=%2Fwp%2Fv2%2Fproduct_cat&post=713"},{"taxonomy":"product_tag","embeddable":true,"href":"https:\/\/vivasem.ro\/index.php?rest_route=%2Fwp%2Fv2%2Fproduct_tag&post=713"}],"curies":[{"name":"wp","href":"https:\/\/api.w.org\/{rel}","templated":true}]}}