{"id":7111,"date":"2022-03-13T17:43:18","date_gmt":"2022-03-13T15:43:18","guid":{"rendered":"https:\/\/vivasem.ro\/?post_type=product&#038;p=7111"},"modified":"2023-01-16T22:14:09","modified_gmt":"2023-01-16T20:14:09","slug":"castraveti-cornison-national-pickling-100s","status":"publish","type":"product","link":"https:\/\/vivasem.ro\/?product=castraveti-cornison-national-pickling-100s","title":{"rendered":"\u201eCastrave\u021bi CORNISON NATIONAL PICKLING (100s)"},"content":{"rendered":"<h6><span style=\"color: #ff0000;\"><u><b>Castrave\u021bi NATIONAL PICKLING -Horti Tops OLANDA<\/b>,<\/u><\/span><\/h6>\n<h6><span style=\"color: #0000ff;\"><strong>SOIUL STANDARD DE CORNI\u0218ON , ORIGINAR DIN AMERICA, CE FRUCTIFIC\u0102 \u00ceN CIORCHINI DE 3-5 FRUCTE FINE<\/strong>, <strong>LUNGI DE 8-15 centimetrii, CU \u021aEPI FINI.<\/strong><\/span><\/h6>\n<h6><span style=\"color: #333399;\">SOI PRODUCTIV, NEAMAR, DULCE, CROCANT, PENTRU CULTURA DE VARA SI TOAMN\u0102, EXCELENTI PENTRU CONSERVAT, DAR \u0218I PENTRU SALAT\u0102.<\/span><\/h6>\n<h6>Soi HEIRLOOM, creeat acum multe zeci de ani, de c\u0103tre National Pickle Packers Association, din SUA, <span style=\"color: #0000ff;\">ca un etalon al castrave\u021bilor de pus la conservat , \u00een special pu\u0219i \u00een borcane, cu o\u021bet, fiind mult utilizati la prepararea hamburgerilor.<\/span><\/h6>\n<h6>Se recomand\u0103 s\u0103 fie cule\u0219i la 6-10 cm. pentru conservat \u0219i la 12-15 cm pentru salat\u0103.<\/h6>\n<h6><span style=\"color: #0000ff;\">Nu se recomand\u0103 cultivarea prin r\u0103sad, ci prin sem\u0103nare direct\u0103.<\/span><\/h6>\n<p>&nbsp;<\/p>\n<h6><span style=\"color: #000080;\">PENTRU VARIANTELE DE CANTITATE MAI MARE, DE MAI JOS, SPECIFICA\u021aI \u00ceN FORMULARUL DE COMAND\u0102, LA RUBRICA *NOT\u0102 DE COMAND\u0102*, CANTITATEA DORIT\u0102:<\/span><\/h6>\n<h6><span style=\"color: #000080;\">100 SEMIN\u021aE \/10\u00a0 LEI<\/span><\/h6>\n<h6><\/h6>\n<p>&nbsp;<\/p>\n","protected":false},"excerpt":{"rendered":"<h6><span style=\"color: #0000ff;\">100 SEMIN\u021aE \/ 10 LEI<\/span><\/h6>\n","protected":false},"featured_media":0,"comment_status":"open","ping_status":"closed","template":"","meta":{"site-sidebar-layout":"default","site-content-layout":"default","ast-site-content-layout":"default","site-content-style":"default","site-sidebar-style":"default","ast-global-header-display":"","ast-banner-title-visibility":"","ast-main-header-display":"","ast-hfb-above-header-display":"","ast-hfb-below-header-display":"","ast-hfb-mobile-header-display":"","site-post-title":"","ast-breadcrumbs-content":"","ast-featured-img":"","footer-sml-layout":"","ast-disable-related-posts":"","theme-transparent-header-meta":"default","adv-header-id-meta":"","stick-header-meta":"","header-above-stick-meta":"","header-main-stick-meta":"","header-below-stick-meta":"","astra-migrate-meta-layouts":"default","ast-page-background-enabled":"default","ast-page-background-meta":{"desktop":{"background-color":"var(--ast-global-color-4)","background-image":"","background-repeat":"repeat","background-position":"center center","background-size":"auto","background-attachment":"scroll","background-type":"","background-media":"","overlay-type":"","overlay-color":"","overlay-opacity":"","overlay-gradient":""},"tablet":{"background-color":"","background-image":"","background-repeat":"repeat","background-position":"center center","background-size":"auto","background-attachment":"scroll","background-type":"","background-media":"","overlay-type":"","overlay-color":"","overlay-opacity":"","overlay-gradient":""},"mobile":{"background-color":"","background-image":"","background-repeat":"repeat","background-position":"center center","background-size":"auto","background-attachment":"scroll","background-type":"","background-media":"","overlay-type":"","overlay-color":"","overlay-opacity":"","overlay-gradient":""}},"ast-content-background-meta":{"desktop":{"background-color":"var(--ast-global-color-5)","background-image":"","background-repeat":"repeat","background-position":"center center","background-size":"auto","background-attachment":"scroll","background-type":"","background-media":"","overlay-type":"","overlay-color":"","overlay-opacity":"","overlay-gradient":""},"tablet":{"background-color":"var(--ast-global-color-5)","background-image":"","background-repeat":"repeat","background-position":"center center","background-size":"auto","background-attachment":"scroll","background-type":"","background-media":"","overlay-type":"","overlay-color":"","overlay-opacity":"","overlay-gradient":""},"mobile":{"background-color":"var(--ast-global-color-5)","background-image":"","background-repeat":"repeat","background-position":"center center","background-size":"auto","background-attachment":"scroll","background-type":"","background-media":"","overlay-type":"","overlay-color":"","overlay-opacity":"","overlay-gradient":""}}},"product_brand":[],"product_cat":[149],"product_tag":[],"class_list":{"0":"post-7111","1":"product","2":"type-product","3":"status-publish","5":"product_cat-33-produse-epuizate","6":"desktop-align-left","7":"tablet-align-left","8":"mobile-align-left","10":"first","11":"outofstock","12":"taxable","13":"shipping-taxable","14":"purchasable","15":"product-type-simple"},"_links":{"self":[{"href":"https:\/\/vivasem.ro\/index.php?rest_route=\/wp\/v2\/product\/7111","targetHints":{"allow":["GET"]}}],"collection":[{"href":"https:\/\/vivasem.ro\/index.php?rest_route=\/wp\/v2\/product"}],"about":[{"href":"https:\/\/vivasem.ro\/index.php?rest_route=\/wp\/v2\/types\/product"}],"replies":[{"embeddable":true,"href":"https:\/\/vivasem.ro\/index.php?rest_route=%2Fwp%2Fv2%2Fcomments&post=7111"}],"wp:attachment":[{"href":"https:\/\/vivasem.ro\/index.php?rest_route=%2Fwp%2Fv2%2Fmedia&parent=7111"}],"wp:term":[{"taxonomy":"product_brand","embeddable":true,"href":"https:\/\/vivasem.ro\/index.php?rest_route=%2Fwp%2Fv2%2Fproduct_brand&post=7111"},{"taxonomy":"product_cat","embeddable":true,"href":"https:\/\/vivasem.ro\/index.php?rest_route=%2Fwp%2Fv2%2Fproduct_cat&post=7111"},{"taxonomy":"product_tag","embeddable":true,"href":"https:\/\/vivasem.ro\/index.php?rest_route=%2Fwp%2Fv2%2Fproduct_tag&post=7111"}],"curies":[{"name":"wp","href":"https:\/\/api.w.org\/{rel}","templated":true}]}}