{"id":7073,"date":"2022-03-05T09:19:53","date_gmt":"2022-03-05T07:19:53","guid":{"rendered":"https:\/\/vivasem.ro\/?post_type=product&#038;p=7073"},"modified":"2023-04-18T16:22:05","modified_gmt":"2023-04-18T14:22:05","slug":"castraveti-hibrid-levina-mix-f1-cornichon-100s","status":"publish","type":"product","link":"https:\/\/vivasem.ro\/?product=castraveti-hibrid-levina-mix-f1-cornichon-100s","title":{"rendered":"\u201eCASTRAVETI HIBRID LEVINA MIX F1 -SEMINIS (10s)"},"content":{"rendered":"<h6 style=\"text-align: left;\"><span style=\"color: #ff0000;\"><strong><u>LEVINA MIX F1-SEMINIS<\/u><\/strong> ,<\/span><\/h6>\n<h6><span style=\"color: #0000ff;\"><strong>Este hibridul standard de castraveti tip cornichon, cu flori predominant femele recomandat pentru cultura \u00een c\u00e2mp<\/strong>, semitimpuriu.<\/span><\/h6>\n<h6>Plantele sunt foarte puternice, cu cre\u0219tere rapid\u0103.<\/h6>\n<h6><span style=\"color: #0000ff;\">Fructele sunt 100% fara gust amar si prezint\u0103 consisten\u021b\u0103 bun\u0103 si au o forma comercial\u0103.<\/span><\/h6>\n<h6>Culoarea fructelor este verde,raportul lungime\/ diametru este de 3:1.<\/h6>\n<h6><span style=\"color: #0000ff;\">Hibrid productiv, cu toleranta ridicata la conditii de stres.<\/span><\/h6>\n<h6>Rezistent la CMV (Cucumber mosaic virus-IR),PM (fainare, &#8211; IR), Sc(patarea bruna &#8211; IR)<\/h6>\n<h6>DE CULTIVAT \u00ceN GR\u0102DIN\u0102 \u0218I \u00ceN SOLAR.<\/h6>\n<h6><\/h6>\n<h6><\/h6>\n<p>&nbsp;<\/p>\n","protected":false},"excerpt":{"rendered":"<h6><span style=\"color: #0000ff;\">10 SEMIN\u021aE \/ 2 LEI<\/span><\/h6>\n","protected":false},"featured_media":4969,"comment_status":"open","ping_status":"closed","template":"","meta":{"site-sidebar-layout":"default","site-content-layout":"default","ast-site-content-layout":"default","site-content-style":"default","site-sidebar-style":"default","ast-global-header-display":"","ast-banner-title-visibility":"","ast-main-header-display":"","ast-hfb-above-header-display":"","ast-hfb-below-header-display":"","ast-hfb-mobile-header-display":"","site-post-title":"","ast-breadcrumbs-content":"","ast-featured-img":"","footer-sml-layout":"","ast-disable-related-posts":"","theme-transparent-header-meta":"default","adv-header-id-meta":"","stick-header-meta":"","header-above-stick-meta":"","header-main-stick-meta":"","header-below-stick-meta":"","astra-migrate-meta-layouts":"default","ast-page-background-enabled":"default","ast-page-background-meta":{"desktop":{"background-color":"var(--ast-global-color-4)","background-image":"","background-repeat":"repeat","background-position":"center center","background-size":"auto","background-attachment":"scroll","background-type":"","background-media":"","overlay-type":"","overlay-color":"","overlay-opacity":"","overlay-gradient":""},"tablet":{"background-color":"","background-image":"","background-repeat":"repeat","background-position":"center center","background-size":"auto","background-attachment":"scroll","background-type":"","background-media":"","overlay-type":"","overlay-color":"","overlay-opacity":"","overlay-gradient":""},"mobile":{"background-color":"","background-image":"","background-repeat":"repeat","background-position":"center center","background-size":"auto","background-attachment":"scroll","background-type":"","background-media":"","overlay-type":"","overlay-color":"","overlay-opacity":"","overlay-gradient":""}},"ast-content-background-meta":{"desktop":{"background-color":"var(--ast-global-color-5)","background-image":"","background-repeat":"repeat","background-position":"center center","background-size":"auto","background-attachment":"scroll","background-type":"","background-media":"","overlay-type":"","overlay-color":"","overlay-opacity":"","overlay-gradient":""},"tablet":{"background-color":"var(--ast-global-color-5)","background-image":"","background-repeat":"repeat","background-position":"center center","background-size":"auto","background-attachment":"scroll","background-type":"","background-media":"","overlay-type":"","overlay-color":"","overlay-opacity":"","overlay-gradient":""},"mobile":{"background-color":"var(--ast-global-color-5)","background-image":"","background-repeat":"repeat","background-position":"center center","background-size":"auto","background-attachment":"scroll","background-type":"","background-media":"","overlay-type":"","overlay-color":"","overlay-opacity":"","overlay-gradient":""}}},"product_brand":[],"product_cat":[149],"product_tag":[],"class_list":{"0":"post-7073","1":"product","2":"type-product","3":"status-publish","4":"has-post-thumbnail","6":"product_cat-33-produse-epuizate","7":"desktop-align-left","8":"tablet-align-left","9":"mobile-align-left","11":"first","12":"outofstock","13":"taxable","14":"shipping-taxable","15":"purchasable","16":"product-type-simple"},"_links":{"self":[{"href":"https:\/\/vivasem.ro\/index.php?rest_route=\/wp\/v2\/product\/7073","targetHints":{"allow":["GET"]}}],"collection":[{"href":"https:\/\/vivasem.ro\/index.php?rest_route=\/wp\/v2\/product"}],"about":[{"href":"https:\/\/vivasem.ro\/index.php?rest_route=\/wp\/v2\/types\/product"}],"replies":[{"embeddable":true,"href":"https:\/\/vivasem.ro\/index.php?rest_route=%2Fwp%2Fv2%2Fcomments&post=7073"}],"wp:featuredmedia":[{"embeddable":true,"href":"https:\/\/vivasem.ro\/index.php?rest_route=\/wp\/v2\/media\/4969"}],"wp:attachment":[{"href":"https:\/\/vivasem.ro\/index.php?rest_route=%2Fwp%2Fv2%2Fmedia&parent=7073"}],"wp:term":[{"taxonomy":"product_brand","embeddable":true,"href":"https:\/\/vivasem.ro\/index.php?rest_route=%2Fwp%2Fv2%2Fproduct_brand&post=7073"},{"taxonomy":"product_cat","embeddable":true,"href":"https:\/\/vivasem.ro\/index.php?rest_route=%2Fwp%2Fv2%2Fproduct_cat&post=7073"},{"taxonomy":"product_tag","embeddable":true,"href":"https:\/\/vivasem.ro\/index.php?rest_route=%2Fwp%2Fv2%2Fproduct_tag&post=7073"}],"curies":[{"name":"wp","href":"https:\/\/api.w.org\/{rel}","templated":true}]}}