{"id":7051,"date":"2022-03-04T16:48:22","date_gmt":"2022-03-04T14:48:22","guid":{"rendered":"https:\/\/vivasem.ro\/?post_type=product&#038;p=7051"},"modified":"2025-11-20T08:34:24","modified_gmt":"2025-11-20T06:34:24","slug":"castraveti-ilonara-rz-f1-100s","status":"publish","type":"product","link":"https:\/\/vivasem.ro\/?product=castraveti-ilonara-rz-f1-100s","title":{"rendered":".Castraveti ILONARA RZ F1 (100s)-RIJK ZWAAN OLANDA"},"content":{"rendered":"<h6><span style=\"color: #ff0000;\">Castrave\u021bi ILONARA RZ F1-Produc\u0103tor:Rijk Zwaan.Olanda,<\/span><\/h6>\n<h6><span style=\"color: #0000ff;\">link de prezentare : https:\/\/www.facebook.com\/hollandfarming.ro\/videos\/481547632864174\/<\/span><\/h6>\n<h6><span style=\"color: #000080;\"><em><strong>DINTRE CEI MAI BUNI HIBRIZI DE CASTRAVE\u021aI TIP CORNI\u0218ON !<\/strong><\/em><\/span><\/h6>\n<h6><em><strong>Ilonara RZ F1 este un hibrid nou, <\/strong><\/em><span style=\"color: #333399;\">de tip &#8222;Blue Leaf&#8221; , <\/span><em><strong>partenocarpic, <span style=\"color: #0000ff;\">foarte productiv \u0219i timpuriu, pentru cultura \u00een spa\u021bii protejate.<\/span><\/strong><\/em><br \/>\n<em><strong>Hibrid potrivit pentru ciclul I si II;<\/strong><\/em><br \/>\n<em><strong>Planta aerisit\u0103, necesit\u0103 un volum sc\u0103zut de lucr\u0103ri \u00een verde;<\/strong><\/em><br \/>\n<em><strong>Fructificare pe tulpina principal\u0103;<\/strong><\/em><br \/>\n<span style=\"color: #0000ff;\"><em><strong>Fructe crocante \u0219i uniforme;<\/strong><\/em><\/span><br \/>\n<em><strong>Este un hibrid de castrave\u021bi u\u0219or de recoltat;<\/strong><\/em><br \/>\n<em><strong>Fructele au o culoare verde-\u00eenchis, au forma cilindric\u0103 cu \u021bepi proeminen\u021bi, nesusceptibile la deformare;<\/strong><\/em><br \/>\n<em><strong>Fructele sunt sub\u021biri chiar \u0219i la dimensiuni mari, de pana la 12-14 cm;<\/strong><\/em><br \/>\n<em><strong>Procent ridicat de fructe de calitatea I cu rezisten\u021b\u0103 foarte bun\u0103 dup\u0103 recoltat;<\/strong><\/em><br \/>\n<em><strong>Calitatea intern\u0103 a fructelor foarte bun\u0103.<\/strong><\/em><br \/>\n<em><strong>Schema de plantare:<\/strong><\/em><br \/>\n<em><strong>\u2013 2,0-2,4 plante\/ m2<\/strong><\/em><\/h6>\n<h6><span style=\"color: #333399;\">Castrave\u021bii &#8222;Blue Leaf&#8221;\u00a0sunt un tip de hibrizi de castrave\u021bi, recunoscu\u021bi pentru frunzele lor de culoare verde-alb\u0103struie, care \u00eei diferen\u021biaz\u0103 de alte soiuri. Ace\u0219ti hibrizi sunt dezvolta\u021bi de produc\u0103tori precum Rijk Zwaan \u0219i sunt cunoscu\u021bi pentru performan\u021ba ridicat\u0103, rezisten\u021ba la anumite boli \u0219i productivitatea bun\u0103, fiind cultiva\u021bi \u00een sere sau \u00een c\u00e2mp deschis, \u00een func\u021bie de hibrid.\u00a0<\/span><\/h6>\n","protected":false},"excerpt":{"rendered":"<h6><span style=\"color: #0000ff;\">100 SEMIN\u021aE\/ 27 Lei<img loading=\"lazy\" decoding=\"async\" class=\"alignnone wp-image-5567\" src=\"https:\/\/vivasem.ro\/wp-content\/uploads\/2021\/11\/NOU3.jpg\" alt=\"\" width=\"66\" height=\"64\" srcset=\"https:\/\/vivasem.ro\/wp-content\/uploads\/2021\/11\/NOU3.jpg 270w, https:\/\/vivasem.ro\/wp-content\/uploads\/2021\/11\/NOU3-248x241.jpg 248w\" sizes=\"auto, (max-width: 66px) 100vw, 66px\" \/><\/span><\/h6>\n<h6><span style=\"color: #ff00ff;\">FRUCTE DE CALITATE \u00ceNALT\u0102!<\/span><\/h6>\n<h6><span style=\"color: #ff00ff;\">PRODUCTIVITATE EXCEP\u021aIONAL\u0102!<\/span><\/h6>\n","protected":false},"featured_media":8115,"comment_status":"open","ping_status":"closed","template":"","meta":{"site-sidebar-layout":"default","site-content-layout":"default","ast-site-content-layout":"default","site-content-style":"default","site-sidebar-style":"default","ast-global-header-display":"","ast-banner-title-visibility":"","ast-main-header-display":"","ast-hfb-above-header-display":"","ast-hfb-below-header-display":"","ast-hfb-mobile-header-display":"","site-post-title":"","ast-breadcrumbs-content":"","ast-featured-img":"","footer-sml-layout":"","ast-disable-related-posts":"","theme-transparent-header-meta":"default","adv-header-id-meta":"","stick-header-meta":"","header-above-stick-meta":"","header-main-stick-meta":"","header-below-stick-meta":"","astra-migrate-meta-layouts":"set","ast-page-background-enabled":"default","ast-page-background-meta":{"desktop":{"background-color":"var(--ast-global-color-4)","background-image":"","background-repeat":"repeat","background-position":"center center","background-size":"auto","background-attachment":"scroll","background-type":"","background-media":"","overlay-type":"","overlay-color":"","overlay-opacity":"","overlay-gradient":""},"tablet":{"background-color":"","background-image":"","background-repeat":"repeat","background-position":"center center","background-size":"auto","background-attachment":"scroll","background-type":"","background-media":"","overlay-type":"","overlay-color":"","overlay-opacity":"","overlay-gradient":""},"mobile":{"background-color":"","background-image":"","background-repeat":"repeat","background-position":"center center","background-size":"auto","background-attachment":"scroll","background-type":"","background-media":"","overlay-type":"","overlay-color":"","overlay-opacity":"","overlay-gradient":""}},"ast-content-background-meta":{"desktop":{"background-color":"var(--ast-global-color-5)","background-image":"","background-repeat":"repeat","background-position":"center center","background-size":"auto","background-attachment":"scroll","background-type":"","background-media":"","overlay-type":"","overlay-color":"","overlay-opacity":"","overlay-gradient":""},"tablet":{"background-color":"var(--ast-global-color-5)","background-image":"","background-repeat":"repeat","background-position":"center center","background-size":"auto","background-attachment":"scroll","background-type":"","background-media":"","overlay-type":"","overlay-color":"","overlay-opacity":"","overlay-gradient":""},"mobile":{"background-color":"var(--ast-global-color-5)","background-image":"","background-repeat":"repeat","background-position":"center center","background-size":"auto","background-attachment":"scroll","background-type":"","background-media":"","overlay-type":"","overlay-color":"","overlay-opacity":"","overlay-gradient":""}}},"product_brand":[],"product_cat":[149],"product_tag":[],"class_list":{"0":"post-7051","1":"product","2":"type-product","3":"status-publish","4":"has-post-thumbnail","6":"product_cat-33-produse-epuizate","7":"desktop-align-left","8":"tablet-align-left","9":"mobile-align-left","11":"first","12":"outofstock","13":"taxable","14":"shipping-taxable","15":"purchasable","16":"product-type-simple"},"_links":{"self":[{"href":"https:\/\/vivasem.ro\/index.php?rest_route=\/wp\/v2\/product\/7051","targetHints":{"allow":["GET"]}}],"collection":[{"href":"https:\/\/vivasem.ro\/index.php?rest_route=\/wp\/v2\/product"}],"about":[{"href":"https:\/\/vivasem.ro\/index.php?rest_route=\/wp\/v2\/types\/product"}],"replies":[{"embeddable":true,"href":"https:\/\/vivasem.ro\/index.php?rest_route=%2Fwp%2Fv2%2Fcomments&post=7051"}],"wp:featuredmedia":[{"embeddable":true,"href":"https:\/\/vivasem.ro\/index.php?rest_route=\/wp\/v2\/media\/8115"}],"wp:attachment":[{"href":"https:\/\/vivasem.ro\/index.php?rest_route=%2Fwp%2Fv2%2Fmedia&parent=7051"}],"wp:term":[{"taxonomy":"product_brand","embeddable":true,"href":"https:\/\/vivasem.ro\/index.php?rest_route=%2Fwp%2Fv2%2Fproduct_brand&post=7051"},{"taxonomy":"product_cat","embeddable":true,"href":"https:\/\/vivasem.ro\/index.php?rest_route=%2Fwp%2Fv2%2Fproduct_cat&post=7051"},{"taxonomy":"product_tag","embeddable":true,"href":"https:\/\/vivasem.ro\/index.php?rest_route=%2Fwp%2Fv2%2Fproduct_tag&post=7051"}],"curies":[{"name":"wp","href":"https:\/\/api.w.org\/{rel}","templated":true}]}}