{"id":7040,"date":"2022-03-01T19:20:35","date_gmt":"2022-03-01T17:20:35","guid":{"rendered":"https:\/\/vivasem.ro\/?post_type=product&#038;p=7040"},"modified":"2023-12-04T07:26:32","modified_gmt":"2023-12-04T05:26:32","slug":"diva-120s-oferta","status":"publish","type":"product","link":"https:\/\/vivasem.ro\/?product=diva-120s-oferta","title":{"rendered":"\u201eCASTRAVETI DIVA\/Muncher Burpless (40s)"},"content":{"rendered":"<h6><span style=\"color: #ff0000;\"><u><b>DIVA\/Muncher Burpless <\/b>,<a href=\"https:\/\/vivasem.ro\/wp-content\/uploads\/2022\/11\/TRUE-LEAF.jpg\"><img loading=\"lazy\" decoding=\"async\" class=\"alignnone size-full wp-image-8254\" src=\"https:\/\/vivasem.ro\/wp-content\/uploads\/2022\/11\/TRUE-LEAF.jpg\" alt=\"\" width=\"219\" height=\"96\" \/><\/a><\/u><\/span><\/h6>\n<h6><strong>C\u00c2\u0218TIG\u0102TOR IN 2002 -All America Selection, CA CEL MAI BUN SOI DE CASTRAVETE AMERICAN.<\/strong><\/h6>\n<h6><span style=\"color: #0000ff;\">EXCELENT DE SALAT\u0102 ,DATORIT\u0102 GUSTULUI DELICIOS, DULCE, CU AROM\u0102 PUTERNIC\u0102 , SUNT CU SPINI FINI, AU COAJA VERDE DESCHIS, FOARTE FIN\u0102 , CE NU NECESIT\u0102 CUR\u0102\u021aAREA , PULPA ESTE FRAGED\u0102, CROCANT\u0102.<\/span><\/h6>\n<h6><span style=\"color: #000080;\">PERFECT \u0218I PENTRU CONSERVAT, DEOARECE\u00a0 AU LUNGIMEA MEDIE DE\u00a0 10-15 centimetrii \u0218I R\u0102M\u00c2N SUB\u021aIRI , CHIAR \u0218I LA LUNGIME MAI MARE.<\/span><\/h6>\n<h6><span style=\"color: #0000ff;\">SOI CONSTANT FOARTE PRODUCTIV \u0218I REZISTENT LA BOLI.<\/span><\/h6>\n<h6>PLANTELE VIGUROASE, \u00a0RODESC IN 32 DE ZILE DE LA TRANSPLANTATUL R\u0102SADULUI \u0218I P\u00c2NA LA \u00ceNGHE\u021a, FIIND DE SEZON LUNG .<\/h6>\n<h6><\/h6>\n<h6><\/h6>\n<h6><\/h6>\n<p>&nbsp;<\/p>\n","protected":false},"excerpt":{"rendered":"<h6><span style=\"color: #0000ff;\">40 SEMIN\u021aE\u00a0<\/span><\/h6>\n<h6><span style=\"color: #ff00ff; font-size: 17.6px;\">SOI EXCELENT CU MULTIPLE CALIT\u0102\u021aI<\/span><\/h6>\n<h6><\/h6>\n","protected":false},"featured_media":8293,"comment_status":"open","ping_status":"closed","template":"","meta":{"site-sidebar-layout":"default","site-content-layout":"default","ast-site-content-layout":"default","site-content-style":"default","site-sidebar-style":"default","ast-global-header-display":"","ast-banner-title-visibility":"","ast-main-header-display":"","ast-hfb-above-header-display":"","ast-hfb-below-header-display":"","ast-hfb-mobile-header-display":"","site-post-title":"","ast-breadcrumbs-content":"","ast-featured-img":"","footer-sml-layout":"","ast-disable-related-posts":"","theme-transparent-header-meta":"default","adv-header-id-meta":"","stick-header-meta":"","header-above-stick-meta":"","header-main-stick-meta":"","header-below-stick-meta":"","astra-migrate-meta-layouts":"set","ast-page-background-enabled":"default","ast-page-background-meta":{"desktop":{"background-color":"var(--ast-global-color-4)","background-image":"","background-repeat":"repeat","background-position":"center center","background-size":"auto","background-attachment":"scroll","background-type":"","background-media":"","overlay-type":"","overlay-color":"","overlay-opacity":"","overlay-gradient":""},"tablet":{"background-color":"","background-image":"","background-repeat":"repeat","background-position":"center center","background-size":"auto","background-attachment":"scroll","background-type":"","background-media":"","overlay-type":"","overlay-color":"","overlay-opacity":"","overlay-gradient":""},"mobile":{"background-color":"","background-image":"","background-repeat":"repeat","background-position":"center center","background-size":"auto","background-attachment":"scroll","background-type":"","background-media":"","overlay-type":"","overlay-color":"","overlay-opacity":"","overlay-gradient":""}},"ast-content-background-meta":{"desktop":{"background-color":"var(--ast-global-color-5)","background-image":"","background-repeat":"repeat","background-position":"center center","background-size":"auto","background-attachment":"scroll","background-type":"","background-media":"","overlay-type":"","overlay-color":"","overlay-opacity":"","overlay-gradient":""},"tablet":{"background-color":"var(--ast-global-color-5)","background-image":"","background-repeat":"repeat","background-position":"center center","background-size":"auto","background-attachment":"scroll","background-type":"","background-media":"","overlay-type":"","overlay-color":"","overlay-opacity":"","overlay-gradient":""},"mobile":{"background-color":"var(--ast-global-color-5)","background-image":"","background-repeat":"repeat","background-position":"center center","background-size":"auto","background-attachment":"scroll","background-type":"","background-media":"","overlay-type":"","overlay-color":"","overlay-opacity":"","overlay-gradient":""}}},"product_brand":[],"product_cat":[149],"product_tag":[],"class_list":{"0":"post-7040","1":"product","2":"type-product","3":"status-publish","4":"has-post-thumbnail","6":"product_cat-33-produse-epuizate","7":"desktop-align-left","8":"tablet-align-left","9":"mobile-align-left","11":"first","12":"outofstock","13":"taxable","14":"shipping-taxable","15":"purchasable","16":"product-type-simple"},"_links":{"self":[{"href":"https:\/\/vivasem.ro\/index.php?rest_route=\/wp\/v2\/product\/7040","targetHints":{"allow":["GET"]}}],"collection":[{"href":"https:\/\/vivasem.ro\/index.php?rest_route=\/wp\/v2\/product"}],"about":[{"href":"https:\/\/vivasem.ro\/index.php?rest_route=\/wp\/v2\/types\/product"}],"replies":[{"embeddable":true,"href":"https:\/\/vivasem.ro\/index.php?rest_route=%2Fwp%2Fv2%2Fcomments&post=7040"}],"wp:featuredmedia":[{"embeddable":true,"href":"https:\/\/vivasem.ro\/index.php?rest_route=\/wp\/v2\/media\/8293"}],"wp:attachment":[{"href":"https:\/\/vivasem.ro\/index.php?rest_route=%2Fwp%2Fv2%2Fmedia&parent=7040"}],"wp:term":[{"taxonomy":"product_brand","embeddable":true,"href":"https:\/\/vivasem.ro\/index.php?rest_route=%2Fwp%2Fv2%2Fproduct_brand&post=7040"},{"taxonomy":"product_cat","embeddable":true,"href":"https:\/\/vivasem.ro\/index.php?rest_route=%2Fwp%2Fv2%2Fproduct_cat&post=7040"},{"taxonomy":"product_tag","embeddable":true,"href":"https:\/\/vivasem.ro\/index.php?rest_route=%2Fwp%2Fv2%2Fproduct_tag&post=7040"}],"curies":[{"name":"wp","href":"https:\/\/api.w.org\/{rel}","templated":true}]}}