{"id":7005,"date":"2022-02-25T08:59:06","date_gmt":"2022-02-25T06:59:06","guid":{"rendered":"https:\/\/vivasem.ro\/?post_type=product&#038;p=7005"},"modified":"2023-03-19T09:16:42","modified_gmt":"2023-03-19T07:16:42","slug":"marar-agromar","status":"publish","type":"product","link":"https:\/\/vivasem.ro\/?product=marar-agromar","title":{"rendered":"\u201eM\u0102RAR Agromar(4g)"},"content":{"rendered":"<h6><span style=\"color: #ff0000;\"><strong><u>M\u0102RAR Agromar<\/u><\/strong><strong> -Agrosel.Rom\u00e2nia,<\/strong><\/span><\/h6>\n<ul>\n<li>Agromar este un soi de m\u0103rar de la Agrosel ,tratat cu biostimulator SAPPHIRE<\/li>\n<li>se cultiv\u0103 pentru frunzele si tulpinile sale tinere ce se folosesc la condimentarea si aromatizarea diferitelor preparate culinare dar si in industria conservelor sau prepararea muraturilor<\/li>\n<li>se poate consuma in stare proaspata dar si deshidratat<\/li>\n<li>plantele sunt \u00eenalte, erecte, cu frunze mici<\/li>\n<li><span style=\"color: #0000ff;\">Agromar este rezistent la frig, astfel ca poate fi semanat atat primavara devreme cat si toamna in cultur\u0103 pur\u0103 sau asociat\u0103<\/span><\/li>\n<li>desimea recomandata este de: 1.300.000 pl\/ha (<span style=\"color: #0000ff;\">5 cm. \u00eentre plante x 15 cm. \u00eentre r\u00e2nduri)<\/span><\/li>\n<li>poate fi semanat in camp in perioada: martie-mai<\/li>\n<li><span style=\"color: #0000ff;\">Semin\u021bele sunt tratate cu SAPPHIRE SEED COAT PREMIX<\/span><\/li>\n<li><strong><span style=\"color: #ff0000;\">Saphire Seed Coat Premix este un biostimulator al companiei Ad Terram.<\/span><\/strong>Biostimulatorii (pentru semin\u021be, bulbi, frunze) ai companiei Ad Terram con\u021bin compu\u0219i ob\u021binu\u021bi cu grij\u0103 din extracte de pomi, fructe, plante \u0219i minerale. Toate componentele utilizate de Ad Terram sunt certificate organic. Ad Terram ca \u0219i companie, nu utilizeaz\u0103 nici un fel de produs chimic sau sintetic.<\/li>\n<li>Saphire Seed Coat Premix este un produs certificat FIBL, Research Institute of Organic Agriculture of Switzerland.Propriet\u0103\u021bi:\n<ul>\n<li>100% produs de natur\u0103 organic\u0103 lichid\u0103<\/li>\n<li>poate fi utilizat \u00een \u00eenveli\u0219ul semin\u021belor pentru agricultura organic\u0103<\/li>\n<li>ac\u021bioneaz\u0103 ca un biostimulator, \u00eent\u0103rind vigoarea plantelor, care arat\u0103 mai mult\u0103 uniformitate \u0219i mai mult\u0103 rezisten\u021b\u0103 la fungi \u0219i bacterii prezente \u00een sol \u0219i pe suprafa\u021ba extern\u0103 a semin\u021belor<\/li>\n<li>nu necesit\u0103 nici o cantitate de ap\u0103 pentru diluare, \u0219i prin urmare este rezistent la umiditatea semin\u021belor<\/li>\n<li>nu con\u021bine polimeri \u0219i de asemenea are un impact mai mic asupra mediului \u0219i a organismelor vii<\/li>\n<\/ul>\n<p>Avantajele \u00eenveli\u0219ului organic lichid:<\/p>\n<ul>\n<li>Distan\u021ba dintre stratul de acoperire \u0219i suprafa\u021ba semin\u021bei este foarte mic\u0103, la doar 1% din distan\u021ba \u00eenveli\u0219ului din polimer. Acest lucru are un mare avantaj \u00een eficacitatea tratamentelor care se bazeaz\u0103 pe contactul cu suprafa\u021ba semin\u021bei.<\/li>\n<li>Acoperirea este durabil\u0103 \u0219i reac\u021bioneaz\u0103 rapid dup\u0103 \u00eens\u0103m\u00e2n\u021bare, p\u00e2n\u0103 la aderarea apei \u00een semin\u021be, acesta fiind motivul pentru care aici nu exist\u0103 nici o pierdere a vigorii utiliz\u00e2nd \u00eenveli\u0219ul Sapphire Seed Coat Premix.<\/li>\n<\/ul>\n<\/li>\n<\/ul>\n<p>&nbsp;<\/p>\n","protected":false},"excerpt":{"rendered":"<p><span style=\"color: #0000ff;\">4\u00a0 GRAME(2000 SEMINTE)<\/span><\/p>\n","protected":false},"featured_media":7006,"comment_status":"open","ping_status":"closed","template":"","meta":{"site-sidebar-layout":"default","site-content-layout":"default","ast-site-content-layout":"default","site-content-style":"default","site-sidebar-style":"default","ast-global-header-display":"","ast-banner-title-visibility":"","ast-main-header-display":"","ast-hfb-above-header-display":"","ast-hfb-below-header-display":"","ast-hfb-mobile-header-display":"","site-post-title":"","ast-breadcrumbs-content":"","ast-featured-img":"","footer-sml-layout":"","ast-disable-related-posts":"","theme-transparent-header-meta":"default","adv-header-id-meta":"","stick-header-meta":"","header-above-stick-meta":"","header-main-stick-meta":"","header-below-stick-meta":"","astra-migrate-meta-layouts":"default","ast-page-background-enabled":"default","ast-page-background-meta":{"desktop":{"background-color":"var(--ast-global-color-4)","background-image":"","background-repeat":"repeat","background-position":"center center","background-size":"auto","background-attachment":"scroll","background-type":"","background-media":"","overlay-type":"","overlay-color":"","overlay-opacity":"","overlay-gradient":""},"tablet":{"background-color":"","background-image":"","background-repeat":"repeat","background-position":"center center","background-size":"auto","background-attachment":"scroll","background-type":"","background-media":"","overlay-type":"","overlay-color":"","overlay-opacity":"","overlay-gradient":""},"mobile":{"background-color":"","background-image":"","background-repeat":"repeat","background-position":"center center","background-size":"auto","background-attachment":"scroll","background-type":"","background-media":"","overlay-type":"","overlay-color":"","overlay-opacity":"","overlay-gradient":""}},"ast-content-background-meta":{"desktop":{"background-color":"var(--ast-global-color-5)","background-image":"","background-repeat":"repeat","background-position":"center center","background-size":"auto","background-attachment":"scroll","background-type":"","background-media":"","overlay-type":"","overlay-color":"","overlay-opacity":"","overlay-gradient":""},"tablet":{"background-color":"var(--ast-global-color-5)","background-image":"","background-repeat":"repeat","background-position":"center center","background-size":"auto","background-attachment":"scroll","background-type":"","background-media":"","overlay-type":"","overlay-color":"","overlay-opacity":"","overlay-gradient":""},"mobile":{"background-color":"var(--ast-global-color-5)","background-image":"","background-repeat":"repeat","background-position":"center center","background-size":"auto","background-attachment":"scroll","background-type":"","background-media":"","overlay-type":"","overlay-color":"","overlay-opacity":"","overlay-gradient":""}}},"product_brand":[],"product_cat":[149],"product_tag":[],"class_list":{"0":"post-7005","1":"product","2":"type-product","3":"status-publish","4":"has-post-thumbnail","6":"product_cat-33-produse-epuizate","7":"desktop-align-left","8":"tablet-align-left","9":"mobile-align-left","11":"first","12":"outofstock","13":"taxable","14":"shipping-taxable","15":"purchasable","16":"product-type-simple"},"_links":{"self":[{"href":"https:\/\/vivasem.ro\/index.php?rest_route=\/wp\/v2\/product\/7005","targetHints":{"allow":["GET"]}}],"collection":[{"href":"https:\/\/vivasem.ro\/index.php?rest_route=\/wp\/v2\/product"}],"about":[{"href":"https:\/\/vivasem.ro\/index.php?rest_route=\/wp\/v2\/types\/product"}],"replies":[{"embeddable":true,"href":"https:\/\/vivasem.ro\/index.php?rest_route=%2Fwp%2Fv2%2Fcomments&post=7005"}],"wp:featuredmedia":[{"embeddable":true,"href":"https:\/\/vivasem.ro\/index.php?rest_route=\/wp\/v2\/media\/7006"}],"wp:attachment":[{"href":"https:\/\/vivasem.ro\/index.php?rest_route=%2Fwp%2Fv2%2Fmedia&parent=7005"}],"wp:term":[{"taxonomy":"product_brand","embeddable":true,"href":"https:\/\/vivasem.ro\/index.php?rest_route=%2Fwp%2Fv2%2Fproduct_brand&post=7005"},{"taxonomy":"product_cat","embeddable":true,"href":"https:\/\/vivasem.ro\/index.php?rest_route=%2Fwp%2Fv2%2Fproduct_cat&post=7005"},{"taxonomy":"product_tag","embeddable":true,"href":"https:\/\/vivasem.ro\/index.php?rest_route=%2Fwp%2Fv2%2Fproduct_tag&post=7005"}],"curies":[{"name":"wp","href":"https:\/\/api.w.org\/{rel}","templated":true}]}}