{"id":6776,"date":"2022-01-14T18:56:09","date_gmt":"2022-01-14T16:56:09","guid":{"rendered":"https:\/\/vivasem.ro\/?post_type=product&#038;p=6776"},"modified":"2023-11-20T11:45:18","modified_gmt":"2023-11-20T09:45:18","slug":"tiny-tim-se-poate-cultiva-in-ghiveci","status":"publish","type":"product","link":"https:\/\/vivasem.ro\/?product=tiny-tim-se-poate-cultiva-in-ghiveci","title":{"rendered":"\u201eTINY TIM (soi de ghiveci ) 0,25g"},"content":{"rendered":"<h6><span style=\"color: #ff0000;\"><strong><u>TINY TIM -de la HORTI TOPS 0,25 g<\/u><\/strong><\/span><\/h6>\n<h6><span style=\"color: #ff0000;\"><span class=\"post-meta-key\">Produc\u0103tor:<\/span>PIETERPIKZONEN B.V OLANDA,<\/span><\/h6>\n<h6><span style=\"color: #0000ff;\">SOI PITIC, VECHI, HEIRLOOM, ORIGINAR DIN SUA, CREEAT DE UNIVERSITATEA DIN New Hampshire \u00ceN ANUL 1945.<\/span><\/h6>\n<h6>ESTE O MINUNAT\u0102 PLANT\u0102 \u00ceN MINIATUR\u0102 , CARE , AV\u00c2ND CRE\u0218TERE DETERMINAT\u0102, DE P\u00c2N\u0102 LA 40 centimetrii, <span style=\"color: #0000ff;\">SE POATE CULTIVA \u0218I \u00ceN GHIVECI, CU SUCCES,\u00a0 TOT TIMPUL ANULUI ,\u00ceN INTERIORUL CASEI SAU PE TERAS\u0102, \u00ceN CURTE, ETC.<\/span><br \/>\n<span style=\"color: #0000ff;\">PRODUCE ABUNDENT , NUMEROASE FRUCTE<\/span> ROTUNDE, DE 1-2 centimetrii\u00a0 \u00ceN DIAMETRU , REZISTENTE LA CR\u0102PARE, \u0218I LA URM\u0102TOARELE BOLI :Alternaria Stem Cancer \u0218I Stemphylium.<\/h6>\n<h6>GUSTUL ESTE EXCELENT,DULCE, U\u0218OR ACID, INTENS AROMAT.<br \/>\nSOI EXTRATIMPURIU, RODE\u0218TE \u00ceN 60 ZILE DE LA TRANSPLANT.<\/h6>\n","protected":false},"excerpt":{"rendered":"<p><span style=\"color: #0000ff;\">0,25 grame\/75 SEMIN\u021aE<img loading=\"lazy\" decoding=\"async\" class=\"alignnone wp-image-5567\" src=\"https:\/\/vivasem.ro\/wp-content\/uploads\/2021\/11\/NOU3.jpg\" alt=\"\" width=\"61\" height=\"59\" srcset=\"https:\/\/vivasem.ro\/wp-content\/uploads\/2021\/11\/NOU3.jpg 270w, https:\/\/vivasem.ro\/wp-content\/uploads\/2021\/11\/NOU3-248x241.jpg 248w\" sizes=\"auto, (max-width: 61px) 100vw, 61px\" \/><\/span><\/p>\n","protected":false},"featured_media":6777,"comment_status":"open","ping_status":"closed","template":"","meta":{"site-sidebar-layout":"default","site-content-layout":"default","ast-site-content-layout":"default","site-content-style":"default","site-sidebar-style":"default","ast-global-header-display":"","ast-banner-title-visibility":"","ast-main-header-display":"","ast-hfb-above-header-display":"","ast-hfb-below-header-display":"","ast-hfb-mobile-header-display":"","site-post-title":"","ast-breadcrumbs-content":"","ast-featured-img":"","footer-sml-layout":"","ast-disable-related-posts":"","theme-transparent-header-meta":"default","adv-header-id-meta":"","stick-header-meta":"","header-above-stick-meta":"","header-main-stick-meta":"","header-below-stick-meta":"","astra-migrate-meta-layouts":"set","ast-page-background-enabled":"default","ast-page-background-meta":{"desktop":{"background-color":"var(--ast-global-color-4)","background-image":"","background-repeat":"repeat","background-position":"center center","background-size":"auto","background-attachment":"scroll","background-type":"","background-media":"","overlay-type":"","overlay-color":"","overlay-opacity":"","overlay-gradient":""},"tablet":{"background-color":"","background-image":"","background-repeat":"repeat","background-position":"center center","background-size":"auto","background-attachment":"scroll","background-type":"","background-media":"","overlay-type":"","overlay-color":"","overlay-opacity":"","overlay-gradient":""},"mobile":{"background-color":"","background-image":"","background-repeat":"repeat","background-position":"center center","background-size":"auto","background-attachment":"scroll","background-type":"","background-media":"","overlay-type":"","overlay-color":"","overlay-opacity":"","overlay-gradient":""}},"ast-content-background-meta":{"desktop":{"background-color":"var(--ast-global-color-5)","background-image":"","background-repeat":"repeat","background-position":"center center","background-size":"auto","background-attachment":"scroll","background-type":"","background-media":"","overlay-type":"","overlay-color":"","overlay-opacity":"","overlay-gradient":""},"tablet":{"background-color":"var(--ast-global-color-5)","background-image":"","background-repeat":"repeat","background-position":"center center","background-size":"auto","background-attachment":"scroll","background-type":"","background-media":"","overlay-type":"","overlay-color":"","overlay-opacity":"","overlay-gradient":""},"mobile":{"background-color":"var(--ast-global-color-5)","background-image":"","background-repeat":"repeat","background-position":"center center","background-size":"auto","background-attachment":"scroll","background-type":"","background-media":"","overlay-type":"","overlay-color":"","overlay-opacity":"","overlay-gradient":""}}},"product_brand":[],"product_cat":[143,167,142,15],"product_tag":[],"class_list":{"0":"post-6776","1":"product","2":"type-product","3":"status-publish","4":"has-post-thumbnail","6":"product_cat-soiuri-timpurii-cherry","7":"product_cat-tufa","8":"product_cat-soiuri-rosii-roz","9":"product_cat-tomate-soi","10":"desktop-align-left","11":"tablet-align-left","12":"mobile-align-left","14":"first","15":"outofstock","16":"taxable","17":"shipping-taxable","18":"purchasable","19":"product-type-simple"},"_links":{"self":[{"href":"https:\/\/vivasem.ro\/index.php?rest_route=\/wp\/v2\/product\/6776","targetHints":{"allow":["GET"]}}],"collection":[{"href":"https:\/\/vivasem.ro\/index.php?rest_route=\/wp\/v2\/product"}],"about":[{"href":"https:\/\/vivasem.ro\/index.php?rest_route=\/wp\/v2\/types\/product"}],"replies":[{"embeddable":true,"href":"https:\/\/vivasem.ro\/index.php?rest_route=%2Fwp%2Fv2%2Fcomments&post=6776"}],"wp:featuredmedia":[{"embeddable":true,"href":"https:\/\/vivasem.ro\/index.php?rest_route=\/wp\/v2\/media\/6777"}],"wp:attachment":[{"href":"https:\/\/vivasem.ro\/index.php?rest_route=%2Fwp%2Fv2%2Fmedia&parent=6776"}],"wp:term":[{"taxonomy":"product_brand","embeddable":true,"href":"https:\/\/vivasem.ro\/index.php?rest_route=%2Fwp%2Fv2%2Fproduct_brand&post=6776"},{"taxonomy":"product_cat","embeddable":true,"href":"https:\/\/vivasem.ro\/index.php?rest_route=%2Fwp%2Fv2%2Fproduct_cat&post=6776"},{"taxonomy":"product_tag","embeddable":true,"href":"https:\/\/vivasem.ro\/index.php?rest_route=%2Fwp%2Fv2%2Fproduct_tag&post=6776"}],"curies":[{"name":"wp","href":"https:\/\/api.w.org\/{rel}","templated":true}]}}