{"id":6763,"date":"2022-01-14T18:10:33","date_gmt":"2022-01-14T16:10:33","guid":{"rendered":"https:\/\/vivasem.ro\/?post_type=product&#038;p=6763"},"modified":"2024-04-01T06:52:05","modified_gmt":"2024-04-01T04:52:05","slug":"fasole-lady-di","status":"publish","type":"product","link":"https:\/\/vivasem.ro\/?product=fasole-lady-di","title":{"rendered":"\u201eFasole LADY DI"},"content":{"rendered":"<h6><span style=\"color: #008000;\"><strong><u>LADY DI- Floraself,<\/u><\/strong><\/span><\/h6>\n<h6>\u00a0<strong>Soi\u00a0 de fasole Phaseolus Coccineus, tradi\u021bional englezesc, mult<\/strong><strong style=\"font-size: 1.1em;\"> cultivat, datorit\u0103 produc\u021biei ridicate de p\u0103st\u0103i lungi de 20-30\u00a0 cm.<\/strong><span style=\"font-size: 1.1em; font-weight: bold;\">, fragede, dulci, gustoase , FOARTE BUNE DE CONSUMAT G\u0102TITE (DUP\u0102 MINE MAI GUSTOASE DEC\u00c2T FASOLEA LAT\u0102 GALBEN\u0102) .<\/span><\/h6>\n<h6>Plantele sunt viguroase ,foarte rezistente la c\u0103ldur\u0103, cu cre\u0219tere rapid\u0103, \u0219i\u00a0 pot trece de 5-6 metrii ,din aceast\u0103 cauz\u0103 se indic\u0103 a se pune doar 2-3 boabe la un cuib.<\/h6>\n<h6>Florile sunt ro\u0219ii \u0219i multe, de aceea, avand \u0219i un rol decorativ sunt indicate \u0219i la acoperirea gardurilor.<\/h6>\n<h6>Boabele sunt pestri\u021be, negru cu maro \u0219i mov .<\/h6>\n<p>&nbsp;<\/p>\n<h6>Familia de fasole\u00a0 PHASEOLUS COCCINEUS (denumit\u0103 \u0219i\u00a0 RUNNER BEAN\u00a0 sau MULTIFLORA BEAN), este o alt\u0103 familie de fasole, caracterizat\u0103 prin plante viguroase, foarte rezistente la boli \u0219i temperaturi sc\u0103zute, cu p\u0103st\u0103i mari, de culoare verde, cu suprafa\u021ba rugoas\u0103 \u0219i boabe foarte mari, albe sau multicolore.<\/h6>\n","protected":false},"excerpt":{"rendered":"<h6><span style=\"color: #0000ff;\">10 SEMIN\u021aE\/5 LEI<img loading=\"lazy\" decoding=\"async\" class=\"alignnone wp-image-5567\" src=\"https:\/\/vivasem.ro\/wp-content\/uploads\/2021\/11\/NOU3.jpg\" alt=\"\" width=\"48\" height=\"46\" srcset=\"https:\/\/vivasem.ro\/wp-content\/uploads\/2021\/11\/NOU3.jpg 270w, https:\/\/vivasem.ro\/wp-content\/uploads\/2021\/11\/NOU3-248x241.jpg 248w\" sizes=\"auto, (max-width: 48px) 100vw, 48px\" \/><\/span><\/h6>\n","protected":false},"featured_media":6769,"comment_status":"open","ping_status":"closed","template":"","meta":{"site-sidebar-layout":"default","site-content-layout":"default","ast-site-content-layout":"default","site-content-style":"default","site-sidebar-style":"default","ast-global-header-display":"","ast-banner-title-visibility":"","ast-main-header-display":"","ast-hfb-above-header-display":"","ast-hfb-below-header-display":"","ast-hfb-mobile-header-display":"","site-post-title":"","ast-breadcrumbs-content":"","ast-featured-img":"","footer-sml-layout":"","ast-disable-related-posts":"","theme-transparent-header-meta":"default","adv-header-id-meta":"","stick-header-meta":"","header-above-stick-meta":"","header-main-stick-meta":"","header-below-stick-meta":"","astra-migrate-meta-layouts":"default","ast-page-background-enabled":"default","ast-page-background-meta":{"desktop":{"background-color":"var(--ast-global-color-4)","background-image":"","background-repeat":"repeat","background-position":"center center","background-size":"auto","background-attachment":"scroll","background-type":"","background-media":"","overlay-type":"","overlay-color":"","overlay-opacity":"","overlay-gradient":""},"tablet":{"background-color":"","background-image":"","background-repeat":"repeat","background-position":"center center","background-size":"auto","background-attachment":"scroll","background-type":"","background-media":"","overlay-type":"","overlay-color":"","overlay-opacity":"","overlay-gradient":""},"mobile":{"background-color":"","background-image":"","background-repeat":"repeat","background-position":"center center","background-size":"auto","background-attachment":"scroll","background-type":"","background-media":"","overlay-type":"","overlay-color":"","overlay-opacity":"","overlay-gradient":""}},"ast-content-background-meta":{"desktop":{"background-color":"var(--ast-global-color-5)","background-image":"","background-repeat":"repeat","background-position":"center center","background-size":"auto","background-attachment":"scroll","background-type":"","background-media":"","overlay-type":"","overlay-color":"","overlay-opacity":"","overlay-gradient":""},"tablet":{"background-color":"var(--ast-global-color-5)","background-image":"","background-repeat":"repeat","background-position":"center center","background-size":"auto","background-attachment":"scroll","background-type":"","background-media":"","overlay-type":"","overlay-color":"","overlay-opacity":"","overlay-gradient":""},"mobile":{"background-color":"var(--ast-global-color-5)","background-image":"","background-repeat":"repeat","background-position":"center center","background-size":"auto","background-attachment":"scroll","background-type":"","background-media":"","overlay-type":"","overlay-color":"","overlay-opacity":"","overlay-gradient":""}}},"product_brand":[],"product_cat":[85],"product_tag":[],"class_list":{"0":"post-6763","1":"product","2":"type-product","3":"status-publish","4":"has-post-thumbnail","6":"product_cat-fasole","7":"desktop-align-left","8":"tablet-align-left","9":"mobile-align-left","11":"first","12":"outofstock","13":"taxable","14":"shipping-taxable","15":"purchasable","16":"product-type-simple"},"_links":{"self":[{"href":"https:\/\/vivasem.ro\/index.php?rest_route=\/wp\/v2\/product\/6763","targetHints":{"allow":["GET"]}}],"collection":[{"href":"https:\/\/vivasem.ro\/index.php?rest_route=\/wp\/v2\/product"}],"about":[{"href":"https:\/\/vivasem.ro\/index.php?rest_route=\/wp\/v2\/types\/product"}],"replies":[{"embeddable":true,"href":"https:\/\/vivasem.ro\/index.php?rest_route=%2Fwp%2Fv2%2Fcomments&post=6763"}],"wp:featuredmedia":[{"embeddable":true,"href":"https:\/\/vivasem.ro\/index.php?rest_route=\/wp\/v2\/media\/6769"}],"wp:attachment":[{"href":"https:\/\/vivasem.ro\/index.php?rest_route=%2Fwp%2Fv2%2Fmedia&parent=6763"}],"wp:term":[{"taxonomy":"product_brand","embeddable":true,"href":"https:\/\/vivasem.ro\/index.php?rest_route=%2Fwp%2Fv2%2Fproduct_brand&post=6763"},{"taxonomy":"product_cat","embeddable":true,"href":"https:\/\/vivasem.ro\/index.php?rest_route=%2Fwp%2Fv2%2Fproduct_cat&post=6763"},{"taxonomy":"product_tag","embeddable":true,"href":"https:\/\/vivasem.ro\/index.php?rest_route=%2Fwp%2Fv2%2Fproduct_tag&post=6763"}],"curies":[{"name":"wp","href":"https:\/\/api.w.org\/{rel}","templated":true}]}}