{"id":6747,"date":"2022-01-12T22:41:32","date_gmt":"2022-01-12T20:41:32","guid":{"rendered":"https:\/\/vivasem.ro\/?post_type=product&#038;p=6747"},"modified":"2023-11-24T09:22:26","modified_gmt":"2023-11-24T07:22:26","slug":"jalari-h11-f1-25s","status":"publish","type":"product","link":"https:\/\/vivasem.ro\/?product=jalari-h11-f1-25s","title":{"rendered":"\u201e\u201eJALARI F1-Esasem ITALIA (25s)"},"content":{"rendered":"<h6 style=\"text-align: left;\"><span style=\"color: #ff0000;\"><strong><u>JALARI (H11) F1- Esasem.ITALIA,<\/u><\/strong><\/span><\/h6>\n<h6><span style=\"color: #0000ff;\">Hibrid extratimpuriu,<\/span> ce face parte din gama de semin\u021be profesionale produse de Esasem, <span style=\"color: #0000ff;\">cu gust excelent , foarte aromat.\u00a0<\/span><\/h6>\n<h6>Caracteristicile fructului sunt urmatoarele:<\/h6>\n<ul>\n<li>\n<h6>fructele tomatelor Jalari F1 au in medie greutati intre 220 si 260 grame, sunt uniforme, rotunde, u\u0219or ondulate, foarte aspectuoase de culoare ro\u0219ie-intens\u0103.<\/h6>\n<\/li>\n<li>\n<h6>cresc \u00een ciorchini de 3-6 fructe ferme, ce prezint\u0103 rezisten\u021b\u0103 la cr\u0103pare \u0219i la transport;<\/h6>\n<\/li>\n<li>\n<h6><span style=\"color: #0000ff;\">gust excelent<\/span><\/h6>\n<\/li>\n<li>\n<h6>fructele acestuia prezinta rezistenta deosebit\u0103 la p\u0103tare<\/h6>\n<\/li>\n<li>\n<h6>datorit\u0103 con\u021binutului ridicat de materie uscat se recomand\u0103 pentru consum in stare proaspat\u0103, dar \u0219i pentru industrializare.<\/h6>\n<\/li>\n<li>\n<h6><strong>Caracteristicile plantei sunt urmatoarele:<\/strong><\/h6>\n<\/li>\n<li>\n<h6>Jalari F1 este un hibrid nedeterminat, de tip extratimpuriu.<\/h6>\n<\/li>\n<li>\n<h6><span style=\"color: #0000ff;\">Planta este deosebit de productiv\u0103 \u0219i se prezinta cu internodii scurte si vigoare medie a acestora, cu foliaj bogat , ce acoper\u0103 bine fructele \u0219i le feresc de arsur\u0103;<\/span><\/h6>\n<\/li>\n<li>\n<h6>Planta tomatelor Jalari F1 este una de tip generativ, cu port deschis iar distanta dintre internodii este medie;<\/h6>\n<\/li>\n<li>\n<h6>Prezinta toleran\u021b\u0103\u00a0 la stresul termic. Deasemenea, prezinta toleranta ridicata la virusul petelor de bronz (TSWV);<\/h6>\n<\/li>\n<li>\n<h6>Hibridul are rezistenta la, Va\/Vd (Verticillium)\/Fol 1.2 (Fusarium).<\/h6>\n<\/li>\n<li>\n<h6>Densitatea de plantare recomandata pentru aceste seminte este de 2.8 \u2013 3.5 plante\/m.<\/h6>\n<\/li>\n<\/ul>\n<h6>Recomandat pentru vanzare pe piete cu cerin\u021b\u0103 pentru ro\u0219ii de dimensiuni mari, fructe rotunde \u0219i de culoare ro\u0219u-aprins.<\/h6>\n<h6><span style=\"color: #0000ff;\">Datorita rezisten\u021bei ridicate este un hibrid de \u00eencredere, deosebit de productiv.<\/span><\/h6>\n<h6><span style=\"color: #0000ff;\"><span style=\"color: #000000;\">S<\/span><\/span>e recomanda pentru ciclu scurt-mediu.<\/h6>\n<h6><\/h6>\n<h6><\/h6>\n<h6><\/h6>\n<h6><span style=\"color: #000080;\">PENTRU VARIANTELE DE CANTITATE , DE MAI JOS, SPECIFICA\u021aI \u00ceN FORMULARUL DE COMAND\u0102, LA RUBRICA *NOT\u0102 DE COMAND\u0102*, CANTITATEA DORIT\u0102:<\/span><\/h6>\n<h6><span style=\"color: #333399;\"><strong>10 <\/strong><\/span><span style=\"color: #333399;\"><strong>SEMIN\u021aE<\/strong><\/span><span style=\"color: #333399;\"><strong>=4 Lei,<\/strong><\/span><\/h6>\n<h6><span style=\"color: #333399;\"><strong>100 <\/strong><\/span><span style=\"color: #333399;\"><strong>SEMIN\u021aE<\/strong><\/span><span style=\"color: #333399;\"><strong>=25 Lei,<\/strong><\/span><\/h6>\n<h6><span style=\"color: #333399;\"><strong>200 <\/strong><\/span><span style=\"color: #333399;\"><strong>SEMIN\u021aE<\/strong><\/span><span style=\"color: #333399;\"><strong>=40 Lei<\/strong><\/span><\/h6>\n<h6><\/h6>\n<h6><strong>\u00a0\u00a0\u00a0\u00a0\u00a0\u00a0\u00a0\u00a0\u00a0\u00a0\u00a0\u00a0\u00a0\u00a0\u00a0\u00a0\u00a0\u00a0\u00a0\u00a0\u00a0\u00a0\u00a0\u00a0\u00a0\u00a0\u00a0\u00a0\u00a0\u00a0\u00a0\u00a0\u00a0\u00a0\u00a0\u00a0\u00a0\u00a0\u00a0\u00a0\u00a0\u00a0\u00a0\u00a0\u00a0\u00a0\u00a0\u00a0\u00a0\u00a0\u00a0\u00a0\u00a0\u00a0\u00a0\u00a0\u00a0\u00a0\u00a0\u00a0\u00a0\u00a0\u00a0\u00a0\u00a0\u00a0\u00a0\u00a0\u00a0\u00a0\u00a0\u00a0\u00a0\u00a0\u00a0\u00a0\u00a0\u00a0\u00a0\u00a0 <\/strong><\/h6>\n","protected":false},"excerpt":{"rendered":"<h6><span style=\"color: #0000ff;\">25 SEMIN\u021aE\/8 LEI<img loading=\"lazy\" decoding=\"async\" class=\"alignnone wp-image-6106\" src=\"https:\/\/vivasem.ro\/wp-content\/uploads\/2021\/12\/NOU3.jpg\" alt=\"\" width=\"69\" height=\"67\" srcset=\"https:\/\/vivasem.ro\/wp-content\/uploads\/2021\/12\/NOU3.jpg 270w, https:\/\/vivasem.ro\/wp-content\/uploads\/2021\/12\/NOU3-248x241.jpg 248w\" sizes=\"auto, (max-width: 69px) 100vw, 69px\" \/><\/span><\/h6>\n<h4><span style=\"color: #ff6600;\"><strong><span style=\"color: #ff00ff;\">OFERT\u0102 DE PRE\u021a<\/span><\/strong><\/span><\/h4>\n<h6><span style=\"color: #ff6600;\">EXTRATIMPURIU,P<\/span><span style=\"color: #ff6600;\">RODUCTIVITATE \u00ceNALT\u0102,<\/span><span style=\"color: #ff6600;\">GUST BUN<\/span><\/h6>\n","protected":false},"featured_media":6698,"comment_status":"open","ping_status":"closed","template":"","meta":{"site-sidebar-layout":"default","site-content-layout":"default","ast-site-content-layout":"default","site-content-style":"default","site-sidebar-style":"default","ast-global-header-display":"","ast-banner-title-visibility":"","ast-main-header-display":"","ast-hfb-above-header-display":"","ast-hfb-below-header-display":"","ast-hfb-mobile-header-display":"","site-post-title":"","ast-breadcrumbs-content":"","ast-featured-img":"","footer-sml-layout":"","ast-disable-related-posts":"","theme-transparent-header-meta":"default","adv-header-id-meta":"","stick-header-meta":"","header-above-stick-meta":"","header-main-stick-meta":"","header-below-stick-meta":"","astra-migrate-meta-layouts":"set","ast-page-background-enabled":"default","ast-page-background-meta":{"desktop":{"background-color":"var(--ast-global-color-4)","background-image":"","background-repeat":"repeat","background-position":"center center","background-size":"auto","background-attachment":"scroll","background-type":"","background-media":"","overlay-type":"","overlay-color":"","overlay-opacity":"","overlay-gradient":""},"tablet":{"background-color":"","background-image":"","background-repeat":"repeat","background-position":"center center","background-size":"auto","background-attachment":"scroll","background-type":"","background-media":"","overlay-type":"","overlay-color":"","overlay-opacity":"","overlay-gradient":""},"mobile":{"background-color":"","background-image":"","background-repeat":"repeat","background-position":"center center","background-size":"auto","background-attachment":"scroll","background-type":"","background-media":"","overlay-type":"","overlay-color":"","overlay-opacity":"","overlay-gradient":""}},"ast-content-background-meta":{"desktop":{"background-color":"var(--ast-global-color-5)","background-image":"","background-repeat":"repeat","background-position":"center center","background-size":"auto","background-attachment":"scroll","background-type":"","background-media":"","overlay-type":"","overlay-color":"","overlay-opacity":"","overlay-gradient":""},"tablet":{"background-color":"var(--ast-global-color-5)","background-image":"","background-repeat":"repeat","background-position":"center center","background-size":"auto","background-attachment":"scroll","background-type":"","background-media":"","overlay-type":"","overlay-color":"","overlay-opacity":"","overlay-gradient":""},"mobile":{"background-color":"var(--ast-global-color-5)","background-image":"","background-repeat":"repeat","background-position":"center center","background-size":"auto","background-attachment":"scroll","background-type":"","background-media":"","overlay-type":"","overlay-color":"","overlay-opacity":"","overlay-gradient":""}}},"product_brand":[],"product_cat":[110],"product_tag":[],"class_list":{"0":"post-6747","1":"product","2":"type-product","3":"status-publish","4":"has-post-thumbnail","6":"product_cat-tomate-hibrid","7":"desktop-align-left","8":"tablet-align-left","9":"mobile-align-left","11":"first","12":"outofstock","13":"taxable","14":"shipping-taxable","15":"purchasable","16":"product-type-simple"},"_links":{"self":[{"href":"https:\/\/vivasem.ro\/index.php?rest_route=\/wp\/v2\/product\/6747","targetHints":{"allow":["GET"]}}],"collection":[{"href":"https:\/\/vivasem.ro\/index.php?rest_route=\/wp\/v2\/product"}],"about":[{"href":"https:\/\/vivasem.ro\/index.php?rest_route=\/wp\/v2\/types\/product"}],"replies":[{"embeddable":true,"href":"https:\/\/vivasem.ro\/index.php?rest_route=%2Fwp%2Fv2%2Fcomments&post=6747"}],"wp:featuredmedia":[{"embeddable":true,"href":"https:\/\/vivasem.ro\/index.php?rest_route=\/wp\/v2\/media\/6698"}],"wp:attachment":[{"href":"https:\/\/vivasem.ro\/index.php?rest_route=%2Fwp%2Fv2%2Fmedia&parent=6747"}],"wp:term":[{"taxonomy":"product_brand","embeddable":true,"href":"https:\/\/vivasem.ro\/index.php?rest_route=%2Fwp%2Fv2%2Fproduct_brand&post=6747"},{"taxonomy":"product_cat","embeddable":true,"href":"https:\/\/vivasem.ro\/index.php?rest_route=%2Fwp%2Fv2%2Fproduct_cat&post=6747"},{"taxonomy":"product_tag","embeddable":true,"href":"https:\/\/vivasem.ro\/index.php?rest_route=%2Fwp%2Fv2%2Fproduct_tag&post=6747"}],"curies":[{"name":"wp","href":"https:\/\/api.w.org\/{rel}","templated":true}]}}