{"id":6746,"date":"2022-01-12T22:33:57","date_gmt":"2022-01-12T20:33:57","guid":{"rendered":"https:\/\/vivasem.ro\/?post_type=product&#038;p=6746"},"modified":"2024-01-31T00:07:22","modified_gmt":"2024-01-30T22:07:22","slug":"avatar-f1-50s","status":"publish","type":"product","link":"https:\/\/vivasem.ro\/?product=avatar-f1-50s","title":{"rendered":"\u201e\u201eAVATAR  F1-Cora Seeds.ITALIA (100s)"},"content":{"rendered":"<h6 style=\"text-align: left;\"><span style=\"color: #ff0000;\"><strong><u>AVATAR\u00a0 F1 &#8211; Cora Seeds.ITALIA,<\/u><\/strong><\/span><\/h6>\n<h6><span style=\"color: #0000ff;\">Hibrid profesional , de mare productivitate, <\/span><span style=\"color: #0000ff;\">cu gust\u00a0 bun .<\/span><\/h6>\n<h6>Fructele sunt uniforme, u\u0219or ondulate, de form\u0103 rotunda, frumos colorate, de culoare ro\u0219ie-aprins\u0103.<\/h6>\n<h6><span style=\"color: #0000ff;\">Sunt de calibru mare, greutatea medie fiind de 300 de grame.<\/span>Fermitatea este bun\u0103, \u0219i prezint\u0103 rezisten\u021b\u0103 la cr\u0103pare \u0219i la transport.De asemeni, prezint\u0103 rezisten\u021b\u0103 deosebita la p\u0103tare.<\/h6>\n<h6>Datorita continutului ridicat de materie uscat se recomand\u0103 pentru consum in stare proaspata, dar si pentru industrializare.<\/h6>\n<h6><span style=\"color: #0000ff;\">Avatar F1 este un hibrid de tomate cu o cre\u0219tere nedeterminata, planta este viguroas\u0103 si rustica, indicat\u0103 pentru culturi in sere, solarii sau c\u00e2mp deschis.<\/span><\/h6>\n<h6>Caracteristicile plantei \u00a0Avatar F1:<\/h6>\n<h6>\u2013\u00a0 este de tip extratimpurie, \u00a0deosebit de productiv\u0103, se prezinta cu internodii scurte \u0219i vigoare medie a acestora;<\/h6>\n<h6>-planta tomatelor Avatar F1 este una de tip generativ, port deschis iar distanta dintre internodii este medie;<\/h6>\n<h6><span style=\"color: #0000ff;\">-prezinta toleran\u021ba la\u00a0 stresul termic. <\/span><\/h6>\n<h6>-deasemenea, prezinta toleranta ridicata la virusul petelor de bronz (TSWV);<\/h6>\n<h6>-prezinta rezistenta la urm\u0103toarele boli (TMV\/ V\/ F 0, 1\/N).<\/h6>\n<h6>-densitatea de plantare recomandata pentru aceste seminte este de 2.8 \u2013 3.5 plante\/m.<\/h6>\n<h6>Observatii suplimentare:<br \/>\n<span style=\"color: #0000ff;\">Recomandat pentru vanzare pe piete cu cerinta pentru ro\u0219ii de dimensiuni mari, fructe rotunde \u0219i de culoare ro\u0219u-aprins. <\/span><\/h6>\n<h6><span style=\"color: #0000ff;\">Datorita rezisten\u021bei ridicate este un hibrid de \u00eencredere, deosebit de productiv.<\/span><\/h6>\n<h6><\/h6>\n<h6><strong>\u00a0\u00a0\u00a0\u00a0\u00a0\u00a0\u00a0\u00a0\u00a0\u00a0\u00a0\u00a0\u00a0\u00a0\u00a0\u00a0\u00a0\u00a0\u00a0\u00a0\u00a0\u00a0\u00a0\u00a0\u00a0\u00a0\u00a0\u00a0\u00a0\u00a0\u00a0\u00a0\u00a0\u00a0\u00a0\u00a0\u00a0\u00a0\u00a0\u00a0\u00a0\u00a0\u00a0\u00a0\u00a0\u00a0\u00a0\u00a0\u00a0\u00a0\u00a0\u00a0\u00a0\u00a0\u00a0\u00a0\u00a0\u00a0\u00a0\u00a0\u00a0\u00a0\u00a0\u00a0\u00a0\u00a0\u00a0\u00a0\u00a0\u00a0\u00a0\u00a0\u00a0\u00a0\u00a0\u00a0\u00a0\u00a0\u00a0\u00a0 <\/strong><\/h6>\n","protected":false},"excerpt":{"rendered":"<h6><span style=\"color: #0000ff;\">100 semin\u021be<\/span><\/h6>\n<h6><span style=\"color: #ff00ff;\">FRUCTE MARI, <\/span><span style=\"color: #ff00ff;\">PRODUCTIVITATE \u00ceNALT\u0102, <\/span><span style=\"color: #ff00ff;\">GUST BUN !<\/span><\/h6>\n<h6><span style=\"color: #ff00ff;\"><img loading=\"lazy\" decoding=\"async\" class=\"alignnone wp-image-8306\" src=\"https:\/\/vivasem.ro\/wp-content\/uploads\/2021\/11\/RECOMAND-e1674369381544.jpg\" alt=\"\" width=\"70\" height=\"68\" \/><\/span><\/h6>\n<h6><\/h6>\n","protected":false},"featured_media":10135,"comment_status":"open","ping_status":"closed","template":"","meta":{"site-sidebar-layout":"default","site-content-layout":"default","ast-site-content-layout":"default","site-content-style":"default","site-sidebar-style":"default","ast-global-header-display":"","ast-banner-title-visibility":"","ast-main-header-display":"","ast-hfb-above-header-display":"","ast-hfb-below-header-display":"","ast-hfb-mobile-header-display":"","site-post-title":"","ast-breadcrumbs-content":"","ast-featured-img":"","footer-sml-layout":"","ast-disable-related-posts":"","theme-transparent-header-meta":"default","adv-header-id-meta":"","stick-header-meta":"","header-above-stick-meta":"","header-main-stick-meta":"","header-below-stick-meta":"","astra-migrate-meta-layouts":"set","ast-page-background-enabled":"default","ast-page-background-meta":{"desktop":{"background-color":"var(--ast-global-color-4)","background-image":"","background-repeat":"repeat","background-position":"center center","background-size":"auto","background-attachment":"scroll","background-type":"","background-media":"","overlay-type":"","overlay-color":"","overlay-opacity":"","overlay-gradient":""},"tablet":{"background-color":"","background-image":"","background-repeat":"repeat","background-position":"center center","background-size":"auto","background-attachment":"scroll","background-type":"","background-media":"","overlay-type":"","overlay-color":"","overlay-opacity":"","overlay-gradient":""},"mobile":{"background-color":"","background-image":"","background-repeat":"repeat","background-position":"center center","background-size":"auto","background-attachment":"scroll","background-type":"","background-media":"","overlay-type":"","overlay-color":"","overlay-opacity":"","overlay-gradient":""}},"ast-content-background-meta":{"desktop":{"background-color":"var(--ast-global-color-5)","background-image":"","background-repeat":"repeat","background-position":"center center","background-size":"auto","background-attachment":"scroll","background-type":"","background-media":"","overlay-type":"","overlay-color":"","overlay-opacity":"","overlay-gradient":""},"tablet":{"background-color":"var(--ast-global-color-5)","background-image":"","background-repeat":"repeat","background-position":"center center","background-size":"auto","background-attachment":"scroll","background-type":"","background-media":"","overlay-type":"","overlay-color":"","overlay-opacity":"","overlay-gradient":""},"mobile":{"background-color":"var(--ast-global-color-5)","background-image":"","background-repeat":"repeat","background-position":"center center","background-size":"auto","background-attachment":"scroll","background-type":"","background-media":"","overlay-type":"","overlay-color":"","overlay-opacity":"","overlay-gradient":""}}},"product_brand":[],"product_cat":[110],"product_tag":[],"class_list":{"0":"post-6746","1":"product","2":"type-product","3":"status-publish","4":"has-post-thumbnail","6":"product_cat-tomate-hibrid","7":"pa_z-cantitate-10-seminte","8":"pa_z-cantitate-100-seminte","9":"pa_z-cantitate-200-seminte","10":"pa_z-cantitate-25-seminte","11":"pa_z-cantitate-250-seminte","12":"pa_z-cantitate-50-seminte","13":"pa_z-cantitate-500-seminte","14":"desktop-align-left","15":"tablet-align-left","16":"mobile-align-left","18":"first","19":"outofstock","20":"taxable","21":"shipping-taxable","22":"purchasable","23":"product-type-simple"},"_links":{"self":[{"href":"https:\/\/vivasem.ro\/index.php?rest_route=\/wp\/v2\/product\/6746","targetHints":{"allow":["GET"]}}],"collection":[{"href":"https:\/\/vivasem.ro\/index.php?rest_route=\/wp\/v2\/product"}],"about":[{"href":"https:\/\/vivasem.ro\/index.php?rest_route=\/wp\/v2\/types\/product"}],"replies":[{"embeddable":true,"href":"https:\/\/vivasem.ro\/index.php?rest_route=%2Fwp%2Fv2%2Fcomments&post=6746"}],"wp:featuredmedia":[{"embeddable":true,"href":"https:\/\/vivasem.ro\/index.php?rest_route=\/wp\/v2\/media\/10135"}],"wp:attachment":[{"href":"https:\/\/vivasem.ro\/index.php?rest_route=%2Fwp%2Fv2%2Fmedia&parent=6746"}],"wp:term":[{"taxonomy":"product_brand","embeddable":true,"href":"https:\/\/vivasem.ro\/index.php?rest_route=%2Fwp%2Fv2%2Fproduct_brand&post=6746"},{"taxonomy":"product_cat","embeddable":true,"href":"https:\/\/vivasem.ro\/index.php?rest_route=%2Fwp%2Fv2%2Fproduct_cat&post=6746"},{"taxonomy":"product_tag","embeddable":true,"href":"https:\/\/vivasem.ro\/index.php?rest_route=%2Fwp%2Fv2%2Fproduct_tag&post=6746"}],"curies":[{"name":"wp","href":"https:\/\/api.w.org\/{rel}","templated":true}]}}