{"id":6731,"date":"2022-01-12T16:32:46","date_gmt":"2022-01-12T14:32:46","guid":{"rendered":"https:\/\/vivasem.ro\/?post_type=product&#038;p=6731"},"modified":"2023-02-24T18:16:39","modified_gmt":"2023-02-24T16:16:39","slug":"telina-de-petiol-apio-pascal-3g","status":"publish","type":"product","link":"https:\/\/vivasem.ro\/?product=telina-de-petiol-apio-pascal-3g","title":{"rendered":"Telin\u0103 de petiol (Apio) PASCAL 3g"},"content":{"rendered":"<h6><span style=\"color: #ff0000;\"><strong><u><span style=\"color: #ff0000;\">\u021aelin\u0103 de pe\u021biol PASCAL-ALTA\u00a0SELEZIONE QUALITA.ITALIA\u00a0,<\/span><\/u><\/strong><\/span><\/h6>\n<h6>\u021aelina de pe\u021biol , denumit\u0103 \u0219i Apio, este o varietate cultivat\u0103 pentru pe\u021biol, care este lung de 25-35 cm, gros, c\u0103rnos, crocant si f\u0103r\u0103 fibre.<\/h6>\n<h6>NU FACE R\u0102D\u0102CINI \u00ceNGRO\u0218ATE, GLOBULARE, CA \u021aELINA CLASIC\u0102, DE R\u0102D\u0102CIN\u0102 !<\/h6>\n<h6>Se consuma pe\u021biolul \u0219i frunzele, in stare proaspata, in salate sau gatita.<\/h6>\n<ul>\n<li>\n<h6><b>Perioada semanare protejat\u0103:<\/b>\u00a0Februarie &#8211; Aprilie<\/h6>\n<\/li>\n<li>\n<h6><b>Perioada transplantare:\u00a0<\/b>Aprilie &#8211; Mai<\/h6>\n<\/li>\n<li>\n<h6><b>Perioada recoltare:<\/b> Iulie &#8211; Septembrie<\/h6>\n<\/li>\n<li>\n<h6>Densitate: <span style=\"font-size: 1.1em; font-weight: bold;\">Recomand\u0103m 35<\/span><span style=\"font-size: 16px;\"> cm. \u00eentre plante x 35 cm \u00eentre r\u00e2nduri.<\/span><\/h6>\n<\/li>\n<li>\n<h6>Cele mai bune randamente se pot obtine prin fertilizare cu ingrasaminte pe baza de azot sau gunoi de grajd, dar de asemenea si ingrasamantul organic este foarte benefic.<\/h6>\n<\/li>\n<li><span style=\"color: #ff00ff;\">SE RECOMAND\u0102 CA, \u021aELINA DE PE\u021aIOL, S\u0102 SE CULTIVE L\u00c2NG\u0102 TOMATE, PENTRU UN ECHILIBRU BIOLOGIC BUN \u00ceN GR\u0102DIN\u0102<\/span><\/li>\n<li>La un gram sunt 2200-2400 semin\u021be<\/li>\n<\/ul>\n<p>&nbsp;<\/p>\n","protected":false},"excerpt":{"rendered":"<h6><span style=\"color: #0000ff;\">3 grame (6500 semin\u021be)\/7 Lei<img loading=\"lazy\" decoding=\"async\" class=\"alignnone wp-image-6106\" src=\"https:\/\/vivasem.ro\/wp-content\/uploads\/2021\/12\/NOU3.jpg\" alt=\"\" width=\"72\" height=\"69\" srcset=\"https:\/\/vivasem.ro\/wp-content\/uploads\/2021\/12\/NOU3.jpg 270w, https:\/\/vivasem.ro\/wp-content\/uploads\/2021\/12\/NOU3-248x241.jpg 248w\" sizes=\"auto, (max-width: 72px) 100vw, 72px\" \/><\/span><\/h6>\n","protected":false},"featured_media":6732,"comment_status":"open","ping_status":"closed","template":"","meta":{"site-sidebar-layout":"default","site-content-layout":"default","ast-site-content-layout":"default","site-content-style":"default","site-sidebar-style":"default","ast-global-header-display":"","ast-banner-title-visibility":"","ast-main-header-display":"","ast-hfb-above-header-display":"","ast-hfb-below-header-display":"","ast-hfb-mobile-header-display":"","site-post-title":"","ast-breadcrumbs-content":"","ast-featured-img":"","footer-sml-layout":"","ast-disable-related-posts":"","theme-transparent-header-meta":"default","adv-header-id-meta":"","stick-header-meta":"","header-above-stick-meta":"","header-main-stick-meta":"","header-below-stick-meta":"","astra-migrate-meta-layouts":"default","ast-page-background-enabled":"default","ast-page-background-meta":{"desktop":{"background-color":"var(--ast-global-color-4)","background-image":"","background-repeat":"repeat","background-position":"center center","background-size":"auto","background-attachment":"scroll","background-type":"","background-media":"","overlay-type":"","overlay-color":"","overlay-opacity":"","overlay-gradient":""},"tablet":{"background-color":"","background-image":"","background-repeat":"repeat","background-position":"center center","background-size":"auto","background-attachment":"scroll","background-type":"","background-media":"","overlay-type":"","overlay-color":"","overlay-opacity":"","overlay-gradient":""},"mobile":{"background-color":"","background-image":"","background-repeat":"repeat","background-position":"center center","background-size":"auto","background-attachment":"scroll","background-type":"","background-media":"","overlay-type":"","overlay-color":"","overlay-opacity":"","overlay-gradient":""}},"ast-content-background-meta":{"desktop":{"background-color":"var(--ast-global-color-5)","background-image":"","background-repeat":"repeat","background-position":"center center","background-size":"auto","background-attachment":"scroll","background-type":"","background-media":"","overlay-type":"","overlay-color":"","overlay-opacity":"","overlay-gradient":""},"tablet":{"background-color":"var(--ast-global-color-5)","background-image":"","background-repeat":"repeat","background-position":"center center","background-size":"auto","background-attachment":"scroll","background-type":"","background-media":"","overlay-type":"","overlay-color":"","overlay-opacity":"","overlay-gradient":""},"mobile":{"background-color":"var(--ast-global-color-5)","background-image":"","background-repeat":"repeat","background-position":"center center","background-size":"auto","background-attachment":"scroll","background-type":"","background-media":"","overlay-type":"","overlay-color":"","overlay-opacity":"","overlay-gradient":""}}},"product_brand":[],"product_cat":[149],"product_tag":[],"class_list":{"0":"post-6731","1":"product","2":"type-product","3":"status-publish","4":"has-post-thumbnail","6":"product_cat-33-produse-epuizate","7":"desktop-align-left","8":"tablet-align-left","9":"mobile-align-left","11":"first","12":"outofstock","13":"taxable","14":"shipping-taxable","15":"purchasable","16":"product-type-simple"},"_links":{"self":[{"href":"https:\/\/vivasem.ro\/index.php?rest_route=\/wp\/v2\/product\/6731","targetHints":{"allow":["GET"]}}],"collection":[{"href":"https:\/\/vivasem.ro\/index.php?rest_route=\/wp\/v2\/product"}],"about":[{"href":"https:\/\/vivasem.ro\/index.php?rest_route=\/wp\/v2\/types\/product"}],"replies":[{"embeddable":true,"href":"https:\/\/vivasem.ro\/index.php?rest_route=%2Fwp%2Fv2%2Fcomments&post=6731"}],"wp:featuredmedia":[{"embeddable":true,"href":"https:\/\/vivasem.ro\/index.php?rest_route=\/wp\/v2\/media\/6732"}],"wp:attachment":[{"href":"https:\/\/vivasem.ro\/index.php?rest_route=%2Fwp%2Fv2%2Fmedia&parent=6731"}],"wp:term":[{"taxonomy":"product_brand","embeddable":true,"href":"https:\/\/vivasem.ro\/index.php?rest_route=%2Fwp%2Fv2%2Fproduct_brand&post=6731"},{"taxonomy":"product_cat","embeddable":true,"href":"https:\/\/vivasem.ro\/index.php?rest_route=%2Fwp%2Fv2%2Fproduct_cat&post=6731"},{"taxonomy":"product_tag","embeddable":true,"href":"https:\/\/vivasem.ro\/index.php?rest_route=%2Fwp%2Fv2%2Fproduct_tag&post=6731"}],"curies":[{"name":"wp","href":"https:\/\/api.w.org\/{rel}","templated":true}]}}