{"id":6674,"date":"2022-01-10T22:52:28","date_gmt":"2022-01-10T20:52:28","guid":{"rendered":"https:\/\/vivasem.ro\/?post_type=product&#038;p=6674"},"modified":"2023-02-24T18:05:30","modified_gmt":"2023-02-24T16:05:30","slug":"fasole-oloaga-lata-plador","status":"publish","type":"product","link":"https:\/\/vivasem.ro\/?product=fasole-oloaga-lata-plador","title":{"rendered":"\u201eFasole oloag\u0103 lat\u0103 PLADOR (80s)"},"content":{"rendered":"<h6><span style=\"color: #ff0000;\"><strong><u><span style=\"color: #ff0000;\">Fasole oloag\u0103 lat\u0103 PLADOR-<\/span><\/u><\/strong><span class=\"post-meta-key\">Produc\u0103tor:<\/span>POV VRIEND.Olanda,<\/span><\/h6>\n<h6>Soi foarte productiv, timpuriu de fasole lat\u0103, oloag\u0103, cu p\u0103st\u0103i de culoare galben auriu \u0219i semin\u021be albe.<br \/>\nP\u0103st\u0103ile au lungimea de 13-15 cm, l\u0103\u021bimea 1.4-1.6 cm, sunt fragede \u0219i f\u0103r\u0103 a\u021be.<\/h6>\n<h6>\u00a0Perioad\u0103 optim\u0103 de sem\u0103nat: luna Mai.<\/h6>\n<h6><span class=\"post-meta-key\">Rezisten\u021b\u0103 la agen\u021bi patogeni:<\/span><\/h6>\n<h6>\u2013 BCMV &#8211; Bean common mosaic virus (Virusul comun la fasole)<\/h6>\n<h6>\u2013 A &#8211; Antracnoz\u0103<\/h6>\n<h6>\u2013 Psp &#8211; Pseudomonas syringae phaseolicola<\/h6>\n<h6><span class=\"post-meta-key\">Desime:<\/span>Recomand\u0103m 350.000 plante\/ha<\/h6>\n<h6><strong>Distanta de plantare: 40<\/strong> cm. \u00eentre randuri \u0219i 7 cm \u00eentre plante , la ad\u00e2ncime de 4-5 cm.<\/h6>\n<h6><strong>Fasolea Plador<\/strong>\u00a0este destinata consumului in stare proaspata sau pentru procesare.<\/h6>\n<h6>Cele mai bune randamente se pot obtine prin fertilizare cu ingrasaminte pe baza de azot sau gunoi de grajd, dar de asemenea si ingrasamantul organic este foarte benefic.<\/h6>\n<h6>De plantat \u00een c\u00e2mp, gr\u0103din\u0103 ,solarii sau sere.<\/h6>\n<p><span style=\"color: #0000ff;\">SEMIN\u021aELE AU FOST\u00a0 TRATATE CU FUNGICID MAXIM 025 FS <span style=\"font-size: 16px;\">(2,4 % \/g) <\/span><span style=\"font-size: 16px;\">fludioxonil. <\/span>Fludioxonilul inhib\u0103 germinarea sporilor distrug\u00e2nd agen\u0163ii patogeni de pe suprafa\u0163a semin\u0163elor (inclusiv \u00een zona comisurii centrale a bobului) \u015fi creeaz\u0103 o barier\u0103 \u00een jurul semin\u0163ei \u00een momentul sem\u0103natului (nu permite infectarea semin\u0163ei cu agen\u0163i patogeni din sol). <\/span><\/p>\n<p><span style=\"color: #0000ff;\">SEMINTELE TRATATE POT FI TOXICE. NU FOLOSI\u021aI SEMIN\u021aELE PENTRU CONSUM UMAN SAU ANIMAL.<\/span><\/p>\n<p><span style=\"color: #0000ff;\">NU LE L\u0102SA\u021aI LA \u00ceNDEM\u00c2NA COPIILOR.<\/span><\/p>\n<p>&nbsp;<\/p>\n<p>&nbsp;<\/p>\n","protected":false},"excerpt":{"rendered":"<h6><span style=\"color: #0000ff;\">80 semin\u021be <\/span><img loading=\"lazy\" decoding=\"async\" class=\"alignnone wp-image-6106\" style=\"font-style: inherit; font-weight: inherit; color: #0000ff;\" src=\"https:\/\/vivasem.ro\/wp-content\/uploads\/2021\/12\/NOU3.jpg\" alt=\"\" width=\"72\" height=\"69\" srcset=\"https:\/\/vivasem.ro\/wp-content\/uploads\/2021\/12\/NOU3.jpg 270w, https:\/\/vivasem.ro\/wp-content\/uploads\/2021\/12\/NOU3-248x241.jpg 248w\" sizes=\"auto, (max-width: 72px) 100vw, 72px\" \/><\/h6>\n","protected":false},"featured_media":7140,"comment_status":"open","ping_status":"closed","template":"","meta":{"site-sidebar-layout":"default","site-content-layout":"default","ast-site-content-layout":"default","site-content-style":"default","site-sidebar-style":"default","ast-global-header-display":"","ast-banner-title-visibility":"","ast-main-header-display":"","ast-hfb-above-header-display":"","ast-hfb-below-header-display":"","ast-hfb-mobile-header-display":"","site-post-title":"","ast-breadcrumbs-content":"","ast-featured-img":"","footer-sml-layout":"","ast-disable-related-posts":"","theme-transparent-header-meta":"default","adv-header-id-meta":"","stick-header-meta":"","header-above-stick-meta":"","header-main-stick-meta":"","header-below-stick-meta":"","astra-migrate-meta-layouts":"default","ast-page-background-enabled":"default","ast-page-background-meta":{"desktop":{"background-color":"var(--ast-global-color-4)","background-image":"","background-repeat":"repeat","background-position":"center center","background-size":"auto","background-attachment":"scroll","background-type":"","background-media":"","overlay-type":"","overlay-color":"","overlay-opacity":"","overlay-gradient":""},"tablet":{"background-color":"","background-image":"","background-repeat":"repeat","background-position":"center center","background-size":"auto","background-attachment":"scroll","background-type":"","background-media":"","overlay-type":"","overlay-color":"","overlay-opacity":"","overlay-gradient":""},"mobile":{"background-color":"","background-image":"","background-repeat":"repeat","background-position":"center center","background-size":"auto","background-attachment":"scroll","background-type":"","background-media":"","overlay-type":"","overlay-color":"","overlay-opacity":"","overlay-gradient":""}},"ast-content-background-meta":{"desktop":{"background-color":"var(--ast-global-color-5)","background-image":"","background-repeat":"repeat","background-position":"center center","background-size":"auto","background-attachment":"scroll","background-type":"","background-media":"","overlay-type":"","overlay-color":"","overlay-opacity":"","overlay-gradient":""},"tablet":{"background-color":"var(--ast-global-color-5)","background-image":"","background-repeat":"repeat","background-position":"center center","background-size":"auto","background-attachment":"scroll","background-type":"","background-media":"","overlay-type":"","overlay-color":"","overlay-opacity":"","overlay-gradient":""},"mobile":{"background-color":"var(--ast-global-color-5)","background-image":"","background-repeat":"repeat","background-position":"center center","background-size":"auto","background-attachment":"scroll","background-type":"","background-media":"","overlay-type":"","overlay-color":"","overlay-opacity":"","overlay-gradient":""}}},"product_brand":[],"product_cat":[149],"product_tag":[],"class_list":{"0":"post-6674","1":"product","2":"type-product","3":"status-publish","4":"has-post-thumbnail","6":"product_cat-33-produse-epuizate","7":"desktop-align-left","8":"tablet-align-left","9":"mobile-align-left","11":"first","12":"outofstock","13":"taxable","14":"shipping-taxable","15":"purchasable","16":"product-type-simple"},"_links":{"self":[{"href":"https:\/\/vivasem.ro\/index.php?rest_route=\/wp\/v2\/product\/6674","targetHints":{"allow":["GET"]}}],"collection":[{"href":"https:\/\/vivasem.ro\/index.php?rest_route=\/wp\/v2\/product"}],"about":[{"href":"https:\/\/vivasem.ro\/index.php?rest_route=\/wp\/v2\/types\/product"}],"replies":[{"embeddable":true,"href":"https:\/\/vivasem.ro\/index.php?rest_route=%2Fwp%2Fv2%2Fcomments&post=6674"}],"wp:featuredmedia":[{"embeddable":true,"href":"https:\/\/vivasem.ro\/index.php?rest_route=\/wp\/v2\/media\/7140"}],"wp:attachment":[{"href":"https:\/\/vivasem.ro\/index.php?rest_route=%2Fwp%2Fv2%2Fmedia&parent=6674"}],"wp:term":[{"taxonomy":"product_brand","embeddable":true,"href":"https:\/\/vivasem.ro\/index.php?rest_route=%2Fwp%2Fv2%2Fproduct_brand&post=6674"},{"taxonomy":"product_cat","embeddable":true,"href":"https:\/\/vivasem.ro\/index.php?rest_route=%2Fwp%2Fv2%2Fproduct_cat&post=6674"},{"taxonomy":"product_tag","embeddable":true,"href":"https:\/\/vivasem.ro\/index.php?rest_route=%2Fwp%2Fv2%2Fproduct_tag&post=6674"}],"curies":[{"name":"wp","href":"https:\/\/api.w.org\/{rel}","templated":true}]}}