{"id":6641,"date":"2022-01-09T09:06:29","date_gmt":"2022-01-09T07:06:29","guid":{"rendered":"https:\/\/vivasem.ro\/?post_type=product&#038;p=6641"},"modified":"2023-11-27T09:13:01","modified_gmt":"2023-11-27T07:13:01","slug":"zulfia-f1-20s","status":"publish","type":"product","link":"https:\/\/vivasem.ro\/?product=zulfia-f1-20s","title":{"rendered":"ZULFIA RZ F1-RIJK ZWAAN (25s)"},"content":{"rendered":"<h6><span style=\"color: #ff0000;\">ZULFIA RZ F1 -RIJK ZWAAN.Olanda,<\/span><\/h6>\n<h6><span style=\"color: #000000;\">\u2013 Hibrid timpuriu, ce <\/span>se remarc\u0103 in primul rand prin productivitatea ridicat\u0103, prin rezisten\u021ba plantelor sale, dar \u0219i prin fructe.<\/h6>\n<h6><span style=\"color: #0000ff;\">Fructele tomatelor\u00a0<strong>Zulfia F1<\/strong> sunt de calitate deosebit\u0103, av\u00e2nd o form\u0103 rotund\u0103, o coacere uniform\u0103 \u0219i f\u0103r\u0103 umar verde.<\/span><\/h6>\n<h6>Acestea au o fermitate foarte bun\u0103 si o culoare ro\u0219u-aprins.<\/h6>\n<h6>Greutate medie pe care o au fructele hibridului <strong>Zulfia F1, <\/strong>este \u00eentre 180-200 grame.<\/h6>\n<h6><span style=\"color: #0000ff;\">Gustul lor este excelent, deosebit de pl\u0103cut. <\/span><span style=\"color: #000000;\">Nu sunt sensibile la cr\u0103pare.<\/span><\/h6>\n<h6><strong>Are \u0219i o<\/strong> alt\u0103 caracteristic\u0103 important\u0103 pe care o urmaresc majoritatea cultivatorilor de legume \u0219i anume <strong>rezisten\u021ba<\/strong>\u00a0la <strong>p\u0103strare<\/strong> \u0219i\u00a0<strong>transport<\/strong>.<\/h6>\n<h6>Planta este\u00a0 viguroas\u0103, <span style=\"color: #000000;\">de tip generativ, <span style=\"color: #0000ff;\">cu cre\u0219tere nedeterminat\u0103, <\/span><\/span><span style=\"color: #0000ff;\">avand un port semi-deschis.<\/span><\/h6>\n<h6><span style=\"color: #0000ff;\"><strong>Zulfia F1 <\/strong>are o legare excelenta , inclusiv la etajele superioare.<\/span><\/h6>\n<h6><strong>Rezisten\u021b\u0103 la agen\u021bi patogeni:<\/strong><\/h6>\n<h6>\u2013 ToMV:0-2 &#8211; Tomato mosaic virus &#8211; Virusul mozaicului tomatelor.<br \/>\n\u2013 TSWV &#8211; Tomato spotted wilt virus &#8211; Virusul petelor de bronz.<br \/>\n\u2013 Ff:A-E &#8211; Fulvia fulva, (Cladosporium fulvum) &#8211; P\u0103tarea cafenie a frunzelor de tomate.<br \/>\n\u2013 Fol:0,1 &#8211; Fusariuom oxysporum f. sp. lycopersici &#8211; Fusarioz\u0103.<br \/>\n\u2013 For &#8211; Fusarium oxysporum f. sp. radicis &#8211; Fusarioza r\u0103d\u0103cinilor.<br \/>\n\u2013 Va:0 &#8211; Verticillium albo-atrum &#8211; Verticilioz\u0103.<br \/>\n\u2013 Vd:0 &#8211; Verticilium dahliae &#8211; Verticilioz\u0103.<br \/>\n<span style=\"color: #0000ff;\"><span class=\"post-meta-key\">Cultivarea este r<\/span>ecomandat\u0103 at\u00e2t pentru culturile din ciclu I \u0219i II, \u00een spa\u021bii protejate (ser\u0103, solar), c\u00e2t \u0219i pentru c\u00e2mp deschis.<\/span><\/h6>\n<h6><\/h6>\n<h6><\/h6>\n<h6><span style=\"color: #333399;\">PENTRU VARIANTELE DE CANTITATE , DE MAI JOS, SPECIFICA\u021aI \u00ceN FORMULARUL DE COMAND\u0102, LA RUBRICA *NOT\u0102 DE COMAND\u0102*, CANTITATEA DORIT\u0102:<\/span><\/h6>\n<h6>10 SEMIN\u021aE \/7 LEI<\/h6>\n<h6>50 SEMIN\u021aE \/26 LEI<\/h6>\n<h6>100 SEMIN\u021aE \/43\u00a0 LEI<\/h6>\n<h6><\/h6>\n<h6><\/h6>\n<h6><\/h6>\n<h6><\/h6>\n","protected":false},"excerpt":{"rendered":"<h6><span style=\"color: #0000ff;\">25 SEMIN\u021aE\/ 15 LEI<\/span><img loading=\"lazy\" decoding=\"async\" class=\"alignnone wp-image-5567\" src=\"https:\/\/vivasem.ro\/wp-content\/uploads\/2021\/11\/NOU3.jpg\" alt=\"\" width=\"57\" height=\"55\" srcset=\"https:\/\/vivasem.ro\/wp-content\/uploads\/2021\/11\/NOU3.jpg 270w, https:\/\/vivasem.ro\/wp-content\/uploads\/2021\/11\/NOU3-248x241.jpg 248w\" sizes=\"auto, (max-width: 57px) 100vw, 57px\" \/><\/h6>\n<h6>10 SEMIN\u021aE \/ 7\u00a0 LEI<\/h6>\n<h6><span style=\"color: #ff6600;\">PRODUCTIVITATE \u00ceNALT\u0102\u00a0 <\/span><span style=\"color: #ff6600;\">GUST EXCELENT\u00a0<\/span><span style=\"color: #ff6600;\">!<\/span><\/h6>\n<h6><\/h6>\n<h6><\/h6>\n","protected":false},"featured_media":6646,"comment_status":"open","ping_status":"closed","template":"","meta":{"site-sidebar-layout":"default","site-content-layout":"default","ast-site-content-layout":"default","site-content-style":"default","site-sidebar-style":"default","ast-global-header-display":"","ast-banner-title-visibility":"","ast-main-header-display":"","ast-hfb-above-header-display":"","ast-hfb-below-header-display":"","ast-hfb-mobile-header-display":"","site-post-title":"","ast-breadcrumbs-content":"","ast-featured-img":"","footer-sml-layout":"","ast-disable-related-posts":"","theme-transparent-header-meta":"default","adv-header-id-meta":"","stick-header-meta":"","header-above-stick-meta":"","header-main-stick-meta":"","header-below-stick-meta":"","astra-migrate-meta-layouts":"set","ast-page-background-enabled":"default","ast-page-background-meta":{"desktop":{"background-color":"var(--ast-global-color-4)","background-image":"","background-repeat":"repeat","background-position":"center center","background-size":"auto","background-attachment":"scroll","background-type":"","background-media":"","overlay-type":"","overlay-color":"","overlay-opacity":"","overlay-gradient":""},"tablet":{"background-color":"","background-image":"","background-repeat":"repeat","background-position":"center center","background-size":"auto","background-attachment":"scroll","background-type":"","background-media":"","overlay-type":"","overlay-color":"","overlay-opacity":"","overlay-gradient":""},"mobile":{"background-color":"","background-image":"","background-repeat":"repeat","background-position":"center center","background-size":"auto","background-attachment":"scroll","background-type":"","background-media":"","overlay-type":"","overlay-color":"","overlay-opacity":"","overlay-gradient":""}},"ast-content-background-meta":{"desktop":{"background-color":"var(--ast-global-color-5)","background-image":"","background-repeat":"repeat","background-position":"center center","background-size":"auto","background-attachment":"scroll","background-type":"","background-media":"","overlay-type":"","overlay-color":"","overlay-opacity":"","overlay-gradient":""},"tablet":{"background-color":"var(--ast-global-color-5)","background-image":"","background-repeat":"repeat","background-position":"center center","background-size":"auto","background-attachment":"scroll","background-type":"","background-media":"","overlay-type":"","overlay-color":"","overlay-opacity":"","overlay-gradient":""},"mobile":{"background-color":"var(--ast-global-color-5)","background-image":"","background-repeat":"repeat","background-position":"center center","background-size":"auto","background-attachment":"scroll","background-type":"","background-media":"","overlay-type":"","overlay-color":"","overlay-opacity":"","overlay-gradient":""}}},"product_brand":[],"product_cat":[149],"product_tag":[],"class_list":{"0":"post-6641","1":"product","2":"type-product","3":"status-publish","4":"has-post-thumbnail","6":"product_cat-33-produse-epuizate","7":"desktop-align-left","8":"tablet-align-left","9":"mobile-align-left","11":"first","12":"instock","13":"taxable","14":"shipping-taxable","15":"purchasable","16":"product-type-simple"},"_links":{"self":[{"href":"https:\/\/vivasem.ro\/index.php?rest_route=\/wp\/v2\/product\/6641","targetHints":{"allow":["GET"]}}],"collection":[{"href":"https:\/\/vivasem.ro\/index.php?rest_route=\/wp\/v2\/product"}],"about":[{"href":"https:\/\/vivasem.ro\/index.php?rest_route=\/wp\/v2\/types\/product"}],"replies":[{"embeddable":true,"href":"https:\/\/vivasem.ro\/index.php?rest_route=%2Fwp%2Fv2%2Fcomments&post=6641"}],"wp:featuredmedia":[{"embeddable":true,"href":"https:\/\/vivasem.ro\/index.php?rest_route=\/wp\/v2\/media\/6646"}],"wp:attachment":[{"href":"https:\/\/vivasem.ro\/index.php?rest_route=%2Fwp%2Fv2%2Fmedia&parent=6641"}],"wp:term":[{"taxonomy":"product_brand","embeddable":true,"href":"https:\/\/vivasem.ro\/index.php?rest_route=%2Fwp%2Fv2%2Fproduct_brand&post=6641"},{"taxonomy":"product_cat","embeddable":true,"href":"https:\/\/vivasem.ro\/index.php?rest_route=%2Fwp%2Fv2%2Fproduct_cat&post=6641"},{"taxonomy":"product_tag","embeddable":true,"href":"https:\/\/vivasem.ro\/index.php?rest_route=%2Fwp%2Fv2%2Fproduct_tag&post=6641"}],"curies":[{"name":"wp","href":"https:\/\/api.w.org\/{rel}","templated":true}]}}