{"id":6599,"date":"2022-01-08T18:24:14","date_gmt":"2022-01-08T16:24:14","guid":{"rendered":"https:\/\/vivasem.ro\/?post_type=product&#038;p=6599"},"modified":"2026-04-12T07:09:50","modified_gmt":"2026-04-12T05:09:50","slug":"sfecla-rosie-lunga-cylindra-5g-ht","status":"publish","type":"product","link":"https:\/\/vivasem.ro\/?product=sfecla-rosie-lunga-cylindra-5g-ht","title":{"rendered":"\u201e\u201eSfecl\u0103 rosie lung\u0103 CYLINDRA (4g.)"},"content":{"rendered":"<h6><span style=\"color: #ff0000;\"><strong><u>SFECL\u0102 RO\u0218IE LUNG\u0102 CYLINDRA -AGROSEM Tg.Mure\u0219<\/u><\/strong><\/span><span style=\"color: #ff0000;\">,<\/span><\/h6>\n<h6><span style=\"color: #000000;\">SOI EXCELENT DE CULOARE RO\u0218U INTENS, FOARTE DULCE , U\u0218OR DE RECOLTAT DEOARECE CRESTE 2\/3 DEASUPRA SOLULUI \u0218I SE EXTRAGE U\u0218OR, CU PU\u021aIN P\u0102M\u00c2NT PE R\u0102D\u0102CINI.<\/span><\/h6>\n<h6><span style=\"color: #000000;\">SOI SEMITIMPURIU, FOARTE REZISTENT \u0218I PRODUCTIV .<\/span><\/h6>\n<h6>\u00a0Radacini cilindric-alungite, netede cu foliaj mediu.<\/h6>\n<h6>Pulpa crocanta, de culoare rosie si cu gust specific deosebit cu un continut ridicat de zahar<\/h6>\n<h6>Consum in stare proaspata si conservare<\/h6>\n<h6>Metoda de plantare: Perioada de semanat aprilie-iunie<\/h6>\n<h6>Schema de semanat: 8cm \u00eentre plante\/25 cm. \u00eentre randuri.<\/h6>\n<h6><span style=\"color: #993300;\"><strong><u>\u00a0Aproximativ 100 seminte\/gram.<\/u><\/strong><\/span><\/h6>\n<h6><\/h6>\n","protected":false},"excerpt":{"rendered":"<p><span style=\"color: #0000ff;\">4 grame\/400 semin\u021be<\/span><\/p>\n","protected":false},"featured_media":7913,"comment_status":"open","ping_status":"closed","template":"","meta":{"site-sidebar-layout":"default","site-content-layout":"default","ast-site-content-layout":"default","site-content-style":"default","site-sidebar-style":"default","ast-global-header-display":"","ast-banner-title-visibility":"","ast-main-header-display":"","ast-hfb-above-header-display":"","ast-hfb-below-header-display":"","ast-hfb-mobile-header-display":"","site-post-title":"","ast-breadcrumbs-content":"","ast-featured-img":"","footer-sml-layout":"","ast-disable-related-posts":"","theme-transparent-header-meta":"default","adv-header-id-meta":"","stick-header-meta":"","header-above-stick-meta":"","header-main-stick-meta":"","header-below-stick-meta":"","astra-migrate-meta-layouts":"set","ast-page-background-enabled":"default","ast-page-background-meta":{"desktop":{"background-color":"var(--ast-global-color-4)","background-image":"","background-repeat":"repeat","background-position":"center center","background-size":"auto","background-attachment":"scroll","background-type":"","background-media":"","overlay-type":"","overlay-color":"","overlay-opacity":"","overlay-gradient":""},"tablet":{"background-color":"","background-image":"","background-repeat":"repeat","background-position":"center center","background-size":"auto","background-attachment":"scroll","background-type":"","background-media":"","overlay-type":"","overlay-color":"","overlay-opacity":"","overlay-gradient":""},"mobile":{"background-color":"","background-image":"","background-repeat":"repeat","background-position":"center center","background-size":"auto","background-attachment":"scroll","background-type":"","background-media":"","overlay-type":"","overlay-color":"","overlay-opacity":"","overlay-gradient":""}},"ast-content-background-meta":{"desktop":{"background-color":"var(--ast-global-color-5)","background-image":"","background-repeat":"repeat","background-position":"center center","background-size":"auto","background-attachment":"scroll","background-type":"","background-media":"","overlay-type":"","overlay-color":"","overlay-opacity":"","overlay-gradient":""},"tablet":{"background-color":"var(--ast-global-color-5)","background-image":"","background-repeat":"repeat","background-position":"center center","background-size":"auto","background-attachment":"scroll","background-type":"","background-media":"","overlay-type":"","overlay-color":"","overlay-opacity":"","overlay-gradient":""},"mobile":{"background-color":"var(--ast-global-color-5)","background-image":"","background-repeat":"repeat","background-position":"center center","background-size":"auto","background-attachment":"scroll","background-type":"","background-media":"","overlay-type":"","overlay-color":"","overlay-opacity":"","overlay-gradient":""}}},"product_brand":[],"product_cat":[89],"product_tag":[],"class_list":{"0":"post-6599","1":"product","2":"type-product","3":"status-publish","4":"has-post-thumbnail","6":"product_cat-radacinoase","7":"desktop-align-left","8":"tablet-align-left","9":"mobile-align-left","11":"first","12":"instock","13":"taxable","14":"shipping-taxable","15":"purchasable","16":"product-type-simple"},"_links":{"self":[{"href":"https:\/\/vivasem.ro\/index.php?rest_route=\/wp\/v2\/product\/6599","targetHints":{"allow":["GET"]}}],"collection":[{"href":"https:\/\/vivasem.ro\/index.php?rest_route=\/wp\/v2\/product"}],"about":[{"href":"https:\/\/vivasem.ro\/index.php?rest_route=\/wp\/v2\/types\/product"}],"replies":[{"embeddable":true,"href":"https:\/\/vivasem.ro\/index.php?rest_route=%2Fwp%2Fv2%2Fcomments&post=6599"}],"wp:featuredmedia":[{"embeddable":true,"href":"https:\/\/vivasem.ro\/index.php?rest_route=\/wp\/v2\/media\/7913"}],"wp:attachment":[{"href":"https:\/\/vivasem.ro\/index.php?rest_route=%2Fwp%2Fv2%2Fmedia&parent=6599"}],"wp:term":[{"taxonomy":"product_brand","embeddable":true,"href":"https:\/\/vivasem.ro\/index.php?rest_route=%2Fwp%2Fv2%2Fproduct_brand&post=6599"},{"taxonomy":"product_cat","embeddable":true,"href":"https:\/\/vivasem.ro\/index.php?rest_route=%2Fwp%2Fv2%2Fproduct_cat&post=6599"},{"taxonomy":"product_tag","embeddable":true,"href":"https:\/\/vivasem.ro\/index.php?rest_route=%2Fwp%2Fv2%2Fproduct_tag&post=6599"}],"curies":[{"name":"wp","href":"https:\/\/api.w.org\/{rel}","templated":true}]}}