{"id":6531,"date":"2022-01-07T21:47:32","date_gmt":"2022-01-07T19:47:32","guid":{"rendered":"https:\/\/vivasem.ro\/?post_type=product&#038;p=6531"},"modified":"2023-12-17T11:51:18","modified_gmt":"2023-12-17T09:51:18","slug":"mahitos-rz-f1-20s-copiaza","status":"publish","type":"product","link":"https:\/\/vivasem.ro\/?product=mahitos-rz-f1-20s-copiaza","title":{"rendered":"MAHITOS RZ F1 -RIJK ZWAAN(25s)"},"content":{"rendered":"<h6><span style=\"color: #ff0000;\">MAHITOS RZ F1 -RIJK ZWAAN.Olanda,<\/span><\/h6>\n<h6>\u2013 Hibrid semitimpuriu, de tip generativ, cu cre\u0219tere nedeterminat\u0103.<br \/>\n\u2013<span style=\"color: #0000ff;\"> Este un hibrid foarte productiv, cu fructe de calitate \u00eenalt\u0103 \u0219i multiple rezisten\u021be.<\/span><br \/>\n\u2013 Plantele au un <span style=\"color: #0000ff;\">sistem radicular puternic dezvoltat \u0219i sunt viguroase, astfel hibridul fructific\u0103 foarte bine \u0219i \u00een condi\u021bii climatice dificile.<\/span><br \/>\n\u2013 Frunzele sunt mari, dar portul este deschis, nefiind sensibil la boli.<br \/>\n\u2013 Internodiile sunt de lungime medie.<br \/>\n\u2013 Rezisten\u021bele hibridului la virusul petelor de bronz (TSWV) \u0219i nematozi (Mi) ofer\u0103 o siguran\u021b\u0103 \u00een plus pentru a ob\u021bine o produc\u021bie ridicat\u0103.<br \/>\n\u2013 Rezisten\u021ba la virusul petelor de bronz (TSWV) este foarte important\u0103 pe perioada cultivarii \u00een var\u0103, atunci c\u00e2nd presiunea atacului de trips este ridicat\u0103.<br \/>\n\u2013 Denumire num\u0103r de cod 73-407 RZ.<\/h6>\n<ul>\n<li>\n<h6><span class=\"post-meta-key\">Descriere fructe:<\/span>\u2013 <span style=\"color: #0000ff;\">Fructele de tip BEEF sunt ferme, de form\u0103 rotund\u0103 &#8211; u\u0219or aplatizat\u0103 \u0219i culoare ro\u0219ie.<\/span><\/h6>\n<h6>\u2013 Greutatea medie a unui fruct este cuprins\u0103 \u00eentre 250 &#8211; 300 g.<\/h6>\n<h6>\u2013 \u00cen medie, la final de ciclu scurt pe o plant\u0103 pot fi mai bine de 20 fructe vandabile, astfel se va recolta \u00een medie o cantitate de 5,5 kg\/planta\/ciclu.<\/h6>\n<h6>\u2013 <span style=\"color: #0000ff;\">Fructele au gust deosebit, fiind foarte apreciate la consumul \u00een stare proasp\u0103t\u0103.<\/span><\/h6>\n<h6>\u2013 Coacere uniform\u0103, f\u0103r\u0103 um\u0103r verde.<\/h6>\n<h6>\u2013 Prezint\u0103 rezisten\u021b\u0103 foarte bun\u0103 la p\u0103strare \u0219i transport.<\/h6>\n<\/li>\n<li>\n<h6><span class=\"post-meta-key\">Cultur\u0103:<\/span>Recomandat at\u00e2t pentru culturile din ciclu I \u0219i II din spa\u021bii protejate (solar, ser\u0103) c\u00e2t \u0219i pentru c\u00e2mp deschis.<\/h6>\n<\/li>\n<li>\n<h6><span class=\"post-meta-key\">Rezisten\u021b\u0103 la agen\u021bi patogeni:<\/span>\u2013 ToMV:0-2 &#8211; Tomato mosaic virus &#8211; Virusul mozaicului tomatelor.<\/h6>\n<h6>\u2013 TSWV &#8211; Tomato spotted wilt virus &#8211; Virusul petelor de bronz.<\/h6>\n<h6>\u2013 Ff:A-E &#8211; Fulvia fulva, (Cladosporium fulvum) &#8211; P\u0103tarea cafenie a frunzelor de tomate.<\/h6>\n<h6>\u2013 Fol:0,1 &#8211; Fusariuom oxysporum f. sp. lycopersici &#8211; Fusarioz\u0103.<\/h6>\n<h6>\u2013 For &#8211; Fusarium oxysporum f. sp. radicis &#8211; Fusarioza r\u0103d\u0103cinilor.<\/h6>\n<h6>\u2013 Va:0 &#8211; Verticillium albo-atrum &#8211; Verticilioz\u0103.<\/h6>\n<h6>\u2013 Vd:0 &#8211; Verticilium dahliae &#8211; Verticilioz\u0103.<\/h6>\n<h6>\u2013 Mi\/Ma\/Mj &#8211; Meloidogyne &#8211; Nematozi.<\/h6>\n<\/li>\n<\/ul>\n<h6><\/h6>\n<h6><span style=\"color: #333399;\">PENTRU VARIANTELE DE CANTITATE , DE MAI JOS, SPECIFICA\u021aI \u00ceN FORMULARUL DE COMAND\u0102, LA RUBRICA *NOT\u0102 DE COMAND\u0102*, CANTITATEA DORIT\u0102:<\/span><\/h6>\n<h6>100 SEMIN\u021aE \/45\u00a0 LEI<\/h6>\n<h6>10 SEMIN\u021aE \/6 LEI<\/h6>\n<h6><\/h6>\n<h6><\/h6>\n<h6><\/h6>\n","protected":false},"excerpt":{"rendered":"<h6><span style=\"color: #0000ff;\">25 SEMIN\u021aE\/ 13 LEI<\/span><img loading=\"lazy\" decoding=\"async\" class=\"alignnone wp-image-5567\" src=\"https:\/\/vivasem.ro\/wp-content\/uploads\/2021\/11\/NOU3.jpg\" alt=\"\" width=\"57\" height=\"55\" srcset=\"https:\/\/vivasem.ro\/wp-content\/uploads\/2021\/11\/NOU3.jpg 270w, https:\/\/vivasem.ro\/wp-content\/uploads\/2021\/11\/NOU3-248x241.jpg 248w\" sizes=\"auto, (max-width: 57px) 100vw, 57px\" \/><\/h6>\n<h6>10 SEMIN\u021aE \/ 6 LEI<\/h6>\n<h6><span style=\"color: #ff00ff;\">HIBRID DEOSEBIT DE PRODUCTIV CU FRUCTE EXCELENTE !<\/span><\/h6>\n<h6><\/h6>\n<h6><\/h6>\n","protected":false},"featured_media":6537,"comment_status":"open","ping_status":"closed","template":"","meta":{"site-sidebar-layout":"default","site-content-layout":"default","ast-site-content-layout":"default","site-content-style":"default","site-sidebar-style":"default","ast-global-header-display":"","ast-banner-title-visibility":"","ast-main-header-display":"","ast-hfb-above-header-display":"","ast-hfb-below-header-display":"","ast-hfb-mobile-header-display":"","site-post-title":"","ast-breadcrumbs-content":"","ast-featured-img":"","footer-sml-layout":"","ast-disable-related-posts":"","theme-transparent-header-meta":"default","adv-header-id-meta":"","stick-header-meta":"","header-above-stick-meta":"","header-main-stick-meta":"","header-below-stick-meta":"","astra-migrate-meta-layouts":"set","ast-page-background-enabled":"default","ast-page-background-meta":{"desktop":{"background-color":"var(--ast-global-color-4)","background-image":"","background-repeat":"repeat","background-position":"center center","background-size":"auto","background-attachment":"scroll","background-type":"","background-media":"","overlay-type":"","overlay-color":"","overlay-opacity":"","overlay-gradient":""},"tablet":{"background-color":"","background-image":"","background-repeat":"repeat","background-position":"center center","background-size":"auto","background-attachment":"scroll","background-type":"","background-media":"","overlay-type":"","overlay-color":"","overlay-opacity":"","overlay-gradient":""},"mobile":{"background-color":"","background-image":"","background-repeat":"repeat","background-position":"center center","background-size":"auto","background-attachment":"scroll","background-type":"","background-media":"","overlay-type":"","overlay-color":"","overlay-opacity":"","overlay-gradient":""}},"ast-content-background-meta":{"desktop":{"background-color":"var(--ast-global-color-5)","background-image":"","background-repeat":"repeat","background-position":"center center","background-size":"auto","background-attachment":"scroll","background-type":"","background-media":"","overlay-type":"","overlay-color":"","overlay-opacity":"","overlay-gradient":""},"tablet":{"background-color":"var(--ast-global-color-5)","background-image":"","background-repeat":"repeat","background-position":"center center","background-size":"auto","background-attachment":"scroll","background-type":"","background-media":"","overlay-type":"","overlay-color":"","overlay-opacity":"","overlay-gradient":""},"mobile":{"background-color":"var(--ast-global-color-5)","background-image":"","background-repeat":"repeat","background-position":"center center","background-size":"auto","background-attachment":"scroll","background-type":"","background-media":"","overlay-type":"","overlay-color":"","overlay-opacity":"","overlay-gradient":""}}},"product_brand":[],"product_cat":[149],"product_tag":[],"class_list":{"0":"post-6531","1":"product","2":"type-product","3":"status-publish","4":"has-post-thumbnail","6":"product_cat-33-produse-epuizate","7":"desktop-align-left","8":"tablet-align-left","9":"mobile-align-left","11":"first","12":"outofstock","13":"taxable","14":"shipping-taxable","15":"purchasable","16":"product-type-simple"},"_links":{"self":[{"href":"https:\/\/vivasem.ro\/index.php?rest_route=\/wp\/v2\/product\/6531","targetHints":{"allow":["GET"]}}],"collection":[{"href":"https:\/\/vivasem.ro\/index.php?rest_route=\/wp\/v2\/product"}],"about":[{"href":"https:\/\/vivasem.ro\/index.php?rest_route=\/wp\/v2\/types\/product"}],"replies":[{"embeddable":true,"href":"https:\/\/vivasem.ro\/index.php?rest_route=%2Fwp%2Fv2%2Fcomments&post=6531"}],"wp:featuredmedia":[{"embeddable":true,"href":"https:\/\/vivasem.ro\/index.php?rest_route=\/wp\/v2\/media\/6537"}],"wp:attachment":[{"href":"https:\/\/vivasem.ro\/index.php?rest_route=%2Fwp%2Fv2%2Fmedia&parent=6531"}],"wp:term":[{"taxonomy":"product_brand","embeddable":true,"href":"https:\/\/vivasem.ro\/index.php?rest_route=%2Fwp%2Fv2%2Fproduct_brand&post=6531"},{"taxonomy":"product_cat","embeddable":true,"href":"https:\/\/vivasem.ro\/index.php?rest_route=%2Fwp%2Fv2%2Fproduct_cat&post=6531"},{"taxonomy":"product_tag","embeddable":true,"href":"https:\/\/vivasem.ro\/index.php?rest_route=%2Fwp%2Fv2%2Fproduct_tag&post=6531"}],"curies":[{"name":"wp","href":"https:\/\/api.w.org\/{rel}","templated":true}]}}