{"id":6499,"date":"2022-01-07T18:22:38","date_gmt":"2022-01-07T16:22:38","guid":{"rendered":"https:\/\/vivasem.ro\/?post_type=product&#038;p=6499"},"modified":"2024-08-20T07:19:19","modified_gmt":"2024-08-20T05:19:19","slug":"abellus-f1-20s","status":"publish","type":"product","link":"https:\/\/vivasem.ro\/?product=abellus-f1-20s","title":{"rendered":"\u201e\u201eABELLUS F1 LIPSA STOC"},"content":{"rendered":"<h6><span style=\"color: #ff0000;\">ABELLUS\u00a0 F1 -RIJK ZWAAN.Olanda,<\/span><\/h6>\n<ul>\n<li>\n<h6>\u2013 Hibrid himpuriu, cu cre\u0219tere nedeterminat\u0103, de tip generativ.<\/h6>\n<h6>\u2013 <span style=\"color: #0000ff;\">Hibrid foarte flexibil \u0219i tolerant la diferite condi\u021bii de cultivare, leag\u0103 foarte bine \u00een condi\u021bii de luminozitate sc\u0103zut\u0103 \u0219i \u00een zilele toride de var\u0103, asigur\u00e2nd o produc\u021bie constant\u0103.<\/span><\/h6>\n<h6>\u2013 Nu-\u0219i pierde echilibrul vegetativ \u00een nicio condi\u021bie dificil\u0103 de cultivare.<\/h6>\n<h6>\u2013 Distan\u021ba dintre etaje este mic\u0103, de 18 &#8211; 22 cm, cu 6 &#8211; 8 fructe\/etaj.<\/h6>\n<h6>\u2013 Portul plantei este foarte echilibrat, vigoare mare.<\/h6>\n<h6>\u2013 Plantele sunt compacte, cu port semi-deschis \u0219i de talie mic\u0103.<\/h6>\n<\/li>\n<li>\n<h6>Descriere fructe:\u2013 <span style=\"color: #0000ff;\">Fructele sunt ferme, uniforme, de form\u0103 rotund-aplatizate \u0219i de culoare ro\u0219u str\u0103lucitor.<\/span><\/h6>\n<h6>\u2013 Coacere f\u0103r\u0103 um\u0103r verde.<\/h6>\n<h6>\u2013 Greutatea este aproximativ 140 -170g.<\/h6>\n<h6>\u2013 <span style=\"color: #0000ff;\">Fructele au gust specific de tomate adev\u0103rate.<\/span><\/h6>\n<h6>\u2013 Datorit\u0103 prezen\u021bei genei LSL fructele au o foarte bun\u0103 resisten\u021b\u0103 la p\u0103strare \u0219i transport dup\u0103 recoltare.<\/h6>\n<\/li>\n<li>\n<h6>Cultur\u0103:<span style=\"color: #0000ff;\">Recomandat pentru cultura \u00een sere reci pe timp de prim\u0103var\u0103, var\u0103 \u0219i toamn\u0103, dar \u0219i \u00een c\u00e2mp deschis.<\/span><\/h6>\n<\/li>\n<li>\n<h6>Rezisten\u021b\u0103 la agen\u021bi patogeni:\u2013 ToMV &#8211; Tomato mosaic virus &#8211; Virusul mozaicului tomatelor.<\/h6>\n<h6>\u2013 Ff: A-E &#8211; Fulvia fulva, (Cladosporium fulvum) &#8211; P\u0103tarea cafenie a frunzelor de tomate.<\/h6>\n<h6>\u2013 Fol: 0,1 &#8211; Fusariuom oxysporum f. sp. lycopersici &#8211; Fusarioz\u0103.<\/h6>\n<h6>\u2013 Va &#8211; Verticillium albo-atrum &#8211; Verticilioz\u0103.<\/h6>\n<h6>\u2013 Mi\/Ma\/Mj &#8211; Meloidogyne &#8211; Nematozi<\/h6>\n<\/li>\n<\/ul>\n<h6><\/h6>\n<h6><\/h6>\n","protected":false},"excerpt":{"rendered":"<h6><img loading=\"lazy\" decoding=\"async\" class=\"alignnone wp-image-5567\" src=\"https:\/\/vivasem.ro\/wp-content\/uploads\/2021\/11\/NOU3.jpg\" alt=\"\" width=\"57\" height=\"55\" srcset=\"https:\/\/vivasem.ro\/wp-content\/uploads\/2021\/11\/NOU3.jpg 270w, https:\/\/vivasem.ro\/wp-content\/uploads\/2021\/11\/NOU3-248x241.jpg 248w\" sizes=\"auto, (max-width: 57px) 100vw, 57px\" \/><span style=\"color: #ff00ff;\">FLEXIBIL LA DIVERSE CONDI\u021aII, GUST BUN,PRODUCTIV.<\/span><\/h6>\n<h6><span style=\"color: #0000ff;\">27 SEMIN\u021aE\/ 13 LEI<\/span><\/h6>\n","protected":false},"featured_media":6504,"comment_status":"open","ping_status":"closed","template":"","meta":{"site-sidebar-layout":"default","site-content-layout":"default","ast-site-content-layout":"default","site-content-style":"default","site-sidebar-style":"default","ast-global-header-display":"","ast-banner-title-visibility":"","ast-main-header-display":"","ast-hfb-above-header-display":"","ast-hfb-below-header-display":"","ast-hfb-mobile-header-display":"","site-post-title":"","ast-breadcrumbs-content":"","ast-featured-img":"","footer-sml-layout":"","ast-disable-related-posts":"","theme-transparent-header-meta":"default","adv-header-id-meta":"","stick-header-meta":"","header-above-stick-meta":"","header-main-stick-meta":"","header-below-stick-meta":"","astra-migrate-meta-layouts":"set","ast-page-background-enabled":"default","ast-page-background-meta":{"desktop":{"background-color":"var(--ast-global-color-4)","background-image":"","background-repeat":"repeat","background-position":"center center","background-size":"auto","background-attachment":"scroll","background-type":"","background-media":"","overlay-type":"","overlay-color":"","overlay-opacity":"","overlay-gradient":""},"tablet":{"background-color":"","background-image":"","background-repeat":"repeat","background-position":"center center","background-size":"auto","background-attachment":"scroll","background-type":"","background-media":"","overlay-type":"","overlay-color":"","overlay-opacity":"","overlay-gradient":""},"mobile":{"background-color":"","background-image":"","background-repeat":"repeat","background-position":"center center","background-size":"auto","background-attachment":"scroll","background-type":"","background-media":"","overlay-type":"","overlay-color":"","overlay-opacity":"","overlay-gradient":""}},"ast-content-background-meta":{"desktop":{"background-color":"var(--ast-global-color-5)","background-image":"","background-repeat":"repeat","background-position":"center center","background-size":"auto","background-attachment":"scroll","background-type":"","background-media":"","overlay-type":"","overlay-color":"","overlay-opacity":"","overlay-gradient":""},"tablet":{"background-color":"var(--ast-global-color-5)","background-image":"","background-repeat":"repeat","background-position":"center center","background-size":"auto","background-attachment":"scroll","background-type":"","background-media":"","overlay-type":"","overlay-color":"","overlay-opacity":"","overlay-gradient":""},"mobile":{"background-color":"var(--ast-global-color-5)","background-image":"","background-repeat":"repeat","background-position":"center center","background-size":"auto","background-attachment":"scroll","background-type":"","background-media":"","overlay-type":"","overlay-color":"","overlay-opacity":"","overlay-gradient":""}}},"product_brand":[],"product_cat":[110,149],"product_tag":[],"class_list":{"0":"post-6499","1":"product","2":"type-product","3":"status-publish","4":"has-post-thumbnail","6":"product_cat-tomate-hibrid","7":"product_cat-33-produse-epuizate","8":"pa_z-cantitate-10-seminte","9":"pa_z-cantitate-100-seminte","10":"pa_z-cantitate-25-seminte","11":"pa_z-cantitate-250-seminte","12":"pa_z-cantitate-50-seminte","13":"desktop-align-left","14":"tablet-align-left","15":"mobile-align-left","17":"first","18":"outofstock","19":"taxable","20":"shipping-taxable","21":"purchasable","22":"product-type-variable"},"_links":{"self":[{"href":"https:\/\/vivasem.ro\/index.php?rest_route=\/wp\/v2\/product\/6499","targetHints":{"allow":["GET"]}}],"collection":[{"href":"https:\/\/vivasem.ro\/index.php?rest_route=\/wp\/v2\/product"}],"about":[{"href":"https:\/\/vivasem.ro\/index.php?rest_route=\/wp\/v2\/types\/product"}],"replies":[{"embeddable":true,"href":"https:\/\/vivasem.ro\/index.php?rest_route=%2Fwp%2Fv2%2Fcomments&post=6499"}],"wp:featuredmedia":[{"embeddable":true,"href":"https:\/\/vivasem.ro\/index.php?rest_route=\/wp\/v2\/media\/6504"}],"wp:attachment":[{"href":"https:\/\/vivasem.ro\/index.php?rest_route=%2Fwp%2Fv2%2Fmedia&parent=6499"}],"wp:term":[{"taxonomy":"product_brand","embeddable":true,"href":"https:\/\/vivasem.ro\/index.php?rest_route=%2Fwp%2Fv2%2Fproduct_brand&post=6499"},{"taxonomy":"product_cat","embeddable":true,"href":"https:\/\/vivasem.ro\/index.php?rest_route=%2Fwp%2Fv2%2Fproduct_cat&post=6499"},{"taxonomy":"product_tag","embeddable":true,"href":"https:\/\/vivasem.ro\/index.php?rest_route=%2Fwp%2Fv2%2Fproduct_tag&post=6499"}],"curies":[{"name":"wp","href":"https:\/\/api.w.org\/{rel}","templated":true}]}}