{"id":6424,"date":"2021-12-26T15:18:51","date_gmt":"2021-12-26T13:18:51","guid":{"rendered":"https:\/\/vivasem.ro\/?post_type=product&#038;p=6424"},"modified":"2024-01-06T00:10:03","modified_gmt":"2024-01-05T22:10:03","slug":"gravitet-f1-2","status":"publish","type":"product","link":"https:\/\/vivasem.ro\/?product=gravitet-f1-2","title":{"rendered":"\u201e\u201eGRAVITET F1 (Syngenta)"},"content":{"rendered":"<h6><span style=\"color: #ff0000;\">GRAVITET F1 -Syngenta,<\/span><\/h6>\n<h6><span style=\"color: #0000ff;\"><strong>Gravitet F1 este un hibrid profesional de tomate,\u00a0 pentru culturi in sere si solarii, ce <\/strong><\/span>\u0219i-a castigat locul pe pia\u021b\u0103, datorit\u0103 <span style=\"color: #0000ff;\">capacit\u0103\u021bii extraordinare de producere a tomatelor extratimpurii.<\/span><\/h6>\n<h6>Prezinta o plant\u0103 semideterminat\u0103, echilibrat\u0103 vegetativ-generativ, ce leag\u0103 bine in condi\u021bii de temperatura sc\u0103zut\u0103.<\/h6>\n<h6>Planta hibridului de <strong>tomate Gravitet F1\u00a0<\/strong>prezint\u0103 port deschis \u0219i <span style=\"color: #0000ff;\">este foarte u\u0219or de \u00eentre\u021binut, ea este prezentat\u0103 de produc\u0103tor ca fiind semideterminat\u0103,dar, dup\u0103 cum procedeaz\u0103 unii\u00a0 produc\u0103tori, dac\u0103 se recolteaz\u0103 complet, ultimele etaje, 4-5, va emite noi v\u00e2rfuri de cre\u0219tere \u0219i astfel nu se opre\u0219te din dezvoltare \u0219i din produc\u021bie. Tulpina este gros\u0103, r\u0103d\u0103cinile puternice.<\/span><\/h6>\n<h6>ACESTA PRODUCE FRUCTE, MARI , <span style=\"color: #0000ff;\">\u00ceN MEDIE \u00ceNTRE 180-200 grame, CE CRESC \u00ceN\u00a0 CIORCHINI DE C\u0102TE 4-5 BUC\u0102\u021aI . Fructele din primul ciorchine, pot ajunge spre 300 grame.<\/span><\/h6>\n<h6><strong>Tomatele Gravitet F1<\/strong> au fructe uniforme \u0219i culoare ro\u0219u-intens,<span style=\"color: #0000ff;\"> CU GUST FOARTE BUN, dulce, slab acid. Coacerea este simultan\u0103 la tot ciorchinele.<\/span><\/h6>\n<h6><span style=\"color: #0000ff;\">\u00ceN CONDI\u021aII DE FERTILIZARE OPTIME, Gravitet F1, ARE O PRODUCTIVITATE DE EXCEP\u021aIE \u0218I UN GUST EXCELENT , put\u00e2nd fi dirijat \u0219i pe 2 bra\u021be!<\/span><\/h6>\n<h6>Rezisten\u021b\u0103 ridicat\u0103 la boli:<\/h6>\n<h6>Fol:0-1\/ToMV\/V\/ \u0219i intermediar\u0103 la M(Nematozii tomatelor)<\/h6>\n<h6>PULPA ESTE FERM\u0102, REZISTENT\u0102 LA TRANSPORT, FOARTE C\u0102RNOAS\u0102, CE POATE FI FELIAT\u0102 \u0218I FOLOSIT\u0102 \u00ceN SANDVI\u0218URI, SALATE,ETC.<\/h6>\n<h6><\/h6>\n<h6><\/h6>\n","protected":false},"excerpt":{"rendered":"<h6>0,7 Lei\/BUCAT\u0102<\/h6>\n<h6><span style=\"color: #ff00ff;\">EXTREM DE PRODUCTIV !<\/span><\/h6>\n<h6><span style=\"color: #ff00ff;\">GUST\u00a0 BUN !<\/span><\/h6>\n<p>&nbsp;<\/p>\n<h6><\/h6>\n","protected":false},"featured_media":6368,"comment_status":"open","ping_status":"closed","template":"","meta":{"site-sidebar-layout":"default","site-content-layout":"default","ast-site-content-layout":"default","site-content-style":"default","site-sidebar-style":"default","ast-global-header-display":"","ast-banner-title-visibility":"","ast-main-header-display":"","ast-hfb-above-header-display":"","ast-hfb-below-header-display":"","ast-hfb-mobile-header-display":"","site-post-title":"","ast-breadcrumbs-content":"","ast-featured-img":"","footer-sml-layout":"","ast-disable-related-posts":"","theme-transparent-header-meta":"default","adv-header-id-meta":"","stick-header-meta":"","header-above-stick-meta":"","header-main-stick-meta":"","header-below-stick-meta":"","astra-migrate-meta-layouts":"set","ast-page-background-enabled":"default","ast-page-background-meta":{"desktop":{"background-color":"var(--ast-global-color-4)","background-image":"","background-repeat":"repeat","background-position":"center center","background-size":"auto","background-attachment":"scroll","background-type":"","background-media":"","overlay-type":"","overlay-color":"","overlay-opacity":"","overlay-gradient":""},"tablet":{"background-color":"","background-image":"","background-repeat":"repeat","background-position":"center center","background-size":"auto","background-attachment":"scroll","background-type":"","background-media":"","overlay-type":"","overlay-color":"","overlay-opacity":"","overlay-gradient":""},"mobile":{"background-color":"","background-image":"","background-repeat":"repeat","background-position":"center center","background-size":"auto","background-attachment":"scroll","background-type":"","background-media":"","overlay-type":"","overlay-color":"","overlay-opacity":"","overlay-gradient":""}},"ast-content-background-meta":{"desktop":{"background-color":"var(--ast-global-color-5)","background-image":"","background-repeat":"repeat","background-position":"center center","background-size":"auto","background-attachment":"scroll","background-type":"","background-media":"","overlay-type":"","overlay-color":"","overlay-opacity":"","overlay-gradient":""},"tablet":{"background-color":"var(--ast-global-color-5)","background-image":"","background-repeat":"repeat","background-position":"center center","background-size":"auto","background-attachment":"scroll","background-type":"","background-media":"","overlay-type":"","overlay-color":"","overlay-opacity":"","overlay-gradient":""},"mobile":{"background-color":"var(--ast-global-color-5)","background-image":"","background-repeat":"repeat","background-position":"center center","background-size":"auto","background-attachment":"scroll","background-type":"","background-media":"","overlay-type":"","overlay-color":"","overlay-opacity":"","overlay-gradient":""}}},"product_brand":[],"product_cat":[110],"product_tag":[],"class_list":{"0":"post-6424","1":"product","2":"type-product","3":"status-publish","4":"has-post-thumbnail","6":"product_cat-tomate-hibrid","7":"pa_z-cantitate-10-seminte","8":"pa_z-cantitate-100-seminte","9":"pa_z-cantitate-200-seminte","10":"pa_z-cantitate-25-seminte","11":"pa_z-cantitate-50-seminte","12":"desktop-align-left","13":"tablet-align-left","14":"mobile-align-left","16":"first","17":"outofstock","18":"taxable","19":"shipping-taxable","20":"purchasable","21":"product-type-simple"},"_links":{"self":[{"href":"https:\/\/vivasem.ro\/index.php?rest_route=\/wp\/v2\/product\/6424","targetHints":{"allow":["GET"]}}],"collection":[{"href":"https:\/\/vivasem.ro\/index.php?rest_route=\/wp\/v2\/product"}],"about":[{"href":"https:\/\/vivasem.ro\/index.php?rest_route=\/wp\/v2\/types\/product"}],"replies":[{"embeddable":true,"href":"https:\/\/vivasem.ro\/index.php?rest_route=%2Fwp%2Fv2%2Fcomments&post=6424"}],"wp:featuredmedia":[{"embeddable":true,"href":"https:\/\/vivasem.ro\/index.php?rest_route=\/wp\/v2\/media\/6368"}],"wp:attachment":[{"href":"https:\/\/vivasem.ro\/index.php?rest_route=%2Fwp%2Fv2%2Fmedia&parent=6424"}],"wp:term":[{"taxonomy":"product_brand","embeddable":true,"href":"https:\/\/vivasem.ro\/index.php?rest_route=%2Fwp%2Fv2%2Fproduct_brand&post=6424"},{"taxonomy":"product_cat","embeddable":true,"href":"https:\/\/vivasem.ro\/index.php?rest_route=%2Fwp%2Fv2%2Fproduct_cat&post=6424"},{"taxonomy":"product_tag","embeddable":true,"href":"https:\/\/vivasem.ro\/index.php?rest_route=%2Fwp%2Fv2%2Fproduct_tag&post=6424"}],"curies":[{"name":"wp","href":"https:\/\/api.w.org\/{rel}","templated":true}]}}