{"id":6397,"date":"2021-12-23T09:18:22","date_gmt":"2021-12-23T07:18:22","guid":{"rendered":"https:\/\/vivasem.ro\/?post_type=product&#038;p=6397"},"modified":"2022-11-19T08:31:41","modified_gmt":"2022-11-19T06:31:41","slug":"pepeni-galbeni-retato-degli-ortolani","status":"publish","type":"product","link":"https:\/\/vivasem.ro\/?product=pepeni-galbeni-retato-degli-ortolani","title":{"rendered":"\u201ePepeni galbeni RETATO DEGLI ORTOLANI"},"content":{"rendered":"<h6><span style=\"color: #ff0000;\"><strong><u>Pepeni galbeni RETATO DEGLI ORTOLANI-Alta Selezione Qualita.Italia<\/u><\/strong> ,<\/span><\/h6>\n<ul>\n<li><strong><em>varietate semi-timpurie<\/em><\/strong><\/li>\n<li><strong><em>plant\u0103 viguroas\u0103 cu o bun\u0103 produc\u021bie<\/em><\/strong><\/li>\n<li><strong><em>fructe rotunde acoperite cu o re\u021bea deasa<\/em><\/strong><\/li>\n<li><strong><em>miez dulce, parfumat si consistent<\/em><\/strong><\/li>\n<li><strong><em>germinatie minima 75%<\/em><\/strong><\/li>\n<li><strong><em>puritate 98%<\/em><\/strong><\/li>\n<li><strong><em>cca 30 seminte\/gram<\/em><\/strong><\/li>\n<\/ul>\n<table border=\"1\" cellspacing=\"1\" cellpadding=\"1\" align=\"center\">\n<tbody>\n<tr>\n<td rowspan=\"2\"><em><strong>Semanare in camp<\/strong><\/em><\/td>\n<td rowspan=\"2\"><em><strong>Semanare in rasadnita<\/strong><\/em><\/td>\n<td rowspan=\"2\"><em><strong>Repicare<\/strong><\/em><\/td>\n<td rowspan=\"2\"><em><strong>Rarire<\/strong><\/em><\/td>\n<td rowspan=\"2\"><em><strong>Recoltare<\/strong><\/em><\/td>\n<td rowspan=\"2\"><em><strong>Distanta intre randuri<\/strong><\/em><\/td>\n<td rowspan=\"2\"><em><strong>Distanta intre plante<\/strong><\/em><\/td>\n<td colspan=\"2\"><strong><em>Temperatura de germinare<\/em><\/strong><\/td>\n<\/tr>\n<tr>\n<td><em><strong>minima<\/strong><\/em><\/td>\n<td><em><strong>maxima<\/strong><\/em><\/td>\n<\/tr>\n<tr>\n<td><strong><em>martie-mai<\/em><\/strong><\/td>\n<td><strong><em>martie-aprilie<\/em><\/strong><\/td>\n<td><strong><em>aprilie-mai<\/em><\/strong><\/td>\n<td><strong><em>mai-iunie<\/em><\/strong><\/td>\n<td><strong><em>iulie-septembrie<\/em><\/strong><\/td>\n<td><em><strong>150<\/strong><\/em><\/td>\n<td><em><strong>50<\/strong><\/em><\/td>\n<td><em><strong>15\u00b0<\/strong><\/em><\/td>\n<td><em><strong>35\u00b0<\/strong><\/em><\/td>\n<\/tr>\n<\/tbody>\n<\/table>\n","protected":false},"excerpt":{"rendered":"<h6><span style=\"color: #0000ff;\">4 grame (120 SEMIN\u021aE)\/6 LEI<img loading=\"lazy\" decoding=\"async\" class=\"alignnone wp-image-6106\" src=\"https:\/\/vivasem.ro\/wp-content\/uploads\/2021\/12\/NOU3.jpg\" alt=\"\" width=\"72\" height=\"69\" srcset=\"https:\/\/vivasem.ro\/wp-content\/uploads\/2021\/12\/NOU3.jpg 270w, https:\/\/vivasem.ro\/wp-content\/uploads\/2021\/12\/NOU3-248x241.jpg 248w\" sizes=\"auto, (max-width: 72px) 100vw, 72px\" \/><\/span><\/h6>\n","protected":false},"featured_media":6398,"comment_status":"open","ping_status":"closed","template":"","meta":{"site-sidebar-layout":"default","site-content-layout":"default","ast-site-content-layout":"default","site-content-style":"default","site-sidebar-style":"default","ast-global-header-display":"","ast-banner-title-visibility":"","ast-main-header-display":"","ast-hfb-above-header-display":"","ast-hfb-below-header-display":"","ast-hfb-mobile-header-display":"","site-post-title":"","ast-breadcrumbs-content":"","ast-featured-img":"","footer-sml-layout":"","ast-disable-related-posts":"","theme-transparent-header-meta":"default","adv-header-id-meta":"","stick-header-meta":"","header-above-stick-meta":"","header-main-stick-meta":"","header-below-stick-meta":"","astra-migrate-meta-layouts":"default","ast-page-background-enabled":"default","ast-page-background-meta":{"desktop":{"background-color":"var(--ast-global-color-4)","background-image":"","background-repeat":"repeat","background-position":"center center","background-size":"auto","background-attachment":"scroll","background-type":"","background-media":"","overlay-type":"","overlay-color":"","overlay-opacity":"","overlay-gradient":""},"tablet":{"background-color":"","background-image":"","background-repeat":"repeat","background-position":"center center","background-size":"auto","background-attachment":"scroll","background-type":"","background-media":"","overlay-type":"","overlay-color":"","overlay-opacity":"","overlay-gradient":""},"mobile":{"background-color":"","background-image":"","background-repeat":"repeat","background-position":"center center","background-size":"auto","background-attachment":"scroll","background-type":"","background-media":"","overlay-type":"","overlay-color":"","overlay-opacity":"","overlay-gradient":""}},"ast-content-background-meta":{"desktop":{"background-color":"var(--ast-global-color-5)","background-image":"","background-repeat":"repeat","background-position":"center center","background-size":"auto","background-attachment":"scroll","background-type":"","background-media":"","overlay-type":"","overlay-color":"","overlay-opacity":"","overlay-gradient":""},"tablet":{"background-color":"var(--ast-global-color-5)","background-image":"","background-repeat":"repeat","background-position":"center center","background-size":"auto","background-attachment":"scroll","background-type":"","background-media":"","overlay-type":"","overlay-color":"","overlay-opacity":"","overlay-gradient":""},"mobile":{"background-color":"var(--ast-global-color-5)","background-image":"","background-repeat":"repeat","background-position":"center center","background-size":"auto","background-attachment":"scroll","background-type":"","background-media":"","overlay-type":"","overlay-color":"","overlay-opacity":"","overlay-gradient":""}}},"product_brand":[],"product_cat":[91],"product_tag":[],"class_list":{"0":"post-6397","1":"product","2":"type-product","3":"status-publish","4":"has-post-thumbnail","6":"product_cat-alte-legume","7":"desktop-align-left","8":"tablet-align-left","9":"mobile-align-left","11":"first","12":"outofstock","13":"taxable","14":"shipping-taxable","15":"purchasable","16":"product-type-simple"},"_links":{"self":[{"href":"https:\/\/vivasem.ro\/index.php?rest_route=\/wp\/v2\/product\/6397","targetHints":{"allow":["GET"]}}],"collection":[{"href":"https:\/\/vivasem.ro\/index.php?rest_route=\/wp\/v2\/product"}],"about":[{"href":"https:\/\/vivasem.ro\/index.php?rest_route=\/wp\/v2\/types\/product"}],"replies":[{"embeddable":true,"href":"https:\/\/vivasem.ro\/index.php?rest_route=%2Fwp%2Fv2%2Fcomments&post=6397"}],"wp:featuredmedia":[{"embeddable":true,"href":"https:\/\/vivasem.ro\/index.php?rest_route=\/wp\/v2\/media\/6398"}],"wp:attachment":[{"href":"https:\/\/vivasem.ro\/index.php?rest_route=%2Fwp%2Fv2%2Fmedia&parent=6397"}],"wp:term":[{"taxonomy":"product_brand","embeddable":true,"href":"https:\/\/vivasem.ro\/index.php?rest_route=%2Fwp%2Fv2%2Fproduct_brand&post=6397"},{"taxonomy":"product_cat","embeddable":true,"href":"https:\/\/vivasem.ro\/index.php?rest_route=%2Fwp%2Fv2%2Fproduct_cat&post=6397"},{"taxonomy":"product_tag","embeddable":true,"href":"https:\/\/vivasem.ro\/index.php?rest_route=%2Fwp%2Fv2%2Fproduct_tag&post=6397"}],"curies":[{"name":"wp","href":"https:\/\/api.w.org\/{rel}","templated":true}]}}