{"id":6337,"date":"2021-12-17T23:24:30","date_gmt":"2021-12-17T21:24:30","guid":{"rendered":"https:\/\/vivasem.ro\/?post_type=product&#038;p=6337"},"modified":"2023-02-18T08:37:53","modified_gmt":"2023-02-18T06:37:53","slug":"salata-regina-delle-ghiaciolle","status":"publish","type":"product","link":"https:\/\/vivasem.ro\/?product=salata-regina-delle-ghiaciolle","title":{"rendered":"\u201eSALAT\u0102 REGINA DELLE GHIACIOLLE"},"content":{"rendered":"<h6><span style=\"color: #ff0000;\"><strong><u>SALAT\u0102 REGINA DELLE GHIACIOLLE- Alta Selezione Qualita.Italia<\/u><\/strong> ,<\/span><\/h6>\n<h6>SOI TIP ICEBERG<strong>,<\/strong> DE PRIM\u0102VAR\u0102, CU C\u0102P\u0102\u021a\u00c2NI MARI, ROTUNDE,COMPACTE, BINE \u00ceNF\u0102\u0218URATE, FRAGEDE.<\/h6>\n<h6>FOILE SUNT AMPLE, CROCANTE, CU NERVURI PRONUN\u021aATE \u0218I V\u00c2RFURI ZIM\u021aATE, VERDE-DESCHIS, CU GUST DULCE, FOARTE BUN.<\/h6>\n<h6>REZIST\u0102 BINE LA EMITEREA TIJEI FLORALE.<\/h6>\n<ul>\n<li>\n<h6><strong><em>varietate tardiv\u0103<\/em><\/strong><\/h6>\n<\/li>\n<li>\n<h6><strong><em>germinatie minima 75%<\/em><\/strong><\/h6>\n<\/li>\n<li>\n<h6><strong><em>puritate 95%<\/em><\/strong><\/h6>\n<\/li>\n<li>\n<h6><strong><em>cca 800 seminte\/gram<\/em><\/strong><\/h6>\n<\/li>\n<li><\/li>\n<\/ul>\n","protected":false},"excerpt":{"rendered":"<h6><span style=\"color: #0000ff;\">8 grame (6400 SEMIN\u021aE)<\/span><\/h6>\n","protected":false},"featured_media":6338,"comment_status":"open","ping_status":"closed","template":"","meta":{"site-sidebar-layout":"default","site-content-layout":"default","ast-site-content-layout":"default","site-content-style":"default","site-sidebar-style":"default","ast-global-header-display":"","ast-banner-title-visibility":"","ast-main-header-display":"","ast-hfb-above-header-display":"","ast-hfb-below-header-display":"","ast-hfb-mobile-header-display":"","site-post-title":"","ast-breadcrumbs-content":"","ast-featured-img":"","footer-sml-layout":"","ast-disable-related-posts":"","theme-transparent-header-meta":"default","adv-header-id-meta":"","stick-header-meta":"","header-above-stick-meta":"","header-main-stick-meta":"","header-below-stick-meta":"","astra-migrate-meta-layouts":"default","ast-page-background-enabled":"default","ast-page-background-meta":{"desktop":{"background-color":"var(--ast-global-color-4)","background-image":"","background-repeat":"repeat","background-position":"center center","background-size":"auto","background-attachment":"scroll","background-type":"","background-media":"","overlay-type":"","overlay-color":"","overlay-opacity":"","overlay-gradient":""},"tablet":{"background-color":"","background-image":"","background-repeat":"repeat","background-position":"center center","background-size":"auto","background-attachment":"scroll","background-type":"","background-media":"","overlay-type":"","overlay-color":"","overlay-opacity":"","overlay-gradient":""},"mobile":{"background-color":"","background-image":"","background-repeat":"repeat","background-position":"center center","background-size":"auto","background-attachment":"scroll","background-type":"","background-media":"","overlay-type":"","overlay-color":"","overlay-opacity":"","overlay-gradient":""}},"ast-content-background-meta":{"desktop":{"background-color":"var(--ast-global-color-5)","background-image":"","background-repeat":"repeat","background-position":"center center","background-size":"auto","background-attachment":"scroll","background-type":"","background-media":"","overlay-type":"","overlay-color":"","overlay-opacity":"","overlay-gradient":""},"tablet":{"background-color":"var(--ast-global-color-5)","background-image":"","background-repeat":"repeat","background-position":"center center","background-size":"auto","background-attachment":"scroll","background-type":"","background-media":"","overlay-type":"","overlay-color":"","overlay-opacity":"","overlay-gradient":""},"mobile":{"background-color":"var(--ast-global-color-5)","background-image":"","background-repeat":"repeat","background-position":"center center","background-size":"auto","background-attachment":"scroll","background-type":"","background-media":"","overlay-type":"","overlay-color":"","overlay-opacity":"","overlay-gradient":""}}},"product_brand":[],"product_cat":[88],"product_tag":[],"class_list":{"0":"post-6337","1":"product","2":"type-product","3":"status-publish","4":"has-post-thumbnail","6":"product_cat-salata-varza-kale","7":"desktop-align-left","8":"tablet-align-left","9":"mobile-align-left","11":"first","12":"outofstock","13":"taxable","14":"shipping-taxable","15":"purchasable","16":"product-type-simple"},"_links":{"self":[{"href":"https:\/\/vivasem.ro\/index.php?rest_route=\/wp\/v2\/product\/6337","targetHints":{"allow":["GET"]}}],"collection":[{"href":"https:\/\/vivasem.ro\/index.php?rest_route=\/wp\/v2\/product"}],"about":[{"href":"https:\/\/vivasem.ro\/index.php?rest_route=\/wp\/v2\/types\/product"}],"replies":[{"embeddable":true,"href":"https:\/\/vivasem.ro\/index.php?rest_route=%2Fwp%2Fv2%2Fcomments&post=6337"}],"wp:featuredmedia":[{"embeddable":true,"href":"https:\/\/vivasem.ro\/index.php?rest_route=\/wp\/v2\/media\/6338"}],"wp:attachment":[{"href":"https:\/\/vivasem.ro\/index.php?rest_route=%2Fwp%2Fv2%2Fmedia&parent=6337"}],"wp:term":[{"taxonomy":"product_brand","embeddable":true,"href":"https:\/\/vivasem.ro\/index.php?rest_route=%2Fwp%2Fv2%2Fproduct_brand&post=6337"},{"taxonomy":"product_cat","embeddable":true,"href":"https:\/\/vivasem.ro\/index.php?rest_route=%2Fwp%2Fv2%2Fproduct_cat&post=6337"},{"taxonomy":"product_tag","embeddable":true,"href":"https:\/\/vivasem.ro\/index.php?rest_route=%2Fwp%2Fv2%2Fproduct_tag&post=6337"}],"curies":[{"name":"wp","href":"https:\/\/api.w.org\/{rel}","templated":true}]}}