{"id":6329,"date":"2021-12-17T22:45:58","date_gmt":"2021-12-17T20:45:58","guid":{"rendered":"https:\/\/vivasem.ro\/?post_type=product&#038;p=6329"},"modified":"2022-11-22T20:34:50","modified_gmt":"2022-11-22T18:34:50","slug":"salata-salad-bowl","status":"publish","type":"product","link":"https:\/\/vivasem.ro\/?product=salata-salad-bowl","title":{"rendered":"\u201eSalat\u0103 BIONDA RICCIOLINA 11g"},"content":{"rendered":"<h6><span style=\"color: #ff0000;\">SALAT\u0102 BIONDA RICCIOLINA-Alta Selezione Qualita.Italia,<\/span><\/h6>\n<h5><span style=\"color: #0000ff;\">SOI DEOSEBIT, CARE, DUP\u0102 T\u0102IEREA PLANTEI, la 2-3 centimetrii DE R\u0102D\u0102CIN\u0102 \u0218I F\u0102R\u0102 A SMULGE R\u0102D\u0102CINA, VA CRE\u0218TE DIN NOU !<\/span><\/h5>\n<ul>\n<li><strong><em>varietate timpurie\u00a0<\/em><\/strong><\/li>\n<li><strong><em>planta rustica, cu port erect si capa\u021b\u00e2n\u0103 deschis\u0103, tip evantai<\/em><\/strong><\/li>\n<li><strong><em>frunze deschise la culoare cu margini franjurate<\/em><\/strong><\/li>\n<li><strong><em>dupa recoltare se dezvolta din nou<\/em><\/strong><\/li>\n<li><strong><em>germinatie minima 75%<\/em><\/strong><\/li>\n<li><strong><em>puritate 95%<\/em><\/strong><\/li>\n<li><strong><em>cca 800 seminte\/gram<\/em><\/strong><\/li>\n<\/ul>\n<table border=\"1\" cellspacing=\"1\" cellpadding=\"1\" align=\"center\">\n<tbody>\n<tr>\n<td rowspan=\"2\"><em><strong>Semanare in camp<\/strong><\/em><\/td>\n<td rowspan=\"2\"><em><strong>Semanare in rasadnita<\/strong><\/em><\/td>\n<td rowspan=\"2\"><em><strong>Repicare<\/strong><\/em><\/td>\n<td rowspan=\"2\"><em><strong>Rarire<\/strong><\/em><\/td>\n<td rowspan=\"2\"><em><strong>Recoltare<\/strong><\/em><\/td>\n<td rowspan=\"2\"><em><strong>Distanta intre randuri<\/strong><\/em><\/td>\n<td rowspan=\"2\"><em><strong>Distanta intre plante<\/strong><\/em><\/td>\n<td colspan=\"2\"><strong><em>Temperatura de germinare<\/em><\/strong><\/td>\n<\/tr>\n<tr>\n<td><em><strong>minima<\/strong><\/em><\/td>\n<td><em><strong>maxima<\/strong><\/em><\/td>\n<\/tr>\n<tr>\n<td><strong><em>martie-octombrie\u00a0<\/em><\/strong><\/td>\n<td><strong><em>&#8211;<\/em><\/strong><\/td>\n<td><strong><em>&#8211;<\/em><\/strong><\/td>\n<td><strong><em>&#8211;<\/em><\/strong><\/td>\n<td><strong><em>aprilie-noiembrie\u00a0<\/em><\/strong><\/td>\n<td><strong><em>&#8211;<\/em><\/strong><\/td>\n<td><strong><em>&#8211;<\/em><\/strong><\/td>\n<td><em><strong>5\u00b0<\/strong><\/em><\/td>\n<td><em><strong>25\u00b0<\/strong><\/em><\/td>\n<\/tr>\n<\/tbody>\n<\/table>\n","protected":false},"excerpt":{"rendered":"<h6><span style=\"color: #0000ff;\">11 grame(8800 semin\u021be)<\/span><img loading=\"lazy\" decoding=\"async\" class=\"alignnone wp-image-6106\" style=\"color: #0000ff;\" src=\"https:\/\/vivasem.ro\/wp-content\/uploads\/2021\/12\/NOU3.jpg\" alt=\"\" width=\"90\" height=\"87\" srcset=\"https:\/\/vivasem.ro\/wp-content\/uploads\/2021\/12\/NOU3.jpg 270w, https:\/\/vivasem.ro\/wp-content\/uploads\/2021\/12\/NOU3-248x241.jpg 248w\" sizes=\"auto, (max-width: 90px) 100vw, 90px\" \/><\/h6>\n<h6>DUP\u0102 T\u0102IERE,CRE\u0218TE DIN NOU\u00a0 !<\/h6>\n","protected":false},"featured_media":6738,"comment_status":"open","ping_status":"closed","template":"","meta":{"site-sidebar-layout":"default","site-content-layout":"default","ast-site-content-layout":"default","site-content-style":"default","site-sidebar-style":"default","ast-global-header-display":"","ast-banner-title-visibility":"","ast-main-header-display":"","ast-hfb-above-header-display":"","ast-hfb-below-header-display":"","ast-hfb-mobile-header-display":"","site-post-title":"","ast-breadcrumbs-content":"","ast-featured-img":"","footer-sml-layout":"","ast-disable-related-posts":"","theme-transparent-header-meta":"default","adv-header-id-meta":"","stick-header-meta":"","header-above-stick-meta":"","header-main-stick-meta":"","header-below-stick-meta":"","astra-migrate-meta-layouts":"default","ast-page-background-enabled":"default","ast-page-background-meta":{"desktop":{"background-color":"var(--ast-global-color-4)","background-image":"","background-repeat":"repeat","background-position":"center center","background-size":"auto","background-attachment":"scroll","background-type":"","background-media":"","overlay-type":"","overlay-color":"","overlay-opacity":"","overlay-gradient":""},"tablet":{"background-color":"","background-image":"","background-repeat":"repeat","background-position":"center center","background-size":"auto","background-attachment":"scroll","background-type":"","background-media":"","overlay-type":"","overlay-color":"","overlay-opacity":"","overlay-gradient":""},"mobile":{"background-color":"","background-image":"","background-repeat":"repeat","background-position":"center center","background-size":"auto","background-attachment":"scroll","background-type":"","background-media":"","overlay-type":"","overlay-color":"","overlay-opacity":"","overlay-gradient":""}},"ast-content-background-meta":{"desktop":{"background-color":"var(--ast-global-color-5)","background-image":"","background-repeat":"repeat","background-position":"center center","background-size":"auto","background-attachment":"scroll","background-type":"","background-media":"","overlay-type":"","overlay-color":"","overlay-opacity":"","overlay-gradient":""},"tablet":{"background-color":"var(--ast-global-color-5)","background-image":"","background-repeat":"repeat","background-position":"center center","background-size":"auto","background-attachment":"scroll","background-type":"","background-media":"","overlay-type":"","overlay-color":"","overlay-opacity":"","overlay-gradient":""},"mobile":{"background-color":"var(--ast-global-color-5)","background-image":"","background-repeat":"repeat","background-position":"center center","background-size":"auto","background-attachment":"scroll","background-type":"","background-media":"","overlay-type":"","overlay-color":"","overlay-opacity":"","overlay-gradient":""}}},"product_brand":[],"product_cat":[88],"product_tag":[],"class_list":{"0":"post-6329","1":"product","2":"type-product","3":"status-publish","4":"has-post-thumbnail","6":"product_cat-salata-varza-kale","7":"desktop-align-left","8":"tablet-align-left","9":"mobile-align-left","11":"first","12":"outofstock","13":"downloadable","14":"taxable","15":"shipping-taxable","16":"purchasable","17":"product-type-simple"},"_links":{"self":[{"href":"https:\/\/vivasem.ro\/index.php?rest_route=\/wp\/v2\/product\/6329","targetHints":{"allow":["GET"]}}],"collection":[{"href":"https:\/\/vivasem.ro\/index.php?rest_route=\/wp\/v2\/product"}],"about":[{"href":"https:\/\/vivasem.ro\/index.php?rest_route=\/wp\/v2\/types\/product"}],"replies":[{"embeddable":true,"href":"https:\/\/vivasem.ro\/index.php?rest_route=%2Fwp%2Fv2%2Fcomments&post=6329"}],"wp:featuredmedia":[{"embeddable":true,"href":"https:\/\/vivasem.ro\/index.php?rest_route=\/wp\/v2\/media\/6738"}],"wp:attachment":[{"href":"https:\/\/vivasem.ro\/index.php?rest_route=%2Fwp%2Fv2%2Fmedia&parent=6329"}],"wp:term":[{"taxonomy":"product_brand","embeddable":true,"href":"https:\/\/vivasem.ro\/index.php?rest_route=%2Fwp%2Fv2%2Fproduct_brand&post=6329"},{"taxonomy":"product_cat","embeddable":true,"href":"https:\/\/vivasem.ro\/index.php?rest_route=%2Fwp%2Fv2%2Fproduct_cat&post=6329"},{"taxonomy":"product_tag","embeddable":true,"href":"https:\/\/vivasem.ro\/index.php?rest_route=%2Fwp%2Fv2%2Fproduct_tag&post=6329"}],"curies":[{"name":"wp","href":"https:\/\/api.w.org\/{rel}","templated":true}]}}