{"id":6033,"date":"2021-12-06T10:17:49","date_gmt":"2021-12-06T08:17:49","guid":{"rendered":"https:\/\/vivasem.ro\/?post_type=product&#038;p=6033"},"modified":"2025-11-11T09:21:09","modified_gmt":"2025-11-11T07:21:09","slug":"paul-robeson","status":"publish","type":"product","link":"https:\/\/vivasem.ro\/?product=paul-robeson","title":{"rendered":"PAUL ROBESON"},"content":{"rendered":"<h6><span style=\"color: #ff0000;\">PAUL ROBESON-de la Reimer Seeds,<\/span><\/h6>\n<h6><span style=\"color: #0000ff;\"><strong>DINTRE CELE MAI MARI SOIURI NEGRE \u0218I ESTE RECORDUL MEU PERSONAL DE GREUTATE, LA O TOMAT\u0102 NEAGR\u0102, CU 551 grame.\u00a0 <span style=\"color: #000000;\">DE REGUL\u0102,<\/span> <\/strong><\/span>PRODUCE FRUCTE MARI, CU GREUTATEA \u00ceNTRE 150-450 grame.<\/h6>\n<h6>ACESTEA SUNT FOARTE FRUMOASE, \u00ceN CULORI DE C\u0102R\u0102MIZIU, MAHON CARE POATE AJUNGE P\u00c2NA LA NEGRU, UNEORI BR\u0102ZDATE DE DUNGULI\u021aE FINE DE VERDE \u00ceNCHIS. <span style=\"color: #0000ff;\">UNUL DINTRE CELE MAI APRECIATE SOIURI NEGRE PENTRU GUST<\/span> , <span style=\"color: #0000ff;\">CARE ESTE FOARTE DULCE, INTENS AROMAT, CU PARFUMUL SPECIFIC DE TOMAT\u0102 NEAGR\u0102.<\/span><\/h6>\n<h6>PULPA ESTE TIP BEEFSTEAK, FOARTE C\u0102RNOAS\u0102, CU C\u00c2TEVA SEMIN\u021aE, SUCULENT\u0102, CE POATE FI FELIAT\u0102 \u0218I FOLOSIT\u0102 \u00ceN SANDVI\u0218URI, SALATE,SOSURI ETC.<\/h6>\n<h6>PLANTELE NEDETERMINATE, <span style=\"color: #0000ff;\">SUNT <strong>REZISTENTE\u00a0 LA CLIMA RECE , <\/strong>DE GR\u0102DIN\u0102\u00a0 \u0218I SOLAR<\/span>.<\/h6>\n<h6>FRUCTELE NU CRAP\u0102 \u0218I SUNT REZISTENTE LA P\u0102TARE.<\/h6>\n<h6>MEDIU-TIMPURII, 75 ZILE DE LA TRANSPLANT.<\/h6>\n<h6>SOI HEIRLOOM,ORIGINAR DIN RUSIA, NUMIT A\u0218A DE SOVIETICI, \u00ceN ONOAREA UNUI ARTIST DE OPER\u0102 AFRO-AMERICAN, CELEBRU \u00ceNAINTEA CELUI DE-AL DOILEA R\u0102ZBOI MONDIAL, CARE\u00a0 A MILITAT PENTRU DREPTURILE PERSOANELOR DE CULOARE\u00a0 \u0218I A VIZITAT DE MAI MULTE ORI URSS , FIIND UN ADMIRATOR AL ACESTUIA&#8230;.<\/h6>\n<h6><\/h6>\n","protected":false},"excerpt":{"rendered":"<h6>25 SEMIN\u021aE<img loading=\"lazy\" decoding=\"async\" class=\"\" src=\"https:\/\/vivasem.ro\/wp-content\/uploads\/2021\/11\/NOU3.jpg\" width=\"62\" height=\"60\" \/><\/h6>\n<h6><span style=\"color: #0000ff;\">GUST EXCEP\u021aIONAL !<\/span><\/h6>\n","protected":false},"featured_media":6037,"comment_status":"open","ping_status":"closed","template":"","meta":{"site-sidebar-layout":"default","site-content-layout":"default","ast-site-content-layout":"default","site-content-style":"default","site-sidebar-style":"default","ast-global-header-display":"","ast-banner-title-visibility":"","ast-main-header-display":"","ast-hfb-above-header-display":"","ast-hfb-below-header-display":"","ast-hfb-mobile-header-display":"","site-post-title":"","ast-breadcrumbs-content":"","ast-featured-img":"","footer-sml-layout":"","ast-disable-related-posts":"","theme-transparent-header-meta":"default","adv-header-id-meta":"","stick-header-meta":"","header-above-stick-meta":"","header-main-stick-meta":"","header-below-stick-meta":"","astra-migrate-meta-layouts":"set","ast-page-background-enabled":"default","ast-page-background-meta":{"desktop":{"background-color":"var(--ast-global-color-4)","background-image":"","background-repeat":"repeat","background-position":"center center","background-size":"auto","background-attachment":"scroll","background-type":"","background-media":"","overlay-type":"","overlay-color":"","overlay-opacity":"","overlay-gradient":""},"tablet":{"background-color":"","background-image":"","background-repeat":"repeat","background-position":"center center","background-size":"auto","background-attachment":"scroll","background-type":"","background-media":"","overlay-type":"","overlay-color":"","overlay-opacity":"","overlay-gradient":""},"mobile":{"background-color":"","background-image":"","background-repeat":"repeat","background-position":"center center","background-size":"auto","background-attachment":"scroll","background-type":"","background-media":"","overlay-type":"","overlay-color":"","overlay-opacity":"","overlay-gradient":""}},"ast-content-background-meta":{"desktop":{"background-color":"var(--ast-global-color-5)","background-image":"","background-repeat":"repeat","background-position":"center center","background-size":"auto","background-attachment":"scroll","background-type":"","background-media":"","overlay-type":"","overlay-color":"","overlay-opacity":"","overlay-gradient":""},"tablet":{"background-color":"var(--ast-global-color-5)","background-image":"","background-repeat":"repeat","background-position":"center center","background-size":"auto","background-attachment":"scroll","background-type":"","background-media":"","overlay-type":"","overlay-color":"","overlay-opacity":"","overlay-gradient":""},"mobile":{"background-color":"var(--ast-global-color-5)","background-image":"","background-repeat":"repeat","background-position":"center center","background-size":"auto","background-attachment":"scroll","background-type":"","background-media":"","overlay-type":"","overlay-color":"","overlay-opacity":"","overlay-gradient":""}}},"product_brand":[],"product_cat":[141,138,15],"product_tag":[],"class_list":{"0":"post-6033","1":"product","2":"type-product","3":"status-publish","4":"has-post-thumbnail","6":"product_cat-soi-gigant-urias","7":"product_cat-soiuri-negre","8":"product_cat-tomate-soi","9":"desktop-align-left","10":"tablet-align-left","11":"mobile-align-left","13":"first","14":"instock","15":"taxable","16":"shipping-taxable","17":"purchasable","18":"product-type-simple"},"_links":{"self":[{"href":"https:\/\/vivasem.ro\/index.php?rest_route=\/wp\/v2\/product\/6033","targetHints":{"allow":["GET"]}}],"collection":[{"href":"https:\/\/vivasem.ro\/index.php?rest_route=\/wp\/v2\/product"}],"about":[{"href":"https:\/\/vivasem.ro\/index.php?rest_route=\/wp\/v2\/types\/product"}],"replies":[{"embeddable":true,"href":"https:\/\/vivasem.ro\/index.php?rest_route=%2Fwp%2Fv2%2Fcomments&post=6033"}],"wp:featuredmedia":[{"embeddable":true,"href":"https:\/\/vivasem.ro\/index.php?rest_route=\/wp\/v2\/media\/6037"}],"wp:attachment":[{"href":"https:\/\/vivasem.ro\/index.php?rest_route=%2Fwp%2Fv2%2Fmedia&parent=6033"}],"wp:term":[{"taxonomy":"product_brand","embeddable":true,"href":"https:\/\/vivasem.ro\/index.php?rest_route=%2Fwp%2Fv2%2Fproduct_brand&post=6033"},{"taxonomy":"product_cat","embeddable":true,"href":"https:\/\/vivasem.ro\/index.php?rest_route=%2Fwp%2Fv2%2Fproduct_cat&post=6033"},{"taxonomy":"product_tag","embeddable":true,"href":"https:\/\/vivasem.ro\/index.php?rest_route=%2Fwp%2Fv2%2Fproduct_tag&post=6033"}],"curies":[{"name":"wp","href":"https:\/\/api.w.org\/{rel}","templated":true}]}}