{"id":5979,"date":"2021-12-05T17:08:03","date_gmt":"2021-12-05T15:08:03","guid":{"rendered":"https:\/\/vivasem.ro\/?post_type=product&#038;p=5979"},"modified":"2024-01-20T19:36:36","modified_gmt":"2024-01-20T17:36:36","slug":"bulls-heart-pink-copiaza","status":"publish","type":"product","link":"https:\/\/vivasem.ro\/?product=bulls-heart-pink-copiaza","title":{"rendered":"\u201e\u201eJAPANESE OXHEART\/INIM\u0102 DE BOU JAPONEZ\u0102"},"content":{"rendered":"<h6><span style=\"color: #ff0000;\">JAPANESE OXHEART-Reimer Seeds USA,<\/span><\/h6>\n<h6><span style=\"color: #ff0000;\">INIM\u0102 DE BOU JAPONEZ\u0102, <span style=\"color: #0000ff;\">SOI DEOSEBIT DESPRE CARE SE SPUNE C\u0102 ESTE CEA MAI GUSTOAS\u0102 INIM\u0102 DE BOU !<\/span><\/span><\/h6>\n<h6>CARACTERIZAT\u00a0 DE FRUCTE MARI , \u00ceN MEDIE DE 200-400 grame, IAR UNELE\u00a0 AJUNG\u00a0 URIA\u0218E,\u00a0 LA\u00a0 500 -600 grame.<\/h6>\n<h6>TOMATELE SUNT DE CULOARE ROZ , CU FORMA CARACTERISTIC\u0102 , DE INIM\u0102 ALUNGIT\u0102.<\/h6>\n<h6><span style=\"color: #0000ff;\">GUST EXCEP\u021aIONAL,<\/span> MULT APRECIAT , ECHILIBRAT DULCE- SLAB ACID,\u00a0 CU O AROM\u0102\u00a0 FOARTE INTENS\u0102 DE RO\u0218IE TRADI\u021aIONAL\u0102 .<\/h6>\n<h6>PULPA ESTE\u00a0 FERM\u0102, C\u0102RNOAS\u0102, SUCULENT\u0102, PERFECT\u0102 PENTRU SALATE, DAR \u0218I DE CONSERVAT, G\u0102TIT, ETC.<\/h6>\n<h6>PLANTELE NEDETERMINATE,\u00a0 SUNT FOARTE PRODUCTIVE\u00a0 , CU FOARTE BUNE REZULTATE \u00ceN GR\u0102DIN\u0102, DAR \u0218I \u00ceN SOLAR.<\/h6>\n<h6><span style=\"color: #0000ff;\">O CARACTERISTIC\u0102 DISTINCT\u0102 A SOIULUI, SUNT FRUNZELE DEOSEBITE, ASEM\u0102N\u0102TOARE CU FERIGA.<\/span><\/h6>\n<h6>TIMPURIETATE MEDIE,\u00a0 80\u00a0 ZILE DE LA TRANSPLANT.<\/h6>\n<h6>SOI HEIRLOOM, DIN JAPONIA , ACLIMATIZAT \u0218I MULT CULTIVAT\u00a0 \u00ceN SUA.<\/h6>\n","protected":false},"excerpt":{"rendered":"<h6><span style=\"color: #0000ff;\">20 SEMIN\u021aE<\/span><img loading=\"lazy\" decoding=\"async\" class=\"alignnone wp-image-5567\" src=\"https:\/\/vivasem.ro\/wp-content\/uploads\/2021\/11\/NOU3.jpg\" alt=\"\" width=\"57\" height=\"55\" srcset=\"https:\/\/vivasem.ro\/wp-content\/uploads\/2021\/11\/NOU3.jpg 270w, https:\/\/vivasem.ro\/wp-content\/uploads\/2021\/11\/NOU3-248x241.jpg 248w\" sizes=\"auto, (max-width: 57px) 100vw, 57px\" \/><\/h6>\n<h6>GUST EXCEP\u021aIONAL !<\/h6>\n<h6>SOI DEOSEBIT !<\/h6>\n","protected":false},"featured_media":5985,"comment_status":"open","ping_status":"closed","template":"","meta":{"site-sidebar-layout":"default","site-content-layout":"default","ast-site-content-layout":"default","site-content-style":"default","site-sidebar-style":"default","ast-global-header-display":"","ast-banner-title-visibility":"","ast-main-header-display":"","ast-hfb-above-header-display":"","ast-hfb-below-header-display":"","ast-hfb-mobile-header-display":"","site-post-title":"","ast-breadcrumbs-content":"","ast-featured-img":"","footer-sml-layout":"","ast-disable-related-posts":"","theme-transparent-header-meta":"default","adv-header-id-meta":"","stick-header-meta":"","header-above-stick-meta":"","header-main-stick-meta":"","header-below-stick-meta":"","astra-migrate-meta-layouts":"set","ast-page-background-enabled":"default","ast-page-background-meta":{"desktop":{"background-color":"var(--ast-global-color-4)","background-image":"","background-repeat":"repeat","background-position":"center center","background-size":"auto","background-attachment":"scroll","background-type":"","background-media":"","overlay-type":"","overlay-color":"","overlay-opacity":"","overlay-gradient":""},"tablet":{"background-color":"","background-image":"","background-repeat":"repeat","background-position":"center center","background-size":"auto","background-attachment":"scroll","background-type":"","background-media":"","overlay-type":"","overlay-color":"","overlay-opacity":"","overlay-gradient":""},"mobile":{"background-color":"","background-image":"","background-repeat":"repeat","background-position":"center center","background-size":"auto","background-attachment":"scroll","background-type":"","background-media":"","overlay-type":"","overlay-color":"","overlay-opacity":"","overlay-gradient":""}},"ast-content-background-meta":{"desktop":{"background-color":"var(--ast-global-color-5)","background-image":"","background-repeat":"repeat","background-position":"center center","background-size":"auto","background-attachment":"scroll","background-type":"","background-media":"","overlay-type":"","overlay-color":"","overlay-opacity":"","overlay-gradient":""},"tablet":{"background-color":"var(--ast-global-color-5)","background-image":"","background-repeat":"repeat","background-position":"center center","background-size":"auto","background-attachment":"scroll","background-type":"","background-media":"","overlay-type":"","overlay-color":"","overlay-opacity":"","overlay-gradient":""},"mobile":{"background-color":"var(--ast-global-color-5)","background-image":"","background-repeat":"repeat","background-position":"center center","background-size":"auto","background-attachment":"scroll","background-type":"","background-media":"","overlay-type":"","overlay-color":"","overlay-opacity":"","overlay-gradient":""}}},"product_brand":[],"product_cat":[141,142,144,15],"product_tag":[],"class_list":{"0":"post-5979","1":"product","2":"type-product","3":"status-publish","4":"has-post-thumbnail","6":"product_cat-soi-gigant-urias","7":"product_cat-soiuri-rosii-roz","8":"product_cat-soiuri-tip-inima-de-bou","9":"product_cat-tomate-soi","10":"desktop-align-left","11":"tablet-align-left","12":"mobile-align-left","14":"first","15":"outofstock","16":"taxable","17":"shipping-taxable","18":"purchasable","19":"product-type-simple"},"_links":{"self":[{"href":"https:\/\/vivasem.ro\/index.php?rest_route=\/wp\/v2\/product\/5979","targetHints":{"allow":["GET"]}}],"collection":[{"href":"https:\/\/vivasem.ro\/index.php?rest_route=\/wp\/v2\/product"}],"about":[{"href":"https:\/\/vivasem.ro\/index.php?rest_route=\/wp\/v2\/types\/product"}],"replies":[{"embeddable":true,"href":"https:\/\/vivasem.ro\/index.php?rest_route=%2Fwp%2Fv2%2Fcomments&post=5979"}],"wp:featuredmedia":[{"embeddable":true,"href":"https:\/\/vivasem.ro\/index.php?rest_route=\/wp\/v2\/media\/5985"}],"wp:attachment":[{"href":"https:\/\/vivasem.ro\/index.php?rest_route=%2Fwp%2Fv2%2Fmedia&parent=5979"}],"wp:term":[{"taxonomy":"product_brand","embeddable":true,"href":"https:\/\/vivasem.ro\/index.php?rest_route=%2Fwp%2Fv2%2Fproduct_brand&post=5979"},{"taxonomy":"product_cat","embeddable":true,"href":"https:\/\/vivasem.ro\/index.php?rest_route=%2Fwp%2Fv2%2Fproduct_cat&post=5979"},{"taxonomy":"product_tag","embeddable":true,"href":"https:\/\/vivasem.ro\/index.php?rest_route=%2Fwp%2Fv2%2Fproduct_tag&post=5979"}],"curies":[{"name":"wp","href":"https:\/\/api.w.org\/{rel}","templated":true}]}}