{"id":5964,"date":"2021-12-05T16:02:21","date_gmt":"2021-12-05T14:02:21","guid":{"rendered":"https:\/\/vivasem.ro\/?post_type=product&#038;p=5964"},"modified":"2025-12-28T16:14:08","modified_gmt":"2025-12-28T14:14:08","slug":"gold-medal-giant-copiaza-2","status":"publish","type":"product","link":"https:\/\/vivasem.ro\/?product=gold-medal-giant-copiaza-2","title":{"rendered":".WHITE WONDER"},"content":{"rendered":"<h6><span style=\"color: #ff0000;\">WHITE WONDER\/MINUNEA ALB\u0102-Reimer Seeds USA,<\/span><\/h6>\n<h6><span style=\"color: #0000ff;\">SOI\u00a0 RAR, CU FRUCTE\u00a0 MARI , \u00ceN GREUTATE DE 200-500 grame \u0218I UNELE POT AJUNGE URIA\u0218E P\u00c2N\u0102 LA 1 kilogram.<\/span><\/h6>\n<h6>TOMATELE SUNT\u00a0 DEOSEBITE, DE CULOARE CREM- GALBEN PAL , AT\u00c2T LA EXTERIOR, C\u00c2T \u0218I LA INTERIOR.<\/h6>\n<h6><span style=\"color: #0000ff;\">SUNT\u00a0 FOARTE GUSTOASE, DULCI, SLAB ACIDE, CU O AROM\u0102 INTENS\u0102.<\/span><\/h6>\n<h6><span style=\"color: #0000ff;\">PULPA TIP BEEFSTEAK,<\/span> FOARTE C\u0102RNOAS\u0102, SUCULENT\u0102, CE POATE FI FELIAT\u0102 \u0218I FOLOSIT\u0102 \u00ceN SANDVI\u0218URI, SALATE, ETC.<\/h6>\n<h6><span style=\"color: #0000ff;\">SOI HEIRLOOM<\/span>, NEDETERMINAT, <span style=\"color: #0000ff;\">FOARTE PRODUCTIV,<\/span> CU FOARTE BUNE REZULTATE \u00ceN GR\u0102DIN\u0102, DAR \u0218I \u00ceN SOLAR, DE SEZON LUNG, FRUCTIFIC\u0102 BINE P\u00c2N\u0102 LA SF\u00c2R\u0218IT.<\/h6>\n<h6>PLANTELE SUNT VIGUROASE, CU FOLIAJ BOGAT.<\/h6>\n<h6>SEMITIMPURIU, SE COACE \u00ceN 80-90 ZILE DE LA TRANSPLANT.<\/h6>\n<h6><span style=\"color: #0000ff;\">SOI HEIRLOOM AMERICAN, FOARTE VECHI, CUNOSCUT \u00ceNAINTE DE ANUL 1860.<\/span><\/h6>\n<p>G 90<\/p>\n","protected":false},"excerpt":{"rendered":"<h6><span style=\"color: #ff00ff;\">SOI DEOSEBIT ! GIGANT ! FRUCTE FOARTE DULCI !<\/span><\/h6>\n","protected":false},"featured_media":9020,"comment_status":"open","ping_status":"closed","template":"","meta":{"site-sidebar-layout":"default","site-content-layout":"default","ast-site-content-layout":"default","site-content-style":"default","site-sidebar-style":"default","ast-global-header-display":"","ast-banner-title-visibility":"","ast-main-header-display":"","ast-hfb-above-header-display":"","ast-hfb-below-header-display":"","ast-hfb-mobile-header-display":"","site-post-title":"","ast-breadcrumbs-content":"","ast-featured-img":"","footer-sml-layout":"","ast-disable-related-posts":"","theme-transparent-header-meta":"default","adv-header-id-meta":"","stick-header-meta":"","header-above-stick-meta":"","header-main-stick-meta":"","header-below-stick-meta":"","astra-migrate-meta-layouts":"set","ast-page-background-enabled":"default","ast-page-background-meta":{"desktop":{"background-color":"var(--ast-global-color-4)","background-image":"","background-repeat":"repeat","background-position":"center center","background-size":"auto","background-attachment":"scroll","background-type":"","background-media":"","overlay-type":"","overlay-color":"","overlay-opacity":"","overlay-gradient":""},"tablet":{"background-color":"","background-image":"","background-repeat":"repeat","background-position":"center center","background-size":"auto","background-attachment":"scroll","background-type":"","background-media":"","overlay-type":"","overlay-color":"","overlay-opacity":"","overlay-gradient":""},"mobile":{"background-color":"","background-image":"","background-repeat":"repeat","background-position":"center center","background-size":"auto","background-attachment":"scroll","background-type":"","background-media":"","overlay-type":"","overlay-color":"","overlay-opacity":"","overlay-gradient":""}},"ast-content-background-meta":{"desktop":{"background-color":"var(--ast-global-color-5)","background-image":"","background-repeat":"repeat","background-position":"center center","background-size":"auto","background-attachment":"scroll","background-type":"","background-media":"","overlay-type":"","overlay-color":"","overlay-opacity":"","overlay-gradient":""},"tablet":{"background-color":"var(--ast-global-color-5)","background-image":"","background-repeat":"repeat","background-position":"center center","background-size":"auto","background-attachment":"scroll","background-type":"","background-media":"","overlay-type":"","overlay-color":"","overlay-opacity":"","overlay-gradient":""},"mobile":{"background-color":"var(--ast-global-color-5)","background-image":"","background-repeat":"repeat","background-position":"center center","background-size":"auto","background-attachment":"scroll","background-type":"","background-media":"","overlay-type":"","overlay-color":"","overlay-opacity":"","overlay-gradient":""}}},"product_brand":[],"product_cat":[139,141,15],"product_tag":[],"class_list":{"0":"post-5964","1":"product","2":"type-product","3":"status-publish","4":"has-post-thumbnail","6":"product_cat-tomate-galbene-orange-bicolore-verzi","7":"product_cat-soi-gigant-urias","8":"product_cat-tomate-soi","9":"pa_numar-s-40-100-seminte","10":"pa_numar-s-40-120-seminte","11":"pa_numar-s-40-160-seminte","12":"pa_numar-s-40-20-seminte","13":"pa_numar-s-40-200-seminte","14":"pa_numar-s-40-40-seminte","15":"pa_numar-s-40-400-seminte","16":"pa_numar-s-40-80-seminte","17":"desktop-align-left","18":"tablet-align-left","19":"mobile-align-left","21":"first","22":"instock","23":"sale","24":"taxable","25":"shipping-taxable","26":"purchasable","27":"product-type-variable"},"_links":{"self":[{"href":"https:\/\/vivasem.ro\/index.php?rest_route=\/wp\/v2\/product\/5964","targetHints":{"allow":["GET"]}}],"collection":[{"href":"https:\/\/vivasem.ro\/index.php?rest_route=\/wp\/v2\/product"}],"about":[{"href":"https:\/\/vivasem.ro\/index.php?rest_route=\/wp\/v2\/types\/product"}],"replies":[{"embeddable":true,"href":"https:\/\/vivasem.ro\/index.php?rest_route=%2Fwp%2Fv2%2Fcomments&post=5964"}],"wp:featuredmedia":[{"embeddable":true,"href":"https:\/\/vivasem.ro\/index.php?rest_route=\/wp\/v2\/media\/9020"}],"wp:attachment":[{"href":"https:\/\/vivasem.ro\/index.php?rest_route=%2Fwp%2Fv2%2Fmedia&parent=5964"}],"wp:term":[{"taxonomy":"product_brand","embeddable":true,"href":"https:\/\/vivasem.ro\/index.php?rest_route=%2Fwp%2Fv2%2Fproduct_brand&post=5964"},{"taxonomy":"product_cat","embeddable":true,"href":"https:\/\/vivasem.ro\/index.php?rest_route=%2Fwp%2Fv2%2Fproduct_cat&post=5964"},{"taxonomy":"product_tag","embeddable":true,"href":"https:\/\/vivasem.ro\/index.php?rest_route=%2Fwp%2Fv2%2Fproduct_tag&post=5964"}],"curies":[{"name":"wp","href":"https:\/\/api.w.org\/{rel}","templated":true}]}}