{"id":5938,"date":"2021-12-05T09:02:42","date_gmt":"2021-12-05T07:02:42","guid":{"rendered":"https:\/\/vivasem.ro\/?post_type=product&#038;p=5938"},"modified":"2026-02-16T08:11:41","modified_gmt":"2026-02-16T06:11:41","slug":"marvel-stripes-giant","status":"publish","type":"product","link":"https:\/\/vivasem.ro\/?product=marvel-stripes-giant","title":{"rendered":"MARVEL STRIPES (Giant bicolor)"},"content":{"rendered":"<h6><span style=\"color: #ff0000;\">MARVEL STRIPES\/MINUNEA V\u0102RGAT\u0102.-Reimer Seeds USA,<\/span><\/h6>\n<h6>Lot cu germina\u021bie de 85-100%.<\/h6>\n<h6><span style=\"color: #000080;\">SOI\u00a0 BI-COLOR, FOARTE VECHI, APAR\u021aIN\u0102ND POPULA\u021aIEI INDIGENE\u00a0 MEXICANE, ZAPOTEC DIN OAXACA.\u00a0 <span style=\"color: #ff0000;\">FRUCTELE SUNT\u00a0 FOARTE MARI , \u00ceN MEDIE DE 200-400 grame,\u00a0 DAR CARE\u00a0 POT AJUNGE\u00a0 URIA\u0218E, P\u00c2N\u0102 LA\u00a0 1 kilogram .<\/span><\/span><\/h6>\n<h6><span style=\"color: #000080;\">TOMATELE SUNT FOARTE\u00a0 FRUMOASE, ASPECTUASE, GALBENE-PORTOCALII , COMBINATE CU RO\u0218U , ATAT LA EXTERIOR, CAT \u0218I LA INTERIOR.<\/span><\/h6>\n<h6><span style=\"color: #ff0000;\">TOMATELE SUNT FOARTE GUSTOASE, FOARTE DULCI, CU O AROM\u0102 PUTERNIC\u0102 FRUCTAT\u0102 .<\/span><\/h6>\n<h6><span style=\"color: #000080;\">PULPA TIP BEEFSTEAK, FOARTE C\u0102RNOAS\u0102, SUCULENT\u0102, CE POATE FI FELIAT\u0102 \u0218I FOLOSIT\u0102 \u00ceN SANDVI\u0218URI, SALATE, ETC.<\/span><\/h6>\n<h6><span style=\"color: #000080;\">SOI NEDETERMINAT, FOARTE PRODUCTIV, CU FOARTE BUNE REZULTATE \u00ceN GR\u0102DIN\u0102, DAR \u0218I \u00ceN SOLAR, DE SEZON LUNG, FOARTE REZISTENT LA C\u0102LDUR\u0102 \u0218I LA SECET\u0102 .<\/span><\/h6>\n<h6><span style=\"color: #000080;\">TIMPURIETATE FOARTE BUN\u0102, PENTRU UN SOI CU FRUCTE FOARTE MARI,\u00a0 75\u00a0 ZILE DE LA TRANSPLANT.<\/span><\/h6>\n<h6><span style=\"color: #000080;\">SOI HEIRLOOM MEXICAN, FAVORIT AL GR\u0102DINARILOR, MULT CULTIVAT PE \u00ceNTREG CONTINENTUL AMERICAN, PENTRU COMERCIALIZARE, DATORIT\u0102 MULTIPLELOR CALIT\u0102\u021aI : ASPECT, M\u0102RIME, GUST, PRODUCTIVITATE !<\/span><\/h6>\n","protected":false},"excerpt":{"rendered":"<h6><span style=\"color: #0000ff;\">20 SEMIN\u021aE<\/span><img loading=\"lazy\" decoding=\"async\" class=\"alignnone wp-image-5565\" src=\"https:\/\/vivasem.ro\/wp-content\/uploads\/2021\/11\/NOU3.jpg\" alt=\"\" width=\"50\" height=\"49\" \/><\/h6>\n<h6><span style=\"color: #ff00ff;\">GUST EXCEP\u021aIONAL ! <\/span><\/h6>\n<h6><span style=\"color: #ff00ff;\">Soi GIGANT !<\/span><\/h6>\n<h6><\/h6>\n","protected":false},"featured_media":9018,"comment_status":"open","ping_status":"closed","template":"","meta":{"site-sidebar-layout":"default","site-content-layout":"default","ast-site-content-layout":"default","site-content-style":"default","site-sidebar-style":"default","ast-global-header-display":"","ast-banner-title-visibility":"","ast-main-header-display":"","ast-hfb-above-header-display":"","ast-hfb-below-header-display":"","ast-hfb-mobile-header-display":"","site-post-title":"","ast-breadcrumbs-content":"","ast-featured-img":"","footer-sml-layout":"","ast-disable-related-posts":"","theme-transparent-header-meta":"default","adv-header-id-meta":"","stick-header-meta":"","header-above-stick-meta":"","header-main-stick-meta":"","header-below-stick-meta":"","astra-migrate-meta-layouts":"set","ast-page-background-enabled":"default","ast-page-background-meta":{"desktop":{"background-color":"var(--ast-global-color-4)","background-image":"","background-repeat":"repeat","background-position":"center center","background-size":"auto","background-attachment":"scroll","background-type":"","background-media":"","overlay-type":"","overlay-color":"","overlay-opacity":"","overlay-gradient":""},"tablet":{"background-color":"","background-image":"","background-repeat":"repeat","background-position":"center center","background-size":"auto","background-attachment":"scroll","background-type":"","background-media":"","overlay-type":"","overlay-color":"","overlay-opacity":"","overlay-gradient":""},"mobile":{"background-color":"","background-image":"","background-repeat":"repeat","background-position":"center center","background-size":"auto","background-attachment":"scroll","background-type":"","background-media":"","overlay-type":"","overlay-color":"","overlay-opacity":"","overlay-gradient":""}},"ast-content-background-meta":{"desktop":{"background-color":"var(--ast-global-color-5)","background-image":"","background-repeat":"repeat","background-position":"center center","background-size":"auto","background-attachment":"scroll","background-type":"","background-media":"","overlay-type":"","overlay-color":"","overlay-opacity":"","overlay-gradient":""},"tablet":{"background-color":"var(--ast-global-color-5)","background-image":"","background-repeat":"repeat","background-position":"center center","background-size":"auto","background-attachment":"scroll","background-type":"","background-media":"","overlay-type":"","overlay-color":"","overlay-opacity":"","overlay-gradient":""},"mobile":{"background-color":"var(--ast-global-color-5)","background-image":"","background-repeat":"repeat","background-position":"center center","background-size":"auto","background-attachment":"scroll","background-type":"","background-media":"","overlay-type":"","overlay-color":"","overlay-opacity":"","overlay-gradient":""}}},"product_brand":[],"product_cat":[139,141,15],"product_tag":[],"class_list":{"0":"post-5938","1":"product","2":"type-product","3":"status-publish","4":"has-post-thumbnail","6":"product_cat-tomate-galbene-orange-bicolore-verzi","7":"product_cat-soi-gigant-urias","8":"product_cat-tomate-soi","9":"desktop-align-left","10":"tablet-align-left","11":"mobile-align-left","13":"first","14":"instock","15":"sale","16":"taxable","17":"shipping-taxable","18":"purchasable","19":"product-type-simple"},"_links":{"self":[{"href":"https:\/\/vivasem.ro\/index.php?rest_route=\/wp\/v2\/product\/5938","targetHints":{"allow":["GET"]}}],"collection":[{"href":"https:\/\/vivasem.ro\/index.php?rest_route=\/wp\/v2\/product"}],"about":[{"href":"https:\/\/vivasem.ro\/index.php?rest_route=\/wp\/v2\/types\/product"}],"replies":[{"embeddable":true,"href":"https:\/\/vivasem.ro\/index.php?rest_route=%2Fwp%2Fv2%2Fcomments&post=5938"}],"wp:featuredmedia":[{"embeddable":true,"href":"https:\/\/vivasem.ro\/index.php?rest_route=\/wp\/v2\/media\/9018"}],"wp:attachment":[{"href":"https:\/\/vivasem.ro\/index.php?rest_route=%2Fwp%2Fv2%2Fmedia&parent=5938"}],"wp:term":[{"taxonomy":"product_brand","embeddable":true,"href":"https:\/\/vivasem.ro\/index.php?rest_route=%2Fwp%2Fv2%2Fproduct_brand&post=5938"},{"taxonomy":"product_cat","embeddable":true,"href":"https:\/\/vivasem.ro\/index.php?rest_route=%2Fwp%2Fv2%2Fproduct_cat&post=5938"},{"taxonomy":"product_tag","embeddable":true,"href":"https:\/\/vivasem.ro\/index.php?rest_route=%2Fwp%2Fv2%2Fproduct_tag&post=5938"}],"curies":[{"name":"wp","href":"https:\/\/api.w.org\/{rel}","templated":true}]}}