{"id":5937,"date":"2021-12-05T08:56:59","date_gmt":"2021-12-05T06:56:59","guid":{"rendered":"https:\/\/vivasem.ro\/?post_type=product&#038;p=5937"},"modified":"2025-11-11T08:41:11","modified_gmt":"2025-11-11T06:41:11","slug":"golden-queen-copiaza","status":"publish","type":"product","link":"https:\/\/vivasem.ro\/?product=golden-queen-copiaza","title":{"rendered":"GOLDEN QUEEN"},"content":{"rendered":"<h6><span style=\"color: #ff0000;\">GOLDEN QUEEN\/REGINA\u00a0 DE AUR.-Reimer Seeds USA,<\/span><\/h6>\n<h6>SOI\u00a0 TIMPURIU BI-COLOR, CUNOSCUT \u0218I CA<span style=\"color: #ff0000;\"> LIVINGSTONS GOLDEN QUEEN,<\/span> CU FRUCTE\u00a0 MARI , \u00ceN MEDIE DE 100-400 grame. <span style=\"color: #0000ff;\">MULT TIMP A FOST CONSIDERAT \u201eREGINA TUTUROR TOMATELOR GALBENE\u201d. <\/span><\/h6>\n<h6><span style=\"color: #0000ff;\">\u00ceNREGISTRAT \u00ceN \u201eARK OF TASTE\u201d, LISTA CELOR MAI GUSTOASE SOIURI AMERICANE ! PENTRU <\/span><span style=\"color: #0000ff;\">GUSTUL\u00a0 EXCEP\u021aIONAL,<\/span> FOARTE DULCE, CU O AROM\u0102 DEOSEBIT DE PUTERNIC\u0102 DE RO\u0218IE CLASIC\u0102 .<\/h6>\n<h6>PULPA ESTE FOARTE C\u0102RNOAS\u0102, CU C\u00c2TEVA SEMIN\u021aE, SUCULENT\u0102, CE POATE FI FELIAT\u0102 \u0218I FOLOSIT\u0102 \u00ceN SANDVI\u0218URI, SALATE, ETC. COAJA ESTE FIN\u0102.<\/h6>\n<h6>TOMATELE SUNT FOARTE\u00a0 FRUMOASE, FOARTE LUCIOASE, GALBENE , COMBINATE CU C\u00c2TEVA PETE DISCRETE ROZ, \u00ceN CAP\u0102TUL DE JOS, ATAT LA EXTERIOR,CAT \u0218I LA INTERIOR.<\/h6>\n<h6>SOI NEDETERMINAT, VIGUROS, <span style=\"color: #0000ff;\">FOARTE PRODUCTIV, REZISTENT LA CR\u0102PARE,<\/span> CU FOARTE BUNE REZULTATE \u00ceN GR\u0102DIN\u0102, DAR \u0218I \u00ceN SOLAR.<\/h6>\n<h6>TIMPURIETATE FOARTE BUN\u0102, PENTRU UN SOI CU FRUCTE\u00a0 MARI, 65- 75\u00a0 ZILE DE LA TRANSPLANT.<\/h6>\n<h6>SOI HEIRLOOM AMERICAN, ATESTAT \u00ceN 1882 \u0218I POPULARIZAT DE CELEBRUL ALEXANDER W. LIVINGSTON DIN Ohio-SUA.<\/h6>\n","protected":false},"excerpt":{"rendered":"<h6><span style=\"color: #0000ff;\">25 SEMIN\u021aE<\/span><img loading=\"lazy\" decoding=\"async\" class=\"alignnone wp-image-5565\" src=\"https:\/\/vivasem.ro\/wp-content\/uploads\/2021\/11\/NOU3.jpg\" alt=\"\" width=\"50\" height=\"49\" \/><\/h6>\n<h6><span style=\"color: #ff00ff;\">REGINA TOMATELOR GALBENE !<\/span><\/h6>\n<h6><span style=\"color: #ff00ff;\">CAMPIOAN\u0102 CU GUST EXCEP\u021aIONAL<\/span><\/h6>\n<h6><span style=\"color: #ff00ff;\">SOI FOARTE PRODUCTIV !<\/span><\/h6>\n","protected":false},"featured_media":5936,"comment_status":"open","ping_status":"closed","template":"","meta":{"site-sidebar-layout":"default","site-content-layout":"default","ast-site-content-layout":"default","site-content-style":"default","site-sidebar-style":"default","ast-global-header-display":"","ast-banner-title-visibility":"","ast-main-header-display":"","ast-hfb-above-header-display":"","ast-hfb-below-header-display":"","ast-hfb-mobile-header-display":"","site-post-title":"","ast-breadcrumbs-content":"","ast-featured-img":"","footer-sml-layout":"","ast-disable-related-posts":"","theme-transparent-header-meta":"default","adv-header-id-meta":"","stick-header-meta":"","header-above-stick-meta":"","header-main-stick-meta":"","header-below-stick-meta":"","astra-migrate-meta-layouts":"set","ast-page-background-enabled":"default","ast-page-background-meta":{"desktop":{"background-color":"var(--ast-global-color-4)","background-image":"","background-repeat":"repeat","background-position":"center center","background-size":"auto","background-attachment":"scroll","background-type":"","background-media":"","overlay-type":"","overlay-color":"","overlay-opacity":"","overlay-gradient":""},"tablet":{"background-color":"","background-image":"","background-repeat":"repeat","background-position":"center center","background-size":"auto","background-attachment":"scroll","background-type":"","background-media":"","overlay-type":"","overlay-color":"","overlay-opacity":"","overlay-gradient":""},"mobile":{"background-color":"","background-image":"","background-repeat":"repeat","background-position":"center center","background-size":"auto","background-attachment":"scroll","background-type":"","background-media":"","overlay-type":"","overlay-color":"","overlay-opacity":"","overlay-gradient":""}},"ast-content-background-meta":{"desktop":{"background-color":"var(--ast-global-color-5)","background-image":"","background-repeat":"repeat","background-position":"center center","background-size":"auto","background-attachment":"scroll","background-type":"","background-media":"","overlay-type":"","overlay-color":"","overlay-opacity":"","overlay-gradient":""},"tablet":{"background-color":"var(--ast-global-color-5)","background-image":"","background-repeat":"repeat","background-position":"center center","background-size":"auto","background-attachment":"scroll","background-type":"","background-media":"","overlay-type":"","overlay-color":"","overlay-opacity":"","overlay-gradient":""},"mobile":{"background-color":"var(--ast-global-color-5)","background-image":"","background-repeat":"repeat","background-position":"center center","background-size":"auto","background-attachment":"scroll","background-type":"","background-media":"","overlay-type":"","overlay-color":"","overlay-opacity":"","overlay-gradient":""}}},"product_brand":[],"product_cat":[139,141,15],"product_tag":[],"class_list":{"0":"post-5937","1":"product","2":"type-product","3":"status-publish","4":"has-post-thumbnail","6":"product_cat-tomate-galbene-orange-bicolore-verzi","7":"product_cat-soi-gigant-urias","8":"product_cat-tomate-soi","9":"desktop-align-left","10":"tablet-align-left","11":"mobile-align-left","13":"first","14":"instock","15":"taxable","16":"shipping-taxable","17":"purchasable","18":"product-type-simple"},"_links":{"self":[{"href":"https:\/\/vivasem.ro\/index.php?rest_route=\/wp\/v2\/product\/5937","targetHints":{"allow":["GET"]}}],"collection":[{"href":"https:\/\/vivasem.ro\/index.php?rest_route=\/wp\/v2\/product"}],"about":[{"href":"https:\/\/vivasem.ro\/index.php?rest_route=\/wp\/v2\/types\/product"}],"replies":[{"embeddable":true,"href":"https:\/\/vivasem.ro\/index.php?rest_route=%2Fwp%2Fv2%2Fcomments&post=5937"}],"wp:featuredmedia":[{"embeddable":true,"href":"https:\/\/vivasem.ro\/index.php?rest_route=\/wp\/v2\/media\/5936"}],"wp:attachment":[{"href":"https:\/\/vivasem.ro\/index.php?rest_route=%2Fwp%2Fv2%2Fmedia&parent=5937"}],"wp:term":[{"taxonomy":"product_brand","embeddable":true,"href":"https:\/\/vivasem.ro\/index.php?rest_route=%2Fwp%2Fv2%2Fproduct_brand&post=5937"},{"taxonomy":"product_cat","embeddable":true,"href":"https:\/\/vivasem.ro\/index.php?rest_route=%2Fwp%2Fv2%2Fproduct_cat&post=5937"},{"taxonomy":"product_tag","embeddable":true,"href":"https:\/\/vivasem.ro\/index.php?rest_route=%2Fwp%2Fv2%2Fproduct_tag&post=5937"}],"curies":[{"name":"wp","href":"https:\/\/api.w.org\/{rel}","templated":true}]}}