{"id":5914,"date":"2021-12-04T23:20:27","date_gmt":"2021-12-04T21:20:27","guid":{"rendered":"https:\/\/vivasem.ro\/?post_type=product&#038;p=5914"},"modified":"2024-12-08T08:00:03","modified_gmt":"2024-12-08T06:00:03","slug":"brandywine-yellowgiant-copiaza","status":"publish","type":"product","link":"https:\/\/vivasem.ro\/?product=brandywine-yellowgiant-copiaza","title":{"rendered":"GOLD MEDAL (Giant)"},"content":{"rendered":"<h6><span style=\"color: #ff0000;\">GOLD MEDAL\/MEDALIA DE AUR.Reimer Seeds USA,<\/span><\/h6>\n<h6>SOI\u00a0 BI-COLOR, CUNOSCUT \u0218I CA <span style=\"color: #ff0000;\">RUBY GOLD,<\/span> CU FRUCTE FOARTE MARI , \u00ceN MEDIE DE 200-400 grame,\u00a0 DAR CARE\u00a0 POT AJUNGE\u00a0 URIA\u0218E, P\u00c2N\u0102 LA\u00a0 1 kilogram .<\/h6>\n<h6><span style=\"color: #0000ff;\">\u00ceN 2008, A C\u00c2\u0218TIGAT CONCURSUL SSE TOMATO TASTING, PENTRU CEL MAI BUN GUST !<\/span> \u0218I PE BUN\u0102 DREPTATE, SUNT FOARTE GUSTOASE, FOARTE DULCI, CU O AROM\u0102 PUTERNIC\u0102 DE RO\u0218IE CLASIC\u0102 .<\/h6>\n<h6>TOMATELE SUNT FOARTE\u00a0 FRUMOASE, GALBENE-PORTOCALII , COMBINATE CU RO\u0218U \u0218I ROZ, ATAT LA EXTERIOR,CAT \u0218I LA INTERIOR.<\/h6>\n<h6>PULPA TIP BEEFSTEAK, FOARTE C\u0102RNOAS\u0102, SUCULENT\u0102, CE POATE FI FELIAT\u0102 \u0218I FOLOSIT\u0102 \u00ceN SANDVI\u0218URI, SALATE, ETC.<\/h6>\n<h6>SOI HEIRLOOM, NEDETERMINAT.<\/h6>\n<h6>\u00a0 <span style=\"color: #0000ff;\">FOARTE PRODUCTIV,<\/span> CU FOARTE BUNE REZULTATE \u00ceN GR\u0102DIN\u0102, DAR \u0218I \u00ceN SOLAR, DE SEZON LUNG, FRUCTIFIC\u0102 BINE P\u00c2N\u0102 LA SF\u00c2R\u0218IT.<\/h6>\n<h6>TIMPURIETATE FOARTE BUN\u0102, PENTRU UN SOI CU FRUCTE FOARTE MARI,\u00a0 75\u00a0 ZILE DE LA TRANSPLANT.<\/h6>\n<h6>SOI HEIRLOOM AMERICAN, ATESTAT \u00ceN 1921 ,CA RUBY GOLD, IAR DIN 1976, BEN QUISENBERRY \u00ceL REDENUME\u0218TE CA GOLD MEDAL , \u0218I A TRECUT CA DESCRIERE SCURT\u0102 <span style=\"color: #0000ff;\">,,Cea mai dulce tomat\u0103 pe care a\u021bi gustat-o,,<\/span><\/h6>\n","protected":false},"excerpt":{"rendered":"<h5><span style=\"color: #0000ff;\">25 SEMIN\u021aE<\/span><img loading=\"lazy\" decoding=\"async\" class=\"alignnone wp-image-5565\" src=\"https:\/\/vivasem.ro\/wp-content\/uploads\/2021\/11\/NOU3.jpg\" alt=\"\" width=\"50\" height=\"49\" \/><\/h5>\n<h5>SOI CAMPION !<\/h5>\n<h5>GUST EXCEP\u021aIONAL !<\/h5>\n<h5>GIGANT FOARTE PRODUCTIV !<\/h5>\n","protected":false},"featured_media":5926,"comment_status":"open","ping_status":"closed","template":"","meta":{"site-sidebar-layout":"default","site-content-layout":"default","ast-site-content-layout":"default","site-content-style":"default","site-sidebar-style":"default","ast-global-header-display":"","ast-banner-title-visibility":"","ast-main-header-display":"","ast-hfb-above-header-display":"","ast-hfb-below-header-display":"","ast-hfb-mobile-header-display":"","site-post-title":"","ast-breadcrumbs-content":"","ast-featured-img":"","footer-sml-layout":"","ast-disable-related-posts":"","theme-transparent-header-meta":"default","adv-header-id-meta":"","stick-header-meta":"","header-above-stick-meta":"","header-main-stick-meta":"","header-below-stick-meta":"","astra-migrate-meta-layouts":"set","ast-page-background-enabled":"default","ast-page-background-meta":{"desktop":{"background-color":"var(--ast-global-color-4)","background-image":"","background-repeat":"repeat","background-position":"center center","background-size":"auto","background-attachment":"scroll","background-type":"","background-media":"","overlay-type":"","overlay-color":"","overlay-opacity":"","overlay-gradient":""},"tablet":{"background-color":"","background-image":"","background-repeat":"repeat","background-position":"center center","background-size":"auto","background-attachment":"scroll","background-type":"","background-media":"","overlay-type":"","overlay-color":"","overlay-opacity":"","overlay-gradient":""},"mobile":{"background-color":"","background-image":"","background-repeat":"repeat","background-position":"center center","background-size":"auto","background-attachment":"scroll","background-type":"","background-media":"","overlay-type":"","overlay-color":"","overlay-opacity":"","overlay-gradient":""}},"ast-content-background-meta":{"desktop":{"background-color":"var(--ast-global-color-5)","background-image":"","background-repeat":"repeat","background-position":"center center","background-size":"auto","background-attachment":"scroll","background-type":"","background-media":"","overlay-type":"","overlay-color":"","overlay-opacity":"","overlay-gradient":""},"tablet":{"background-color":"var(--ast-global-color-5)","background-image":"","background-repeat":"repeat","background-position":"center center","background-size":"auto","background-attachment":"scroll","background-type":"","background-media":"","overlay-type":"","overlay-color":"","overlay-opacity":"","overlay-gradient":""},"mobile":{"background-color":"var(--ast-global-color-5)","background-image":"","background-repeat":"repeat","background-position":"center center","background-size":"auto","background-attachment":"scroll","background-type":"","background-media":"","overlay-type":"","overlay-color":"","overlay-opacity":"","overlay-gradient":""}}},"product_brand":[],"product_cat":[139,141,15],"product_tag":[],"class_list":{"0":"post-5914","1":"product","2":"type-product","3":"status-publish","4":"has-post-thumbnail","6":"product_cat-tomate-galbene-orange-bicolore-verzi","7":"product_cat-soi-gigant-urias","8":"product_cat-tomate-soi","9":"desktop-align-left","10":"tablet-align-left","11":"mobile-align-left","13":"first","14":"instock","15":"taxable","16":"shipping-taxable","17":"purchasable","18":"product-type-simple"},"_links":{"self":[{"href":"https:\/\/vivasem.ro\/index.php?rest_route=\/wp\/v2\/product\/5914","targetHints":{"allow":["GET"]}}],"collection":[{"href":"https:\/\/vivasem.ro\/index.php?rest_route=\/wp\/v2\/product"}],"about":[{"href":"https:\/\/vivasem.ro\/index.php?rest_route=\/wp\/v2\/types\/product"}],"replies":[{"embeddable":true,"href":"https:\/\/vivasem.ro\/index.php?rest_route=%2Fwp%2Fv2%2Fcomments&post=5914"}],"wp:featuredmedia":[{"embeddable":true,"href":"https:\/\/vivasem.ro\/index.php?rest_route=\/wp\/v2\/media\/5926"}],"wp:attachment":[{"href":"https:\/\/vivasem.ro\/index.php?rest_route=%2Fwp%2Fv2%2Fmedia&parent=5914"}],"wp:term":[{"taxonomy":"product_brand","embeddable":true,"href":"https:\/\/vivasem.ro\/index.php?rest_route=%2Fwp%2Fv2%2Fproduct_brand&post=5914"},{"taxonomy":"product_cat","embeddable":true,"href":"https:\/\/vivasem.ro\/index.php?rest_route=%2Fwp%2Fv2%2Fproduct_cat&post=5914"},{"taxonomy":"product_tag","embeddable":true,"href":"https:\/\/vivasem.ro\/index.php?rest_route=%2Fwp%2Fv2%2Fproduct_tag&post=5914"}],"curies":[{"name":"wp","href":"https:\/\/api.w.org\/{rel}","templated":true}]}}