{"id":5893,"date":"2021-12-04T19:44:06","date_gmt":"2021-12-04T17:44:06","guid":{"rendered":"https:\/\/vivasem.ro\/?post_type=product&#038;p=5893"},"modified":"2025-12-28T11:47:50","modified_gmt":"2025-12-28T09:47:50","slug":"marizol-red-copiaza","status":"publish","type":"product","link":"https:\/\/vivasem.ro\/?product=marizol-red-copiaza","title":{"rendered":"MOSKVITCH 25s"},"content":{"rendered":"<h6><span style=\"color: #ff0000;\"><strong><u>MOSKVICH<\/u><\/strong><\/span><span style=\"color: #ff0000;\"> -Reimer Seeds Co USA,<\/span><\/h6>\n<h6><span style=\"color: #ff0000;\"><strong>\u00a0<span style=\"color: #0000ff;\">SOI RUSESC HEIRLOOM, EXTRATIMPURIU, DE \u00ceNALT\u0102 CLAS\u0102 CREEAT LA INSTITUTUL INDUSTRIEI PLANTELOR N. I. Vavilov \u2013MOSCOVA ,\u00ceN ANUL 1970<\/span><\/strong><span style=\"color: #0000ff;\">.<\/span><\/span><\/h6>\n<h6>\u00a0FRUCTELE SUNT\u00a0 MARI\u00a0 DE 120-200 grame, CE POT AJUNGE P\u00c2N\u0102 LA 500 grame.<\/h6>\n<h6><span style=\"color: #0000ff;\">SOI MULT CULTIVAT \u00ceN SPA\u021aIUL EX-SOVIETIC , DAR\u00a0 \u0218I \u00ceN STATELE UNITE,\u00a0 \u0218I PENTRU COMERCIALIZARE,<\/span> \u00a0<span style=\"color: #0000ff;\">DATORIT\u0102 MULTIPLELOR CALIT\u0102\u021aI.<\/span><\/h6>\n<h6>TOMATELE SUNT FRUMOASE, SFERICE, U\u0218OR\u00a0 TURTITE, DE CULOARE RO\u0218IE INTENS\u0102.<\/h6>\n<h6><span style=\"color: #0000ff;\">GUST EXCEP\u021aIONAL, FOARTE DULCE, SLAB ACID,\u00a0 CU O AROM\u0102\u00a0 FOARTE INTENS\u0102 DE RO\u0218IE TRADI\u021aIONAL\u0102.<\/span><\/h6>\n<h6>PULPA ESTE FERM\u0102, C\u0102RNOAS\u0102,SUCULENT\u0102, CE POATE FI FELIAT\u0102 \u0218I FOLOSIT\u0102 \u00ceN SANDVI\u0218URI, SALATE, CONSERVE, ETC.<\/h6>\n<h6>PLANTELE NEDETERMINATE , <span style=\"color: #0000ff;\">FOARTE <\/span><span style=\"color: #ff0000;\"><span style=\"color: #0000ff;\">REZISTENTE LA CLIMA RECE<\/span>, <\/span>CU FRUNZE NORMALE, SUNT FOARTE PRODUCTIVE, DAU FOARTE BUNE REZULTATE \u00ceN GR\u0102DIN\u0102, DAR \u0218I \u00ceN SOLAR \u0218I SE PRETEAZ\u0102 EXCELENT LA CULTURA \u00ceN SERE \u00ceNC\u0102LZITE.<\/h6>\n<h6><span style=\"color: #0000ff;\">SOI EXTRATIMPURIU,\u00a0 60\u00a0 ZILE DE LA TRANSPLANT, <\/span><\/h6>\n<h6><span style=\"color: #0000ff;\">REZISTEN\u021a\u0102 LA BOLI : LA Phytophthora infestans(LB)=MANA TOMATELOR<\/span><\/h6>\n<p>G-95-100%<\/p>\n<h6>\u00a0.<\/h6>\n<h6><\/h6>\n<h6><\/h6>\n","protected":false},"excerpt":{"rendered":"<h6><span style=\"color: #0000ff;\">25 SEMIN\u021aE<\/span><img loading=\"lazy\" decoding=\"async\" class=\"alignnone wp-image-5567\" src=\"https:\/\/vivasem.ro\/wp-content\/uploads\/2021\/11\/NOU3.jpg\" alt=\"\" width=\"57\" height=\"55\" srcset=\"https:\/\/vivasem.ro\/wp-content\/uploads\/2021\/11\/NOU3.jpg 270w, https:\/\/vivasem.ro\/wp-content\/uploads\/2021\/11\/NOU3-248x241.jpg 248w\" sizes=\"auto, (max-width: 57px) 100vw, 57px\" \/><\/h6>\n<h6><span style=\"color: #ff6600;\">GUST EXCEP\u021aIONAL, <\/span><span style=\"color: #ff6600;\">SOI FOARTE REZISTENT, <\/span><span style=\"color: #ff6600;\">BUN \u0218I <\/span><span style=\"color: #ff6600;\">DE COMERCIALIZAT<\/span><\/h6>\n","protected":false},"featured_media":5896,"comment_status":"open","ping_status":"closed","template":"","meta":{"site-sidebar-layout":"default","site-content-layout":"default","ast-site-content-layout":"default","site-content-style":"default","site-sidebar-style":"default","ast-global-header-display":"","ast-banner-title-visibility":"","ast-main-header-display":"","ast-hfb-above-header-display":"","ast-hfb-below-header-display":"","ast-hfb-mobile-header-display":"","site-post-title":"","ast-breadcrumbs-content":"","ast-featured-img":"","footer-sml-layout":"","ast-disable-related-posts":"","theme-transparent-header-meta":"default","adv-header-id-meta":"","stick-header-meta":"","header-above-stick-meta":"","header-main-stick-meta":"","header-below-stick-meta":"","astra-migrate-meta-layouts":"set","ast-page-background-enabled":"default","ast-page-background-meta":{"desktop":{"background-color":"var(--ast-global-color-4)","background-image":"","background-repeat":"repeat","background-position":"center center","background-size":"auto","background-attachment":"scroll","background-type":"","background-media":"","overlay-type":"","overlay-color":"","overlay-opacity":"","overlay-gradient":""},"tablet":{"background-color":"","background-image":"","background-repeat":"repeat","background-position":"center center","background-size":"auto","background-attachment":"scroll","background-type":"","background-media":"","overlay-type":"","overlay-color":"","overlay-opacity":"","overlay-gradient":""},"mobile":{"background-color":"","background-image":"","background-repeat":"repeat","background-position":"center center","background-size":"auto","background-attachment":"scroll","background-type":"","background-media":"","overlay-type":"","overlay-color":"","overlay-opacity":"","overlay-gradient":""}},"ast-content-background-meta":{"desktop":{"background-color":"var(--ast-global-color-5)","background-image":"","background-repeat":"repeat","background-position":"center center","background-size":"auto","background-attachment":"scroll","background-type":"","background-media":"","overlay-type":"","overlay-color":"","overlay-opacity":"","overlay-gradient":""},"tablet":{"background-color":"var(--ast-global-color-5)","background-image":"","background-repeat":"repeat","background-position":"center center","background-size":"auto","background-attachment":"scroll","background-type":"","background-media":"","overlay-type":"","overlay-color":"","overlay-opacity":"","overlay-gradient":""},"mobile":{"background-color":"var(--ast-global-color-5)","background-image":"","background-repeat":"repeat","background-position":"center center","background-size":"auto","background-attachment":"scroll","background-type":"","background-media":"","overlay-type":"","overlay-color":"","overlay-opacity":"","overlay-gradient":""}}},"product_brand":[],"product_cat":[141,142,15],"product_tag":[],"class_list":{"0":"post-5893","1":"product","2":"type-product","3":"status-publish","4":"has-post-thumbnail","6":"product_cat-soi-gigant-urias","7":"product_cat-soiuri-rosii-roz","8":"product_cat-tomate-soi","9":"desktop-align-left","10":"tablet-align-left","11":"mobile-align-left","13":"first","14":"instock","15":"taxable","16":"shipping-taxable","17":"purchasable","18":"product-type-simple"},"_links":{"self":[{"href":"https:\/\/vivasem.ro\/index.php?rest_route=\/wp\/v2\/product\/5893","targetHints":{"allow":["GET"]}}],"collection":[{"href":"https:\/\/vivasem.ro\/index.php?rest_route=\/wp\/v2\/product"}],"about":[{"href":"https:\/\/vivasem.ro\/index.php?rest_route=\/wp\/v2\/types\/product"}],"replies":[{"embeddable":true,"href":"https:\/\/vivasem.ro\/index.php?rest_route=%2Fwp%2Fv2%2Fcomments&post=5893"}],"wp:featuredmedia":[{"embeddable":true,"href":"https:\/\/vivasem.ro\/index.php?rest_route=\/wp\/v2\/media\/5896"}],"wp:attachment":[{"href":"https:\/\/vivasem.ro\/index.php?rest_route=%2Fwp%2Fv2%2Fmedia&parent=5893"}],"wp:term":[{"taxonomy":"product_brand","embeddable":true,"href":"https:\/\/vivasem.ro\/index.php?rest_route=%2Fwp%2Fv2%2Fproduct_brand&post=5893"},{"taxonomy":"product_cat","embeddable":true,"href":"https:\/\/vivasem.ro\/index.php?rest_route=%2Fwp%2Fv2%2Fproduct_cat&post=5893"},{"taxonomy":"product_tag","embeddable":true,"href":"https:\/\/vivasem.ro\/index.php?rest_route=%2Fwp%2Fv2%2Fproduct_tag&post=5893"}],"curies":[{"name":"wp","href":"https:\/\/api.w.org\/{rel}","templated":true}]}}