{"id":5885,"date":"2021-12-04T08:49:28","date_gmt":"2021-12-04T06:49:28","guid":{"rendered":"https:\/\/vivasem.ro\/?post_type=product&#038;p=5885"},"modified":"2025-02-28T09:16:06","modified_gmt":"2025-02-28T07:16:06","slug":"creole-copiaza-2","status":"publish","type":"product","link":"https:\/\/vivasem.ro\/?product=creole-copiaza-2","title":{"rendered":"MANAPAL 40s"},"content":{"rendered":"<h6><span style=\"color: #ff0000;\">MANAPAL-Reimeer Seeds USA,<\/span><\/h6>\n<h6>SOI\u00a0 \u00a0AMERICAN, FOARTE APRECIAT, CU FRUCTE MARI, \u00ceN GREUTATE DE 150-200 grame \u0218I POT AJUNGE LA 350\u00a0 grame.DIAMETRUL ,DE LA 5-12 centimetrii.<\/h6>\n<h6><span style=\"color: #0000ff;\">TOMATELE SUNT DE EXCELENT\u0102 CALITATE<\/span>, FOARTE FRUMOASE, SFERICE, ASPECTUASE, UNIFORME, DE CULOARE RO\u0218U-\u00ceNCHIS.<\/h6>\n<h6>ACESTEA AU UN GUST EXCELENT,\u00a0 DULCE-ECHILIBRAT ACID,\u00a0 CU O AROM\u0102\u00a0 EXCELENT\u0102 DE RO\u0218IE TRADI\u021aIONAL\u0102.CRESC \u00ceN CIORCHINI DE 4-6 FRUCTE, \u0218I SE COC SIMULTAN.<\/h6>\n<h6><span style=\"color: #0000ff;\">DE ACEEA, SUNT<\/span> <span style=\"color: #0000ff;\">FOARTE APRECIATE \u00ceN SUA, SUNT MULT PRODUSE PENTRU COMERCIALIZARE \u0218I SUNT FOARTE C\u0102UTATE DE CUMP\u0102R\u0102TORI , CARE PREFER\u0102 ACHIZI\u021aIONAREA CIORCHINELUI \u00ceNTREG ,CU CRENGU\u021a\u0102.\u00a0<\/span><\/h6>\n<h6>PULPA ESTE FERM\u0102,REZISTENT\u0102 LA TRANSPORT,\u00a0 C\u0102RNOAS\u0102 ,SUCULENT\u0102, CE POATE FI FELIAT\u0102 \u0218I FOLOSIT\u0102 \u00ceN SANDVI\u0218URI, SALATE, CONSERVE, ETC.<\/h6>\n<h6><span style=\"color: #0000ff;\"><span style=\"color: #000000;\">PLANTELE NEDETERMINATE , <\/span><\/span><span style=\"color: #0000ff;\">SUNT DEOSEBIT DE\u00a0 PRODUCTIVE \u0218I DAU FOARTE BUNE REZULTATE .SOIUL ESTE FOARTE REZISTENT \u00ceN TOATE\u00a0 ZONELE CLIMATICE, \u00ceN SPECIAL,\u00ceN CELE\u00a0 CU MULT\u0102 C\u0102LDUR\u0102 \u0218I MULT\u0102 UMEZEAL\u0102 ,<\/span> \u0218I POATE FI CULTIVAT CU SUCCES SI \u00ceN GR\u0102DIN\u0102 \u0218I \u00ceN SOLAR.<\/h6>\n<h6><span style=\"color: #0000ff;\">UTILIZAREA ACESTUI SOI \u00ceN SERE \u00ceNC\u0102LZITE \u0218I SOLARII, D\u0102 REZULTATE EXCEP\u021aIONALE,<\/span> DEOARECE, \u00ceN AFAR\u0102 DE A FI FOARTE REZISTENT LA C\u0102LDUR\u0102 \u0218I UMIDITATE, SUPORT\u0102 BINE \u0218I TEMPERATURI SC\u0102ZUTE, DE PRIM\u0102VAR\u0102, NOP\u021aI RECI, ETC. REZIST\u00c2ND LA \u0218OCURILE TERMICE. \u00ceN SUA, SE UTILIZEAZ\u0102 MULT, \u00ceN SERE \u0218I SOLARII \u00ceNC\u0102 DIN ANUL 1960.<\/h6>\n<h6><span style=\"color: #0000ff;\">ESTE UNUL DIN CELE MAI REZISTENTE SOIURI\u00a0 LA BOLI<\/span>, \u00ceN SPECIAL LA FUZARIOZ\u0102.<\/h6>\n<h6>NECESIT\u0102 SUS\u021aINERE SOLID\u0102, PE ARACI, SPALIERE, ETC.<\/h6>\n<h6>TIMPURIETATE BUN\u0102,\u00a0 72 ZILE DE LA TRANSPLANT.<\/h6>\n<h6><\/h6>\n<h6><\/h6>\n<h6>.<\/h6>\n<p>&nbsp;<\/p>\n<h6><\/h6>\n","protected":false},"excerpt":{"rendered":"<h6><span style=\"color: #0000ff;\">40 SEMIN\u021aE<\/span><img loading=\"lazy\" decoding=\"async\" class=\"alignnone wp-image-5567\" src=\"https:\/\/vivasem.ro\/wp-content\/uploads\/2021\/11\/NOU3.jpg\" alt=\"\" width=\"68\" height=\"66\" srcset=\"https:\/\/vivasem.ro\/wp-content\/uploads\/2021\/11\/NOU3.jpg 270w, https:\/\/vivasem.ro\/wp-content\/uploads\/2021\/11\/NOU3-248x241.jpg 248w\" sizes=\"auto, (max-width: 68px) 100vw, 68px\" \/><\/h6>\n<h6><span style=\"color: #ff00ff;\">DEOSEBIT DE PRODUCTIV,FOARTE REZISTENT, SOI EXCELENT\u00a0 \u0218I DE COMERCIALIZAT<\/span><\/h6>\n<h6><\/h6>\n","protected":false},"featured_media":5889,"comment_status":"open","ping_status":"closed","template":"","meta":{"site-sidebar-layout":"default","site-content-layout":"default","ast-site-content-layout":"default","site-content-style":"default","site-sidebar-style":"default","ast-global-header-display":"","ast-banner-title-visibility":"","ast-main-header-display":"","ast-hfb-above-header-display":"","ast-hfb-below-header-display":"","ast-hfb-mobile-header-display":"","site-post-title":"","ast-breadcrumbs-content":"","ast-featured-img":"","footer-sml-layout":"","ast-disable-related-posts":"","theme-transparent-header-meta":"default","adv-header-id-meta":"","stick-header-meta":"","header-above-stick-meta":"","header-main-stick-meta":"","header-below-stick-meta":"","astra-migrate-meta-layouts":"set","ast-page-background-enabled":"default","ast-page-background-meta":{"desktop":{"background-color":"var(--ast-global-color-4)","background-image":"","background-repeat":"repeat","background-position":"center center","background-size":"auto","background-attachment":"scroll","background-type":"","background-media":"","overlay-type":"","overlay-color":"","overlay-opacity":"","overlay-gradient":""},"tablet":{"background-color":"","background-image":"","background-repeat":"repeat","background-position":"center center","background-size":"auto","background-attachment":"scroll","background-type":"","background-media":"","overlay-type":"","overlay-color":"","overlay-opacity":"","overlay-gradient":""},"mobile":{"background-color":"","background-image":"","background-repeat":"repeat","background-position":"center center","background-size":"auto","background-attachment":"scroll","background-type":"","background-media":"","overlay-type":"","overlay-color":"","overlay-opacity":"","overlay-gradient":""}},"ast-content-background-meta":{"desktop":{"background-color":"var(--ast-global-color-5)","background-image":"","background-repeat":"repeat","background-position":"center center","background-size":"auto","background-attachment":"scroll","background-type":"","background-media":"","overlay-type":"","overlay-color":"","overlay-opacity":"","overlay-gradient":""},"tablet":{"background-color":"var(--ast-global-color-5)","background-image":"","background-repeat":"repeat","background-position":"center center","background-size":"auto","background-attachment":"scroll","background-type":"","background-media":"","overlay-type":"","overlay-color":"","overlay-opacity":"","overlay-gradient":""},"mobile":{"background-color":"var(--ast-global-color-5)","background-image":"","background-repeat":"repeat","background-position":"center center","background-size":"auto","background-attachment":"scroll","background-type":"","background-media":"","overlay-type":"","overlay-color":"","overlay-opacity":"","overlay-gradient":""}}},"product_brand":[],"product_cat":[180,141,142,15],"product_tag":[],"class_list":{"0":"post-5885","1":"product","2":"type-product","3":"status-publish","4":"has-post-thumbnail","6":"product_cat-oferte-de-pret-cantitate","7":"product_cat-soi-gigant-urias","8":"product_cat-soiuri-rosii-roz","9":"product_cat-tomate-soi","10":"desktop-align-left","11":"tablet-align-left","12":"mobile-align-left","14":"first","15":"instock","16":"taxable","17":"shipping-taxable","18":"purchasable","19":"product-type-simple"},"_links":{"self":[{"href":"https:\/\/vivasem.ro\/index.php?rest_route=\/wp\/v2\/product\/5885","targetHints":{"allow":["GET"]}}],"collection":[{"href":"https:\/\/vivasem.ro\/index.php?rest_route=\/wp\/v2\/product"}],"about":[{"href":"https:\/\/vivasem.ro\/index.php?rest_route=\/wp\/v2\/types\/product"}],"replies":[{"embeddable":true,"href":"https:\/\/vivasem.ro\/index.php?rest_route=%2Fwp%2Fv2%2Fcomments&post=5885"}],"wp:featuredmedia":[{"embeddable":true,"href":"https:\/\/vivasem.ro\/index.php?rest_route=\/wp\/v2\/media\/5889"}],"wp:attachment":[{"href":"https:\/\/vivasem.ro\/index.php?rest_route=%2Fwp%2Fv2%2Fmedia&parent=5885"}],"wp:term":[{"taxonomy":"product_brand","embeddable":true,"href":"https:\/\/vivasem.ro\/index.php?rest_route=%2Fwp%2Fv2%2Fproduct_brand&post=5885"},{"taxonomy":"product_cat","embeddable":true,"href":"https:\/\/vivasem.ro\/index.php?rest_route=%2Fwp%2Fv2%2Fproduct_cat&post=5885"},{"taxonomy":"product_tag","embeddable":true,"href":"https:\/\/vivasem.ro\/index.php?rest_route=%2Fwp%2Fv2%2Fproduct_tag&post=5885"}],"curies":[{"name":"wp","href":"https:\/\/api.w.org\/{rel}","templated":true}]}}