{"id":5873,"date":"2021-12-04T08:09:38","date_gmt":"2021-12-04T06:09:38","guid":{"rendered":"https:\/\/vivasem.ro\/?post_type=product&#038;p=5873"},"modified":"2025-11-11T09:11:40","modified_gmt":"2025-11-11T07:11:40","slug":"druzbadrujba-copiaza-copiaza","status":"publish","type":"product","link":"https:\/\/vivasem.ro\/?product=druzbadrujba-copiaza-copiaza","title":{"rendered":"MARIZOL"},"content":{"rendered":"<h6><span style=\"color: #ff0000;\">MARIZOL\u00a0 \u00a0-Reimeer Seeds USA,<\/span><span style=\"color: #ff0000;\">\u00a0<\/span><\/h6>\n<h6><span style=\"color: #333399;\">SOI VECHI GERMAN, CUNOSCUT \u00ceNC\u0102 DIN ANUL 1800, CARE MAI ESTE NUMIT \u0218I MARIZOL BRATKA.<\/span><\/h6>\n<h6><span style=\"color: #333399;\">HEIRLOOM, CU FRUCTE MARI\u00a0 \u00ceN MEDIE DE 200 grame, CE POT AJUNGE P\u00c2N\u0102 LA 500 grame.<\/span><\/h6>\n<h6><span style=\"color: #ff0000;\">ESTE CEA MAI GUSTOAS\u0102 \u0218I PRODUCTIV\u0102 , DINTRE TOATE\u00a0 VARIET\u0102\u021aILE MARIZOL.<\/span><\/h6>\n<h6><span style=\"color: #ff0000;\">SOI MULT CULTIVAT \u0218I \u00ceN STATELE UNITE, \u0218I PENTRU COMERCIALIZARE, UNDE \u00ceNREGISTREAZ\u0102 V\u00c2NZ\u0102RI MARI, FIIND FOARTE CERUT DE CUMP\u0102R\u0102TORI,\u00a0 DATORIT\u0102 MULTIPLELOR CALIT\u0102\u021aI.<\/span><\/h6>\n<h6><span style=\"color: #333399;\">TOMATELE SUNT FRUMOASE, CU FORMA CLASIC\u0102, TURTIT\u0102, UNEORI SE FAC \u0218I MAI \u00ceNALTE.<\/span><\/h6>\n<h6><span style=\"color: #333399;\">SUNT FOARTE ASPECTUASE, DE CULOARE ROZ SPRE RO\u0218U.<\/span><\/h6>\n<h6><span style=\"color: #ff0000;\">GUST EXCEP\u021aIONAL, FOARTE DULCE, SLAB ACID,\u00a0 CU O AROM\u0102\u00a0 FOARTE INTENS\u0102 DE RO\u0218IE TRADI\u021aIONAL\u0102.<\/span><\/h6>\n<h6><span style=\"color: #ff0000;\">PULPA ESTE TIP BEEFSTEAK , FERM\u0102, FOARTE C\u0102RNOAS\u0102, CU PU\u021aINE SEMIN\u021aE,SUCULENT\u0102, CE POATE FI FELIAT\u0102 \u0218I FOLOSIT\u0102 \u00ceN SANDVI\u0218URI, SALATE, CONSERVE, ETC.<\/span><\/h6>\n<h6><span style=\"color: #333399;\">PLANTELE NEDETERMINATE ,CU FRUNZE NORMALE, <span style=\"color: #ff0000;\">SUNT FOARTE PRODUCTIVE<\/span>, DAU FOARTE BUNE REZULTATE \u00ceN GR\u0102DIN\u0102, DAR \u0218I \u00ceN SOLAR.<\/span><\/h6>\n<h6><span style=\"color: #333399;\">TIMPURIETATE MEDIE,\u00a0 80\u00a0 ZILE DE LA TRANSPLANT.<\/span><\/h6>\n<h6><span style=\"color: #333399;\">ORIGINEA :REGIUNEA MUN\u021aILOR\u00a0 P\u0102DUREA NEAGR\u0102-GERMANIA.<\/span><\/h6>\n<h6><\/h6>\n","protected":false},"excerpt":{"rendered":"<h6><span style=\"color: #0000ff;\">25 SEMIN\u021aE<\/span><img loading=\"lazy\" decoding=\"async\" class=\"alignnone wp-image-5567\" src=\"https:\/\/vivasem.ro\/wp-content\/uploads\/2021\/11\/NOU3.jpg\" alt=\"\" width=\"57\" height=\"55\" srcset=\"https:\/\/vivasem.ro\/wp-content\/uploads\/2021\/11\/NOU3.jpg 270w, https:\/\/vivasem.ro\/wp-content\/uploads\/2021\/11\/NOU3-248x241.jpg 248w\" sizes=\"auto, (max-width: 57px) 100vw, 57px\" \/><\/h6>\n<h6><span style=\"color: #ff00ff;\">GUST EXCEP\u021aIONAL, FOARTE PRODUCTIV,<img loading=\"lazy\" decoding=\"async\" class=\"alignnone size-full wp-image-8306\" src=\"https:\/\/vivasem.ro\/wp-content\/uploads\/2021\/11\/RECOMAND-e1762844609348.jpg\" alt=\"\" width=\"87\" height=\"84\" \/><\/span><\/h6>\n<h6><span style=\"color: #ff00ff;\"> M\u0102RIME: 200-500 gr.<\/span><\/h6>\n","protected":false},"featured_media":5879,"comment_status":"open","ping_status":"closed","template":"","meta":{"site-sidebar-layout":"default","site-content-layout":"default","ast-site-content-layout":"default","site-content-style":"default","site-sidebar-style":"default","ast-global-header-display":"","ast-banner-title-visibility":"","ast-main-header-display":"","ast-hfb-above-header-display":"","ast-hfb-below-header-display":"","ast-hfb-mobile-header-display":"","site-post-title":"","ast-breadcrumbs-content":"","ast-featured-img":"","footer-sml-layout":"","ast-disable-related-posts":"","theme-transparent-header-meta":"default","adv-header-id-meta":"","stick-header-meta":"","header-above-stick-meta":"","header-main-stick-meta":"","header-below-stick-meta":"","astra-migrate-meta-layouts":"set","ast-page-background-enabled":"default","ast-page-background-meta":{"desktop":{"background-color":"var(--ast-global-color-4)","background-image":"","background-repeat":"repeat","background-position":"center center","background-size":"auto","background-attachment":"scroll","background-type":"","background-media":"","overlay-type":"","overlay-color":"","overlay-opacity":"","overlay-gradient":""},"tablet":{"background-color":"","background-image":"","background-repeat":"repeat","background-position":"center center","background-size":"auto","background-attachment":"scroll","background-type":"","background-media":"","overlay-type":"","overlay-color":"","overlay-opacity":"","overlay-gradient":""},"mobile":{"background-color":"","background-image":"","background-repeat":"repeat","background-position":"center center","background-size":"auto","background-attachment":"scroll","background-type":"","background-media":"","overlay-type":"","overlay-color":"","overlay-opacity":"","overlay-gradient":""}},"ast-content-background-meta":{"desktop":{"background-color":"var(--ast-global-color-5)","background-image":"","background-repeat":"repeat","background-position":"center center","background-size":"auto","background-attachment":"scroll","background-type":"","background-media":"","overlay-type":"","overlay-color":"","overlay-opacity":"","overlay-gradient":""},"tablet":{"background-color":"var(--ast-global-color-5)","background-image":"","background-repeat":"repeat","background-position":"center center","background-size":"auto","background-attachment":"scroll","background-type":"","background-media":"","overlay-type":"","overlay-color":"","overlay-opacity":"","overlay-gradient":""},"mobile":{"background-color":"var(--ast-global-color-5)","background-image":"","background-repeat":"repeat","background-position":"center center","background-size":"auto","background-attachment":"scroll","background-type":"","background-media":"","overlay-type":"","overlay-color":"","overlay-opacity":"","overlay-gradient":""}}},"product_brand":[],"product_cat":[141,142,15],"product_tag":[],"class_list":{"0":"post-5873","1":"product","2":"type-product","3":"status-publish","4":"has-post-thumbnail","6":"product_cat-soi-gigant-urias","7":"product_cat-soiuri-rosii-roz","8":"product_cat-tomate-soi","9":"desktop-align-left","10":"tablet-align-left","11":"mobile-align-left","13":"first","14":"instock","15":"taxable","16":"shipping-taxable","17":"purchasable","18":"product-type-simple"},"_links":{"self":[{"href":"https:\/\/vivasem.ro\/index.php?rest_route=\/wp\/v2\/product\/5873","targetHints":{"allow":["GET"]}}],"collection":[{"href":"https:\/\/vivasem.ro\/index.php?rest_route=\/wp\/v2\/product"}],"about":[{"href":"https:\/\/vivasem.ro\/index.php?rest_route=\/wp\/v2\/types\/product"}],"replies":[{"embeddable":true,"href":"https:\/\/vivasem.ro\/index.php?rest_route=%2Fwp%2Fv2%2Fcomments&post=5873"}],"wp:featuredmedia":[{"embeddable":true,"href":"https:\/\/vivasem.ro\/index.php?rest_route=\/wp\/v2\/media\/5879"}],"wp:attachment":[{"href":"https:\/\/vivasem.ro\/index.php?rest_route=%2Fwp%2Fv2%2Fmedia&parent=5873"}],"wp:term":[{"taxonomy":"product_brand","embeddable":true,"href":"https:\/\/vivasem.ro\/index.php?rest_route=%2Fwp%2Fv2%2Fproduct_brand&post=5873"},{"taxonomy":"product_cat","embeddable":true,"href":"https:\/\/vivasem.ro\/index.php?rest_route=%2Fwp%2Fv2%2Fproduct_cat&post=5873"},{"taxonomy":"product_tag","embeddable":true,"href":"https:\/\/vivasem.ro\/index.php?rest_route=%2Fwp%2Fv2%2Fproduct_tag&post=5873"}],"curies":[{"name":"wp","href":"https:\/\/api.w.org\/{rel}","templated":true}]}}