{"id":5872,"date":"2021-12-04T08:09:07","date_gmt":"2021-12-04T06:09:07","guid":{"rendered":"https:\/\/vivasem.ro\/?post_type=product&#038;p=5872"},"modified":"2025-07-15T07:44:23","modified_gmt":"2025-07-15T05:44:23","slug":"druzbadrujba-copiaza","status":"publish","type":"product","link":"https:\/\/vivasem.ro\/?product=druzbadrujba-copiaza","title":{"rendered":"RUTGERS SELECT"},"content":{"rendered":"<h6><span style=\"color: #ff0000;\">RUTGERS SELECT -Reimer Seeds Co.USA,<\/span><\/h6>\n<h6>SOI VECHI CU FRUCTE MARI\u00a0 DE 150-250 grame, <span style=\"color: #0000ff;\">MULT CULTIVAT \u0218I PENTRU COMERCIALIZARE, <\/span><span style=\"color: #0000ff;\">\u0218I V\u0102NDUT CU MARE SUCCES, \u00ceN STATELE UNITE, DATORIT\u0102 MULTIPLELOR CALIT\u0102\u021aI.<\/span><\/h6>\n<h6>TOMATELE SUNT FOARTE FRUMOASE, ASPECTUASE, UNIFORME, DE CULOARE RO\u0218IE INTENS\u0102. CRESC \u00ceN CIORCHINI DE 4-6 FRUCTE, REZISTENTE LA CR\u0102PARE.<\/h6>\n<h6><span style=\"color: #0000ff;\">GUST EXCEP\u021aIONAL, FOARTE DULCE-SLAB ACID,\u00a0 CU O AROM\u0102\u00a0 FOARTE INTENS\u0102 DE RO\u0218IE TRADI\u021aIONAL\u0102.<\/span><\/h6>\n<h6>PULPA ESTE\u00a0 FERM\u0102, REZISTENT\u0102 LA TRANSPORT,C\u0102RNOAS\u0102,SUCULENT\u0102, CE POATE FI FELIAT\u0102 \u0218I FOLOSIT\u0102 \u00ceN SANDVI\u0218URI, SALATE, CONSERVE, ETC.<\/h6>\n<h6>PLANTELE NEDETERMINATE , <span style=\"color: #0000ff;\">SUNT EXTREM DE\u00a0 PRODUCTIVE<\/span>, DAU FOARTE BUNE REZULTATE \u00ceN GR\u0102DIN\u0102, DAR \u0218I \u00ceN SOLAR. SUNT VIGUROASE \u0218I AU CRE\u0218TERE RAPID\u0102, NECESIT\u00c2ND COPILIRE REPETAT\u0102.<\/h6>\n<h6>TIMPURIETATE MEDIE,\u00a0 78\u00a0 ZILE DE LA TRANSPLANT.<\/h6>\n<h6>REZISTENT LA MULTE BOLI BOLI :Verticilioz\u0103 , Fusarioz\u0103,Alternarioz\u0103 ,St.<\/h6>\n<h6>SOI HEIRLOOM\u00a0 CARE A FOST DEZVOLTAT \u00ceN ANUL 1920 LA UNIVERSITATEA RUTGERS DIN NEW JERSEY-SUA<\/h6>\n<h6><\/h6>\n","protected":false},"excerpt":{"rendered":"<p><span style=\"color: #0000ff;\">25 SEMIN\u021aE<\/span><img loading=\"lazy\" decoding=\"async\" class=\"alignnone wp-image-5567\" src=\"https:\/\/vivasem.ro\/wp-content\/uploads\/2021\/11\/NOU3.jpg\" alt=\"\" width=\"57\" height=\"55\" srcset=\"https:\/\/vivasem.ro\/wp-content\/uploads\/2021\/11\/NOU3.jpg 270w, https:\/\/vivasem.ro\/wp-content\/uploads\/2021\/11\/NOU3-248x241.jpg 248w\" sizes=\"auto, (max-width: 57px) 100vw, 57px\" \/><\/p>\n<h6><span style=\"color: #ff6600;\">SOI DE CIORCHINE, GUST EXCEP\u021aIONAL, EXTREM DE PRODUCTIV<\/span><\/h6>\n","protected":false},"featured_media":5908,"comment_status":"open","ping_status":"closed","template":"","meta":{"site-sidebar-layout":"default","site-content-layout":"default","ast-site-content-layout":"default","site-content-style":"default","site-sidebar-style":"default","ast-global-header-display":"","ast-banner-title-visibility":"","ast-main-header-display":"","ast-hfb-above-header-display":"","ast-hfb-below-header-display":"","ast-hfb-mobile-header-display":"","site-post-title":"","ast-breadcrumbs-content":"","ast-featured-img":"","footer-sml-layout":"","ast-disable-related-posts":"","theme-transparent-header-meta":"default","adv-header-id-meta":"","stick-header-meta":"","header-above-stick-meta":"","header-main-stick-meta":"","header-below-stick-meta":"","astra-migrate-meta-layouts":"set","ast-page-background-enabled":"default","ast-page-background-meta":{"desktop":{"background-color":"var(--ast-global-color-4)","background-image":"","background-repeat":"repeat","background-position":"center center","background-size":"auto","background-attachment":"scroll","background-type":"","background-media":"","overlay-type":"","overlay-color":"","overlay-opacity":"","overlay-gradient":""},"tablet":{"background-color":"","background-image":"","background-repeat":"repeat","background-position":"center center","background-size":"auto","background-attachment":"scroll","background-type":"","background-media":"","overlay-type":"","overlay-color":"","overlay-opacity":"","overlay-gradient":""},"mobile":{"background-color":"","background-image":"","background-repeat":"repeat","background-position":"center center","background-size":"auto","background-attachment":"scroll","background-type":"","background-media":"","overlay-type":"","overlay-color":"","overlay-opacity":"","overlay-gradient":""}},"ast-content-background-meta":{"desktop":{"background-color":"var(--ast-global-color-5)","background-image":"","background-repeat":"repeat","background-position":"center center","background-size":"auto","background-attachment":"scroll","background-type":"","background-media":"","overlay-type":"","overlay-color":"","overlay-opacity":"","overlay-gradient":""},"tablet":{"background-color":"var(--ast-global-color-5)","background-image":"","background-repeat":"repeat","background-position":"center center","background-size":"auto","background-attachment":"scroll","background-type":"","background-media":"","overlay-type":"","overlay-color":"","overlay-opacity":"","overlay-gradient":""},"mobile":{"background-color":"var(--ast-global-color-5)","background-image":"","background-repeat":"repeat","background-position":"center center","background-size":"auto","background-attachment":"scroll","background-type":"","background-media":"","overlay-type":"","overlay-color":"","overlay-opacity":"","overlay-gradient":""}}},"product_brand":[],"product_cat":[141,142,15],"product_tag":[],"class_list":{"0":"post-5872","1":"product","2":"type-product","3":"status-publish","4":"has-post-thumbnail","6":"product_cat-soi-gigant-urias","7":"product_cat-soiuri-rosii-roz","8":"product_cat-tomate-soi","9":"desktop-align-left","10":"tablet-align-left","11":"mobile-align-left","13":"first","14":"instock","15":"taxable","16":"shipping-taxable","17":"purchasable","18":"product-type-simple"},"_links":{"self":[{"href":"https:\/\/vivasem.ro\/index.php?rest_route=\/wp\/v2\/product\/5872","targetHints":{"allow":["GET"]}}],"collection":[{"href":"https:\/\/vivasem.ro\/index.php?rest_route=\/wp\/v2\/product"}],"about":[{"href":"https:\/\/vivasem.ro\/index.php?rest_route=\/wp\/v2\/types\/product"}],"replies":[{"embeddable":true,"href":"https:\/\/vivasem.ro\/index.php?rest_route=%2Fwp%2Fv2%2Fcomments&post=5872"}],"wp:featuredmedia":[{"embeddable":true,"href":"https:\/\/vivasem.ro\/index.php?rest_route=\/wp\/v2\/media\/5908"}],"wp:attachment":[{"href":"https:\/\/vivasem.ro\/index.php?rest_route=%2Fwp%2Fv2%2Fmedia&parent=5872"}],"wp:term":[{"taxonomy":"product_brand","embeddable":true,"href":"https:\/\/vivasem.ro\/index.php?rest_route=%2Fwp%2Fv2%2Fproduct_brand&post=5872"},{"taxonomy":"product_cat","embeddable":true,"href":"https:\/\/vivasem.ro\/index.php?rest_route=%2Fwp%2Fv2%2Fproduct_cat&post=5872"},{"taxonomy":"product_tag","embeddable":true,"href":"https:\/\/vivasem.ro\/index.php?rest_route=%2Fwp%2Fv2%2Fproduct_tag&post=5872"}],"curies":[{"name":"wp","href":"https:\/\/api.w.org\/{rel}","templated":true}]}}