{"id":5853,"date":"2021-12-03T19:29:02","date_gmt":"2021-12-03T17:29:02","guid":{"rendered":"https:\/\/vivasem.ro\/?post_type=product&#038;p=5853"},"modified":"2025-11-11T08:20:09","modified_gmt":"2025-11-11T06:20:09","slug":"creole-copiaza","status":"publish","type":"product","link":"https:\/\/vivasem.ro\/?product=creole-copiaza","title":{"rendered":"FLORADEL (25S)"},"content":{"rendered":"<h6><span style=\"color: #ff0000;\">FLORADEL-Reimeer Seeds USA,\u00a0 \u00a0 \u00a0 \u00a0 \u00a0 \u00a0 \u00a0 \u00a0 \u00a0 \u00a0 \u00a0 \u00a0 \u00a0 \u00a0 \u00a0 \u00a0 \u00a0 \u00a0 \u00a0 \u00a0 \u00a0 \u00a0 \u00a0 \u00a0 \u00a0 \u00a0 \u00a0 \u00a0 \u00a0 \u00a0 \u00a0 \u00a0 \u00a0 \u00a0 \u00a0 \u00a0 \u00a0 \u00a0 \u00a0 \u00a0 \u00a0 \u00a0 \u00a0<img loading=\"lazy\" decoding=\"async\" class=\"alignnone wp-image-8415\" src=\"https:\/\/vivasem.ro\/wp-content\/uploads\/2022\/12\/REIMER-LOGO-300x278.jpg\" alt=\"\" width=\"135\" height=\"125\" srcset=\"https:\/\/vivasem.ro\/wp-content\/uploads\/2022\/12\/REIMER-LOGO-300x278.jpg 300w, https:\/\/vivasem.ro\/wp-content\/uploads\/2022\/12\/REIMER-LOGO-248x230.jpg 248w, https:\/\/vivasem.ro\/wp-content\/uploads\/2022\/12\/REIMER-LOGO.jpg 408w\" sizes=\"auto, (max-width: 135px) 100vw, 135px\" \/><\/span><\/h6>\n<h6><span style=\"color: #ff0000;\"><span style=\"color: #ff00ff;\">LOT CU GERMINA\u021aIE 80%,<\/span><\/span><\/h6>\n<h6><span style=\"color: #0000ff;\">SOI FOARTE APRECIAT PE PIA\u021aA DE LEGUME PROASPETE DIN SUA , <\/span>CU FRUCTE MEDII, \u00ceN GREUTATE MEDIE DE 150 -180 GRAME, DAR AJUNG P\u00c2N\u0102 LA 350 grame.<\/h6>\n<h6><span style=\"color: #0000ff;\">TOMATELE SUNT DE\u00a0 CALITATE<\/span>, FOARTE FRUMOASE, CU U\u0218OARE ONDULEURI, UNIFORME, DE CULOARE RO\u0218IE INTENS\u0102.<\/h6>\n<h6><span style=\"color: #0000ff;\">ACESTEA AU UN GUST EXCELENT,\u00a0 DULCE-ECHILIBRAT ACID,\u00a0 CU O AROM\u0102\u00a0 EXCELENT\u0102 DE RO\u0218IE CLASIC\u0102.<\/span><\/h6>\n<h6><span style=\"color: #0000ff;\">\u00a0DINTRE CELE MAI APRECIATE RO\u0218II \u00ceN SUA, MULT CULTIVATE \u0218I PENTRU COMERCIALIZARE, DEOARECE SE P\u0102STREAZ\u0102 MULT TIMP DUP\u0102 CULEGERE\u00a0 \u0218I SUNT REZISTENTE LA TRANSPORT, <\/span>PULPA FIIND FERM\u0102, C\u0102RNOAS\u0102 ,SUCULENT\u0102, CE POATE FI FELIAT\u0102 \u0218I FOLOSIT\u0102 \u00ceN SANDVI\u0218URI, SALATE, CONSERVE, ETC.<\/h6>\n<h6><span style=\"color: #0000ff;\"><span style=\"color: #000000;\">PLANTELE NEDETERMINATE , VIGUROASE, CU FRUNZE MARI CE PROTEJEAZ\u0102 FRUCTELE DE ARSURA SOLAR\u0102, <span style=\"color: #800080;\">SUNT DEOSEBIT DE \u00a0<\/span><\/span><\/span><span style=\"color: #800080;\">PRODUCTIVE \u0218I DAU FOARTE BUNE REZULTATE \u00ceN\u00a0 ZONELE CLIMATICE CU MULT\u0102 C\u0102LDUR\u0102 \u0218I MULT\u0102 UMEZEAL\u0102 , \u00ceN GR\u0102DIN\u0102, IAR \u00ceN SOLAR SUNT EXCEP\u021aIONALE .<\/span><\/h6>\n<h6>SOI AMERICAN, DIN Florida, DE SEZON LUNG, FOARTE REZISTENT LA CR\u0102PARE\u00a0 \u0218I UMIDITATE . REZISTEN\u021a\u0102 LA BOLI : Fusarium (F).<\/h6>\n<h6>\u00a0MEDIU TIMPURIU, SE COACE \u00ceN 85 ZILE DE LA TRANSPLANTARE.<\/h6>\n<h6><\/h6>\n<h6><\/h6>\n<h6>.<\/h6>\n<p>&nbsp;<\/p>\n<h6><\/h6>\n","protected":false},"excerpt":{"rendered":"<h6><span style=\"color: #0000ff;\">25<\/span> <span style=\"color: #0000ff;\">SEMIN\u021aE<\/span><img loading=\"lazy\" decoding=\"async\" class=\"alignnone wp-image-5567\" src=\"https:\/\/vivasem.ro\/wp-content\/uploads\/2021\/11\/NOU3.jpg\" alt=\"\" width=\"68\" height=\"66\" srcset=\"https:\/\/vivasem.ro\/wp-content\/uploads\/2021\/11\/NOU3.jpg 270w, https:\/\/vivasem.ro\/wp-content\/uploads\/2021\/11\/NOU3-248x241.jpg 248w\" sizes=\"auto, (max-width: 68px) 100vw, 68px\" \/><\/h6>\n<h6>SOI EXTREM DE PRODUCTIV, FOARTE REZISTENT, GUST EXCEP\u021aIONAL<\/h6>\n<h6>EXCELENT\u00a0 \u0218I DE COMERCIALIZAT !<\/h6>\n<h6><\/h6>\n","protected":false},"featured_media":5863,"comment_status":"open","ping_status":"closed","template":"","meta":{"site-sidebar-layout":"default","site-content-layout":"default","ast-site-content-layout":"default","site-content-style":"default","site-sidebar-style":"default","ast-global-header-display":"","ast-banner-title-visibility":"","ast-main-header-display":"","ast-hfb-above-header-display":"","ast-hfb-below-header-display":"","ast-hfb-mobile-header-display":"","site-post-title":"","ast-breadcrumbs-content":"","ast-featured-img":"","footer-sml-layout":"","ast-disable-related-posts":"","theme-transparent-header-meta":"default","adv-header-id-meta":"","stick-header-meta":"","header-above-stick-meta":"","header-main-stick-meta":"","header-below-stick-meta":"","astra-migrate-meta-layouts":"set","ast-page-background-enabled":"default","ast-page-background-meta":{"desktop":{"background-color":"var(--ast-global-color-4)","background-image":"","background-repeat":"repeat","background-position":"center center","background-size":"auto","background-attachment":"scroll","background-type":"","background-media":"","overlay-type":"","overlay-color":"","overlay-opacity":"","overlay-gradient":""},"tablet":{"background-color":"","background-image":"","background-repeat":"repeat","background-position":"center center","background-size":"auto","background-attachment":"scroll","background-type":"","background-media":"","overlay-type":"","overlay-color":"","overlay-opacity":"","overlay-gradient":""},"mobile":{"background-color":"","background-image":"","background-repeat":"repeat","background-position":"center center","background-size":"auto","background-attachment":"scroll","background-type":"","background-media":"","overlay-type":"","overlay-color":"","overlay-opacity":"","overlay-gradient":""}},"ast-content-background-meta":{"desktop":{"background-color":"var(--ast-global-color-5)","background-image":"","background-repeat":"repeat","background-position":"center center","background-size":"auto","background-attachment":"scroll","background-type":"","background-media":"","overlay-type":"","overlay-color":"","overlay-opacity":"","overlay-gradient":""},"tablet":{"background-color":"var(--ast-global-color-5)","background-image":"","background-repeat":"repeat","background-position":"center center","background-size":"auto","background-attachment":"scroll","background-type":"","background-media":"","overlay-type":"","overlay-color":"","overlay-opacity":"","overlay-gradient":""},"mobile":{"background-color":"var(--ast-global-color-5)","background-image":"","background-repeat":"repeat","background-position":"center center","background-size":"auto","background-attachment":"scroll","background-type":"","background-media":"","overlay-type":"","overlay-color":"","overlay-opacity":"","overlay-gradient":""}}},"product_brand":[],"product_cat":[141,142,15],"product_tag":[],"class_list":{"0":"post-5853","1":"product","2":"type-product","3":"status-publish","4":"has-post-thumbnail","6":"product_cat-soi-gigant-urias","7":"product_cat-soiuri-rosii-roz","8":"product_cat-tomate-soi","9":"desktop-align-left","10":"tablet-align-left","11":"mobile-align-left","13":"first","14":"instock","15":"taxable","16":"shipping-taxable","17":"purchasable","18":"product-type-simple"},"_links":{"self":[{"href":"https:\/\/vivasem.ro\/index.php?rest_route=\/wp\/v2\/product\/5853","targetHints":{"allow":["GET"]}}],"collection":[{"href":"https:\/\/vivasem.ro\/index.php?rest_route=\/wp\/v2\/product"}],"about":[{"href":"https:\/\/vivasem.ro\/index.php?rest_route=\/wp\/v2\/types\/product"}],"replies":[{"embeddable":true,"href":"https:\/\/vivasem.ro\/index.php?rest_route=%2Fwp%2Fv2%2Fcomments&post=5853"}],"wp:featuredmedia":[{"embeddable":true,"href":"https:\/\/vivasem.ro\/index.php?rest_route=\/wp\/v2\/media\/5863"}],"wp:attachment":[{"href":"https:\/\/vivasem.ro\/index.php?rest_route=%2Fwp%2Fv2%2Fmedia&parent=5853"}],"wp:term":[{"taxonomy":"product_brand","embeddable":true,"href":"https:\/\/vivasem.ro\/index.php?rest_route=%2Fwp%2Fv2%2Fproduct_brand&post=5853"},{"taxonomy":"product_cat","embeddable":true,"href":"https:\/\/vivasem.ro\/index.php?rest_route=%2Fwp%2Fv2%2Fproduct_cat&post=5853"},{"taxonomy":"product_tag","embeddable":true,"href":"https:\/\/vivasem.ro\/index.php?rest_route=%2Fwp%2Fv2%2Fproduct_tag&post=5853"}],"curies":[{"name":"wp","href":"https:\/\/api.w.org\/{rel}","templated":true}]}}