{"id":5836,"date":"2021-12-03T17:26:12","date_gmt":"2021-12-03T15:26:12","guid":{"rendered":"https:\/\/vivasem.ro\/?post_type=product&#038;p=5836"},"modified":"2024-12-05T17:34:27","modified_gmt":"2024-12-05T15:34:27","slug":"coustralee-giant-copiaza","status":"publish","type":"product","link":"https:\/\/vivasem.ro\/?product=coustralee-giant-copiaza","title":{"rendered":"COUSTRALEE (Giant)"},"content":{"rendered":"<h6><span style=\"color: #ff0000;\">COUSTRALEE-Reimeer Seeds USA,<\/span><\/h6>\n<h6><span style=\"color: #0000ff;\">SOI FRANCEZ, CU \u00ceNALTE CALIT\u0102\u021aI GUSATIVE, FOARTE PRODUCTIV, CU FRUCTE FOARTE MARI<\/span> , \u00ceN MEDIE DE 200-400 grame, <span style=\"color: #0000ff;\">IAR UNELE\u00a0 AJUNG\u00a0 URIA\u0218E, DE LA\u00a0 500 grame \u0218I P\u00c2N\u0102\u00a0 LA MON\u0218TRII DE 1,3\u00a0 kilograme.<\/span><\/h6>\n<h6>TOMATELE SUNT DE FRUMOASE, COSTATE, DE CULOARE RO\u0218IE INTENS\u0102, CU FORMA NEREGULAT\u0102, TURTIT\u0102, CARACTERISTIC\u0102 SOIURILOR BEEFSTEAK, REZISTENTE LA CR\u0102PARE.<\/h6>\n<h6><span style=\"color: #0000ff;\">GUST EXCEP\u021aIONAL<\/span>, <span style=\"color: #0000ff;\">PERFECT ECHILIBRAT DULCE-SLAB ACID,\u00a0 CU O AROM\u0102\u00a0 FOARTE INTENS\u0102 DE RO\u0218IE CLASIC\u0102 .<\/span><\/h6>\n<h6>PULPA ESTE TIP BEEFSTEAK, FOARTE C\u0102RNOAS\u0102, CU C\u00c2TEVA SEMIN\u021aE, SUCULENT\u0102, CE POATE FI FELIAT\u0102 \u0218I FOLOSIT\u0102 \u00ceN SANDVI\u0218URI, SALATE, ETC.<\/h6>\n<h6>PLANTELE VIGUROASE, CU FOLIAJ BOGAT, SUNT NEDETERMINATE, \u0218I AU FOARTE BUNE REZULTATE \u00ceN GR\u0102DIN\u0102, DAR \u0218I \u00ceN SOLAR.<\/h6>\n<h6>TIMPURIETATE MEDIE,\u00a0 85\u00a0 ZILE DE LA TRANSPLANT.<\/h6>\n<h6><span style=\"color: #0000ff;\">SOI HEIRLOOM,<\/span> AMELIORAT DE NORBERT PAIERRA, ORIGINAR DIN Hellimer-FRAN\u021aA.<\/h6>\n","protected":false},"excerpt":{"rendered":"<h6><span style=\"color: #0000ff;\">20 SEMIN\u021aE<\/span><img loading=\"lazy\" decoding=\"async\" class=\"alignnone wp-image-5567\" src=\"https:\/\/vivasem.ro\/wp-content\/uploads\/2021\/11\/NOU3.jpg\" alt=\"\" width=\"57\" height=\"55\" srcset=\"https:\/\/vivasem.ro\/wp-content\/uploads\/2021\/11\/NOU3.jpg 270w, https:\/\/vivasem.ro\/wp-content\/uploads\/2021\/11\/NOU3-248x241.jpg 248w\" sizes=\"auto, (max-width: 57px) 100vw, 57px\" \/><\/h6>\n<h6><span style=\"color: #ff6600;\">GUST EXCEP\u021aIONAL !<\/span><\/h6>\n<h6><span style=\"color: #ff6600;\">SOI GIGANT FOARTE PRODUCTIV !<\/span><\/h6>\n","protected":false},"featured_media":5855,"comment_status":"open","ping_status":"closed","template":"","meta":{"site-sidebar-layout":"default","site-content-layout":"default","ast-site-content-layout":"default","site-content-style":"default","site-sidebar-style":"default","ast-global-header-display":"","ast-banner-title-visibility":"","ast-main-header-display":"","ast-hfb-above-header-display":"","ast-hfb-below-header-display":"","ast-hfb-mobile-header-display":"","site-post-title":"","ast-breadcrumbs-content":"","ast-featured-img":"","footer-sml-layout":"","ast-disable-related-posts":"","theme-transparent-header-meta":"default","adv-header-id-meta":"","stick-header-meta":"","header-above-stick-meta":"","header-main-stick-meta":"","header-below-stick-meta":"","astra-migrate-meta-layouts":"set","ast-page-background-enabled":"default","ast-page-background-meta":{"desktop":{"background-color":"var(--ast-global-color-4)","background-image":"","background-repeat":"repeat","background-position":"center center","background-size":"auto","background-attachment":"scroll","background-type":"","background-media":"","overlay-type":"","overlay-color":"","overlay-opacity":"","overlay-gradient":""},"tablet":{"background-color":"","background-image":"","background-repeat":"repeat","background-position":"center center","background-size":"auto","background-attachment":"scroll","background-type":"","background-media":"","overlay-type":"","overlay-color":"","overlay-opacity":"","overlay-gradient":""},"mobile":{"background-color":"","background-image":"","background-repeat":"repeat","background-position":"center center","background-size":"auto","background-attachment":"scroll","background-type":"","background-media":"","overlay-type":"","overlay-color":"","overlay-opacity":"","overlay-gradient":""}},"ast-content-background-meta":{"desktop":{"background-color":"var(--ast-global-color-5)","background-image":"","background-repeat":"repeat","background-position":"center center","background-size":"auto","background-attachment":"scroll","background-type":"","background-media":"","overlay-type":"","overlay-color":"","overlay-opacity":"","overlay-gradient":""},"tablet":{"background-color":"var(--ast-global-color-5)","background-image":"","background-repeat":"repeat","background-position":"center center","background-size":"auto","background-attachment":"scroll","background-type":"","background-media":"","overlay-type":"","overlay-color":"","overlay-opacity":"","overlay-gradient":""},"mobile":{"background-color":"var(--ast-global-color-5)","background-image":"","background-repeat":"repeat","background-position":"center center","background-size":"auto","background-attachment":"scroll","background-type":"","background-media":"","overlay-type":"","overlay-color":"","overlay-opacity":"","overlay-gradient":""}}},"product_brand":[],"product_cat":[141,142,15],"product_tag":[],"class_list":{"0":"post-5836","1":"product","2":"type-product","3":"status-publish","4":"has-post-thumbnail","6":"product_cat-soi-gigant-urias","7":"product_cat-soiuri-rosii-roz","8":"product_cat-tomate-soi","9":"desktop-align-left","10":"tablet-align-left","11":"mobile-align-left","13":"first","14":"instock","15":"taxable","16":"shipping-taxable","17":"purchasable","18":"product-type-simple"},"_links":{"self":[{"href":"https:\/\/vivasem.ro\/index.php?rest_route=\/wp\/v2\/product\/5836","targetHints":{"allow":["GET"]}}],"collection":[{"href":"https:\/\/vivasem.ro\/index.php?rest_route=\/wp\/v2\/product"}],"about":[{"href":"https:\/\/vivasem.ro\/index.php?rest_route=\/wp\/v2\/types\/product"}],"replies":[{"embeddable":true,"href":"https:\/\/vivasem.ro\/index.php?rest_route=%2Fwp%2Fv2%2Fcomments&post=5836"}],"wp:featuredmedia":[{"embeddable":true,"href":"https:\/\/vivasem.ro\/index.php?rest_route=\/wp\/v2\/media\/5855"}],"wp:attachment":[{"href":"https:\/\/vivasem.ro\/index.php?rest_route=%2Fwp%2Fv2%2Fmedia&parent=5836"}],"wp:term":[{"taxonomy":"product_brand","embeddable":true,"href":"https:\/\/vivasem.ro\/index.php?rest_route=%2Fwp%2Fv2%2Fproduct_brand&post=5836"},{"taxonomy":"product_cat","embeddable":true,"href":"https:\/\/vivasem.ro\/index.php?rest_route=%2Fwp%2Fv2%2Fproduct_cat&post=5836"},{"taxonomy":"product_tag","embeddable":true,"href":"https:\/\/vivasem.ro\/index.php?rest_route=%2Fwp%2Fv2%2Fproduct_tag&post=5836"}],"curies":[{"name":"wp","href":"https:\/\/api.w.org\/{rel}","templated":true}]}}