{"id":5833,"date":"2021-12-03T17:09:06","date_gmt":"2021-12-03T15:09:06","guid":{"rendered":"https:\/\/vivasem.ro\/?post_type=product&#038;p=5833"},"modified":"2025-11-27T15:43:50","modified_gmt":"2025-11-27T13:43:50","slug":"boondocks-giant-copiaza","status":"publish","type":"product","link":"https:\/\/vivasem.ro\/?product=boondocks-giant-copiaza","title":{"rendered":"GERMAN RED STRAWBERRY"},"content":{"rendered":"<h6><span style=\"color: #ff0000;\">GERMAN RED STRAWBERRY-Reimeer Seeds USA,<\/span><\/h6>\n<h6><span style=\"color: #ff0000;\">C\u0102P\u0218UNA GERMAN\u0102<\/span>, <span style=\"color: #0000ff;\">SOI EXCELENT , CE PRODUCE ABUNDEND\u00a0 FRUCTE\u00a0 MARI , \u00ceN MEDIE DE 200-300 grame, IAR UNELE\u00a0 AJUNG\u00a0 URIA\u0218E ,PESTE 500 grame.<\/span><\/h6>\n<h6>NUMELE \u00ceI VINE DE LA FORM\u0102, CULOARE \u0218I GUST.<\/h6>\n<h6>FORMA ESTE ASEM\u0102N\u0102TOARE C\u0102P\u0218UNILOR,\u00a0 PROPOR\u021aIILE MEDII FIIND DE 11 centimetrii LUNGIME \u0218I DE\u00a0 9 centimetrii L\u0102\u021aIME, DAR VARIAZ\u0102 DESTUL DE MULT, FRUCTELE NEFIIND UNIFORME.<\/h6>\n<h6>TOMATELE SUNT DE CULOARE RO\u0218IE.<\/h6>\n<h6><span style=\"color: #0000ff;\">GUST EXCELENT<\/span>, FOARTE DULCE, SLAB ACID,\u00a0 CU O AROM\u0102\u00a0 FOARTE INTENS\u0102 DE RO\u0218IE CLASIC\u0102 .<\/h6>\n<h6>PULPA ESTE FOARTE C\u0102RNOAS\u0102, SUCULENT\u0102, CE POATE FI FELIAT\u0102, FOLOSIT\u0102 \u00ceN SNDVI\u0218URI, LA ORNAREA PREPARATELOR, \u00ceN SALATE, ETC.<\/h6>\n<h6>PLANTELE NEDETERMINATE, CU FOARTE BUNE REZULTATE \u00ceN GR\u0102DIN\u0102, DAR \u0218I \u00ceN SOLAR. <span style=\"color: #0000ff;\">SE UTILIZEAZ\u0102 CU REZULTATE EXCELENTE, \u0218I \u00ceN CULTURA HIDROPONIC\u0102.<\/span><\/h6>\n<h6>TIMPURIETATE MEDIE,\u00a0 85\u00a0 ZILE DE LA TRANSPLANT.<\/h6>\n<h6>SOI HEIRLOOM, ORIGINAR DIN GERMANIA,<\/h6>\n","protected":false},"excerpt":{"rendered":"<h6><span style=\"color: #0000ff;\">25 SEMIN\u021aE<\/span><img loading=\"lazy\" decoding=\"async\" class=\"alignnone wp-image-5567\" src=\"https:\/\/vivasem.ro\/wp-content\/uploads\/2021\/11\/NOU3.jpg\" alt=\"\" width=\"57\" height=\"55\" srcset=\"https:\/\/vivasem.ro\/wp-content\/uploads\/2021\/11\/NOU3.jpg 270w, https:\/\/vivasem.ro\/wp-content\/uploads\/2021\/11\/NOU3-248x241.jpg 248w\" sizes=\"auto, (max-width: 57px) 100vw, 57px\" \/><\/h6>\n<h6>PRODUCTVITATE EXTREM\u0102 !<\/h6>\n<h6>GUST EXCELENT !<br \/>\nSE \u00a0POATE CULTIVA HIDROPONIC<\/h6>\n","protected":false},"featured_media":5868,"comment_status":"open","ping_status":"closed","template":"","meta":{"site-sidebar-layout":"default","site-content-layout":"default","ast-site-content-layout":"default","site-content-style":"default","site-sidebar-style":"default","ast-global-header-display":"","ast-banner-title-visibility":"","ast-main-header-display":"","ast-hfb-above-header-display":"","ast-hfb-below-header-display":"","ast-hfb-mobile-header-display":"","site-post-title":"","ast-breadcrumbs-content":"","ast-featured-img":"","footer-sml-layout":"","ast-disable-related-posts":"","theme-transparent-header-meta":"default","adv-header-id-meta":"","stick-header-meta":"","header-above-stick-meta":"","header-main-stick-meta":"","header-below-stick-meta":"","astra-migrate-meta-layouts":"set","ast-page-background-enabled":"default","ast-page-background-meta":{"desktop":{"background-color":"var(--ast-global-color-4)","background-image":"","background-repeat":"repeat","background-position":"center center","background-size":"auto","background-attachment":"scroll","background-type":"","background-media":"","overlay-type":"","overlay-color":"","overlay-opacity":"","overlay-gradient":""},"tablet":{"background-color":"","background-image":"","background-repeat":"repeat","background-position":"center center","background-size":"auto","background-attachment":"scroll","background-type":"","background-media":"","overlay-type":"","overlay-color":"","overlay-opacity":"","overlay-gradient":""},"mobile":{"background-color":"","background-image":"","background-repeat":"repeat","background-position":"center center","background-size":"auto","background-attachment":"scroll","background-type":"","background-media":"","overlay-type":"","overlay-color":"","overlay-opacity":"","overlay-gradient":""}},"ast-content-background-meta":{"desktop":{"background-color":"var(--ast-global-color-5)","background-image":"","background-repeat":"repeat","background-position":"center center","background-size":"auto","background-attachment":"scroll","background-type":"","background-media":"","overlay-type":"","overlay-color":"","overlay-opacity":"","overlay-gradient":""},"tablet":{"background-color":"var(--ast-global-color-5)","background-image":"","background-repeat":"repeat","background-position":"center center","background-size":"auto","background-attachment":"scroll","background-type":"","background-media":"","overlay-type":"","overlay-color":"","overlay-opacity":"","overlay-gradient":""},"mobile":{"background-color":"var(--ast-global-color-5)","background-image":"","background-repeat":"repeat","background-position":"center center","background-size":"auto","background-attachment":"scroll","background-type":"","background-media":"","overlay-type":"","overlay-color":"","overlay-opacity":"","overlay-gradient":""}}},"product_brand":[],"product_cat":[141,142,144,15],"product_tag":[],"class_list":{"0":"post-5833","1":"product","2":"type-product","3":"status-publish","4":"has-post-thumbnail","6":"product_cat-soi-gigant-urias","7":"product_cat-soiuri-rosii-roz","8":"product_cat-soiuri-tip-inima-de-bou","9":"product_cat-tomate-soi","10":"desktop-align-left","11":"tablet-align-left","12":"mobile-align-left","14":"first","15":"instock","16":"taxable","17":"shipping-taxable","18":"purchasable","19":"product-type-simple"},"_links":{"self":[{"href":"https:\/\/vivasem.ro\/index.php?rest_route=\/wp\/v2\/product\/5833","targetHints":{"allow":["GET"]}}],"collection":[{"href":"https:\/\/vivasem.ro\/index.php?rest_route=\/wp\/v2\/product"}],"about":[{"href":"https:\/\/vivasem.ro\/index.php?rest_route=\/wp\/v2\/types\/product"}],"replies":[{"embeddable":true,"href":"https:\/\/vivasem.ro\/index.php?rest_route=%2Fwp%2Fv2%2Fcomments&post=5833"}],"wp:featuredmedia":[{"embeddable":true,"href":"https:\/\/vivasem.ro\/index.php?rest_route=\/wp\/v2\/media\/5868"}],"wp:attachment":[{"href":"https:\/\/vivasem.ro\/index.php?rest_route=%2Fwp%2Fv2%2Fmedia&parent=5833"}],"wp:term":[{"taxonomy":"product_brand","embeddable":true,"href":"https:\/\/vivasem.ro\/index.php?rest_route=%2Fwp%2Fv2%2Fproduct_brand&post=5833"},{"taxonomy":"product_cat","embeddable":true,"href":"https:\/\/vivasem.ro\/index.php?rest_route=%2Fwp%2Fv2%2Fproduct_cat&post=5833"},{"taxonomy":"product_tag","embeddable":true,"href":"https:\/\/vivasem.ro\/index.php?rest_route=%2Fwp%2Fv2%2Fproduct_tag&post=5833"}],"curies":[{"name":"wp","href":"https:\/\/api.w.org\/{rel}","templated":true}]}}