{"id":5822,"date":"2021-12-03T13:59:55","date_gmt":"2021-12-03T11:59:55","guid":{"rendered":"https:\/\/vivasem.ro\/?post_type=product&#038;p=5822"},"modified":"2026-03-16T13:36:49","modified_gmt":"2026-03-16T11:36:49","slug":"glacier-si-de-ghiveci","status":"publish","type":"product","link":"https:\/\/vivasem.ro\/?product=glacier-si-de-ghiveci","title":{"rendered":"GLACIER (si de ghiveci)"},"content":{"rendered":"<h6><span style=\"color: #ff0000;\">GLACIER-Reimeer Seeds USA,<\/span><\/h6>\n<h6><span style=\"color: #0000ff;\">SOI EXTRATIMPURIU, CE SE COACE \u00ceN DOAR 55 ZILE DE LA TRANSPLANT !<\/span><\/h6>\n<h6>ORIGINAR DIN SUEDIA, CU FRUCTE \u00ceN GREUTATE DE 50-90 grame.<\/h6>\n<h6>TOMATELE SUNT\u00a0 SFERICE, FRUMOASE, ASPECTUASE, UNIFORME, DE CULOARE RO\u0218IE INTENS\u0102 .<\/h6>\n<h6>FRUCTELE CRESC \u00ceN CIORCHINI DE 3-6 FRUCTE .<\/h6>\n<h6><span style=\"color: #0000ff;\">GUST DEOSEBIT DE\u00a0 BUN,\u00a0 FOARTE DULCE<\/span>,\u00a0 CU O AROM\u0102\u00a0 INTENS\u0102 ,\u00ceN GENUL RO\u0218IILOR CHERRY.<\/h6>\n<h6>FRUCTELE SUNT FERME, SUCULENTE \u0218I POT FI FOLOSTE LA DECORAREA PREPARATELOR, LA GUST\u0102RI,\u00ceN SALATE, CONSERVE, ETC.<\/h6>\n<h6><span style=\"color: #0000ff;\"><span style=\"color: #000000;\">PLANTELE DETERMINATE, DE CIRCA 1 metru \u00ceN\u0102L\u021aIME, CU FRUNZE TIP CARTOF , <\/span><\/span><span style=\"color: #0000ff;\">SUNT FOARTE\u00a0 PRODUCTIVE \u0218I DAU FOARTE BUNE REZULTATE \u00ceN ZONELE CU CLIM\u0102 RECE, SAU POT FI PLANTATE FOARTE DEVREME, CAND NOP\u021aILE SUNT \u00ceNC\u0102 RECI .<\/span><\/h6>\n<h6><span style=\"color: #0000ff;\">DE ASEMENI SE POT CULTIVA \u0218I \u00ceN 2 CICLURI DE PRODUC\u021aIE ,<\/span> \u00ceN GR\u0102DIN\u0102, DAR \u0218I \u00ceN SPECIAL \u00ceN SOLAR,CAND , \u00ceN ROM\u00c2NIA, SE POT OB\u021aINE RECOLTE \u00ceNC\u0102 DIN LUNA MAI.<\/h6>\n<h6>SE POATE CULTIVA \u0218I \u00ceN GHIVECE.<\/h6>\n<p>&nbsp;<\/p>\n<h6><\/h6>\n<h6>.<\/h6>\n<p>&nbsp;<\/p>\n<h6><\/h6>\n","protected":false},"excerpt":{"rendered":"<h6><span style=\"color: #0000ff;\">25 SEMIN\u021aE<\/span><img loading=\"lazy\" decoding=\"async\" class=\"alignnone wp-image-5567\" src=\"https:\/\/vivasem.ro\/wp-content\/uploads\/2021\/11\/NOU3.jpg\" alt=\"\" width=\"57\" height=\"55\" srcset=\"https:\/\/vivasem.ro\/wp-content\/uploads\/2021\/11\/NOU3.jpg 270w, https:\/\/vivasem.ro\/wp-content\/uploads\/2021\/11\/NOU3-248x241.jpg 248w\" sizes=\"auto, (max-width: 57px) 100vw, 57px\" \/><\/h6>\n<h6><span style=\"color: #ff00ff;\">EXTRATIMPURIU, FOARTE <\/span><span style=\"color: #ff00ff;\">GUSTOS, FOARTE PRODUCTIV ! DETERMINAT.<\/span><\/h6>\n<h6><\/h6>\n","protected":false},"featured_media":5828,"comment_status":"open","ping_status":"closed","template":"","meta":{"site-sidebar-layout":"default","site-content-layout":"default","ast-site-content-layout":"default","site-content-style":"default","site-sidebar-style":"default","ast-global-header-display":"","ast-banner-title-visibility":"","ast-main-header-display":"","ast-hfb-above-header-display":"","ast-hfb-below-header-display":"","ast-hfb-mobile-header-display":"","site-post-title":"","ast-breadcrumbs-content":"","ast-featured-img":"","footer-sml-layout":"","ast-disable-related-posts":"","theme-transparent-header-meta":"default","adv-header-id-meta":"","stick-header-meta":"","header-above-stick-meta":"","header-main-stick-meta":"","header-below-stick-meta":"","astra-migrate-meta-layouts":"set","ast-page-background-enabled":"default","ast-page-background-meta":{"desktop":{"background-color":"var(--ast-global-color-4)","background-image":"","background-repeat":"repeat","background-position":"center center","background-size":"auto","background-attachment":"scroll","background-type":"","background-media":"","overlay-type":"","overlay-color":"","overlay-opacity":"","overlay-gradient":""},"tablet":{"background-color":"","background-image":"","background-repeat":"repeat","background-position":"center center","background-size":"auto","background-attachment":"scroll","background-type":"","background-media":"","overlay-type":"","overlay-color":"","overlay-opacity":"","overlay-gradient":""},"mobile":{"background-color":"","background-image":"","background-repeat":"repeat","background-position":"center center","background-size":"auto","background-attachment":"scroll","background-type":"","background-media":"","overlay-type":"","overlay-color":"","overlay-opacity":"","overlay-gradient":""}},"ast-content-background-meta":{"desktop":{"background-color":"var(--ast-global-color-5)","background-image":"","background-repeat":"repeat","background-position":"center center","background-size":"auto","background-attachment":"scroll","background-type":"","background-media":"","overlay-type":"","overlay-color":"","overlay-opacity":"","overlay-gradient":""},"tablet":{"background-color":"var(--ast-global-color-5)","background-image":"","background-repeat":"repeat","background-position":"center center","background-size":"auto","background-attachment":"scroll","background-type":"","background-media":"","overlay-type":"","overlay-color":"","overlay-opacity":"","overlay-gradient":""},"mobile":{"background-color":"var(--ast-global-color-5)","background-image":"","background-repeat":"repeat","background-position":"center center","background-size":"auto","background-attachment":"scroll","background-type":"","background-media":"","overlay-type":"","overlay-color":"","overlay-opacity":"","overlay-gradient":""}}},"product_brand":[],"product_cat":[143,167,142,15],"product_tag":[],"class_list":{"0":"post-5822","1":"product","2":"type-product","3":"status-publish","4":"has-post-thumbnail","6":"product_cat-soiuri-timpurii-cherry","7":"product_cat-tufa","8":"product_cat-soiuri-rosii-roz","9":"product_cat-tomate-soi","10":"desktop-align-left","11":"tablet-align-left","12":"mobile-align-left","14":"first","15":"instock","16":"taxable","17":"shipping-taxable","18":"purchasable","19":"product-type-simple"},"_links":{"self":[{"href":"https:\/\/vivasem.ro\/index.php?rest_route=\/wp\/v2\/product\/5822","targetHints":{"allow":["GET"]}}],"collection":[{"href":"https:\/\/vivasem.ro\/index.php?rest_route=\/wp\/v2\/product"}],"about":[{"href":"https:\/\/vivasem.ro\/index.php?rest_route=\/wp\/v2\/types\/product"}],"replies":[{"embeddable":true,"href":"https:\/\/vivasem.ro\/index.php?rest_route=%2Fwp%2Fv2%2Fcomments&post=5822"}],"wp:featuredmedia":[{"embeddable":true,"href":"https:\/\/vivasem.ro\/index.php?rest_route=\/wp\/v2\/media\/5828"}],"wp:attachment":[{"href":"https:\/\/vivasem.ro\/index.php?rest_route=%2Fwp%2Fv2%2Fmedia&parent=5822"}],"wp:term":[{"taxonomy":"product_brand","embeddable":true,"href":"https:\/\/vivasem.ro\/index.php?rest_route=%2Fwp%2Fv2%2Fproduct_brand&post=5822"},{"taxonomy":"product_cat","embeddable":true,"href":"https:\/\/vivasem.ro\/index.php?rest_route=%2Fwp%2Fv2%2Fproduct_cat&post=5822"},{"taxonomy":"product_tag","embeddable":true,"href":"https:\/\/vivasem.ro\/index.php?rest_route=%2Fwp%2Fv2%2Fproduct_tag&post=5822"}],"curies":[{"name":"wp","href":"https:\/\/api.w.org\/{rel}","templated":true}]}}