{"id":5791,"date":"2021-12-02T23:14:46","date_gmt":"2021-12-02T21:14:46","guid":{"rendered":"https:\/\/vivasem.ro\/?post_type=product&#038;p=5791"},"modified":"2025-12-30T16:57:23","modified_gmt":"2025-12-30T14:57:23","slug":"prudens-purplee","status":"publish","type":"product","link":"https:\/\/vivasem.ro\/?product=prudens-purplee","title":{"rendered":"PRUDEN&#8217;S PURPLE (Ofert\u0103 de pret\/G. 75-95%)"},"content":{"rendered":"<h6><span style=\"color: #ff0000;\">PRUDEN&#8217;S PURPLE -Reimeer Seeds USA,<\/span><\/h6>\n<h6>Lot cu germina\u021bie de 75-95%.<\/h6>\n<h6><span style=\"color: #000080;\"><span style=\"color: #ff0000;\">UNUL DIN CELE MAI GUSTOASE SOIURI , LA ORA ACTUAL\u0102,<\/span> CARE A DEP\u0102\u0218IT BRANDYWINE LA UNELE CONCURSURI !<\/span><\/h6>\n<h6><span style=\"color: #ff0000;\">SOI TIMPURIU CU FRUCTE FOARTE MARI , \u00ceN MEDIE DE 250-450 grame, CE POT AJUNGE LA 700 grame, CE SE COACE CAM CU 2 S\u0102PT\u0102M\u00c2NI \u00ceNAINTEA ALTORA, SIMILARE .<\/span><\/h6>\n<h6><span style=\"color: #000080;\">TOMATELE SUNT DE CULOARE ROZ\u00a0 \u00ceNCHIS, SPRE RO\u0218U , <span style=\"color: #ff0000;\">FOARTE DULCI,\u00a0 CU O AROM\u0102\u00a0 FOARTE INTENS\u0102 DE RO\u0218IE CLASIC\u0102 , REZISTENTE LA CR\u0102PARE.<\/span><\/span><\/h6>\n<h6><span style=\"color: #000080;\">PULPA ESTE TIP BEEFSTEAK, FOARTE C\u0102RNOAS\u0102, CU PU\u021aINE SEMIN\u021aE, SUCULENT\u0102, CE POATE FI FELIAT\u0102 \u0218I FOLOSIT\u0102 \u00ceN SANDVI\u0218URI, SALATE, ETC.<\/span><\/h6>\n<h6><span style=\"color: #000080;\">PLANTELE NEDETERMINATE, CU FRUNZE TIP CARTOF, SUNT FOARTE PRODUCTIVE, CU FOARTE BUNE REZULTATE \u00ceN GR\u0102DIN\u0102, DAR \u0218I \u00ceN SOLAR.<\/span><\/h6>\n<h6><span style=\"color: #000080;\">SOI TIMPURIU,\u00a0 72\u00a0 ZILE DE LA TRANSPLANT, CU FOARTE BUN\u0102 REZISTEN\u021a\u0102 LA FRIG \u0218I C\u0102LDUR\u0102 , DAR \u0218I LA VARIA\u021aII DE TEMPERATUR\u0102.<\/span><\/h6>\n<h6><span style=\"color: #000080;\">SOI HEIRLOOM, AMERICAN.<\/span><\/h6>\n","protected":false},"excerpt":{"rendered":"<h6><span style=\"color: #ff00ff;\">SOI GIGANT, EXCEP\u021aIONAL, GUST PERFECT, FOARTE PRODUCTIV !<\/span><\/h6>\n<h6><\/h6>\n","protected":false},"featured_media":5796,"comment_status":"open","ping_status":"closed","template":"","meta":{"site-sidebar-layout":"default","site-content-layout":"default","ast-site-content-layout":"default","site-content-style":"default","site-sidebar-style":"default","ast-global-header-display":"","ast-banner-title-visibility":"","ast-main-header-display":"","ast-hfb-above-header-display":"","ast-hfb-below-header-display":"","ast-hfb-mobile-header-display":"","site-post-title":"","ast-breadcrumbs-content":"","ast-featured-img":"","footer-sml-layout":"","ast-disable-related-posts":"","theme-transparent-header-meta":"default","adv-header-id-meta":"","stick-header-meta":"","header-above-stick-meta":"","header-main-stick-meta":"","header-below-stick-meta":"","astra-migrate-meta-layouts":"set","ast-page-background-enabled":"default","ast-page-background-meta":{"desktop":{"background-color":"var(--ast-global-color-4)","background-image":"","background-repeat":"repeat","background-position":"center center","background-size":"auto","background-attachment":"scroll","background-type":"","background-media":"","overlay-type":"","overlay-color":"","overlay-opacity":"","overlay-gradient":""},"tablet":{"background-color":"","background-image":"","background-repeat":"repeat","background-position":"center center","background-size":"auto","background-attachment":"scroll","background-type":"","background-media":"","overlay-type":"","overlay-color":"","overlay-opacity":"","overlay-gradient":""},"mobile":{"background-color":"","background-image":"","background-repeat":"repeat","background-position":"center center","background-size":"auto","background-attachment":"scroll","background-type":"","background-media":"","overlay-type":"","overlay-color":"","overlay-opacity":"","overlay-gradient":""}},"ast-content-background-meta":{"desktop":{"background-color":"var(--ast-global-color-5)","background-image":"","background-repeat":"repeat","background-position":"center center","background-size":"auto","background-attachment":"scroll","background-type":"","background-media":"","overlay-type":"","overlay-color":"","overlay-opacity":"","overlay-gradient":""},"tablet":{"background-color":"var(--ast-global-color-5)","background-image":"","background-repeat":"repeat","background-position":"center center","background-size":"auto","background-attachment":"scroll","background-type":"","background-media":"","overlay-type":"","overlay-color":"","overlay-opacity":"","overlay-gradient":""},"mobile":{"background-color":"var(--ast-global-color-5)","background-image":"","background-repeat":"repeat","background-position":"center center","background-size":"auto","background-attachment":"scroll","background-type":"","background-media":"","overlay-type":"","overlay-color":"","overlay-opacity":"","overlay-gradient":""}}},"product_brand":[],"product_cat":[141,142,15],"product_tag":[],"class_list":{"0":"post-5791","1":"product","2":"type-product","3":"status-publish","4":"has-post-thumbnail","6":"product_cat-soi-gigant-urias","7":"product_cat-soiuri-rosii-roz","8":"product_cat-tomate-soi","9":"pa_numar-s-40-100-seminte","10":"pa_numar-s-40-120-seminte","11":"pa_numar-s-40-160-seminte","12":"pa_numar-s-40-20-seminte","13":"pa_numar-s-40-200-seminte","14":"pa_numar-s-40-40-seminte","15":"pa_numar-s-40-400-seminte","16":"pa_numar-s-40-80-seminte","17":"desktop-align-left","18":"tablet-align-left","19":"mobile-align-left","21":"first","22":"instock","23":"sale","24":"taxable","25":"shipping-taxable","26":"purchasable","27":"product-type-variable"},"_links":{"self":[{"href":"https:\/\/vivasem.ro\/index.php?rest_route=\/wp\/v2\/product\/5791","targetHints":{"allow":["GET"]}}],"collection":[{"href":"https:\/\/vivasem.ro\/index.php?rest_route=\/wp\/v2\/product"}],"about":[{"href":"https:\/\/vivasem.ro\/index.php?rest_route=\/wp\/v2\/types\/product"}],"replies":[{"embeddable":true,"href":"https:\/\/vivasem.ro\/index.php?rest_route=%2Fwp%2Fv2%2Fcomments&post=5791"}],"wp:featuredmedia":[{"embeddable":true,"href":"https:\/\/vivasem.ro\/index.php?rest_route=\/wp\/v2\/media\/5796"}],"wp:attachment":[{"href":"https:\/\/vivasem.ro\/index.php?rest_route=%2Fwp%2Fv2%2Fmedia&parent=5791"}],"wp:term":[{"taxonomy":"product_brand","embeddable":true,"href":"https:\/\/vivasem.ro\/index.php?rest_route=%2Fwp%2Fv2%2Fproduct_brand&post=5791"},{"taxonomy":"product_cat","embeddable":true,"href":"https:\/\/vivasem.ro\/index.php?rest_route=%2Fwp%2Fv2%2Fproduct_cat&post=5791"},{"taxonomy":"product_tag","embeddable":true,"href":"https:\/\/vivasem.ro\/index.php?rest_route=%2Fwp%2Fv2%2Fproduct_tag&post=5791"}],"curies":[{"name":"wp","href":"https:\/\/api.w.org\/{rel}","templated":true}]}}