{"id":5773,"date":"2021-12-02T18:47:54","date_gmt":"2021-12-02T16:47:54","guid":{"rendered":"https:\/\/vivasem.ro\/?post_type=product&#038;p=5773"},"modified":"2024-12-08T08:12:53","modified_gmt":"2024-12-08T06:12:53","slug":"italian-tree-copacul-italian","status":"publish","type":"product","link":"https:\/\/vivasem.ro\/?product=italian-tree-copacul-italian","title":{"rendered":"_BURGEES CLIMBING 20s"},"content":{"rendered":"<h6><span style=\"color: #ff0000;\">BURGEES CLIMBING -Reimeer Seeds USA,\u00a0<\/span><\/h6>\n<h6><span style=\"color: #0000ff;\">\u00a0UNUL DIN CELE MAI PRODUCTIVE \u0218I MAI LUNGI SOIURI DIN LUME , NUMELE S\u0102U SE <\/span><span style=\"color: #0000ff;\">\u00a0TRADUCE\u00a0 **C\u0102\u021a\u0102R\u0102TORUL LUI BURGEES** , <\/span><span style=\"color: #000080;\">\u00a0DE LA FAPTUL C\u0102 PLANTELE NEDETERMINATE, \u00ceN CONDI\u021aII IDEEALE DE CULTIVARE, AJUNG LA LUNGIMI NEOBI\u0218NUITE, DE PESTE\u00a0 7 metrii.<\/span><\/h6>\n<h6><span style=\"color: #000080;\">PRODUCE\u00a0 ENORME CANTIT\u0102\u021aI DE TOMATE , \u00ceN GREUTATE MEDIE DE 150-400 grame, IAR UNELE\u00a0 AJUNG\u00a0 URIA\u0218E, DE LA\u00a0 500 grame , P\u00c2N\u0102\u00a0 LA 700 grame \u0218I 15 centimetrii \u00ceN DIAMETRU.<\/span><\/h6>\n<h6><span style=\"color: #ff0000;\">FRUCTELE SUNT DE CULOARE\u00a0 ROZ , CULOARE CARE TINDE UNEORI SPRE RO\u0218U ,IN SPECIAL TOAMNA, CU GUST EXCEP\u021aIONAL,\u00a0 INTENS AROMAT , CLASIC .<\/span><\/h6>\n<h6><span style=\"color: #000080;\">PULPA ESTE\u00a0 FOARTE C\u0102RNOAS\u0102, CU PU\u021aINE SEMIN\u021aE, SUCULENT\u0102, CE POATE FI FELIAT\u0102 \u0218I FOLOSIT\u0102 \u00ceN SANDVI\u0218URI, SALATE, PASTE \u0218I CONSERVE.<\/span><\/h6>\n<h6><span style=\"color: #000080;\">\u00a0PLANTELE VIGUROASE, POT FI CONDUSE PE 2-3 BRA\u021aE, SUNT DE PRODUCTIVITATE \u00ceNALT\u0102, PENTRU C\u0102 RODESC ABUNDENT P\u00c2N\u0102 LA SOSIREA FRIGULUI \u0218I NECESIT\u0102 SUS\u021aINERE SOLID\u0102.<\/span><\/h6>\n<h6><span style=\"color: #000080;\">POT FI CULTIVATE PE GARDURI, SPALIERE\u00a0 \u0218I DAU FOARTE BUNE REZULTATE \u00ceN GR\u0102DIN\u0102, DAR \u0218I \u00ceN SOLAR. <span style=\"font-size: 1.1em; font-weight: bold;\">DE ASEMENI, SE POATE UTILIZA CU MARE SCUCCES, \u00ceN SERE \u00ceNC\u0102LZITE.<\/span><\/span><\/h6>\n<h6><span style=\"font-size: 1.1em; font-weight: bold; color: #000080;\">CEA MAI MARE VARIETATE DE TOMATE DE TIP CLIMBING (C\u0102\u021a\u0102R\u0102TOARE) ,\u00ceNRUDIT\u0102 CU ITALIAN TREE.<\/span><\/h6>\n<h6><span style=\"color: #000080;\">TIMPURIETATE MEDIE, 70-80 ZILE DE LA TRANSPLANT.<\/span><\/h6>\n<h6><span style=\"color: #000080;\">SOI HEIRLOOM,\u00a0 AMERICAN, INTRODUS PE PIA\u021a\u0102 \u00ceN 1937 \u00ceN CATALOGUL COMPANIEI BURGEES. <\/span><\/h6>\n<h6><span style=\"color: #ff0000;\">FN<\/span><\/h6>\n","protected":false},"excerpt":{"rendered":"<p><span style=\"color: #0000ff;\">20 SEMIN\u021aE<\/span><img loading=\"lazy\" decoding=\"async\" class=\"alignnone wp-image-5567\" src=\"https:\/\/vivasem.ro\/wp-content\/uploads\/2021\/11\/NOU3.jpg\" alt=\"\" width=\"57\" height=\"55\" srcset=\"https:\/\/vivasem.ro\/wp-content\/uploads\/2021\/11\/NOU3.jpg 270w, https:\/\/vivasem.ro\/wp-content\/uploads\/2021\/11\/NOU3-248x241.jpg 248w\" sizes=\"auto, (max-width: 57px) 100vw, 57px\" \/><\/p>\n<h6><span style=\"color: #ff00ff;\">GUST FABULOS ! DINTRE CELE MAI PRODUCTIVE<\/span><\/h6>\n<h6><span style=\"color: #ff00ff;\">SOIURI DIN LUME !<\/span><\/h6>\n","protected":false},"featured_media":5778,"comment_status":"open","ping_status":"closed","template":"","meta":{"site-sidebar-layout":"default","site-content-layout":"default","ast-site-content-layout":"default","site-content-style":"default","site-sidebar-style":"default","ast-global-header-display":"","ast-banner-title-visibility":"","ast-main-header-display":"","ast-hfb-above-header-display":"","ast-hfb-below-header-display":"","ast-hfb-mobile-header-display":"","site-post-title":"","ast-breadcrumbs-content":"","ast-featured-img":"","footer-sml-layout":"","ast-disable-related-posts":"","theme-transparent-header-meta":"default","adv-header-id-meta":"","stick-header-meta":"","header-above-stick-meta":"","header-main-stick-meta":"","header-below-stick-meta":"","astra-migrate-meta-layouts":"set","ast-page-background-enabled":"default","ast-page-background-meta":{"desktop":{"background-color":"var(--ast-global-color-4)","background-image":"","background-repeat":"repeat","background-position":"center center","background-size":"auto","background-attachment":"scroll","background-type":"","background-media":"","overlay-type":"","overlay-color":"","overlay-opacity":"","overlay-gradient":""},"tablet":{"background-color":"","background-image":"","background-repeat":"repeat","background-position":"center center","background-size":"auto","background-attachment":"scroll","background-type":"","background-media":"","overlay-type":"","overlay-color":"","overlay-opacity":"","overlay-gradient":""},"mobile":{"background-color":"","background-image":"","background-repeat":"repeat","background-position":"center center","background-size":"auto","background-attachment":"scroll","background-type":"","background-media":"","overlay-type":"","overlay-color":"","overlay-opacity":"","overlay-gradient":""}},"ast-content-background-meta":{"desktop":{"background-color":"var(--ast-global-color-5)","background-image":"","background-repeat":"repeat","background-position":"center center","background-size":"auto","background-attachment":"scroll","background-type":"","background-media":"","overlay-type":"","overlay-color":"","overlay-opacity":"","overlay-gradient":""},"tablet":{"background-color":"var(--ast-global-color-5)","background-image":"","background-repeat":"repeat","background-position":"center center","background-size":"auto","background-attachment":"scroll","background-type":"","background-media":"","overlay-type":"","overlay-color":"","overlay-opacity":"","overlay-gradient":""},"mobile":{"background-color":"var(--ast-global-color-5)","background-image":"","background-repeat":"repeat","background-position":"center center","background-size":"auto","background-attachment":"scroll","background-type":"","background-media":"","overlay-type":"","overlay-color":"","overlay-opacity":"","overlay-gradient":""}}},"product_brand":[],"product_cat":[141,142,15],"product_tag":[],"class_list":{"0":"post-5773","1":"product","2":"type-product","3":"status-publish","4":"has-post-thumbnail","6":"product_cat-soi-gigant-urias","7":"product_cat-soiuri-rosii-roz","8":"product_cat-tomate-soi","9":"desktop-align-left","10":"tablet-align-left","11":"mobile-align-left","13":"first","14":"instock","15":"taxable","16":"shipping-taxable","17":"purchasable","18":"product-type-simple"},"_links":{"self":[{"href":"https:\/\/vivasem.ro\/index.php?rest_route=\/wp\/v2\/product\/5773","targetHints":{"allow":["GET"]}}],"collection":[{"href":"https:\/\/vivasem.ro\/index.php?rest_route=\/wp\/v2\/product"}],"about":[{"href":"https:\/\/vivasem.ro\/index.php?rest_route=\/wp\/v2\/types\/product"}],"replies":[{"embeddable":true,"href":"https:\/\/vivasem.ro\/index.php?rest_route=%2Fwp%2Fv2%2Fcomments&post=5773"}],"wp:featuredmedia":[{"embeddable":true,"href":"https:\/\/vivasem.ro\/index.php?rest_route=\/wp\/v2\/media\/5778"}],"wp:attachment":[{"href":"https:\/\/vivasem.ro\/index.php?rest_route=%2Fwp%2Fv2%2Fmedia&parent=5773"}],"wp:term":[{"taxonomy":"product_brand","embeddable":true,"href":"https:\/\/vivasem.ro\/index.php?rest_route=%2Fwp%2Fv2%2Fproduct_brand&post=5773"},{"taxonomy":"product_cat","embeddable":true,"href":"https:\/\/vivasem.ro\/index.php?rest_route=%2Fwp%2Fv2%2Fproduct_cat&post=5773"},{"taxonomy":"product_tag","embeddable":true,"href":"https:\/\/vivasem.ro\/index.php?rest_route=%2Fwp%2Fv2%2Fproduct_tag&post=5773"}],"curies":[{"name":"wp","href":"https:\/\/api.w.org\/{rel}","templated":true}]}}