{"id":5770,"date":"2021-12-02T18:33:44","date_gmt":"2021-12-02T16:33:44","guid":{"rendered":"https:\/\/vivasem.ro\/?post_type=product&#038;p=5770"},"modified":"2025-11-11T09:05:01","modified_gmt":"2025-11-11T07:05:01","slug":"kentucky-beefsteakgiant","status":"publish","type":"product","link":"https:\/\/vivasem.ro\/?product=kentucky-beefsteakgiant","title":{"rendered":"KENTUCKY BEEFSTEAK(Giant)"},"content":{"rendered":"<h6><span style=\"color: #ff0000;\">KENTUCKY BEEFSTEAK(Giant)-Reimeer Seeds USA,<\/span><\/h6>\n<h6><span style=\"color: #0000ff;\">SOI AMERICAN CU FRUCTE FOARTE MARI , \u00ceN MEDIE DE 200-400 grame, IAR UNELE\u00a0 AJUNG\u00a0 URIA\u0218E, DE LA\u00a0 500 grame \u0218I P\u00c2N\u0102\u00a0 LA 900 grame<\/span>.<\/h6>\n<h6><span style=\"color: #0000ff;\">TOMATELE SUNT PORTOCALII, DEOSEBIT DE GUSTOASE, FOARTE DULCI, CU O AROM\u0102\u00a0 DE RO\u0218IE CLASIC\u0102, U\u0218OR FRUCTAT\u0102.<\/span><\/h6>\n<h6>PULPA TIP BEEFSTEAK, FOARTE C\u0102RNOAS\u0102, SUCULENT\u0102, CE POATE FI FELIAT\u0102 \u0218I FOLOSIT\u0102 \u00ceN SANDVI\u0218URI, SALATE, ETC.<\/h6>\n<h6>\u00a0 <span style=\"color: #0000ff;\">SOI DE PRODUCTIVITATE \u00ceNALT\u0102,<\/span> CU FOARTE BUNE REZULTATE \u00ceN GR\u0102DIN\u0102, DAR \u0218I \u00ceN SOLAR.<\/h6>\n<h6>TIMPURIETATE MEDIE, PENTRU UN SOI CU FRUCTE FOARTE MARI,\u00a0 85 ZILE DE LA TRANSPLANT.<\/h6>\n<h6>SOI HEIRLOOM, NEDETERMINAT, ORIGINAR DIN KENTUCKY- SUA,<\/h6>\n","protected":false},"excerpt":{"rendered":"<h5><span style=\"color: #0000ff;\">25 SEMIN\u021aE<\/span><img loading=\"lazy\" decoding=\"async\" class=\"alignnone wp-image-5565\" src=\"https:\/\/vivasem.ro\/wp-content\/uploads\/2021\/11\/NOU3.jpg\" alt=\"\" width=\"50\" height=\"49\" \/><\/h5>\n<h5>SOI URIA\u0218 FOARTE GUSTOS !<\/h5>\n<h5>DEOSEBIT DE PRODUCTIV !<\/h5>\n","protected":false},"featured_media":5606,"comment_status":"open","ping_status":"closed","template":"","meta":{"site-sidebar-layout":"default","site-content-layout":"default","ast-site-content-layout":"default","site-content-style":"default","site-sidebar-style":"default","ast-global-header-display":"","ast-banner-title-visibility":"","ast-main-header-display":"","ast-hfb-above-header-display":"","ast-hfb-below-header-display":"","ast-hfb-mobile-header-display":"","site-post-title":"","ast-breadcrumbs-content":"","ast-featured-img":"","footer-sml-layout":"","ast-disable-related-posts":"","theme-transparent-header-meta":"default","adv-header-id-meta":"","stick-header-meta":"","header-above-stick-meta":"","header-main-stick-meta":"","header-below-stick-meta":"","astra-migrate-meta-layouts":"set","ast-page-background-enabled":"default","ast-page-background-meta":{"desktop":{"background-color":"var(--ast-global-color-4)","background-image":"","background-repeat":"repeat","background-position":"center center","background-size":"auto","background-attachment":"scroll","background-type":"","background-media":"","overlay-type":"","overlay-color":"","overlay-opacity":"","overlay-gradient":""},"tablet":{"background-color":"","background-image":"","background-repeat":"repeat","background-position":"center center","background-size":"auto","background-attachment":"scroll","background-type":"","background-media":"","overlay-type":"","overlay-color":"","overlay-opacity":"","overlay-gradient":""},"mobile":{"background-color":"","background-image":"","background-repeat":"repeat","background-position":"center center","background-size":"auto","background-attachment":"scroll","background-type":"","background-media":"","overlay-type":"","overlay-color":"","overlay-opacity":"","overlay-gradient":""}},"ast-content-background-meta":{"desktop":{"background-color":"var(--ast-global-color-5)","background-image":"","background-repeat":"repeat","background-position":"center center","background-size":"auto","background-attachment":"scroll","background-type":"","background-media":"","overlay-type":"","overlay-color":"","overlay-opacity":"","overlay-gradient":""},"tablet":{"background-color":"var(--ast-global-color-5)","background-image":"","background-repeat":"repeat","background-position":"center center","background-size":"auto","background-attachment":"scroll","background-type":"","background-media":"","overlay-type":"","overlay-color":"","overlay-opacity":"","overlay-gradient":""},"mobile":{"background-color":"var(--ast-global-color-5)","background-image":"","background-repeat":"repeat","background-position":"center center","background-size":"auto","background-attachment":"scroll","background-type":"","background-media":"","overlay-type":"","overlay-color":"","overlay-opacity":"","overlay-gradient":""}}},"product_brand":[],"product_cat":[139,141,15],"product_tag":[],"class_list":{"0":"post-5770","1":"product","2":"type-product","3":"status-publish","4":"has-post-thumbnail","6":"product_cat-tomate-galbene-orange-bicolore-verzi","7":"product_cat-soi-gigant-urias","8":"product_cat-tomate-soi","9":"desktop-align-left","10":"tablet-align-left","11":"mobile-align-left","13":"first","14":"instock","15":"taxable","16":"shipping-taxable","17":"purchasable","18":"product-type-simple"},"_links":{"self":[{"href":"https:\/\/vivasem.ro\/index.php?rest_route=\/wp\/v2\/product\/5770","targetHints":{"allow":["GET"]}}],"collection":[{"href":"https:\/\/vivasem.ro\/index.php?rest_route=\/wp\/v2\/product"}],"about":[{"href":"https:\/\/vivasem.ro\/index.php?rest_route=\/wp\/v2\/types\/product"}],"replies":[{"embeddable":true,"href":"https:\/\/vivasem.ro\/index.php?rest_route=%2Fwp%2Fv2%2Fcomments&post=5770"}],"wp:featuredmedia":[{"embeddable":true,"href":"https:\/\/vivasem.ro\/index.php?rest_route=\/wp\/v2\/media\/5606"}],"wp:attachment":[{"href":"https:\/\/vivasem.ro\/index.php?rest_route=%2Fwp%2Fv2%2Fmedia&parent=5770"}],"wp:term":[{"taxonomy":"product_brand","embeddable":true,"href":"https:\/\/vivasem.ro\/index.php?rest_route=%2Fwp%2Fv2%2Fproduct_brand&post=5770"},{"taxonomy":"product_cat","embeddable":true,"href":"https:\/\/vivasem.ro\/index.php?rest_route=%2Fwp%2Fv2%2Fproduct_cat&post=5770"},{"taxonomy":"product_tag","embeddable":true,"href":"https:\/\/vivasem.ro\/index.php?rest_route=%2Fwp%2Fv2%2Fproduct_tag&post=5770"}],"curies":[{"name":"wp","href":"https:\/\/api.w.org\/{rel}","templated":true}]}}