{"id":5768,"date":"2021-12-02T18:29:48","date_gmt":"2021-12-02T16:29:48","guid":{"rendered":"https:\/\/vivasem.ro\/?post_type=product&#038;p=5768"},"modified":"2025-12-30T09:36:47","modified_gmt":"2025-12-30T07:36:47","slug":"german-johnson-giant-copiaza","status":"publish","type":"product","link":"https:\/\/vivasem.ro\/?product=german-johnson-giant-copiaza","title":{"rendered":"GERMAN JOHNSON (Ofert\u0103 pret\/G. 80-95%)"},"content":{"rendered":"<h6><span style=\"color: #ff0000;\">GERMAN JOHNSON-Reimeer Seeds USA,<\/span><\/h6>\n<h6><span style=\"color: #000080;\">Lot cu germina\u021bie de 80-95%.<\/span><\/h6>\n<h6><span style=\"color: #ff0000;\">SOI CU FRUCTE FOARTE MARI , \u00ceN MEDIE DE 250-400 grame, IAR UNELE\u00a0 AJUNG\u00a0 URIA\u0218E, DE LA\u00a0 500 grame \u0218I P\u00c2N\u0102\u00a0 LA 700 grame.<\/span><\/h6>\n<h6><span style=\"color: #000080;\">TOMATELE SUNT DE CULOAREA RO\u0218IE, UNEORI CU NUAN\u021aE SPRE ROZ.<\/span><\/h6>\n<h6><span style=\"color: #ff0000;\">DELICIOASE, FOARTE DULCI,\u00a0 CU O AROM\u0102\u00a0 FOARTE INTENS\u0102 DE RO\u0218IE TRADI\u021aIONAL\u0102 .<\/span><\/h6>\n<h6><span style=\"color: #ff0000;\">PULPA ESTE TIP BEEFSTEAK, FOARTE C\u0102RNOAS\u0102, SUCULENT\u0102, CE POATE FI FELIAT\u0102 \u0218I FOLOSIT\u0102 \u00ceN SANDVI\u0218URI, SALATE, ETC.<\/span><\/h6>\n<h6><span style=\"color: #000080;\">PLANTELE NEDETERMINATE, CU FRUNZE TIP CARTOF, SUNT FOARTE PRODUCTIVE, CU FOARTE BUNE REZULTATE \u00ceN GR\u0102DIN\u0102, DAR \u0218I \u00ceN SOLAR.<\/span><\/h6>\n<h6><span style=\"color: #000080;\">FRUCTELE SUNT REZISTENTE LA CR\u0102PARE.<\/span><\/h6>\n<h6><span style=\"color: #000080;\">TIMPURIETATE MEDIE,\u00a0 80\u00a0 ZILE DE LA TRANSPLANT.<\/span><\/h6>\n<h6><span style=\"color: #000080;\">SOI HEIRLOOM, ORIGINAR DIN Virginia \u0218I North Carolina-SUA.<\/span><\/h6>\n","protected":false},"excerpt":{"rendered":"<h6><span style=\"font-size: 1.1em; font-weight: bold; color: #ff00ff;\">SOI URIA\u0218 FOARTE PRODUCTIV !<\/span><\/h6>\n<div class=\"ast-woo-shop-product-description\">\n<h6><span style=\"color: #ff00ff;\">GUST EXCEP\u021aIONAL !<\/span><\/h6>\n<\/div>\n","protected":false},"featured_media":5571,"comment_status":"open","ping_status":"closed","template":"","meta":{"site-sidebar-layout":"default","site-content-layout":"default","ast-site-content-layout":"default","site-content-style":"default","site-sidebar-style":"default","ast-global-header-display":"","ast-banner-title-visibility":"","ast-main-header-display":"","ast-hfb-above-header-display":"","ast-hfb-below-header-display":"","ast-hfb-mobile-header-display":"","site-post-title":"","ast-breadcrumbs-content":"","ast-featured-img":"","footer-sml-layout":"","ast-disable-related-posts":"","theme-transparent-header-meta":"default","adv-header-id-meta":"","stick-header-meta":"","header-above-stick-meta":"","header-main-stick-meta":"","header-below-stick-meta":"","astra-migrate-meta-layouts":"set","ast-page-background-enabled":"default","ast-page-background-meta":{"desktop":{"background-color":"var(--ast-global-color-4)","background-image":"","background-repeat":"repeat","background-position":"center center","background-size":"auto","background-attachment":"scroll","background-type":"","background-media":"","overlay-type":"","overlay-color":"","overlay-opacity":"","overlay-gradient":""},"tablet":{"background-color":"","background-image":"","background-repeat":"repeat","background-position":"center center","background-size":"auto","background-attachment":"scroll","background-type":"","background-media":"","overlay-type":"","overlay-color":"","overlay-opacity":"","overlay-gradient":""},"mobile":{"background-color":"","background-image":"","background-repeat":"repeat","background-position":"center center","background-size":"auto","background-attachment":"scroll","background-type":"","background-media":"","overlay-type":"","overlay-color":"","overlay-opacity":"","overlay-gradient":""}},"ast-content-background-meta":{"desktop":{"background-color":"var(--ast-global-color-5)","background-image":"","background-repeat":"repeat","background-position":"center center","background-size":"auto","background-attachment":"scroll","background-type":"","background-media":"","overlay-type":"","overlay-color":"","overlay-opacity":"","overlay-gradient":""},"tablet":{"background-color":"var(--ast-global-color-5)","background-image":"","background-repeat":"repeat","background-position":"center center","background-size":"auto","background-attachment":"scroll","background-type":"","background-media":"","overlay-type":"","overlay-color":"","overlay-opacity":"","overlay-gradient":""},"mobile":{"background-color":"var(--ast-global-color-5)","background-image":"","background-repeat":"repeat","background-position":"center center","background-size":"auto","background-attachment":"scroll","background-type":"","background-media":"","overlay-type":"","overlay-color":"","overlay-opacity":"","overlay-gradient":""}}},"product_brand":[],"product_cat":[141,142,15],"product_tag":[],"class_list":{"0":"post-5768","1":"product","2":"type-product","3":"status-publish","4":"has-post-thumbnail","6":"product_cat-soi-gigant-urias","7":"product_cat-soiuri-rosii-roz","8":"product_cat-tomate-soi","9":"pa_cantitate-10-seminte","10":"pa_cantitate-100-seminte","11":"pa_cantitate-200-seminte","12":"pa_cantitate-25-seminte","13":"pa_cantitate-250-seminte","14":"pa_cantitate-5-seminte","15":"pa_cantitate-50-seminte","16":"pa_cantitate-500-seminte","17":"desktop-align-left","18":"tablet-align-left","19":"mobile-align-left","21":"first","22":"instock","23":"sale","24":"taxable","25":"shipping-taxable","26":"purchasable","27":"product-type-variable"},"_links":{"self":[{"href":"https:\/\/vivasem.ro\/index.php?rest_route=\/wp\/v2\/product\/5768","targetHints":{"allow":["GET"]}}],"collection":[{"href":"https:\/\/vivasem.ro\/index.php?rest_route=\/wp\/v2\/product"}],"about":[{"href":"https:\/\/vivasem.ro\/index.php?rest_route=\/wp\/v2\/types\/product"}],"replies":[{"embeddable":true,"href":"https:\/\/vivasem.ro\/index.php?rest_route=%2Fwp%2Fv2%2Fcomments&post=5768"}],"wp:featuredmedia":[{"embeddable":true,"href":"https:\/\/vivasem.ro\/index.php?rest_route=\/wp\/v2\/media\/5571"}],"wp:attachment":[{"href":"https:\/\/vivasem.ro\/index.php?rest_route=%2Fwp%2Fv2%2Fmedia&parent=5768"}],"wp:term":[{"taxonomy":"product_brand","embeddable":true,"href":"https:\/\/vivasem.ro\/index.php?rest_route=%2Fwp%2Fv2%2Fproduct_brand&post=5768"},{"taxonomy":"product_cat","embeddable":true,"href":"https:\/\/vivasem.ro\/index.php?rest_route=%2Fwp%2Fv2%2Fproduct_cat&post=5768"},{"taxonomy":"product_tag","embeddable":true,"href":"https:\/\/vivasem.ro\/index.php?rest_route=%2Fwp%2Fv2%2Fproduct_tag&post=5768"}],"curies":[{"name":"wp","href":"https:\/\/api.w.org\/{rel}","templated":true}]}}