{"id":5700,"date":"2021-12-01T16:26:42","date_gmt":"2021-12-01T14:26:42","guid":{"rendered":"https:\/\/vivasem.ro\/?post_type=product&#038;p=5700"},"modified":"2024-11-06T12:24:14","modified_gmt":"2024-11-06T10:24:14","slug":"watermelon-beefsteak-giant","status":"publish","type":"product","link":"https:\/\/vivasem.ro\/?product=watermelon-beefsteak-giant","title":{"rendered":"WATERMELON BEEFSTEAK (Giant)"},"content":{"rendered":"<h6><span style=\"color: #ff0000;\">WATERMELON BEEFSTEAK\/PEPENELE RO\u0218U BEEFSTEAK-Reimeer Seeds USA,<\/span><\/h6>\n<h6><span style=\"color: #0000ff;\">SOI EXTREM DE PRODUCTIV, DE LA CARE S-AU OB\u021aINUT \u0218I 22 kilograme DE LA O PLANT\u0102 !<\/span><\/h6>\n<h6>TRADUCEREREA DENUMIRII, <span style=\"color: #ff0000;\">PEPENELE RO\u0218U BEEFSTEAK,<\/span> NE ARAT\u0102 CARACTERISTICILE DEFINITORII ALE ACESTUI SOI, <span style=\"color: #0000ff;\">M\u0102RIMEA C\u00c2T UN PEPENE (MAI MIC), DULCE CA PEPENELE COPT \u0218I\u00a0 CONSISTEN\u021aA COMPACT\u0102 A PULPEI .<\/span><\/h6>\n<h6><span style=\"color: #0000ff;\">\u00ceN ANSAMBLU, UN SOI EXCEP\u021aIONAL, CU FRUCTE FOARTE MARI , \u00ceN MEDIE DE 200-400 grame, IAR UNELE\u00a0 AJUNG\u00a0 URIA\u0218E, DE LA\u00a0 500 grame \u0218I P\u00c2N\u0102\u00a0 LA 900 grame.<\/span><\/h6>\n<h6><span style=\"color: #0000ff;\">TOMATELE SUNT DE CULOARE ROZ SPRE RO\u0218U .<\/span><\/h6>\n<h6><span style=\"color: #0000ff;\">GUST EXCELENT, FOARTE DULCE, SLAB ACID,\u00a0 CU O AROM\u0102\u00a0 \u00a0PUTERNIC\u0102 DE RO\u0218IE TRADI\u021aIONAL\u0102 .<\/span><\/h6>\n<h6>PULPA ESTE TIP BEEFSTEAK, APROAPE F\u0102R\u0102 SEMIN\u021aE, FOARTE C\u0102RNOAS\u0102, SUCULENT\u0102, CE POATE FI FELIAT\u0102 \u0218I FOLOSIT\u0102 \u00ceN SANDVI\u0218URI, SALATE, ETC.<\/h6>\n<h6>PLANTELE NEDETERMINATE,\u00a0 DE PRODUCTIVITATE \u00ceNALT\u0102,NECESIT\u0102SUS\u021aINERE SOLID\u0102.<\/h6>\n<h6>DAU FOARTE BUNE REZULTATE \u00ceN GR\u0102DIN\u0102, DAR \u0218I \u00ceN SOLAR.<\/h6>\n<h6>TIMPURIETATE BUN\u0102, 75\u00a0 ZILE DE LA TRANSPLANT.<\/h6>\n<h6>SOI DIN West Virginia-SUA, <span style=\"color: #0000ff;\">HEIRLOOM, EXTREM DE VECHI, CUNOSCUT \u00ceNAINTE DE ANUL 1800.<\/span><\/h6>\n","protected":false},"excerpt":{"rendered":"<p><span style=\"color: #0000ff;\">20 SEMIN\u021aE<\/span><img loading=\"lazy\" decoding=\"async\" class=\"alignnone wp-image-5567\" src=\"https:\/\/vivasem.ro\/wp-content\/uploads\/2021\/11\/NOU3.jpg\" alt=\"\" width=\"57\" height=\"55\" srcset=\"https:\/\/vivasem.ro\/wp-content\/uploads\/2021\/11\/NOU3.jpg 270w, https:\/\/vivasem.ro\/wp-content\/uploads\/2021\/11\/NOU3-248x241.jpg 248w\" sizes=\"auto, (max-width: 57px) 100vw, 57px\" \/><\/p>\n<h6><span style=\"color: #ff00ff;\">SOI EXTRAORDINAR ! PRODUCTIVITATE <\/span><span style=\"color: #ff00ff;\">EXTREM\u0102 ! GUST EXCEP\u021aIONAL !<\/span><\/h6>\n","protected":false},"featured_media":5707,"comment_status":"open","ping_status":"closed","template":"","meta":{"site-sidebar-layout":"default","site-content-layout":"default","ast-site-content-layout":"default","site-content-style":"default","site-sidebar-style":"default","ast-global-header-display":"","ast-banner-title-visibility":"","ast-main-header-display":"","ast-hfb-above-header-display":"","ast-hfb-below-header-display":"","ast-hfb-mobile-header-display":"","site-post-title":"","ast-breadcrumbs-content":"","ast-featured-img":"","footer-sml-layout":"","ast-disable-related-posts":"","theme-transparent-header-meta":"default","adv-header-id-meta":"","stick-header-meta":"","header-above-stick-meta":"","header-main-stick-meta":"","header-below-stick-meta":"","astra-migrate-meta-layouts":"set","ast-page-background-enabled":"default","ast-page-background-meta":{"desktop":{"background-color":"var(--ast-global-color-4)","background-image":"","background-repeat":"repeat","background-position":"center center","background-size":"auto","background-attachment":"scroll","background-type":"","background-media":"","overlay-type":"","overlay-color":"","overlay-opacity":"","overlay-gradient":""},"tablet":{"background-color":"","background-image":"","background-repeat":"repeat","background-position":"center center","background-size":"auto","background-attachment":"scroll","background-type":"","background-media":"","overlay-type":"","overlay-color":"","overlay-opacity":"","overlay-gradient":""},"mobile":{"background-color":"","background-image":"","background-repeat":"repeat","background-position":"center center","background-size":"auto","background-attachment":"scroll","background-type":"","background-media":"","overlay-type":"","overlay-color":"","overlay-opacity":"","overlay-gradient":""}},"ast-content-background-meta":{"desktop":{"background-color":"var(--ast-global-color-5)","background-image":"","background-repeat":"repeat","background-position":"center center","background-size":"auto","background-attachment":"scroll","background-type":"","background-media":"","overlay-type":"","overlay-color":"","overlay-opacity":"","overlay-gradient":""},"tablet":{"background-color":"var(--ast-global-color-5)","background-image":"","background-repeat":"repeat","background-position":"center center","background-size":"auto","background-attachment":"scroll","background-type":"","background-media":"","overlay-type":"","overlay-color":"","overlay-opacity":"","overlay-gradient":""},"mobile":{"background-color":"var(--ast-global-color-5)","background-image":"","background-repeat":"repeat","background-position":"center center","background-size":"auto","background-attachment":"scroll","background-type":"","background-media":"","overlay-type":"","overlay-color":"","overlay-opacity":"","overlay-gradient":""}}},"product_brand":[],"product_cat":[141,142,15],"product_tag":[],"class_list":{"0":"post-5700","1":"product","2":"type-product","3":"status-publish","4":"has-post-thumbnail","6":"product_cat-soi-gigant-urias","7":"product_cat-soiuri-rosii-roz","8":"product_cat-tomate-soi","9":"desktop-align-left","10":"tablet-align-left","11":"mobile-align-left","13":"first","14":"instock","15":"taxable","16":"shipping-taxable","17":"purchasable","18":"product-type-simple"},"_links":{"self":[{"href":"https:\/\/vivasem.ro\/index.php?rest_route=\/wp\/v2\/product\/5700","targetHints":{"allow":["GET"]}}],"collection":[{"href":"https:\/\/vivasem.ro\/index.php?rest_route=\/wp\/v2\/product"}],"about":[{"href":"https:\/\/vivasem.ro\/index.php?rest_route=\/wp\/v2\/types\/product"}],"replies":[{"embeddable":true,"href":"https:\/\/vivasem.ro\/index.php?rest_route=%2Fwp%2Fv2%2Fcomments&post=5700"}],"wp:featuredmedia":[{"embeddable":true,"href":"https:\/\/vivasem.ro\/index.php?rest_route=\/wp\/v2\/media\/5707"}],"wp:attachment":[{"href":"https:\/\/vivasem.ro\/index.php?rest_route=%2Fwp%2Fv2%2Fmedia&parent=5700"}],"wp:term":[{"taxonomy":"product_brand","embeddable":true,"href":"https:\/\/vivasem.ro\/index.php?rest_route=%2Fwp%2Fv2%2Fproduct_brand&post=5700"},{"taxonomy":"product_cat","embeddable":true,"href":"https:\/\/vivasem.ro\/index.php?rest_route=%2Fwp%2Fv2%2Fproduct_cat&post=5700"},{"taxonomy":"product_tag","embeddable":true,"href":"https:\/\/vivasem.ro\/index.php?rest_route=%2Fwp%2Fv2%2Fproduct_tag&post=5700"}],"curies":[{"name":"wp","href":"https:\/\/api.w.org\/{rel}","templated":true}]}}