{"id":5601,"date":"2021-11-30T21:02:18","date_gmt":"2021-11-30T19:02:18","guid":{"rendered":"https:\/\/vivasem.ro\/?post_type=product&#038;p=5601"},"modified":"2024-10-09T15:45:15","modified_gmt":"2024-10-09T13:45:15","slug":"italian-sweet-giant","status":"publish","type":"product","link":"https:\/\/vivasem.ro\/?product=italian-sweet-giant","title":{"rendered":"DOLCE ITALIANO (GIGANTE) \/ ITALIAN SWEET (Giant)"},"content":{"rendered":"<h6><span style=\"color: #ff0000;\">DOLCE ITALIANO (GIGANTE)\/ ITALIAN SWEET (Giant) -Reimeer Seeds USA,<\/span><\/h6>\n<h6><span style=\"color: #0000ff;\">SOI\u00a0 CU FRUCTE DE CULOARE\u00a0 RO\u0218IE, FOARTE MARI , \u00ceN MEDIE \u00ceNTRE 200-400 grame, IAR UNELE\u00a0 POT AJUNGE URIA\u0218E, P\u00c2N\u0102 LA 1,2 kilograme \u0218I CHIAR MAI MULT.<\/span><\/h6>\n<h6>TOMATELE ,DUP\u0102 CUM LE SPUNE \u0218I NUMELE,<span style=\"color: #0000ff;\"> SUNT EXTRAORDINAR DE\u00a0 DULCI,\u00a0 FOARTE GUSTOASE, CU O AROM\u0102 PUTERNIC\u0102 DE RO\u0218IE TRADI\u021aIONAL\u0102.<\/span><\/h6>\n<h6>PULPA ESTE TIP BEEFSTEAK, FOARTE C\u0102RNOAS\u0102, CE POATE FI FELIAT\u0102 \u0218I FOLOSIT\u0102 \u00ceN SANDVI\u0218URI, SALATE,ETC.<\/h6>\n<h6>SOI CU FRUCTE TIP CARTOF, NEDETERMINAT, FOARTE PRODUCTIV, CU FOARTE BUNE REZULTATE \u00ceN GR\u0102DIN\u0102, DAR \u0218I \u00ceN SOLAR.<\/h6>\n<h6>FRUCTELE SE COC \u00ceN 85 ZILE DE LA PLANTARE.<\/h6>\n<h6>ORIGINE SOI :ITALIA-SUA<\/h6>\n<p>&nbsp;<\/p>\n","protected":false},"excerpt":{"rendered":"<h6><span style=\"color: #0000ff;\">20 SEMIN\u021aE<\/span><img loading=\"lazy\" decoding=\"async\" class=\"alignnone wp-image-5567\" src=\"https:\/\/vivasem.ro\/wp-content\/uploads\/2021\/11\/NOU3.jpg\" alt=\"\" width=\"57\" height=\"55\" srcset=\"https:\/\/vivasem.ro\/wp-content\/uploads\/2021\/11\/NOU3.jpg 270w, https:\/\/vivasem.ro\/wp-content\/uploads\/2021\/11\/NOU3-248x241.jpg 248w\" sizes=\"auto, (max-width: 57px) 100vw, 57px\" \/><\/h6>\n<h6>GUST EXCEP\u021aIONAL !<\/h6>\n","protected":false},"featured_media":5602,"comment_status":"open","ping_status":"closed","template":"","meta":{"site-sidebar-layout":"default","site-content-layout":"default","ast-site-content-layout":"default","site-content-style":"default","site-sidebar-style":"default","ast-global-header-display":"","ast-banner-title-visibility":"","ast-main-header-display":"","ast-hfb-above-header-display":"","ast-hfb-below-header-display":"","ast-hfb-mobile-header-display":"","site-post-title":"","ast-breadcrumbs-content":"","ast-featured-img":"","footer-sml-layout":"","ast-disable-related-posts":"","theme-transparent-header-meta":"default","adv-header-id-meta":"","stick-header-meta":"","header-above-stick-meta":"","header-main-stick-meta":"","header-below-stick-meta":"","astra-migrate-meta-layouts":"set","ast-page-background-enabled":"default","ast-page-background-meta":{"desktop":{"background-color":"var(--ast-global-color-4)","background-image":"","background-repeat":"repeat","background-position":"center center","background-size":"auto","background-attachment":"scroll","background-type":"","background-media":"","overlay-type":"","overlay-color":"","overlay-opacity":"","overlay-gradient":""},"tablet":{"background-color":"","background-image":"","background-repeat":"repeat","background-position":"center center","background-size":"auto","background-attachment":"scroll","background-type":"","background-media":"","overlay-type":"","overlay-color":"","overlay-opacity":"","overlay-gradient":""},"mobile":{"background-color":"","background-image":"","background-repeat":"repeat","background-position":"center center","background-size":"auto","background-attachment":"scroll","background-type":"","background-media":"","overlay-type":"","overlay-color":"","overlay-opacity":"","overlay-gradient":""}},"ast-content-background-meta":{"desktop":{"background-color":"var(--ast-global-color-5)","background-image":"","background-repeat":"repeat","background-position":"center center","background-size":"auto","background-attachment":"scroll","background-type":"","background-media":"","overlay-type":"","overlay-color":"","overlay-opacity":"","overlay-gradient":""},"tablet":{"background-color":"var(--ast-global-color-5)","background-image":"","background-repeat":"repeat","background-position":"center center","background-size":"auto","background-attachment":"scroll","background-type":"","background-media":"","overlay-type":"","overlay-color":"","overlay-opacity":"","overlay-gradient":""},"mobile":{"background-color":"var(--ast-global-color-5)","background-image":"","background-repeat":"repeat","background-position":"center center","background-size":"auto","background-attachment":"scroll","background-type":"","background-media":"","overlay-type":"","overlay-color":"","overlay-opacity":"","overlay-gradient":""}}},"product_brand":[],"product_cat":[151,141,142,15],"product_tag":[],"class_list":{"0":"post-5601","1":"product","2":"type-product","3":"status-publish","4":"has-post-thumbnail","6":"product_cat-soiuri-italiene","7":"product_cat-soi-gigant-urias","8":"product_cat-soiuri-rosii-roz","9":"product_cat-tomate-soi","10":"desktop-align-left","11":"tablet-align-left","12":"mobile-align-left","14":"first","15":"instock","16":"taxable","17":"shipping-taxable","18":"purchasable","19":"product-type-simple"},"_links":{"self":[{"href":"https:\/\/vivasem.ro\/index.php?rest_route=\/wp\/v2\/product\/5601","targetHints":{"allow":["GET"]}}],"collection":[{"href":"https:\/\/vivasem.ro\/index.php?rest_route=\/wp\/v2\/product"}],"about":[{"href":"https:\/\/vivasem.ro\/index.php?rest_route=\/wp\/v2\/types\/product"}],"replies":[{"embeddable":true,"href":"https:\/\/vivasem.ro\/index.php?rest_route=%2Fwp%2Fv2%2Fcomments&post=5601"}],"wp:featuredmedia":[{"embeddable":true,"href":"https:\/\/vivasem.ro\/index.php?rest_route=\/wp\/v2\/media\/5602"}],"wp:attachment":[{"href":"https:\/\/vivasem.ro\/index.php?rest_route=%2Fwp%2Fv2%2Fmedia&parent=5601"}],"wp:term":[{"taxonomy":"product_brand","embeddable":true,"href":"https:\/\/vivasem.ro\/index.php?rest_route=%2Fwp%2Fv2%2Fproduct_brand&post=5601"},{"taxonomy":"product_cat","embeddable":true,"href":"https:\/\/vivasem.ro\/index.php?rest_route=%2Fwp%2Fv2%2Fproduct_cat&post=5601"},{"taxonomy":"product_tag","embeddable":true,"href":"https:\/\/vivasem.ro\/index.php?rest_route=%2Fwp%2Fv2%2Fproduct_tag&post=5601"}],"curies":[{"name":"wp","href":"https:\/\/api.w.org\/{rel}","templated":true}]}}