{"id":5547,"date":"2021-11-29T21:49:33","date_gmt":"2021-11-29T19:49:33","guid":{"rendered":"https:\/\/vivasem.ro\/?post_type=product&#038;p=5547"},"modified":"2026-01-01T18:11:49","modified_gmt":"2026-01-01T16:11:49","slug":"beefsteak-pink","status":"publish","type":"product","link":"https:\/\/vivasem.ro\/?product=beefsteak-pink","title":{"rendered":"BEEFSTEAK PINK (Giant) 30s"},"content":{"rendered":"<h6><span style=\"color: #ff0000;\">BEEFSTEAK PINK.Reimeer Seeds USA,<\/span><\/h6>\n<h6>Lot cu germinatie 80%<\/h6>\n<h6><span style=\"color: #ff0000;\">SOI\u00a0 CU FRUCTE FOARTE MARI , \u00ceN MEDIE DE 300-400 grame,\u00a0 CE POT AJUNGE\u00a0 URIA\u0218E, DE LA\u00a0 1 kilogram \u0218I P\u00c2N\u0102 PESTE 1,5 kilograme.<\/span><\/h6>\n<h6><span style=\"color: #ff0000;\">TOMATELE SUNT ROZ-\u00ceNCHIS,\u00a0 CU GUST EXCEP\u021aIONAL, FOARTE DULCI, CU O AROM\u0102\u00a0 DE RO\u0218IE CLASIC\u0102.<\/span><\/h6>\n<h6><span style=\"color: #000080;\">PULPA ESTE\u00a0 FOARTE C\u0102RNOAS\u0102, TIP BEEFSTEAK, SUCULENT\u0102, CE POATE FI FELIAT\u0102 \u0218I FOLOSIT\u0102 \u00ceN SANDVI\u0218URI, SALATE, ETC.<\/span><\/h6>\n<h6><span style=\"color: #000080;\">SOI HEIRLOOM, NEDETERMINAT, ORIGINAR DIN SUA, FOARTE PRODUCTIV, CU FOARTE BUNE REZULTATE \u00ceN GR\u0102DIN\u0102, DAR \u0218I \u00ceN SOLAR.<\/span><\/h6>\n<h6><span style=\"color: #000080;\">TIMPURIETATE MEDIE, PENTRU UN SOI CU FRUCTE FOARTE MARI,\u00a0 90 ZILE DE LA TRANSPLANT.<\/span><\/h6>\n","protected":false},"excerpt":{"rendered":"<h6><span style=\"color: #0000ff;\">30 SEMIN\u021aE<\/span><img loading=\"lazy\" decoding=\"async\" class=\"alignnone wp-image-5565\" src=\"https:\/\/vivasem.ro\/wp-content\/uploads\/2021\/11\/NOU3.jpg\" alt=\"\" width=\"53\" height=\"51\" \/><\/h6>\n<h6><span style=\"color: #ff00ff;\">GUST EXCEP\u021aIONAL\u00a0 !<\/span><\/h6>\n<h6><span style=\"color: #ff00ff;\">SOI GIGANT !<\/span><\/h6>\n","protected":false},"featured_media":10580,"comment_status":"open","ping_status":"closed","template":"","meta":{"site-sidebar-layout":"default","site-content-layout":"default","ast-site-content-layout":"default","site-content-style":"default","site-sidebar-style":"default","ast-global-header-display":"","ast-banner-title-visibility":"","ast-main-header-display":"","ast-hfb-above-header-display":"","ast-hfb-below-header-display":"","ast-hfb-mobile-header-display":"","site-post-title":"","ast-breadcrumbs-content":"","ast-featured-img":"","footer-sml-layout":"","ast-disable-related-posts":"","theme-transparent-header-meta":"default","adv-header-id-meta":"","stick-header-meta":"","header-above-stick-meta":"","header-main-stick-meta":"","header-below-stick-meta":"","astra-migrate-meta-layouts":"set","ast-page-background-enabled":"default","ast-page-background-meta":{"desktop":{"background-color":"var(--ast-global-color-4)","background-image":"","background-repeat":"repeat","background-position":"center center","background-size":"auto","background-attachment":"scroll","background-type":"","background-media":"","overlay-type":"","overlay-color":"","overlay-opacity":"","overlay-gradient":""},"tablet":{"background-color":"","background-image":"","background-repeat":"repeat","background-position":"center center","background-size":"auto","background-attachment":"scroll","background-type":"","background-media":"","overlay-type":"","overlay-color":"","overlay-opacity":"","overlay-gradient":""},"mobile":{"background-color":"","background-image":"","background-repeat":"repeat","background-position":"center center","background-size":"auto","background-attachment":"scroll","background-type":"","background-media":"","overlay-type":"","overlay-color":"","overlay-opacity":"","overlay-gradient":""}},"ast-content-background-meta":{"desktop":{"background-color":"var(--ast-global-color-5)","background-image":"","background-repeat":"repeat","background-position":"center center","background-size":"auto","background-attachment":"scroll","background-type":"","background-media":"","overlay-type":"","overlay-color":"","overlay-opacity":"","overlay-gradient":""},"tablet":{"background-color":"var(--ast-global-color-5)","background-image":"","background-repeat":"repeat","background-position":"center center","background-size":"auto","background-attachment":"scroll","background-type":"","background-media":"","overlay-type":"","overlay-color":"","overlay-opacity":"","overlay-gradient":""},"mobile":{"background-color":"var(--ast-global-color-5)","background-image":"","background-repeat":"repeat","background-position":"center center","background-size":"auto","background-attachment":"scroll","background-type":"","background-media":"","overlay-type":"","overlay-color":"","overlay-opacity":"","overlay-gradient":""}}},"product_brand":[],"product_cat":[141,142,15],"product_tag":[],"class_list":{"0":"post-5547","1":"product","2":"type-product","3":"status-publish","4":"has-post-thumbnail","6":"product_cat-soi-gigant-urias","7":"product_cat-soiuri-rosii-roz","8":"product_cat-tomate-soi","9":"desktop-align-left","10":"tablet-align-left","11":"mobile-align-left","13":"first","14":"instock","15":"sale","16":"taxable","17":"shipping-taxable","18":"purchasable","19":"product-type-simple"},"_links":{"self":[{"href":"https:\/\/vivasem.ro\/index.php?rest_route=\/wp\/v2\/product\/5547","targetHints":{"allow":["GET"]}}],"collection":[{"href":"https:\/\/vivasem.ro\/index.php?rest_route=\/wp\/v2\/product"}],"about":[{"href":"https:\/\/vivasem.ro\/index.php?rest_route=\/wp\/v2\/types\/product"}],"replies":[{"embeddable":true,"href":"https:\/\/vivasem.ro\/index.php?rest_route=%2Fwp%2Fv2%2Fcomments&post=5547"}],"wp:featuredmedia":[{"embeddable":true,"href":"https:\/\/vivasem.ro\/index.php?rest_route=\/wp\/v2\/media\/10580"}],"wp:attachment":[{"href":"https:\/\/vivasem.ro\/index.php?rest_route=%2Fwp%2Fv2%2Fmedia&parent=5547"}],"wp:term":[{"taxonomy":"product_brand","embeddable":true,"href":"https:\/\/vivasem.ro\/index.php?rest_route=%2Fwp%2Fv2%2Fproduct_brand&post=5547"},{"taxonomy":"product_cat","embeddable":true,"href":"https:\/\/vivasem.ro\/index.php?rest_route=%2Fwp%2Fv2%2Fproduct_cat&post=5547"},{"taxonomy":"product_tag","embeddable":true,"href":"https:\/\/vivasem.ro\/index.php?rest_route=%2Fwp%2Fv2%2Fproduct_tag&post=5547"}],"curies":[{"name":"wp","href":"https:\/\/api.w.org\/{rel}","templated":true}]}}