{"id":5463,"date":"2021-11-28T09:26:29","date_gmt":"2021-11-28T07:26:29","guid":{"rendered":"https:\/\/vivasem.ro\/?post_type=product&#038;p=5463"},"modified":"2023-01-23T19:08:30","modified_gmt":"2023-01-23T17:08:30","slug":"rubarba-victoria","status":"publish","type":"product","link":"https:\/\/vivasem.ro\/?product=rubarba-victoria","title":{"rendered":"RUBARBA"},"content":{"rendered":"<h6><span style=\"color: #ff0000;\"><strong><u>RUBARBA -Alta Selezione.Italia,<\/u><\/strong><\/span><\/h6>\n<h6><strong>Plant\u0103 originar\u0103 din Tibet, de la care se consum\u0103 tijele, care cresc in medie la 50 centimetrii<\/strong>, <strong>doar<\/strong> <strong>p\u00e2n\u0103 \u00een luna iulie, <\/strong>\u00een stare proasp\u0103t\u0103, sau g\u0103tite \u00een pl\u0103cinte, compoturi, gemuri.<\/h6>\n<h6>Gustul este acid-dulceag , cu aroma specific\u0103.<\/h6>\n<h6>Are multiple calit\u0103\u021bi terapeutice, este tonic\u0103, reduce tensiunea colesterolul, regleaz\u0103 digestia, trateaz\u0103 afec\u021biuni renale \u0219i cardiace, regenereaz\u0103 celulele hepatice, are propriet\u0103\u021bi antibacteriene \u0219i anticancerigene.<\/h6>\n<h6><span style=\"color: #ff0000;\">Nu se consum\u0103 frunzele,care sunt bogate in acid oxalic, acesta fiind d\u0103un\u0103tor \u00een cantitate mare<\/span>.<\/h6>\n<h6>Soi recomandat pentru cultivarea in c\u00e2mp deschis.Plantele sunt perene \u0219i rezist\u0103 mul\u021bi ani.<\/h6>\n<h6>Se seam\u0103n\u0103 prim\u0103vara \u00een teren bine preg\u0103tit, cand temperatura solului atinge 15 grade.<\/h6>\n<h6><strong>Distanta de plantare: 100<\/strong> cm. \u00eentre randuri, 100 cm \u00eentre plante.<\/h6>\n","protected":false},"excerpt":{"rendered":"<p><span style=\"color: #0000ff;\">0,8 grame(80 SEMIN\u021aE)<img loading=\"lazy\" decoding=\"async\" class=\"alignnone wp-image-6106\" src=\"https:\/\/vivasem.ro\/wp-content\/uploads\/2021\/12\/NOU3.jpg\" alt=\"\" width=\"61\" height=\"60\" srcset=\"https:\/\/vivasem.ro\/wp-content\/uploads\/2021\/12\/NOU3.jpg 270w, https:\/\/vivasem.ro\/wp-content\/uploads\/2021\/12\/NOU3-248x241.jpg 248w, https:\/\/vivasem.ro\/wp-content\/uploads\/2021\/12\/NOU3-100x100.jpg 100w\" sizes=\"auto, (max-width: 61px) 100vw, 61px\" \/><\/span><\/p>\n","protected":false},"featured_media":6453,"comment_status":"open","ping_status":"closed","template":"","meta":{"site-sidebar-layout":"default","site-content-layout":"default","ast-site-content-layout":"default","site-content-style":"default","site-sidebar-style":"default","ast-global-header-display":"","ast-banner-title-visibility":"","ast-main-header-display":"","ast-hfb-above-header-display":"","ast-hfb-below-header-display":"","ast-hfb-mobile-header-display":"","site-post-title":"","ast-breadcrumbs-content":"","ast-featured-img":"","footer-sml-layout":"","ast-disable-related-posts":"","theme-transparent-header-meta":"default","adv-header-id-meta":"","stick-header-meta":"","header-above-stick-meta":"","header-main-stick-meta":"","header-below-stick-meta":"","astra-migrate-meta-layouts":"default","ast-page-background-enabled":"default","ast-page-background-meta":{"desktop":{"background-color":"var(--ast-global-color-4)","background-image":"","background-repeat":"repeat","background-position":"center center","background-size":"auto","background-attachment":"scroll","background-type":"","background-media":"","overlay-type":"","overlay-color":"","overlay-opacity":"","overlay-gradient":""},"tablet":{"background-color":"","background-image":"","background-repeat":"repeat","background-position":"center center","background-size":"auto","background-attachment":"scroll","background-type":"","background-media":"","overlay-type":"","overlay-color":"","overlay-opacity":"","overlay-gradient":""},"mobile":{"background-color":"","background-image":"","background-repeat":"repeat","background-position":"center center","background-size":"auto","background-attachment":"scroll","background-type":"","background-media":"","overlay-type":"","overlay-color":"","overlay-opacity":"","overlay-gradient":""}},"ast-content-background-meta":{"desktop":{"background-color":"var(--ast-global-color-5)","background-image":"","background-repeat":"repeat","background-position":"center center","background-size":"auto","background-attachment":"scroll","background-type":"","background-media":"","overlay-type":"","overlay-color":"","overlay-opacity":"","overlay-gradient":""},"tablet":{"background-color":"var(--ast-global-color-5)","background-image":"","background-repeat":"repeat","background-position":"center center","background-size":"auto","background-attachment":"scroll","background-type":"","background-media":"","overlay-type":"","overlay-color":"","overlay-opacity":"","overlay-gradient":""},"mobile":{"background-color":"var(--ast-global-color-5)","background-image":"","background-repeat":"repeat","background-position":"center center","background-size":"auto","background-attachment":"scroll","background-type":"","background-media":"","overlay-type":"","overlay-color":"","overlay-opacity":"","overlay-gradient":""}}},"product_brand":[],"product_cat":[149],"product_tag":[],"class_list":{"0":"post-5463","1":"product","2":"type-product","3":"status-publish","4":"has-post-thumbnail","6":"product_cat-33-produse-epuizate","7":"desktop-align-left","8":"tablet-align-left","9":"mobile-align-left","11":"first","12":"outofstock","13":"taxable","14":"shipping-taxable","15":"purchasable","16":"product-type-simple"},"_links":{"self":[{"href":"https:\/\/vivasem.ro\/index.php?rest_route=\/wp\/v2\/product\/5463","targetHints":{"allow":["GET"]}}],"collection":[{"href":"https:\/\/vivasem.ro\/index.php?rest_route=\/wp\/v2\/product"}],"about":[{"href":"https:\/\/vivasem.ro\/index.php?rest_route=\/wp\/v2\/types\/product"}],"replies":[{"embeddable":true,"href":"https:\/\/vivasem.ro\/index.php?rest_route=%2Fwp%2Fv2%2Fcomments&post=5463"}],"wp:featuredmedia":[{"embeddable":true,"href":"https:\/\/vivasem.ro\/index.php?rest_route=\/wp\/v2\/media\/6453"}],"wp:attachment":[{"href":"https:\/\/vivasem.ro\/index.php?rest_route=%2Fwp%2Fv2%2Fmedia&parent=5463"}],"wp:term":[{"taxonomy":"product_brand","embeddable":true,"href":"https:\/\/vivasem.ro\/index.php?rest_route=%2Fwp%2Fv2%2Fproduct_brand&post=5463"},{"taxonomy":"product_cat","embeddable":true,"href":"https:\/\/vivasem.ro\/index.php?rest_route=%2Fwp%2Fv2%2Fproduct_cat&post=5463"},{"taxonomy":"product_tag","embeddable":true,"href":"https:\/\/vivasem.ro\/index.php?rest_route=%2Fwp%2Fv2%2Fproduct_tag&post=5463"}],"curies":[{"name":"wp","href":"https:\/\/api.w.org\/{rel}","templated":true}]}}