{"id":5449,"date":"2021-11-28T08:45:22","date_gmt":"2021-11-28T06:45:22","guid":{"rendered":"https:\/\/vivasem.ro\/?post_type=product&#038;p=5449"},"modified":"2026-03-26T08:40:58","modified_gmt":"2026-03-26T06:40:58","slug":"loboda-rosie-breaza","status":"publish","type":"product","link":"https:\/\/vivasem.ro\/?product=loboda-rosie-breaza","title":{"rendered":"LOBODA ROSIE"},"content":{"rendered":"<h6><span style=\"color: #ff0000;\"><strong><u>LOBOD\u0102 RO\u0218IE-AGROSEM Tg.Mure\u0219,<\/u><\/strong><\/span><\/h6>\n<h6><span style=\"color: #0000ff;\"><strong>LOBODA ESTE MULT IUBIT\u0102 DE C\u0102TRE GOSPODINE, FIIND PRINTRE PRIMELE LEGUME CARE APAR<\/strong> PRIM\u0102VARA.<\/span><\/h6>\n<h6>INI\u021aIAL, SE CULEGE \u0218I CONSUM\u0102 \u00ceNTREAGA PLANT\u0102, IAR APOI DOAR FRUNZELE POT FI CULESE PAN\u0102 TARZIU, IN VAR\u0102 .<\/h6>\n<h6>Este o alternativ\u0103 de vreme cald\u0103 pentru spanac, deoarece este mai tolerant de c\u0103ldur\u0103 \u0219i cu \u00eenflorire t\u00e2rzie.<\/h6>\n<h6><span style=\"color: #0000ff;\">ESTE MULT FOLOSIT\u0102 \u00ceN PREPARAREA CIORBELOR ,DAR \u0218I G\u0102TIT\u0102 CA PE SPANAC.<\/span><\/h6>\n<h6><span style=\"color: #0000ff;\">FOARTE BOGAT\u0102 \u00ceN VITAMINE \u0218I ANTIOXIDAN\u021aI.<\/span><\/h6>\n<h6>\u00a0PLANTELE MATURE SUNT REZISTENTE, VIGUROASE, \u00ceNALTE \u0218I AJUNG LA 2 metrii .<\/h6>\n<h6><\/h6>\n","protected":false},"excerpt":{"rendered":"<h6><span style=\"color: #0000ff;\">0,4 GRAME\/circa 60 semin\u021be<\/span><\/h6>\n","protected":false},"featured_media":7939,"comment_status":"open","ping_status":"closed","template":"","meta":{"site-sidebar-layout":"default","site-content-layout":"default","ast-site-content-layout":"default","site-content-style":"default","site-sidebar-style":"default","ast-global-header-display":"","ast-banner-title-visibility":"","ast-main-header-display":"","ast-hfb-above-header-display":"","ast-hfb-below-header-display":"","ast-hfb-mobile-header-display":"","site-post-title":"","ast-breadcrumbs-content":"","ast-featured-img":"","footer-sml-layout":"","ast-disable-related-posts":"","theme-transparent-header-meta":"default","adv-header-id-meta":"","stick-header-meta":"","header-above-stick-meta":"","header-main-stick-meta":"","header-below-stick-meta":"","astra-migrate-meta-layouts":"set","ast-page-background-enabled":"default","ast-page-background-meta":{"desktop":{"background-color":"var(--ast-global-color-4)","background-image":"","background-repeat":"repeat","background-position":"center center","background-size":"auto","background-attachment":"scroll","background-type":"","background-media":"","overlay-type":"","overlay-color":"","overlay-opacity":"","overlay-gradient":""},"tablet":{"background-color":"","background-image":"","background-repeat":"repeat","background-position":"center center","background-size":"auto","background-attachment":"scroll","background-type":"","background-media":"","overlay-type":"","overlay-color":"","overlay-opacity":"","overlay-gradient":""},"mobile":{"background-color":"","background-image":"","background-repeat":"repeat","background-position":"center center","background-size":"auto","background-attachment":"scroll","background-type":"","background-media":"","overlay-type":"","overlay-color":"","overlay-opacity":"","overlay-gradient":""}},"ast-content-background-meta":{"desktop":{"background-color":"var(--ast-global-color-5)","background-image":"","background-repeat":"repeat","background-position":"center center","background-size":"auto","background-attachment":"scroll","background-type":"","background-media":"","overlay-type":"","overlay-color":"","overlay-opacity":"","overlay-gradient":""},"tablet":{"background-color":"var(--ast-global-color-5)","background-image":"","background-repeat":"repeat","background-position":"center center","background-size":"auto","background-attachment":"scroll","background-type":"","background-media":"","overlay-type":"","overlay-color":"","overlay-opacity":"","overlay-gradient":""},"mobile":{"background-color":"var(--ast-global-color-5)","background-image":"","background-repeat":"repeat","background-position":"center center","background-size":"auto","background-attachment":"scroll","background-type":"","background-media":"","overlay-type":"","overlay-color":"","overlay-opacity":"","overlay-gradient":""}}},"product_brand":[],"product_cat":[91],"product_tag":[],"class_list":{"0":"post-5449","1":"product","2":"type-product","3":"status-publish","4":"has-post-thumbnail","6":"product_cat-alte-legume","7":"desktop-align-left","8":"tablet-align-left","9":"mobile-align-left","11":"first","12":"instock","13":"taxable","14":"shipping-taxable","15":"purchasable","16":"product-type-simple"},"_links":{"self":[{"href":"https:\/\/vivasem.ro\/index.php?rest_route=\/wp\/v2\/product\/5449","targetHints":{"allow":["GET"]}}],"collection":[{"href":"https:\/\/vivasem.ro\/index.php?rest_route=\/wp\/v2\/product"}],"about":[{"href":"https:\/\/vivasem.ro\/index.php?rest_route=\/wp\/v2\/types\/product"}],"replies":[{"embeddable":true,"href":"https:\/\/vivasem.ro\/index.php?rest_route=%2Fwp%2Fv2%2Fcomments&post=5449"}],"wp:featuredmedia":[{"embeddable":true,"href":"https:\/\/vivasem.ro\/index.php?rest_route=\/wp\/v2\/media\/7939"}],"wp:attachment":[{"href":"https:\/\/vivasem.ro\/index.php?rest_route=%2Fwp%2Fv2%2Fmedia&parent=5449"}],"wp:term":[{"taxonomy":"product_brand","embeddable":true,"href":"https:\/\/vivasem.ro\/index.php?rest_route=%2Fwp%2Fv2%2Fproduct_brand&post=5449"},{"taxonomy":"product_cat","embeddable":true,"href":"https:\/\/vivasem.ro\/index.php?rest_route=%2Fwp%2Fv2%2Fproduct_cat&post=5449"},{"taxonomy":"product_tag","embeddable":true,"href":"https:\/\/vivasem.ro\/index.php?rest_route=%2Fwp%2Fv2%2Fproduct_tag&post=5449"}],"curies":[{"name":"wp","href":"https:\/\/api.w.org\/{rel}","templated":true}]}}