{"id":5388,"date":"2021-11-27T09:48:26","date_gmt":"2021-11-27T07:48:26","guid":{"rendered":"https:\/\/vivasem.ro\/?post_type=product&#038;p=5388"},"modified":"2025-01-13T16:46:00","modified_gmt":"2025-01-13T14:46:00","slug":"varza-kale-westland-winter","status":"publish","type":"product","link":"https:\/\/vivasem.ro\/?product=varza-kale-westland-winter","title":{"rendered":".VARZ\u0102 KALE BLACK MAGIC"},"content":{"rendered":"<h6><span style=\"color: #008000;\"><strong><u>VARZ\u0102 KALE BLACK MAGIC- Holmes Seeds.SUA,<\/u><\/strong><\/span><\/h6>\n<h6><strong>Soi spectaculos,timpuriu, varietate \u00eembun\u0103t\u0103\u021bit\u0103 de KAVOLO NERO,cu frunze de culoare verde-\u00eenchis, aproape neagr\u0103,<\/strong> excep\u021bional de dulci \u0219i aromate, recomandate a se utiliza \u00een salate.<\/h6>\n<h6>Rezisten\u021ba la frig,este peste media soiurilor kale.<\/h6>\n<h6>\u00cen\u0103l\u021bimea este de 70-90 cm,maturitatea \u00eentre 30-50 zile.<\/h6>\n<h6>Se poate \u00eens\u0103m\u00e2n\u021ba direct sau se face r\u0103sad,care se transplanteaz\u0103 la 60 cm \u00eentre plante.<\/h6>\n<h6><strong>Soi <\/strong>nepreten\u021bios la condi\u021bii de cultur\u0103 , cre\u0219te pe orice sol, rezist\u0103 la temperaturi sc\u0103zute p\u00e2n\u0103 aproape de \u00eenghe\u021b.<\/h6>\n<h6>Dup\u0103 culegerea frunzelor exterioare,se regenereaz\u0103 rapid.Maturare \u00een 65 zile.<\/h6>\n<h6>FOARTE REZISTENT LA FRIG,SE POATE CULTIVA IMEDIAT DUPA TOPIREA Z\u0102PEZII.<\/h6>\n<h6><strong>Varza Kale este o cultur\u0103 timpurie, minunat\u0103 pentru sezonul rece si de primavara<\/strong> .<\/h6>\n<h6>\u00a0Gustul \u0219i textura se \u00eembun\u0103t\u0103\u021besc cu frigul de la \u00eenceputul iernii c\u00e2nd acumuleaza zaharuri .<\/h6>\n<h6>Se culeg frunzele exterioare.Se poate consuma crud\u0103,in salate sau g\u0103tit\u0103.<\/h6>\n","protected":false},"excerpt":{"rendered":"<h6><span style=\"color: #0000ff;\">200 -1000 SEMIN\u021aE<\/span><\/h6>\n","protected":false},"featured_media":5394,"comment_status":"open","ping_status":"closed","template":"","meta":{"site-sidebar-layout":"default","site-content-layout":"default","ast-site-content-layout":"default","site-content-style":"default","site-sidebar-style":"default","ast-global-header-display":"","ast-banner-title-visibility":"","ast-main-header-display":"","ast-hfb-above-header-display":"","ast-hfb-below-header-display":"","ast-hfb-mobile-header-display":"","site-post-title":"","ast-breadcrumbs-content":"","ast-featured-img":"","footer-sml-layout":"","ast-disable-related-posts":"","theme-transparent-header-meta":"default","adv-header-id-meta":"","stick-header-meta":"","header-above-stick-meta":"","header-main-stick-meta":"","header-below-stick-meta":"","astra-migrate-meta-layouts":"set","ast-page-background-enabled":"default","ast-page-background-meta":{"desktop":{"background-color":"var(--ast-global-color-4)","background-image":"","background-repeat":"repeat","background-position":"center center","background-size":"auto","background-attachment":"scroll","background-type":"","background-media":"","overlay-type":"","overlay-color":"","overlay-opacity":"","overlay-gradient":""},"tablet":{"background-color":"","background-image":"","background-repeat":"repeat","background-position":"center center","background-size":"auto","background-attachment":"scroll","background-type":"","background-media":"","overlay-type":"","overlay-color":"","overlay-opacity":"","overlay-gradient":""},"mobile":{"background-color":"","background-image":"","background-repeat":"repeat","background-position":"center center","background-size":"auto","background-attachment":"scroll","background-type":"","background-media":"","overlay-type":"","overlay-color":"","overlay-opacity":"","overlay-gradient":""}},"ast-content-background-meta":{"desktop":{"background-color":"var(--ast-global-color-5)","background-image":"","background-repeat":"repeat","background-position":"center center","background-size":"auto","background-attachment":"scroll","background-type":"","background-media":"","overlay-type":"","overlay-color":"","overlay-opacity":"","overlay-gradient":""},"tablet":{"background-color":"var(--ast-global-color-5)","background-image":"","background-repeat":"repeat","background-position":"center center","background-size":"auto","background-attachment":"scroll","background-type":"","background-media":"","overlay-type":"","overlay-color":"","overlay-opacity":"","overlay-gradient":""},"mobile":{"background-color":"var(--ast-global-color-5)","background-image":"","background-repeat":"repeat","background-position":"center center","background-size":"auto","background-attachment":"scroll","background-type":"","background-media":"","overlay-type":"","overlay-color":"","overlay-opacity":"","overlay-gradient":""}}},"product_brand":[],"product_cat":[148],"product_tag":[],"class_list":{"0":"post-5388","1":"product","2":"type-product","3":"status-publish","4":"has-post-thumbnail","6":"product_cat-10-varza-varza-kale","7":"pa_cantitate-100-100-seminte","8":"pa_cantitate-100-1000-seminte","9":"pa_cantitate-100-200-seminte","10":"pa_cantitate-100-300-seminte","11":"pa_cantitate-100-400-seminte","12":"pa_cantitate-100-500-seminte","13":"pa_cantitate-100-600-seminte","14":"pa_cantitate-100-800-seminte","15":"pa_cantitate-100-900-seminte","16":"desktop-align-left","17":"tablet-align-left","18":"mobile-align-left","20":"first","21":"instock","22":"sale","23":"taxable","24":"shipping-taxable","25":"purchasable","26":"product-type-variable"},"_links":{"self":[{"href":"https:\/\/vivasem.ro\/index.php?rest_route=\/wp\/v2\/product\/5388","targetHints":{"allow":["GET"]}}],"collection":[{"href":"https:\/\/vivasem.ro\/index.php?rest_route=\/wp\/v2\/product"}],"about":[{"href":"https:\/\/vivasem.ro\/index.php?rest_route=\/wp\/v2\/types\/product"}],"replies":[{"embeddable":true,"href":"https:\/\/vivasem.ro\/index.php?rest_route=%2Fwp%2Fv2%2Fcomments&post=5388"}],"wp:featuredmedia":[{"embeddable":true,"href":"https:\/\/vivasem.ro\/index.php?rest_route=\/wp\/v2\/media\/5394"}],"wp:attachment":[{"href":"https:\/\/vivasem.ro\/index.php?rest_route=%2Fwp%2Fv2%2Fmedia&parent=5388"}],"wp:term":[{"taxonomy":"product_brand","embeddable":true,"href":"https:\/\/vivasem.ro\/index.php?rest_route=%2Fwp%2Fv2%2Fproduct_brand&post=5388"},{"taxonomy":"product_cat","embeddable":true,"href":"https:\/\/vivasem.ro\/index.php?rest_route=%2Fwp%2Fv2%2Fproduct_cat&post=5388"},{"taxonomy":"product_tag","embeddable":true,"href":"https:\/\/vivasem.ro\/index.php?rest_route=%2Fwp%2Fv2%2Fproduct_tag&post=5388"}],"curies":[{"name":"wp","href":"https:\/\/api.w.org\/{rel}","templated":true}]}}