{"id":5387,"date":"2021-11-27T09:44:32","date_gmt":"2021-11-27T07:44:32","guid":{"rendered":"https:\/\/vivasem.ro\/?post_type=product&#038;p=5387"},"modified":"2026-04-14T10:47:54","modified_gmt":"2026-04-14T08:47:54","slug":"varza-kale-premier","status":"publish","type":"product","link":"https:\/\/vivasem.ro\/?product=varza-kale-premier","title":{"rendered":".VARZ\u0102 KALE PREMIER"},"content":{"rendered":"<h6><span style=\"color: #ff0000;\"><strong><u>VARZ\u0102 KALE PREMIER- Holmes Seeds.SUA,<\/u><\/strong><\/span><\/h6>\n<h6><strong><span style=\"color: #0000ff;\">Soi Kale cu frunze mari,largi,\u00eenalte de 35-50 cm, cu pe\u021biol scurt \u0219i marginile ondulate \u0219i u\u0219or dantelate, viguroase de culoare verde -\u00eenchis<\/span>.<\/strong><\/h6>\n<h6><span style=\"color: #ff0000;\">Dup\u0103 culegerea frunzelor exterioare,se regenereaz\u0103 rapid.<\/span><\/h6>\n<h6>Foarte rezistente la temperaturi sc\u0103zute \u0219i maturare \u00een 65 zile.<\/h6>\n<h6>Se poate \u00eens\u0103m\u00e2n\u021ba direct sau se face r\u0103sad care se transplanteaz\u0103 la 45 cm \u00eentre plante.<\/h6>\n<h6><span style=\"color: #0000ff;\">FOARTE REZISTENT LA FRIG,SE POATE CULTIVA IMEDIAT DUPA TOPIREA Z\u0102PEZII.<\/span><\/h6>\n<h6><span style=\"color: #0000ff;\"><strong>Varza Kale este o cultur\u0103 timpurie, minunat\u0103 pentru sezonul rece si de primavara<\/strong> .<\/span><\/h6>\n<h6>\u00a0Gustul \u0219i textura se \u00eembun\u0103t\u0103\u021besc cu frigul de la \u00eenceputul iernii c\u00e2nd acumuleaza zaharuri .<\/h6>\n<h6>Se culeg frunzele exterioare.<\/h6>\n<h6><span style=\"color: #0000ff;\">Se poate consuma crud\u0103,in salate sau g\u0103tit\u0103.<\/span><\/h6>\n<h6><span style=\"color: #ff0000;\">SOI DEOSEBIT DE BENEFIC PENTRU S\u0102N\u0102TATE, DATORIT\u0102 CON\u021aINUTULUI MARE DE ANTIOXIDAN\u021aI.<\/span><\/h6>\n","protected":false},"excerpt":{"rendered":"<h6><span style=\"color: #0000ff;\">600 SEMIN\u021aE\/(2 grame)-900 seminte(3 grame)<\/span><\/h6>\n<h6><span style=\"color: #ff00ff;\">SOI DEOSEBIT, FOARTE REZISTENT LA FRIG !<\/span><\/h6>\n","protected":false},"featured_media":6815,"comment_status":"open","ping_status":"closed","template":"","meta":{"site-sidebar-layout":"default","site-content-layout":"default","ast-site-content-layout":"default","site-content-style":"default","site-sidebar-style":"default","ast-global-header-display":"","ast-banner-title-visibility":"","ast-main-header-display":"","ast-hfb-above-header-display":"","ast-hfb-below-header-display":"","ast-hfb-mobile-header-display":"","site-post-title":"","ast-breadcrumbs-content":"","ast-featured-img":"","footer-sml-layout":"","ast-disable-related-posts":"","theme-transparent-header-meta":"default","adv-header-id-meta":"","stick-header-meta":"","header-above-stick-meta":"","header-main-stick-meta":"","header-below-stick-meta":"","astra-migrate-meta-layouts":"set","ast-page-background-enabled":"default","ast-page-background-meta":{"desktop":{"background-color":"var(--ast-global-color-4)","background-image":"","background-repeat":"repeat","background-position":"center center","background-size":"auto","background-attachment":"scroll","background-type":"","background-media":"","overlay-type":"","overlay-color":"","overlay-opacity":"","overlay-gradient":""},"tablet":{"background-color":"","background-image":"","background-repeat":"repeat","background-position":"center center","background-size":"auto","background-attachment":"scroll","background-type":"","background-media":"","overlay-type":"","overlay-color":"","overlay-opacity":"","overlay-gradient":""},"mobile":{"background-color":"","background-image":"","background-repeat":"repeat","background-position":"center center","background-size":"auto","background-attachment":"scroll","background-type":"","background-media":"","overlay-type":"","overlay-color":"","overlay-opacity":"","overlay-gradient":""}},"ast-content-background-meta":{"desktop":{"background-color":"var(--ast-global-color-5)","background-image":"","background-repeat":"repeat","background-position":"center center","background-size":"auto","background-attachment":"scroll","background-type":"","background-media":"","overlay-type":"","overlay-color":"","overlay-opacity":"","overlay-gradient":""},"tablet":{"background-color":"var(--ast-global-color-5)","background-image":"","background-repeat":"repeat","background-position":"center center","background-size":"auto","background-attachment":"scroll","background-type":"","background-media":"","overlay-type":"","overlay-color":"","overlay-opacity":"","overlay-gradient":""},"mobile":{"background-color":"var(--ast-global-color-5)","background-image":"","background-repeat":"repeat","background-position":"center center","background-size":"auto","background-attachment":"scroll","background-type":"","background-media":"","overlay-type":"","overlay-color":"","overlay-opacity":"","overlay-gradient":""}}},"product_brand":[],"product_cat":[148],"product_tag":[],"class_list":{"0":"post-5387","1":"product","2":"type-product","3":"status-publish","4":"has-post-thumbnail","6":"product_cat-10-varza-varza-kale","7":"pa_z-cantitate-10-seminte","8":"pa_z-cantitate-100-seminte","9":"pa_z-cantitate-1000-seminte","10":"pa_z-cantitate-120-seminte","11":"pa_z-cantitate-150-seminte","12":"pa_z-cantitate-160-seminte","13":"pa_z-cantitate-20-seminte","14":"pa_z-cantitate-200-seminte","15":"pa_z-cantitate-25-seminte","16":"pa_z-cantitate-250-seminte","17":"pa_z-cantitate-30-seminte","18":"pa_z-cantitate-300-seminte","19":"pa_z-cantitate-40-seminte","20":"pa_z-cantitate-400-seminte","21":"pa_z-cantitate-5-seminte","22":"pa_z-cantitate-50-seminte","23":"pa_z-cantitate-500-seminte","24":"pa_z-cantitate-60-seminte","25":"pa_z-cantitate-600-seminte","26":"pa_z-cantitate-80-seminte","27":"pa_z-cantitate-90-seminte","28":"pa_z-cantitate-900-seminte","29":"desktop-align-left","30":"tablet-align-left","31":"mobile-align-left","33":"first","34":"instock","35":"sale","36":"taxable","37":"shipping-taxable","38":"purchasable","39":"product-type-variable","40":"has-default-attributes"},"_links":{"self":[{"href":"https:\/\/vivasem.ro\/index.php?rest_route=\/wp\/v2\/product\/5387","targetHints":{"allow":["GET"]}}],"collection":[{"href":"https:\/\/vivasem.ro\/index.php?rest_route=\/wp\/v2\/product"}],"about":[{"href":"https:\/\/vivasem.ro\/index.php?rest_route=\/wp\/v2\/types\/product"}],"replies":[{"embeddable":true,"href":"https:\/\/vivasem.ro\/index.php?rest_route=%2Fwp%2Fv2%2Fcomments&post=5387"}],"wp:featuredmedia":[{"embeddable":true,"href":"https:\/\/vivasem.ro\/index.php?rest_route=\/wp\/v2\/media\/6815"}],"wp:attachment":[{"href":"https:\/\/vivasem.ro\/index.php?rest_route=%2Fwp%2Fv2%2Fmedia&parent=5387"}],"wp:term":[{"taxonomy":"product_brand","embeddable":true,"href":"https:\/\/vivasem.ro\/index.php?rest_route=%2Fwp%2Fv2%2Fproduct_brand&post=5387"},{"taxonomy":"product_cat","embeddable":true,"href":"https:\/\/vivasem.ro\/index.php?rest_route=%2Fwp%2Fv2%2Fproduct_cat&post=5387"},{"taxonomy":"product_tag","embeddable":true,"href":"https:\/\/vivasem.ro\/index.php?rest_route=%2Fwp%2Fv2%2Fproduct_tag&post=5387"}],"curies":[{"name":"wp","href":"https:\/\/api.w.org\/{rel}","templated":true}]}}