{"id":5341,"date":"2021-11-26T23:47:54","date_gmt":"2021-11-26T21:47:54","guid":{"rendered":"https:\/\/vivasem.ro\/?post_type=product&#038;p=5341"},"modified":"2026-02-07T21:41:34","modified_gmt":"2026-02-07T19:41:34","slug":"spanac-permanent-fordhook-giant","status":"publish","type":"product","link":"https:\/\/vivasem.ro\/?product=spanac-permanent-fordhook-giant","title":{"rendered":"_SPANAC PERMANENT FORDHOOK GIANT"},"content":{"rendered":"<h6><strong><span style=\"color: #008000;\"><u>SPANAC PERMANENT FORDHOOK GIANT- Holmes Seeds.SUA, <\/u><\/span>\u00a0Varietate american\u0103 de mangold \/ swiss chard \/perpetual spinach\/bietola,cu frunze\u00a0 foarte mari, ce pot ajunge la 1 metru, verzi, cu pe\u021biolul alb, groase, c\u0103rnoase \u0219i fragede.<\/strong><\/h6>\n<h6><strong>Maturitate \u00een 55 zile.<\/strong><\/h6>\n<h6><strong>Soi foarte productiv . Se \u00eens\u0103m\u00e2n\u021beaz\u0103 ,sau se r\u0103re\u0219te,la distan\u021b\u0103 de 20-25 cm \u00eentre plante.Se consum\u0103 proasp\u0103t,\u00een salate,sau g\u0103tit,ca pe spanac.<\/strong><\/h6>\n<h6><strong><span style=\"color: #008000;\"><u>MANGOLD\/SWISS CHARD \/BIETOLA\/PERPETUAL SPINACH, <\/u><\/span>acestea sunt cele mai cunoscute denumiri ale \u00eenlocuitorului de spanac,folosit de mii de ani \u00een zona mediteraneean\u0103<\/strong>.<\/h6>\n<h6>Se \u00eens\u0103m\u00e2n\u021bez\u0103 toamna sau prim\u0103vara, dup\u0103 topirea z\u0103pezii, se maturizeaz\u0103 \u00een 52-60 zile, dup\u0103 care se scot plantele sau, se pot culege , mereu, doar frunzele exterioare , planta, regener\u00e2ndu-se.<\/h6>\n<h6>Se folosesc \u0219i frunzele \u0219i pe\u021biolul, care sunt mari, c\u0103rnoase, gustoase , dulcege, \u0219i se pot consuma, \u00een salate sau g\u0103tite .<\/h6>\n<h6>Dac\u0103 nu se scot plantele din sol, ierneaz\u0103 sub z\u0103pad\u0103, \u00een al doilea an \u00eenfloresc.<\/h6>\n<h6>MULT MAI PRODUCTIV DEC\u00c2T SPANACUL CLASIC .<\/h6>\n<div class=\"ast-oembed-container \" style=\"height: 100%;\"><iframe loading=\"lazy\" title=\"Picked the most beautiful Fordhook Giant Swiss Chard, the crunch alone deserves its own ASMR moment.\" width=\"422\" height=\"750\" src=\"https:\/\/www.youtube.com\/embed\/iX0elHjTJTs?feature=oembed\" frameborder=\"0\" allow=\"accelerometer; autoplay; clipboard-write; encrypted-media; gyroscope; picture-in-picture; web-share\" referrerpolicy=\"strict-origin-when-cross-origin\" allowfullscreen><\/iframe><\/div>\n<div class=\"ast-oembed-container \" style=\"height: 100%;\"><iframe loading=\"lazy\" title=\"Griffaton Swisschard Fordhook Giant seeds #shortsfeed #kenyanfarmer #farming\" width=\"422\" height=\"750\" src=\"https:\/\/www.youtube.com\/embed\/AhQFuiT-91Y?feature=oembed\" frameborder=\"0\" allow=\"accelerometer; autoplay; clipboard-write; encrypted-media; gyroscope; picture-in-picture; web-share\" referrerpolicy=\"strict-origin-when-cross-origin\" allowfullscreen><\/iframe><\/div>\n<div class=\"ast-oembed-container \" style=\"height: 100%;\"><iframe loading=\"lazy\" title=\"Picked the most beautiful Fordhook Giant Swiss Chard, the crunch alone deserves its own ASMR moment.\" width=\"422\" height=\"750\" src=\"https:\/\/www.youtube.com\/embed\/iX0elHjTJTs?feature=oembed\" frameborder=\"0\" allow=\"accelerometer; autoplay; clipboard-write; encrypted-media; gyroscope; picture-in-picture; web-share\" referrerpolicy=\"strict-origin-when-cross-origin\" allowfullscreen><\/iframe><\/div>\n","protected":false},"excerpt":{"rendered":"<h6><span style=\"color: #0000ff;\">100 SEMIN\u021aE <\/span><\/h6>\n<h6><span style=\"color: #ff00ff;\">SOI URIA\u0218!<\/span><\/h6>\n<p>Vezi VIDEOCLIP !<\/p>\n<p>&nbsp;<\/p>\n","protected":false},"featured_media":19349,"comment_status":"open","ping_status":"closed","template":"","meta":{"site-sidebar-layout":"default","site-content-layout":"default","ast-site-content-layout":"default","site-content-style":"default","site-sidebar-style":"default","ast-global-header-display":"","ast-banner-title-visibility":"","ast-main-header-display":"","ast-hfb-above-header-display":"","ast-hfb-below-header-display":"","ast-hfb-mobile-header-display":"","site-post-title":"","ast-breadcrumbs-content":"","ast-featured-img":"","footer-sml-layout":"","ast-disable-related-posts":"","theme-transparent-header-meta":"default","adv-header-id-meta":"","stick-header-meta":"","header-above-stick-meta":"","header-main-stick-meta":"","header-below-stick-meta":"","astra-migrate-meta-layouts":"set","ast-page-background-enabled":"default","ast-page-background-meta":{"desktop":{"background-color":"var(--ast-global-color-4)","background-image":"","background-repeat":"repeat","background-position":"center center","background-size":"auto","background-attachment":"scroll","background-type":"","background-media":"","overlay-type":"","overlay-color":"","overlay-opacity":"","overlay-gradient":""},"tablet":{"background-color":"","background-image":"","background-repeat":"repeat","background-position":"center center","background-size":"auto","background-attachment":"scroll","background-type":"","background-media":"","overlay-type":"","overlay-color":"","overlay-opacity":"","overlay-gradient":""},"mobile":{"background-color":"","background-image":"","background-repeat":"repeat","background-position":"center center","background-size":"auto","background-attachment":"scroll","background-type":"","background-media":"","overlay-type":"","overlay-color":"","overlay-opacity":"","overlay-gradient":""}},"ast-content-background-meta":{"desktop":{"background-color":"var(--ast-global-color-5)","background-image":"","background-repeat":"repeat","background-position":"center center","background-size":"auto","background-attachment":"scroll","background-type":"","background-media":"","overlay-type":"","overlay-color":"","overlay-opacity":"","overlay-gradient":""},"tablet":{"background-color":"var(--ast-global-color-5)","background-image":"","background-repeat":"repeat","background-position":"center center","background-size":"auto","background-attachment":"scroll","background-type":"","background-media":"","overlay-type":"","overlay-color":"","overlay-opacity":"","overlay-gradient":""},"mobile":{"background-color":"var(--ast-global-color-5)","background-image":"","background-repeat":"repeat","background-position":"center center","background-size":"auto","background-attachment":"scroll","background-type":"","background-media":"","overlay-type":"","overlay-color":"","overlay-opacity":"","overlay-gradient":""}}},"product_brand":[],"product_cat":[114],"product_tag":[],"class_list":{"0":"post-5341","1":"product","2":"type-product","3":"status-publish","4":"has-post-thumbnail","6":"product_cat-spanac","7":"desktop-align-left","8":"tablet-align-left","9":"mobile-align-left","11":"first","12":"instock","13":"taxable","14":"shipping-taxable","15":"purchasable","16":"product-type-simple"},"_links":{"self":[{"href":"https:\/\/vivasem.ro\/index.php?rest_route=\/wp\/v2\/product\/5341","targetHints":{"allow":["GET"]}}],"collection":[{"href":"https:\/\/vivasem.ro\/index.php?rest_route=\/wp\/v2\/product"}],"about":[{"href":"https:\/\/vivasem.ro\/index.php?rest_route=\/wp\/v2\/types\/product"}],"replies":[{"embeddable":true,"href":"https:\/\/vivasem.ro\/index.php?rest_route=%2Fwp%2Fv2%2Fcomments&post=5341"}],"wp:featuredmedia":[{"embeddable":true,"href":"https:\/\/vivasem.ro\/index.php?rest_route=\/wp\/v2\/media\/19349"}],"wp:attachment":[{"href":"https:\/\/vivasem.ro\/index.php?rest_route=%2Fwp%2Fv2%2Fmedia&parent=5341"}],"wp:term":[{"taxonomy":"product_brand","embeddable":true,"href":"https:\/\/vivasem.ro\/index.php?rest_route=%2Fwp%2Fv2%2Fproduct_brand&post=5341"},{"taxonomy":"product_cat","embeddable":true,"href":"https:\/\/vivasem.ro\/index.php?rest_route=%2Fwp%2Fv2%2Fproduct_cat&post=5341"},{"taxonomy":"product_tag","embeddable":true,"href":"https:\/\/vivasem.ro\/index.php?rest_route=%2Fwp%2Fv2%2Fproduct_tag&post=5341"}],"curies":[{"name":"wp","href":"https:\/\/api.w.org\/{rel}","templated":true}]}}