{"id":5327,"date":"2021-11-26T23:10:07","date_gmt":"2021-11-26T21:10:07","guid":{"rendered":"https:\/\/vivasem.ro\/?post_type=product&#038;p=5327"},"modified":"2024-04-05T10:43:24","modified_gmt":"2024-04-05T08:43:24","slug":"5327","status":"publish","type":"product","link":"https:\/\/vivasem.ro\/?product=5327","title":{"rendered":"SPANAC URC\u0102TOR MALABAR ROUND LEAF 30s"},"content":{"rendered":"<h6><span style=\"color: #008000;\"><strong><u>SPANAC URC\u0102TOR MALABAR ROUND LEAF,<a href=\"https:\/\/vivasem.ro\/wp-content\/uploads\/2022\/11\/TRUE-LEAF.jpg\"><img loading=\"lazy\" decoding=\"async\" class=\"alignnone size-full wp-image-8254\" src=\"https:\/\/vivasem.ro\/wp-content\/uploads\/2022\/11\/TRUE-LEAF.jpg\" alt=\"\" width=\"219\" height=\"96\" \/><\/a><\/u><\/strong><\/span><\/h6>\n<h6><span style=\"color: #0000ff;\"><strong>Cunoscut \u0219i ca Basella Alba ,spanac de Ceylon sau spanacul indian, este o plant\u0103 c\u0103\u021b\u0103r\u0103toare care se intinde ca o lian\u0103 in gradin\u0103.<\/strong><\/span><\/h6>\n<h6>De\u0219i este diferit de spanacul clasic pe care il stim cu totii, are acelasi gust.<\/h6>\n<h6><span style=\"color: #ff0000;\">Frunzele bogate in vitamine, pot fi g\u0103tite ca spanacul, \u00een sup\u0103, sosuri sau adaugate in salate. Se culeg de la baz\u0103, frunzele\u00a0 mari, spre varf unde r\u0103man cele mici. Din vrejul plantei, vor ap\u0103rea alte frunze, \u00een locul celor culese.<\/span><\/h6>\n<h6><span style=\"color: #0000ff;\">Iube\u0219te vremea cald\u0103, insorit\u0103, astfel c\u0103 planta prosper\u0103 spre sfar\u0219itul verii si te po\u021bi bucura de beneficiile lui pana toamna, tarziu, fiindc\u0103 rezist\u0103 p\u00e2n\u0103 \u00een noiembrie fiind rezistent\u0103 la schimbarile de temperatura.<\/span><\/h6>\n<h6><span style=\"color: #0000ff;\">In gradin\u0103 se ca\u021b\u0103r\u0103 asemenea vi\u021bei de vie, dar il poti intinde si pe orizontala, deasupra solului.<\/span><\/h6>\n<h6><\/h6>\n","protected":false},"excerpt":{"rendered":"<h6><span style=\"color: #0000ff;\">30 SEMIN\u021aE\/7 LEI<\/span><\/h6>\n","protected":false},"featured_media":5334,"comment_status":"open","ping_status":"closed","template":"","meta":{"site-sidebar-layout":"default","site-content-layout":"default","ast-site-content-layout":"default","site-content-style":"default","site-sidebar-style":"default","ast-global-header-display":"","ast-banner-title-visibility":"","ast-main-header-display":"","ast-hfb-above-header-display":"","ast-hfb-below-header-display":"","ast-hfb-mobile-header-display":"","site-post-title":"","ast-breadcrumbs-content":"","ast-featured-img":"","footer-sml-layout":"","ast-disable-related-posts":"","theme-transparent-header-meta":"default","adv-header-id-meta":"","stick-header-meta":"","header-above-stick-meta":"","header-main-stick-meta":"","header-below-stick-meta":"","astra-migrate-meta-layouts":"set","ast-page-background-enabled":"default","ast-page-background-meta":{"desktop":{"background-color":"var(--ast-global-color-4)","background-image":"","background-repeat":"repeat","background-position":"center center","background-size":"auto","background-attachment":"scroll","background-type":"","background-media":"","overlay-type":"","overlay-color":"","overlay-opacity":"","overlay-gradient":""},"tablet":{"background-color":"","background-image":"","background-repeat":"repeat","background-position":"center center","background-size":"auto","background-attachment":"scroll","background-type":"","background-media":"","overlay-type":"","overlay-color":"","overlay-opacity":"","overlay-gradient":""},"mobile":{"background-color":"","background-image":"","background-repeat":"repeat","background-position":"center center","background-size":"auto","background-attachment":"scroll","background-type":"","background-media":"","overlay-type":"","overlay-color":"","overlay-opacity":"","overlay-gradient":""}},"ast-content-background-meta":{"desktop":{"background-color":"var(--ast-global-color-5)","background-image":"","background-repeat":"repeat","background-position":"center center","background-size":"auto","background-attachment":"scroll","background-type":"","background-media":"","overlay-type":"","overlay-color":"","overlay-opacity":"","overlay-gradient":""},"tablet":{"background-color":"var(--ast-global-color-5)","background-image":"","background-repeat":"repeat","background-position":"center center","background-size":"auto","background-attachment":"scroll","background-type":"","background-media":"","overlay-type":"","overlay-color":"","overlay-opacity":"","overlay-gradient":""},"mobile":{"background-color":"var(--ast-global-color-5)","background-image":"","background-repeat":"repeat","background-position":"center center","background-size":"auto","background-attachment":"scroll","background-type":"","background-media":"","overlay-type":"","overlay-color":"","overlay-opacity":"","overlay-gradient":""}}},"product_brand":[],"product_cat":[114],"product_tag":[],"class_list":{"0":"post-5327","1":"product","2":"type-product","3":"status-publish","4":"has-post-thumbnail","6":"product_cat-spanac","7":"desktop-align-left","8":"tablet-align-left","9":"mobile-align-left","11":"first","12":"instock","13":"taxable","14":"shipping-taxable","15":"purchasable","16":"product-type-simple"},"_links":{"self":[{"href":"https:\/\/vivasem.ro\/index.php?rest_route=\/wp\/v2\/product\/5327","targetHints":{"allow":["GET"]}}],"collection":[{"href":"https:\/\/vivasem.ro\/index.php?rest_route=\/wp\/v2\/product"}],"about":[{"href":"https:\/\/vivasem.ro\/index.php?rest_route=\/wp\/v2\/types\/product"}],"replies":[{"embeddable":true,"href":"https:\/\/vivasem.ro\/index.php?rest_route=%2Fwp%2Fv2%2Fcomments&post=5327"}],"wp:featuredmedia":[{"embeddable":true,"href":"https:\/\/vivasem.ro\/index.php?rest_route=\/wp\/v2\/media\/5334"}],"wp:attachment":[{"href":"https:\/\/vivasem.ro\/index.php?rest_route=%2Fwp%2Fv2%2Fmedia&parent=5327"}],"wp:term":[{"taxonomy":"product_brand","embeddable":true,"href":"https:\/\/vivasem.ro\/index.php?rest_route=%2Fwp%2Fv2%2Fproduct_brand&post=5327"},{"taxonomy":"product_cat","embeddable":true,"href":"https:\/\/vivasem.ro\/index.php?rest_route=%2Fwp%2Fv2%2Fproduct_cat&post=5327"},{"taxonomy":"product_tag","embeddable":true,"href":"https:\/\/vivasem.ro\/index.php?rest_route=%2Fwp%2Fv2%2Fproduct_tag&post=5327"}],"curies":[{"name":"wp","href":"https:\/\/api.w.org\/{rel}","templated":true}]}}