{"id":5299,"date":"2021-11-25T22:28:59","date_gmt":"2021-11-25T20:28:59","guid":{"rendered":"https:\/\/vivasem.ro\/?post_type=product&#038;p=5299"},"modified":"2026-03-23T20:35:07","modified_gmt":"2026-03-23T18:35:07","slug":"trombetta-dalbenga-copiaza","status":"publish","type":"product","link":"https:\/\/vivasem.ro\/?product=trombetta-dalbenga-copiaza","title":{"rendered":".DOVLECEL LA METRU\/SNAKE GOURD-Agrosem Tg.Mures"},"content":{"rendered":"<h6><span style=\"color: #ff0000;\">DOVLECEL LA METRU-Agrosem Tg:Mure\u0219,<\/span><\/h6>\n<h6><strong>DENUMIT \u0218I <\/strong><u><b>DOVLECEL 2 METRII , DOVLECEL \u0218ARPE, SICILIAN SNAKE, SNAKE GOURD, SAU DUP\u0102 DENUMIREA \u0218TIN\u021aIFIC\u0102,<\/b><\/u><strong>LAGENARIA LONGISSIMA\u00a0 , ACEST SOI ASIATIC, FORMEAZ\u0102 PLANTE SPECTACULOASE, CU MUL\u021aI L\u0102STARI.<\/strong><\/h6>\n<h6><strong><span style=\"color: #0000ff;\">DOVLECEII SUNT DELICIOSI PANA LA 80 CM, GUSTOSI SI FRAGEZI\u00a0 P\u00c2N\u0102 ATING 1,5 metrii ,<\/span>APOI SE \u00ceNT\u0102RE\u0218TE COAJA \u0218I SUNT MAI GREU DE CUR\u0102\u021aAT.<\/strong><\/h6>\n<h6><strong>PRODUC PANA LA \u00ceNGHE\u021a.<\/strong><\/h6>\n<h6><span style=\"color: #0000ff;\">LEGENDA SPUNE C\u0102, DAC\u0102 TAI DIN EL, SE VA REFACE \u0218I CRE\u0218TE MAI DEPARTE. <\/span><\/h6>\n<h6><span style=\"color: #0000ff;\">AM EXPERIMENTAT \u0218I L-AM L\u0102SAT 2 S\u0102PT\u0102M\u00c2NI. LA MINE NU A\u00a0 MAI CRESCUT,CI\u00a0 DOAR , LA LOCUL DE T\u0102IERE S-A CICATRIZAT \u0218I NU S-A STRICAT.<\/span><\/h6>\n<h6>CE POT CONFIRMA, DAC\u0102 SUNT CULE\u0218I MAI TIMPURIU \u0218I NU SE LAS\u0102 MULTE FRUCTE PE VREJ, PLANTA VA RODI MAI MULT.<\/h6>\n<h6><span style=\"color: #0000ff;\"><strong>\u00ceN SOLARUL MEU, CEL MAI MARE A AVUT 2,3 metrii \u0218I 10 kilograme, VEZI FOTO.<\/strong><\/span><\/h6>\n<h6><\/h6>\n","protected":false},"excerpt":{"rendered":"<h6><span style=\"color: #0000ff;\">2grame\/12 SEMIN\u021aE<\/span><\/h6>\n","protected":false},"featured_media":5302,"comment_status":"open","ping_status":"closed","template":"","meta":{"site-sidebar-layout":"default","site-content-layout":"default","ast-site-content-layout":"default","site-content-style":"default","site-sidebar-style":"default","ast-global-header-display":"","ast-banner-title-visibility":"","ast-main-header-display":"","ast-hfb-above-header-display":"","ast-hfb-below-header-display":"","ast-hfb-mobile-header-display":"","site-post-title":"","ast-breadcrumbs-content":"","ast-featured-img":"","footer-sml-layout":"","ast-disable-related-posts":"","theme-transparent-header-meta":"default","adv-header-id-meta":"","stick-header-meta":"","header-above-stick-meta":"","header-main-stick-meta":"","header-below-stick-meta":"","astra-migrate-meta-layouts":"set","ast-page-background-enabled":"default","ast-page-background-meta":{"desktop":{"background-color":"var(--ast-global-color-4)","background-image":"","background-repeat":"repeat","background-position":"center center","background-size":"auto","background-attachment":"scroll","background-type":"","background-media":"","overlay-type":"","overlay-color":"","overlay-opacity":"","overlay-gradient":""},"tablet":{"background-color":"","background-image":"","background-repeat":"repeat","background-position":"center center","background-size":"auto","background-attachment":"scroll","background-type":"","background-media":"","overlay-type":"","overlay-color":"","overlay-opacity":"","overlay-gradient":""},"mobile":{"background-color":"","background-image":"","background-repeat":"repeat","background-position":"center center","background-size":"auto","background-attachment":"scroll","background-type":"","background-media":"","overlay-type":"","overlay-color":"","overlay-opacity":"","overlay-gradient":""}},"ast-content-background-meta":{"desktop":{"background-color":"var(--ast-global-color-5)","background-image":"","background-repeat":"repeat","background-position":"center center","background-size":"auto","background-attachment":"scroll","background-type":"","background-media":"","overlay-type":"","overlay-color":"","overlay-opacity":"","overlay-gradient":""},"tablet":{"background-color":"var(--ast-global-color-5)","background-image":"","background-repeat":"repeat","background-position":"center center","background-size":"auto","background-attachment":"scroll","background-type":"","background-media":"","overlay-type":"","overlay-color":"","overlay-opacity":"","overlay-gradient":""},"mobile":{"background-color":"var(--ast-global-color-5)","background-image":"","background-repeat":"repeat","background-position":"center center","background-size":"auto","background-attachment":"scroll","background-type":"","background-media":"","overlay-type":"","overlay-color":"","overlay-opacity":"","overlay-gradient":""}}},"product_brand":[],"product_cat":[87],"product_tag":[],"class_list":{"0":"post-5299","1":"product","2":"type-product","3":"status-publish","4":"has-post-thumbnail","6":"product_cat-dovlecei","7":"desktop-align-left","8":"tablet-align-left","9":"mobile-align-left","11":"first","12":"instock","13":"taxable","14":"shipping-taxable","15":"purchasable","16":"product-type-simple"},"_links":{"self":[{"href":"https:\/\/vivasem.ro\/index.php?rest_route=\/wp\/v2\/product\/5299","targetHints":{"allow":["GET"]}}],"collection":[{"href":"https:\/\/vivasem.ro\/index.php?rest_route=\/wp\/v2\/product"}],"about":[{"href":"https:\/\/vivasem.ro\/index.php?rest_route=\/wp\/v2\/types\/product"}],"replies":[{"embeddable":true,"href":"https:\/\/vivasem.ro\/index.php?rest_route=%2Fwp%2Fv2%2Fcomments&post=5299"}],"wp:featuredmedia":[{"embeddable":true,"href":"https:\/\/vivasem.ro\/index.php?rest_route=\/wp\/v2\/media\/5302"}],"wp:attachment":[{"href":"https:\/\/vivasem.ro\/index.php?rest_route=%2Fwp%2Fv2%2Fmedia&parent=5299"}],"wp:term":[{"taxonomy":"product_brand","embeddable":true,"href":"https:\/\/vivasem.ro\/index.php?rest_route=%2Fwp%2Fv2%2Fproduct_brand&post=5299"},{"taxonomy":"product_cat","embeddable":true,"href":"https:\/\/vivasem.ro\/index.php?rest_route=%2Fwp%2Fv2%2Fproduct_cat&post=5299"},{"taxonomy":"product_tag","embeddable":true,"href":"https:\/\/vivasem.ro\/index.php?rest_route=%2Fwp%2Fv2%2Fproduct_tag&post=5299"}],"curies":[{"name":"wp","href":"https:\/\/api.w.org\/{rel}","templated":true}]}}