{"id":5224,"date":"2021-11-25T21:21:18","date_gmt":"2021-11-25T19:21:18","guid":{"rendered":"https:\/\/vivasem.ro\/?post_type=product&#038;p=5224"},"modified":"2024-04-01T06:52:33","modified_gmt":"2024-04-01T04:52:33","slug":"liberty","status":"publish","type":"product","link":"https:\/\/vivasem.ro\/?product=liberty","title":{"rendered":"\u201e\u201eFasole LIBERTY"},"content":{"rendered":"<h6><span style=\"color: #008000;\"><strong><u>LIBERTY-JUST SEEDS.Anglia,<\/u><\/strong><\/span><\/h6>\n<h6><span style=\"color: #ff0000;\"><strong>CEA MAI MARE VARIETATE DE FASOLE PHASEOLUS COCCINEUS, CREEAT\u0102 DE CELEBRUL GR\u0102DINAR ENGLEZ ROBINSON !<\/strong><\/span><\/h6>\n<h6><strong>CU P\u0102ST\u0102I CE POT AJUNGE LA 60 DE centimetrii, <\/strong>FOARTE BUNE DE CONSUMAT G\u0102TITE (DUP\u0102 MINE MAI GUSTOASE DEC\u00c2T FASOLEA LAT\u0102 GALBEN\u0102), ,<\/h6>\n<h6><span style=\"color: #0000ff;\"> PLANTELE SUNT FOARTE VIGUROASE, POT TRECE DE 5 m LUNGIME \u0218I SUNT FOARTE REZISTENTE LA VARIATII DE CLIM\u0102 SI BOLI.Produc p\u00e2n\u0103 la \u00eenghe\u021b !<\/span><\/h6>\n<h6>Florile sunt ro\u0219ii.<\/h6>\n<h6>Boabele sunt pestri\u021be, negru cu roz, \u0219i sunt de 4-10 ori\u00a0mai mari dec\u0103t boabele de fasole Aurie de Bac\u0103u, av\u00e2nd 1,5-3 grame.<\/h6>\n<h6><span style=\"color: #ff0000;\">NOI AM CULTIVAT ACEST SOI CU MARE SUCCES !<a style=\"font-size: 16px; font-style: normal; font-weight: 400; color: #3a3a3a;\" href=\"https:\/\/vivasem.ro\/wp-content\/uploads\/2021\/11\/RECOMAND.jpg\"><img loading=\"lazy\" decoding=\"async\" class=\"alignnone wp-image-8306\" src=\"https:\/\/vivasem.ro\/wp-content\/uploads\/2021\/11\/RECOMAND.jpg\" alt=\"\" width=\"94\" height=\"91\" \/><\/a><\/span><\/h6>\n<h6><a href=\"https:\/\/vivasem.ro\/wp-content\/uploads\/2021\/11\/RECOMAND.jpg\">\u00a0\u00a0<\/a>Familia de fasole\u00a0 PHASEOLUS COCCINEUS (denumit\u0103 \u0219i\u00a0 RUNNER BEAN\u00a0 sau MULTIFLORA BEAN), este o alt\u0103 familie de fasole, caracterizat\u0103 prin plante viguroase, foarte rezistente la boli \u0219i temperaturi sc\u0103zute, cu p\u0103st\u0103i mari, de culoare verde, cu suprafa\u021ba rugoas\u0103 \u0219i boabe foarte mari, albe sau multicolore.<\/h6>\n","protected":false},"excerpt":{"rendered":"<h6><span style=\"color: #0000ff;\">7 SEMIN\u021aE<\/span><\/h6>\n<h6><span style=\"color: #ff00ff;\">SOI DE P\u0102ST\u0102I \u0218I BOABE\u00a0<\/span><\/h6>\n","protected":false},"featured_media":5229,"comment_status":"open","ping_status":"closed","template":"","meta":{"site-sidebar-layout":"default","site-content-layout":"default","ast-site-content-layout":"default","site-content-style":"default","site-sidebar-style":"default","ast-global-header-display":"","ast-banner-title-visibility":"","ast-main-header-display":"","ast-hfb-above-header-display":"","ast-hfb-below-header-display":"","ast-hfb-mobile-header-display":"","site-post-title":"","ast-breadcrumbs-content":"","ast-featured-img":"","footer-sml-layout":"","ast-disable-related-posts":"","theme-transparent-header-meta":"default","adv-header-id-meta":"","stick-header-meta":"","header-above-stick-meta":"","header-main-stick-meta":"","header-below-stick-meta":"","astra-migrate-meta-layouts":"set","ast-page-background-enabled":"default","ast-page-background-meta":{"desktop":{"background-color":"var(--ast-global-color-4)","background-image":"","background-repeat":"repeat","background-position":"center center","background-size":"auto","background-attachment":"scroll","background-type":"","background-media":"","overlay-type":"","overlay-color":"","overlay-opacity":"","overlay-gradient":""},"tablet":{"background-color":"","background-image":"","background-repeat":"repeat","background-position":"center center","background-size":"auto","background-attachment":"scroll","background-type":"","background-media":"","overlay-type":"","overlay-color":"","overlay-opacity":"","overlay-gradient":""},"mobile":{"background-color":"","background-image":"","background-repeat":"repeat","background-position":"center center","background-size":"auto","background-attachment":"scroll","background-type":"","background-media":"","overlay-type":"","overlay-color":"","overlay-opacity":"","overlay-gradient":""}},"ast-content-background-meta":{"desktop":{"background-color":"var(--ast-global-color-5)","background-image":"","background-repeat":"repeat","background-position":"center center","background-size":"auto","background-attachment":"scroll","background-type":"","background-media":"","overlay-type":"","overlay-color":"","overlay-opacity":"","overlay-gradient":""},"tablet":{"background-color":"var(--ast-global-color-5)","background-image":"","background-repeat":"repeat","background-position":"center center","background-size":"auto","background-attachment":"scroll","background-type":"","background-media":"","overlay-type":"","overlay-color":"","overlay-opacity":"","overlay-gradient":""},"mobile":{"background-color":"var(--ast-global-color-5)","background-image":"","background-repeat":"repeat","background-position":"center center","background-size":"auto","background-attachment":"scroll","background-type":"","background-media":"","overlay-type":"","overlay-color":"","overlay-opacity":"","overlay-gradient":""}}},"product_brand":[],"product_cat":[85],"product_tag":[],"class_list":{"0":"post-5224","1":"product","2":"type-product","3":"status-publish","4":"has-post-thumbnail","6":"product_cat-fasole","7":"desktop-align-left","8":"tablet-align-left","9":"mobile-align-left","11":"first","12":"outofstock","13":"taxable","14":"shipping-taxable","15":"purchasable","16":"product-type-simple"},"_links":{"self":[{"href":"https:\/\/vivasem.ro\/index.php?rest_route=\/wp\/v2\/product\/5224","targetHints":{"allow":["GET"]}}],"collection":[{"href":"https:\/\/vivasem.ro\/index.php?rest_route=\/wp\/v2\/product"}],"about":[{"href":"https:\/\/vivasem.ro\/index.php?rest_route=\/wp\/v2\/types\/product"}],"replies":[{"embeddable":true,"href":"https:\/\/vivasem.ro\/index.php?rest_route=%2Fwp%2Fv2%2Fcomments&post=5224"}],"wp:featuredmedia":[{"embeddable":true,"href":"https:\/\/vivasem.ro\/index.php?rest_route=\/wp\/v2\/media\/5229"}],"wp:attachment":[{"href":"https:\/\/vivasem.ro\/index.php?rest_route=%2Fwp%2Fv2%2Fmedia&parent=5224"}],"wp:term":[{"taxonomy":"product_brand","embeddable":true,"href":"https:\/\/vivasem.ro\/index.php?rest_route=%2Fwp%2Fv2%2Fproduct_brand&post=5224"},{"taxonomy":"product_cat","embeddable":true,"href":"https:\/\/vivasem.ro\/index.php?rest_route=%2Fwp%2Fv2%2Fproduct_cat&post=5224"},{"taxonomy":"product_tag","embeddable":true,"href":"https:\/\/vivasem.ro\/index.php?rest_route=%2Fwp%2Fv2%2Fproduct_tag&post=5224"}],"curies":[{"name":"wp","href":"https:\/\/api.w.org\/{rel}","templated":true}]}}