{"id":5219,"date":"2021-11-25T21:10:37","date_gmt":"2021-11-25T19:10:37","guid":{"rendered":"https:\/\/vivasem.ro\/?post_type=product&#038;p=5219"},"modified":"2024-04-01T06:53:08","modified_gmt":"2024-04-01T04:53:08","slug":"emergo","status":"publish","type":"product","link":"https:\/\/vivasem.ro\/?product=emergo","title":{"rendered":"\u201ez EMERGO"},"content":{"rendered":"<h6><span style=\"color: #008000;\"><strong><u>EMERGO-Tuinplus.Olanda,<\/u><\/strong><\/span><\/h6>\n<h6><strong>Varietate \u00eembun\u0103t\u0103\u021bit\u0103 de fasole Phaseolus Coccineus cu rezisten\u021b\u0103<\/strong> <strong>mare la boli,\u0219i produc\u021bie ridicat\u0103<\/strong> de p\u0103st\u0103i fine,lungi de 24-30 centimetrii ,cu cali\u0103\u021bi gustative \u00eenalte,dulci,foarte aromate, excelente g\u0103tite, dup\u0103 p\u0103rerea mea, mai gustoase dec\u00e2t fasolea lat\u0103 galben\u0103.<\/h6>\n<h6>Plantele sunt viguroase \u0219i pot trece de 5 metrii, au flori \u0219i boabe uscate albe.<\/h6>\n<p>&nbsp;<\/p>\n<h6>Familia de fasole\u00a0 PHASEOLUS COCCINEUS (denumit\u0103 \u0219i\u00a0 RUNNER BEAN\u00a0 sau MULTIFLORA BEAN), este o alt\u0103 familie de fasole, caracterizat\u0103 prin plante viguroase, foarte rezistente la boli \u0219i temperaturi sc\u0103zute, cu p\u0103st\u0103i mari, de culoare verde, cu suprafa\u021ba rugoas\u0103 \u0219i boabe foarte mari, albe sau multicolore.<\/h6>\n","protected":false},"excerpt":{"rendered":"<h6>11 SEMIN\u021aE\/5 LEI<\/h6>\n","protected":false},"featured_media":5221,"comment_status":"open","ping_status":"closed","template":"","meta":{"site-sidebar-layout":"default","site-content-layout":"default","ast-site-content-layout":"default","site-content-style":"default","site-sidebar-style":"default","ast-global-header-display":"","ast-banner-title-visibility":"","ast-main-header-display":"","ast-hfb-above-header-display":"","ast-hfb-below-header-display":"","ast-hfb-mobile-header-display":"","site-post-title":"","ast-breadcrumbs-content":"","ast-featured-img":"","footer-sml-layout":"","ast-disable-related-posts":"","theme-transparent-header-meta":"default","adv-header-id-meta":"","stick-header-meta":"","header-above-stick-meta":"","header-main-stick-meta":"","header-below-stick-meta":"","astra-migrate-meta-layouts":"default","ast-page-background-enabled":"default","ast-page-background-meta":{"desktop":{"background-color":"var(--ast-global-color-4)","background-image":"","background-repeat":"repeat","background-position":"center center","background-size":"auto","background-attachment":"scroll","background-type":"","background-media":"","overlay-type":"","overlay-color":"","overlay-opacity":"","overlay-gradient":""},"tablet":{"background-color":"","background-image":"","background-repeat":"repeat","background-position":"center center","background-size":"auto","background-attachment":"scroll","background-type":"","background-media":"","overlay-type":"","overlay-color":"","overlay-opacity":"","overlay-gradient":""},"mobile":{"background-color":"","background-image":"","background-repeat":"repeat","background-position":"center center","background-size":"auto","background-attachment":"scroll","background-type":"","background-media":"","overlay-type":"","overlay-color":"","overlay-opacity":"","overlay-gradient":""}},"ast-content-background-meta":{"desktop":{"background-color":"var(--ast-global-color-5)","background-image":"","background-repeat":"repeat","background-position":"center center","background-size":"auto","background-attachment":"scroll","background-type":"","background-media":"","overlay-type":"","overlay-color":"","overlay-opacity":"","overlay-gradient":""},"tablet":{"background-color":"var(--ast-global-color-5)","background-image":"","background-repeat":"repeat","background-position":"center center","background-size":"auto","background-attachment":"scroll","background-type":"","background-media":"","overlay-type":"","overlay-color":"","overlay-opacity":"","overlay-gradient":""},"mobile":{"background-color":"var(--ast-global-color-5)","background-image":"","background-repeat":"repeat","background-position":"center center","background-size":"auto","background-attachment":"scroll","background-type":"","background-media":"","overlay-type":"","overlay-color":"","overlay-opacity":"","overlay-gradient":""}}},"product_brand":[],"product_cat":[85],"product_tag":[],"class_list":{"0":"post-5219","1":"product","2":"type-product","3":"status-publish","4":"has-post-thumbnail","6":"product_cat-fasole","7":"desktop-align-left","8":"tablet-align-left","9":"mobile-align-left","11":"first","12":"outofstock","13":"taxable","14":"shipping-taxable","15":"purchasable","16":"product-type-simple"},"_links":{"self":[{"href":"https:\/\/vivasem.ro\/index.php?rest_route=\/wp\/v2\/product\/5219","targetHints":{"allow":["GET"]}}],"collection":[{"href":"https:\/\/vivasem.ro\/index.php?rest_route=\/wp\/v2\/product"}],"about":[{"href":"https:\/\/vivasem.ro\/index.php?rest_route=\/wp\/v2\/types\/product"}],"replies":[{"embeddable":true,"href":"https:\/\/vivasem.ro\/index.php?rest_route=%2Fwp%2Fv2%2Fcomments&post=5219"}],"wp:featuredmedia":[{"embeddable":true,"href":"https:\/\/vivasem.ro\/index.php?rest_route=\/wp\/v2\/media\/5221"}],"wp:attachment":[{"href":"https:\/\/vivasem.ro\/index.php?rest_route=%2Fwp%2Fv2%2Fmedia&parent=5219"}],"wp:term":[{"taxonomy":"product_brand","embeddable":true,"href":"https:\/\/vivasem.ro\/index.php?rest_route=%2Fwp%2Fv2%2Fproduct_brand&post=5219"},{"taxonomy":"product_cat","embeddable":true,"href":"https:\/\/vivasem.ro\/index.php?rest_route=%2Fwp%2Fv2%2Fproduct_cat&post=5219"},{"taxonomy":"product_tag","embeddable":true,"href":"https:\/\/vivasem.ro\/index.php?rest_route=%2Fwp%2Fv2%2Fproduct_tag&post=5219"}],"curies":[{"name":"wp","href":"https:\/\/api.w.org\/{rel}","templated":true}]}}